{"id":83,"date":"2018-05-30T15:42:37","date_gmt":"2018-05-30T13:42:37","guid":{"rendered":"http:\/\/cdscweb.fr\/poneys-blackstone\/?page_id=83"},"modified":"2024-12-10T16:37:43","modified_gmt":"2024-12-10T15:37:43","slug":"les-autres-etalons-utilises","status":"publish","type":"page","link":"https:\/\/cdscweb.fr\/poneys-blackstone\/etalons\/les-autres-etalons-utilises\/","title":{"rendered":"Les autres \u00e9talons utilis\u00e9s"},"content":{"rendered":"\n<div class=\"wp-block-columns is-layout-flex wp-container-core-columns-is-layout-9d6595d7 wp-block-columns-is-layout-flex\">\n<div class=\"wp-block-column is-layout-flow wp-block-column-is-layout-flow\">\n<hr class=\"wp-block-separator has-alpha-channel-opacity\"\/>\n\n\n\n<p class=\"has-text-align-center\">Oscar V n&rsquo;est pas de son vivant le seul \u00e9talon utilis\u00e9 :<br>Krater est pr\u00e9sent\u00e9e en 1984 \u00e0 <a href=\"https:\/\/cdscweb.fr\/poneys-blackstone\/les-autres-etalons-utilises\/kirby-cane-statecraft\/\" target=\"_blank\" rel=\"noopener noreferrer\"><strong>Kirby Cane Statecraft<\/strong><\/a>,<br>qui finissait sa carri\u00e8re \u00e0 l&rsquo;\u00e9levage de Ravignan.<\/p>\n\n\n<div class=\"wp-block-image wp-image-1619 size-medium is-style-rounded\">\n<figure class=\"aligncenter is-resized\"><img loading=\"lazy\" decoding=\"async\" width=\"300\" height=\"196\" src=\"https:\/\/cdscweb.fr\/poneys-blackstone\/wp-content\/uploads\/kirbycane-statecraft-300x196.jpg\" alt=\"\" class=\"wp-image-1619\" style=\"width:auto;height:250px\" srcset=\"https:\/\/cdscweb.fr\/poneys-blackstone\/wp-content\/uploads\/kirbycane-statecraft-300x196.jpg 300w, https:\/\/cdscweb.fr\/poneys-blackstone\/wp-content\/uploads\/kirbycane-statecraft-768x501.jpg 768w, https:\/\/cdscweb.fr\/poneys-blackstone\/wp-content\/uploads\/kirbycane-statecraft-230x150.jpg 230w, https:\/\/cdscweb.fr\/poneys-blackstone\/wp-content\/uploads\/kirbycane-statecraft.jpg 897w\" sizes=\"auto, (max-width: 300px) 100vw, 300px\" \/><\/figure>\n<\/div>\n\n\n<p class=\"has-text-align-center\"><em>KIRBY CANE STATECRAFT<\/em><\/p>\n<\/div>\n\n\n\n<div class=\"wp-block-column is-layout-flow wp-block-column-is-layout-flow\">\n<hr class=\"wp-block-separator has-alpha-channel-opacity\"\/>\n\n\n\n<p class=\"has-text-align-center\">Quant \u00e0 Apple qui est une fille d&rsquo;Oscar,<br>elle produit en 1988 <br>avec le poney d&rsquo;obstacle <a href=\"https:\/\/cdscweb.fr\/poneys-blackstone\/les-autres-etalons-utilises\/lancelot-davancon\/\" target=\"_blank\" rel=\"noopener noreferrer\"><strong>Lancelot d&rsquo;Avan\u00e7on<\/strong><\/a>.<\/p>\n\n\n<div class=\"wp-block-image wp-image-1619 size-medium is-style-rounded\">\n<figure class=\"aligncenter size-full is-resized\"><img loading=\"lazy\" decoding=\"async\" width=\"960\" height=\"714\" src=\"https:\/\/cdscweb.fr\/poneys-blackstone\/wp-content\/uploads\/2001_elvey-cso-lamotte.jpg\" alt=\"\" class=\"wp-image-2296\" style=\"width:auto;height:250px\" srcset=\"https:\/\/cdscweb.fr\/poneys-blackstone\/wp-content\/uploads\/2001_elvey-cso-lamotte.jpg 960w, https:\/\/cdscweb.fr\/poneys-blackstone\/wp-content\/uploads\/2001_elvey-cso-lamotte-300x223.jpg 300w, https:\/\/cdscweb.fr\/poneys-blackstone\/wp-content\/uploads\/2001_elvey-cso-lamotte-768x571.jpg 768w, https:\/\/cdscweb.fr\/poneys-blackstone\/wp-content\/uploads\/2001_elvey-cso-lamotte-150x112.jpg 150w\" sizes=\"auto, (max-width: 960px) 100vw, 960px\" \/><\/figure>\n<\/div>\n\n\n<p class=\"has-text-align-center\"><em>ELVEY BLACKSTONE par LANCELOT D&rsquo;AVAN\u00c7ON<\/em><\/p>\n<\/div>\n<\/div>\n\n\n\n<div style=\"height:30px\" aria-hidden=\"true\" class=\"wp-block-spacer\"><\/div>\n\n\n\n<div class=\"wp-block-columns is-layout-flex wp-container-core-columns-is-layout-9d6595d7 wp-block-columns-is-layout-flex\">\n<div class=\"wp-block-column is-layout-flow wp-block-column-is-layout-flow\">\n<hr class=\"wp-block-separator has-alpha-channel-opacity\"\/>\n\n\n\n<p class=\"has-text-align-center\">Latex, <br>dont le mod\u00e8le un peu plus l\u00e9ger <br>m\u00e9rite un \u00e9talon plus fort,<br>est crois\u00e9e en 1992 <br>avec le Connemara <a href=\"https:\/\/cdscweb.fr\/poneys-blackstone\/les-autres-etalons-utilises\/play-boy-du-blin\/\" target=\"_blank\" rel=\"noopener noreferrer\"><strong>Play Boy du Blin<\/strong><\/a> <br>pour le r\u00e9sultat que l&rsquo;on sait&#8230;<\/p>\n\n\n<div class=\"wp-block-image wp-image-1479 size-medium is-style-rounded\">\n<figure class=\"aligncenter is-resized\"><img loading=\"lazy\" decoding=\"async\" width=\"300\" height=\"213\" src=\"https:\/\/cdscweb.fr\/poneys-blackstone\/wp-content\/uploads\/play-boy-du-blin-300x213.jpg\" alt=\"\" class=\"wp-image-1479\" style=\"width:auto;height:250px\" srcset=\"https:\/\/cdscweb.fr\/poneys-blackstone\/wp-content\/uploads\/play-boy-du-blin-300x213.jpg 300w, https:\/\/cdscweb.fr\/poneys-blackstone\/wp-content\/uploads\/play-boy-du-blin-211x150.jpg 211w, https:\/\/cdscweb.fr\/poneys-blackstone\/wp-content\/uploads\/play-boy-du-blin.jpg 397w\" sizes=\"auto, (max-width: 300px) 100vw, 300px\" \/><\/figure>\n<\/div>\n\n\n<p class=\"has-text-align-center\"><em>PLAY BOY DU BLIN<\/em><\/p>\n<\/div>\n\n\n\n<div class=\"wp-block-column is-layout-flow wp-block-column-is-layout-flow\">\n<hr class=\"wp-block-separator has-alpha-channel-opacity\"\/>\n\n\n\n<p class=\"has-text-align-center\">Pour la reprise de l&rsquo;\u00e9levage en 2017,<br>c&rsquo;est le petit Welsh Mountain <a href=\"https:\/\/cdscweb.fr\/poneys-blackstone\/les-autres-etalons-utilises\/dyfed-caled\/\" target=\"_blank\" rel=\"noopener noreferrer\"><strong>Dyfed Caled<\/strong><\/a> (d\u00e9sormais \u00e0 l&rsquo;\u00e9tranger)<br>qui est le p\u00e8re du premier produit d&rsquo;<a href=\"https:\/\/cdscweb.fr\/poneys-blackstone\/krater-elvey\/image-doscar\/emage-blackstone\/\" target=\"_blank\" rel=\"noopener noreferrer\"><em><strong>Emage<\/strong><\/em><\/a><br><em>(comme elle n&rsquo;a <u>officiellement<\/u> pas de sang Welsh,<br>nous sommes oblig\u00e9es de choisir pour elle <\/em><br><em>un \u00e9talon qui en a au moins 25 %).<\/em><\/p>\n\n\n<div class=\"wp-block-image wp-image-1616 size-medium is-style-rounded\">\n<figure class=\"aligncenter is-resized\"><img loading=\"lazy\" decoding=\"async\" width=\"300\" height=\"200\" src=\"https:\/\/cdscweb.fr\/poneys-blackstone\/wp-content\/uploads\/dyfed-caled_02-300x200.jpg\" alt=\"\" class=\"wp-image-1616\" style=\"width:auto;height:250px\" srcset=\"https:\/\/cdscweb.fr\/poneys-blackstone\/wp-content\/uploads\/dyfed-caled_02-300x200.jpg 300w, https:\/\/cdscweb.fr\/poneys-blackstone\/wp-content\/uploads\/dyfed-caled_02-225x150.jpg 225w, https:\/\/cdscweb.fr\/poneys-blackstone\/wp-content\/uploads\/dyfed-caled_02.jpg 600w\" sizes=\"auto, (max-width: 300px) 100vw, 300px\" \/><\/figure>\n<\/div>\n\n\n<p class=\"has-text-align-center\"><em>DYFED CALED<\/em><\/p>\n<\/div>\n<\/div>\n\n\n\n<div style=\"height:30px\" aria-hidden=\"true\" class=\"wp-block-spacer\"><\/div>\n\n\n\n<div class=\"wp-block-columns is-layout-flex wp-container-core-columns-is-layout-9d6595d7 wp-block-columns-is-layout-flex\">\n<div class=\"wp-block-column is-layout-flow wp-block-column-is-layout-flow\">\n<hr class=\"wp-block-separator has-alpha-channel-opacity\"\/>\n\n\n\n<p class=\"has-text-align-center\"><a href=\"https:\/\/cdscweb.fr\/poneys-blackstone\/kinup-du-casteras\/\" target=\"_blank\" rel=\"noopener noreferrer\"><em><strong>Kinup<\/strong><\/em><\/a> poss\u00e9dant d\u00e9j\u00e0 50 % de sang Welsh,<br>elle peut \u00eatre pr\u00e9sent\u00e9e \u00e0 n&rsquo;importe quel \u00e9talon poney :<br>le produit sera toujours Welsh Part Bred.<br>C&rsquo;est donc le New-Forest <a href=\"https:\/\/cdscweb.fr\/poneys-blackstone\/mikel\/\" target=\"_blank\" rel=\"noopener noreferrer\"><em><strong>Mikel<\/strong><\/em><\/a> qui \u00e9tait pressenti pour 2019<br>mais la nature en a d\u00e9cid\u00e9 autrement&#8230;<\/p>\n\n\n<div class=\"wp-block-image size-medium wp-image-1623 is-style-rounded\">\n<figure class=\"aligncenter is-resized\"><img loading=\"lazy\" decoding=\"async\" width=\"300\" height=\"200\" src=\"https:\/\/cdscweb.fr\/poneys-blackstone\/wp-content\/uploads\/mikel-site-01-300x200.jpg\" alt=\"\" class=\"wp-image-1623\" style=\"width:auto;height:250px\" srcset=\"https:\/\/cdscweb.fr\/poneys-blackstone\/wp-content\/uploads\/mikel-site-01-300x200.jpg 300w, https:\/\/cdscweb.fr\/poneys-blackstone\/wp-content\/uploads\/mikel-site-01-768x513.jpg 768w, https:\/\/cdscweb.fr\/poneys-blackstone\/wp-content\/uploads\/mikel-site-01-225x150.jpg 225w, https:\/\/cdscweb.fr\/poneys-blackstone\/wp-content\/uploads\/mikel-site-01.jpg 800w\" sizes=\"auto, (max-width: 300px) 100vw, 300px\" \/><\/figure>\n<\/div>\n\n\n<p class=\"has-text-align-center\"><em>MIKEL<\/em><\/p>\n<\/div>\n\n\n\n<div class=\"wp-block-column is-layout-flow wp-block-column-is-layout-flow\">\n<hr class=\"wp-block-separator has-alpha-channel-opacity\"\/>\n\n\n\n<p class=\"has-text-align-center\">En 2020,<br>c&rsquo;est donc avec un superbe Welsh Pony,<br><a href=\"https:\/\/cdscweb.fr\/poneys-blackstone\/les-autres-etalons-utilises\/westaire-tolomeo\/\" target=\"_blank\" rel=\"noopener noreferrer\"><em><strong>Westaire Tolomeo<\/strong><\/em><\/a>,<br>que nous avons mis en route <br><a href=\"https:\/\/cdscweb.fr\/poneys-blackstone\/blackstone-la-tex\/\"><em><strong>Blackstone La Tex<\/strong><\/em><\/a>, Welsh Part Bred \u00e0 75 % !<\/p>\n\n\n<div class=\"wp-block-image wp-image-1615 size-medium is-style-rounded\">\n<figure class=\"aligncenter is-resized\"><img loading=\"lazy\" decoding=\"async\" width=\"300\" height=\"225\" src=\"https:\/\/cdscweb.fr\/poneys-blackstone\/wp-content\/uploads\/westaire-tolomeo_0007-300x225.jpg\" alt=\"\" class=\"wp-image-1615\" style=\"width:auto;height:250px\" srcset=\"https:\/\/cdscweb.fr\/poneys-blackstone\/wp-content\/uploads\/westaire-tolomeo_0007-300x225.jpg 300w, https:\/\/cdscweb.fr\/poneys-blackstone\/wp-content\/uploads\/westaire-tolomeo_0007-200x150.jpg 200w, https:\/\/cdscweb.fr\/poneys-blackstone\/wp-content\/uploads\/westaire-tolomeo_0007.jpg 720w\" sizes=\"auto, (max-width: 300px) 100vw, 300px\" \/><\/figure>\n<\/div>\n\n\n<p class=\"has-text-align-center\">WESTAIRE TOLOMEO<\/p>\n<\/div>\n<\/div>\n\n\n\n<div style=\"height:30px\" aria-hidden=\"true\" class=\"wp-block-spacer\"><\/div>\n\n\n\n<div class=\"wp-block-columns is-layout-flex wp-container-core-columns-is-layout-9d6595d7 wp-block-columns-is-layout-flex\">\n<div class=\"wp-block-column is-layout-flow wp-block-column-is-layout-flow\">\n<hr class=\"wp-block-separator has-alpha-channel-opacity\"\/>\n\n\n\n<p class=\"has-text-align-center\">En 2024,<br>EMAGE a \u00e9t\u00e9 pr\u00e9sent\u00e9e <br>\u00e0 <em><strong><a href=\"https:\/\/cdscweb.fr\/poneys-blackstone\/etalons\/les-autres-etalons-utilises\/le-look-tilia-welsh-pony\/\" data-type=\"page\" data-id=\"3199\" target=\"_blank\" rel=\"noreferrer noopener\">Le Look Tilia<\/a><\/strong><\/em>,<br>mais par paillettes interpos\u00e9es, <br>\u00e7a n&rsquo;a pas march\u00e9 !<\/p>\n\n\n<div class=\"wp-block-image wp-image-1615 size-medium is-style-rounded\">\n<figure class=\"aligncenter size-full is-resized\"><img loading=\"lazy\" decoding=\"async\" width=\"280\" height=\"280\" src=\"https:\/\/cdscweb.fr\/poneys-blackstone\/wp-content\/uploads\/le-look-tilia_04.jpg\" alt=\"\" class=\"wp-image-3188\" style=\"width:auto;height:250px\" srcset=\"https:\/\/cdscweb.fr\/poneys-blackstone\/wp-content\/uploads\/le-look-tilia_04.jpg 280w, https:\/\/cdscweb.fr\/poneys-blackstone\/wp-content\/uploads\/le-look-tilia_04-150x150.jpg 150w\" sizes=\"auto, (max-width: 280px) 100vw, 280px\" \/><\/figure>\n<\/div>\n\n\n<p class=\"has-text-align-center\"><em>LE LOOK TILIA<\/em><\/p>\n<\/div>\n\n\n\n<div class=\"wp-block-column is-layout-flow wp-block-column-is-layout-flow\">\n<hr class=\"wp-block-separator has-alpha-channel-opacity\"\/>\n\n\n\n<p class=\"has-text-align-center\">En 2025,<br>nous retenterons l&rsquo;exp\u00e9rience en \u201cpr\u00e9sentiel\u201d <br>avec le beau <strong><em><a href=\"https:\/\/cdscweb.fr\/poneys-blackstone\/etalons\/les-autres-etalons-utilises\/rickrack-de-st-gery-welsh-pony-type-cob\/\" data-type=\"page\" data-id=\"3372\" target=\"_blank\" rel=\"noreferrer noopener\">RICKRACK DE ST-GERY<\/a><\/em><\/strong>, <br>ce qui croisera <em>(officieusement)<\/em> <br>les lign\u00e9es de KRATER et de LATEX&#8230;<\/p>\n\n\n<div class=\"wp-block-image wp-image-1615 size-medium is-style-rounded\">\n<figure class=\"aligncenter size-full is-resized\"><img loading=\"lazy\" decoding=\"async\" width=\"601\" height=\"400\" src=\"https:\/\/cdscweb.fr\/poneys-blackstone\/wp-content\/uploads\/rickrack-1.jpg\" alt=\"\" class=\"wp-image-3345\" style=\"width:auto;height:250px\" srcset=\"https:\/\/cdscweb.fr\/poneys-blackstone\/wp-content\/uploads\/rickrack-1.jpg 601w, https:\/\/cdscweb.fr\/poneys-blackstone\/wp-content\/uploads\/rickrack-1-300x200.jpg 300w, https:\/\/cdscweb.fr\/poneys-blackstone\/wp-content\/uploads\/rickrack-1-150x100.jpg 150w\" sizes=\"auto, (max-width: 601px) 100vw, 601px\" \/><\/figure>\n<\/div>\n\n\n<p class=\"has-text-align-center\"><em>RICKRACK DE ST-GERY<\/em><\/p>\n<\/div>\n<\/div>\n","protected":false},"excerpt":{"rendered":"<p class=\"continue-reading-button\"> <a class=\"continue-reading-link\" href=\"https:\/\/cdscweb.fr\/poneys-blackstone\/etalons\/les-autres-etalons-utilises\/\">Lire<i class=\"crycon-right-dir\"><\/i><\/a><\/p>\n<div class='heateorSssClear'><\/div><div  class='heateor_sss_sharing_container heateor_sss_horizontal_sharing' data-heateor-sss-href='https:\/\/cdscweb.fr\/poneys-blackstone\/etalons\/les-autres-etalons-utilises\/'><div class='heateor_sss_sharing_title' style=\"font-weight:bold\" >Partagez !<\/div><div class=\"heateor_sss_sharing_ul\"><a aria-label=\"Facebook\" class=\"heateor_sss_facebook\" href=\"https:\/\/www.facebook.com\/sharer\/sharer.php?u=https%3A%2F%2Fcdscweb.fr%2Fponeys-blackstone%2Fetalons%2Fles-autres-etalons-utilises%2F\" title=\"Facebook\" rel=\"nofollow noopener\" target=\"_blank\" style=\"font-size:32px!important;box-shadow:none;display:inline-block;vertical-align:middle\"><span class=\"heateor_sss_svg\" style=\"background-color:#0765FE;width:35px;height:35px;border-radius:999px;display:inline-block;opacity:1;float:left;font-size:32px;box-shadow:none;display:inline-block;font-size:16px;padding:0 4px;vertical-align:middle;background-repeat:repeat;overflow:hidden;padding:0;cursor:pointer;box-sizing:content-box\"><svg style=\"display:block;border-radius:999px;\" focusable=\"false\" aria-hidden=\"true\" xmlns=\"http:\/\/www.w3.org\/2000\/svg\" width=\"100%\" height=\"100%\" viewBox=\"0 0 32 32\"><path fill=\"#fff\" d=\"M28 16c0-6.627-5.373-12-12-12S4 9.373 4 16c0 5.628 3.875 10.35 9.101 11.647v-7.98h-2.474V16H13.1v-1.58c0-4.085 1.849-5.978 5.859-5.978.76 0 2.072.15 2.608.298v3.325c-.283-.03-.775-.045-1.386-.045-1.967 0-2.728.745-2.728 2.683V16h3.92l-.673 3.667h-3.247v8.245C23.395 27.195 28 22.135 28 16Z\"><\/path><\/svg><\/span><\/a><a aria-label=\"Instagram\" class=\"heateor_sss_button_instagram\" href=\"https:\/\/www.instagram.com\/\" title=\"Instagram\" rel=\"nofollow noopener\" target=\"_blank\" style=\"font-size:32px!important;box-shadow:none;display:inline-block;vertical-align:middle\"><span class=\"heateor_sss_svg\" style=\"background-color:#53beee;width:35px;height:35px;border-radius:999px;display:inline-block;opacity:1;float:left;font-size:32px;box-shadow:none;display:inline-block;font-size:16px;padding:0 4px;vertical-align:middle;background-repeat:repeat;overflow:hidden;padding:0;cursor:pointer;box-sizing:content-box\"><svg style=\"display:block;border-radius:999px;\" version=\"1.1\" viewBox=\"-10 -10 148 148\" width=\"100%\" height=\"100%\" xml:space=\"preserve\" xmlns=\"http:\/\/www.w3.org\/2000\/svg\" xmlns:xlink=\"http:\/\/www.w3.org\/1999\/xlink\"><g><g><path d=\"M86,112H42c-14.336,0-26-11.663-26-26V42c0-14.337,11.664-26,26-26h44c14.337,0,26,11.663,26,26v44 C112,100.337,100.337,112,86,112z M42,24c-9.925,0-18,8.074-18,18v44c0,9.925,8.075,18,18,18h44c9.926,0,18-8.075,18-18V42 c0-9.926-8.074-18-18-18H42z\" fill=\"#fff\"><\/path><\/g><g><path d=\"M64,88c-13.234,0-24-10.767-24-24c0-13.234,10.766-24,24-24s24,10.766,24,24C88,77.233,77.234,88,64,88z M64,48c-8.822,0-16,7.178-16,16s7.178,16,16,16c8.822,0,16-7.178,16-16S72.822,48,64,48z\" fill=\"#fff\"><\/path><\/g><g><circle cx=\"89.5\" cy=\"38.5\" fill=\"#fff\" r=\"5.5\"><\/circle><\/g><\/g><\/svg><\/span><\/a><a aria-label=\"Whatsapp\" class=\"heateor_sss_whatsapp\" href=\"https:\/\/api.whatsapp.com\/send?text=Les%20autres%20%C3%A9talons%20utilis%C3%A9s%20https%3A%2F%2Fcdscweb.fr%2Fponeys-blackstone%2Fetalons%2Fles-autres-etalons-utilises%2F\" title=\"Whatsapp\" rel=\"nofollow noopener\" target=\"_blank\" style=\"font-size:32px!important;box-shadow:none;display:inline-block;vertical-align:middle\"><span class=\"heateor_sss_svg\" style=\"background-color:#55eb4c;width:35px;height:35px;border-radius:999px;display:inline-block;opacity:1;float:left;font-size:32px;box-shadow:none;display:inline-block;font-size:16px;padding:0 4px;vertical-align:middle;background-repeat:repeat;overflow:hidden;padding:0;cursor:pointer;box-sizing:content-box\"><svg style=\"display:block;border-radius:999px;\" focusable=\"false\" aria-hidden=\"true\" xmlns=\"http:\/\/www.w3.org\/2000\/svg\" width=\"100%\" height=\"100%\" viewBox=\"-6 -5 40 40\"><path class=\"heateor_sss_svg_stroke heateor_sss_no_fill\" stroke=\"#fff\" stroke-width=\"2\" fill=\"none\" d=\"M 11.579798566743314 24.396926207859085 A 10 10 0 1 0 6.808479557110079 20.73576436351046\"><\/path><path d=\"M 7 19 l -1 6 l 6 -1\" class=\"heateor_sss_no_fill heateor_sss_svg_stroke\" stroke=\"#fff\" stroke-width=\"2\" fill=\"none\"><\/path><path d=\"M 10 10 q -1 8 8 11 c 5 -1 0 -6 -1 -3 q -4 -3 -5 -5 c 4 -2 -1 -5 -1 -4\" fill=\"#fff\"><\/path><\/svg><\/span><\/a><a class=\"heateor_sss_more\" aria-label=\"More\" title=\"More\" rel=\"nofollow noopener\" style=\"font-size: 32px!important;border:0;box-shadow:none;display:inline-block!important;font-size:16px;padding:0 4px;vertical-align: middle;display:inline;\" href=\"https:\/\/cdscweb.fr\/poneys-blackstone\/etalons\/les-autres-etalons-utilises\/\" onclick=\"event.preventDefault()\"><span class=\"heateor_sss_svg\" style=\"background-color:#ee8e2d;width:35px;height:35px;border-radius:999px;display:inline-block!important;opacity:1;float:left;font-size:32px!important;box-shadow:none;display:inline-block;font-size:16px;padding:0 4px;vertical-align:middle;display:inline;background-repeat:repeat;overflow:hidden;padding:0;cursor:pointer;box-sizing:content-box;\" onclick=\"heateorSssMoreSharingPopup(this, 'https:\/\/cdscweb.fr\/poneys-blackstone\/etalons\/les-autres-etalons-utilises\/', 'Les%20autres%20%C3%A9talons%20utilis%C3%A9s', '' )\"><svg xmlns=\"http:\/\/www.w3.org\/2000\/svg\" xmlns:xlink=\"http:\/\/www.w3.org\/1999\/xlink\" viewBox=\"-.3 0 32 32\" version=\"1.1\" width=\"100%\" height=\"100%\" style=\"display:block;border-radius:999px;\" xml:space=\"preserve\"><g><path fill=\"#fff\" d=\"M18 14V8h-4v6H8v4h6v6h4v-6h6v-4h-6z\" fill-rule=\"evenodd\"><\/path><\/g><\/svg><\/span><\/a><\/div><div class=\"heateorSssClear\"><\/div><\/div><div class='heateorSssClear'><\/div>","protected":false},"author":1,"featured_media":0,"parent":2174,"menu_order":0,"comment_status":"closed","ping_status":"closed","template":"","meta":{"footnotes":""},"class_list":["post-83","page","type-page","status-publish","hentry"],"_links":{"self":[{"href":"https:\/\/cdscweb.fr\/poneys-blackstone\/wp-json\/wp\/v2\/pages\/83","targetHints":{"allow":["GET"]}}],"collection":[{"href":"https:\/\/cdscweb.fr\/poneys-blackstone\/wp-json\/wp\/v2\/pages"}],"about":[{"href":"https:\/\/cdscweb.fr\/poneys-blackstone\/wp-json\/wp\/v2\/types\/page"}],"author":[{"embeddable":true,"href":"https:\/\/cdscweb.fr\/poneys-blackstone\/wp-json\/wp\/v2\/users\/1"}],"replies":[{"embeddable":true,"href":"https:\/\/cdscweb.fr\/poneys-blackstone\/wp-json\/wp\/v2\/comments?post=83"}],"version-history":[{"count":22,"href":"https:\/\/cdscweb.fr\/poneys-blackstone\/wp-json\/wp\/v2\/pages\/83\/revisions"}],"predecessor-version":[{"id":3383,"href":"https:\/\/cdscweb.fr\/poneys-blackstone\/wp-json\/wp\/v2\/pages\/83\/revisions\/3383"}],"up":[{"embeddable":true,"href":"https:\/\/cdscweb.fr\/poneys-blackstone\/wp-json\/wp\/v2\/pages\/2174"}],"wp:attachment":[{"href":"https:\/\/cdscweb.fr\/poneys-blackstone\/wp-json\/wp\/v2\/media?parent=83"}],"curies":[{"name":"wp","href":"https:\/\/api.w.org\/{rel}","templated":true}]}}