{"id":73,"date":"2018-05-30T15:39:01","date_gmt":"2018-05-30T13:39:01","guid":{"rendered":"http:\/\/cdscweb.fr\/poneys-blackstone\/?page_id=73"},"modified":"2022-11-22T11:51:26","modified_gmt":"2022-11-22T10:51:26","slug":"poneys-welsh-blackstone","status":"publish","type":"page","link":"https:\/\/cdscweb.fr\/poneys-blackstone\/poneys-welsh-blackstone\/","title":{"rendered":"Pr\u00e9sentation"},"content":{"rendered":"<p style=\"text-align: center;\">L&rsquo;aventure commence en 1982 avec l&rsquo;acquisition d&rsquo;<a href=\"https:\/\/cdscweb.fr\/poneys-blackstone\/oscar-v\/\" target=\"_blank\" rel=\"noopener noreferrer\"><strong>Oscar V<\/strong><\/a>, m\u00e2le Welsh Mountain de 2 ans.<\/p>\n<p style=\"text-align: center;\">Puis ce sont <a href=\"https:\/\/cdscweb.fr\/poneys-blackstone\/krater-elvey\/\" target=\"_blank\" rel=\"noopener noreferrer\"><strong>Krater Elvey<\/strong><\/a> en 1983, et&nbsp; <a href=\"https:\/\/cdscweb.fr\/poneys-blackstone\/latex-elvey\/\" target=\"_blank\" rel=\"noopener noreferrer\"><strong>Latex Elvey<\/strong><\/a> en 1992 qui viennent le rejoindre.<\/p>\n<p style=\"text-align: center;\"><em>(<a href=\"https:\/\/cdscweb.fr\/poneys-blackstone\/les-deux-juments-a-lorigine-de-lelevage-blackstone\/\" target=\"_blank\" rel=\"noopener\"><strong>voir leur descendance<\/strong><\/a>)<\/em><\/p>\n<p style=\"text-align: center;\">L&rsquo;\u00e9levage est alors situ\u00e9 \u00e0 Montbernard (31) jusqu&rsquo;en 1996.<\/p>\n\n\n<figure class=\"wp-block-gallery has-nested-images columns-default is-cropped wp-block-gallery-1 is-layout-flex wp-block-gallery-is-layout-flex\">\n<figure class=\"wp-block-image size-full\"><a href=\"https:\/\/cdscweb.fr\/poneys-blackstone\/wp-content\/uploads\/1989_oscar.jpg\" target=\"_blank\" rel=\"noreferrer noopener\"><img loading=\"lazy\" decoding=\"async\" width=\"800\" height=\"545\" data-id=\"1459\" src=\"https:\/\/cdscweb.fr\/poneys-blackstone\/wp-content\/uploads\/1989_oscar.jpg\" alt=\"\" class=\"wp-image-1459\" srcset=\"https:\/\/cdscweb.fr\/poneys-blackstone\/wp-content\/uploads\/1989_oscar.jpg 800w, https:\/\/cdscweb.fr\/poneys-blackstone\/wp-content\/uploads\/1989_oscar-300x204.jpg 300w, https:\/\/cdscweb.fr\/poneys-blackstone\/wp-content\/uploads\/1989_oscar-768x523.jpg 768w, https:\/\/cdscweb.fr\/poneys-blackstone\/wp-content\/uploads\/1989_oscar-220x150.jpg 220w\" sizes=\"auto, (max-width: 800px) 100vw, 800px\" \/><\/a><figcaption class=\"wp-element-caption\">OSCAR V<\/figcaption><\/figure>\n\n\n\n<figure class=\"wp-block-image size-full\"><a href=\"https:\/\/cdscweb.fr\/poneys-blackstone\/wp-content\/uploads\/1994_krater.jpg\" target=\"_blank\" rel=\"noreferrer noopener\"><img loading=\"lazy\" decoding=\"async\" width=\"800\" height=\"533\" data-id=\"1542\" src=\"https:\/\/cdscweb.fr\/poneys-blackstone\/wp-content\/uploads\/1994_krater.jpg\" alt=\"\" class=\"wp-image-1542\" srcset=\"https:\/\/cdscweb.fr\/poneys-blackstone\/wp-content\/uploads\/1994_krater.jpg 800w, https:\/\/cdscweb.fr\/poneys-blackstone\/wp-content\/uploads\/1994_krater-300x200.jpg 300w, https:\/\/cdscweb.fr\/poneys-blackstone\/wp-content\/uploads\/1994_krater-768x512.jpg 768w, https:\/\/cdscweb.fr\/poneys-blackstone\/wp-content\/uploads\/1994_krater-225x150.jpg 225w\" sizes=\"auto, (max-width: 800px) 100vw, 800px\" \/><\/a><figcaption class=\"wp-element-caption\">KRATER ELVEY<\/figcaption><\/figure>\n\n\n\n<figure class=\"wp-block-image size-large\"><a href=\"https:\/\/cdscweb.fr\/poneys-blackstone\/wp-content\/uploads\/1993_latex.jpg\" target=\"_blank\" rel=\"noreferrer noopener\"><img loading=\"lazy\" decoding=\"async\" width=\"800\" height=\"515\" data-id=\"1453\" src=\"https:\/\/cdscweb.fr\/poneys-blackstone\/wp-content\/uploads\/1993_latex.jpg\" alt=\"\" class=\"wp-image-1453\" srcset=\"https:\/\/cdscweb.fr\/poneys-blackstone\/wp-content\/uploads\/1993_latex.jpg 800w, https:\/\/cdscweb.fr\/poneys-blackstone\/wp-content\/uploads\/1993_latex-300x193.jpg 300w, https:\/\/cdscweb.fr\/poneys-blackstone\/wp-content\/uploads\/1993_latex-768x494.jpg 768w, https:\/\/cdscweb.fr\/poneys-blackstone\/wp-content\/uploads\/1993_latex-233x150.jpg 233w\" sizes=\"auto, (max-width: 800px) 100vw, 800px\" \/><\/a><figcaption class=\"wp-element-caption\">LATEX ELVEY<\/figcaption><\/figure>\n<\/figure>\n\n\n\n<div style=\"height:30px\" aria-hidden=\"true\" class=\"wp-block-spacer\"><\/div>\n\n\n\n<div class=\"wp-block-columns is-layout-flex wp-container-core-columns-is-layout-9d6595d7 wp-block-columns-is-layout-flex\">\n<div class=\"wp-block-column is-layout-flow wp-block-column-is-layout-flow\">\n<figure class=\"wp-block-image size-full\"><a href=\"https:\/\/cdscweb.fr\/poneys-blackstone\/wp-content\/uploads\/2020-07-19_prat-derbycross.jpg\" target=\"_blank\" rel=\"noreferrer noopener\"><img loading=\"lazy\" decoding=\"async\" width=\"768\" height=\"522\" src=\"https:\/\/cdscweb.fr\/poneys-blackstone\/wp-content\/uploads\/2020-07-19_prat-derbycross.jpg\" alt=\"\" class=\"wp-image-1295\" srcset=\"https:\/\/cdscweb.fr\/poneys-blackstone\/wp-content\/uploads\/2020-07-19_prat-derbycross.jpg 768w, https:\/\/cdscweb.fr\/poneys-blackstone\/wp-content\/uploads\/2020-07-19_prat-derbycross-300x204.jpg 300w, https:\/\/cdscweb.fr\/poneys-blackstone\/wp-content\/uploads\/2020-07-19_prat-derbycross-221x150.jpg 221w\" sizes=\"auto, (max-width: 768px) 100vw, 768px\" \/><\/a><figcaption class=\"wp-element-caption\">EMAGE BLACKSTONE<\/figcaption><\/figure>\n<\/div>\n\n\n\n<div class=\"wp-block-column is-layout-flow wp-block-column-is-layout-flow\">\n<p class=\"has-text-align-center\">Apr\u00e8s vingt ans d\u2019interruption,<br>la famille se reforme,<br>cette fois \u00e0&nbsp;<strong><a rel=\"noreferrer noopener\" href=\"https:\/\/cdscweb.fr\/poneys-blackstone\/nous-trouver\/\" target=\"_blank\">Laffite-Toupi\u00e8re<\/a><\/strong><a rel=\"noreferrer noopener\" href=\"https:\/\/cdscweb.fr\/poneys-blackstone\/nous-trouver\/\" target=\"_blank\">&nbsp;<\/a>(31)<br>avec l\u2019arriv\u00e9e en 2016<br>d\u2019<strong><a rel=\"noreferrer noopener\" href=\"https:\/\/cdscweb.fr\/poneys-blackstone\/krater-elvey\/image-doscar\/emage-blackstone\/\" target=\"_blank\">Emage Blackstone<\/a><\/strong>&nbsp;<br>(lign\u00e9e de Krater)<br>puis la naissance de son fils<strong><a rel=\"noreferrer noopener\" href=\"https:\/\/cdscweb.fr\/poneys-blackstone\/krater-elvey\/image-doscar\/emage-blackstone\/integraal-blackstone\/\" target=\"_blank\"><br>Int\u00e9graal Blackstone<\/a><\/strong>&nbsp;<br>en mars 2018.<\/p>\n\n\n\n<div style=\"height:30px\" aria-hidden=\"true\" class=\"wp-block-spacer\"><\/div>\n<\/div>\n\n\n\n<div class=\"wp-block-column is-layout-flow wp-block-column-is-layout-flow\">\n<figure class=\"wp-block-image size-large\"><a href=\"https:\/\/cdscweb.fr\/poneys-blackstone\/wp-content\/uploads\/2021-09-19_longues-renes-3.jpg\" target=\"_blank\" rel=\"noreferrer noopener\"><img loading=\"lazy\" decoding=\"async\" width=\"1024\" height=\"723\" src=\"https:\/\/cdscweb.fr\/poneys-blackstone\/wp-content\/uploads\/2021-09-19_longues-renes-3-1024x723.jpg\" alt=\"\" class=\"wp-image-2033\" srcset=\"https:\/\/cdscweb.fr\/poneys-blackstone\/wp-content\/uploads\/2021-09-19_longues-renes-3-1024x723.jpg 1024w, https:\/\/cdscweb.fr\/poneys-blackstone\/wp-content\/uploads\/2021-09-19_longues-renes-3-300x212.jpg 300w, https:\/\/cdscweb.fr\/poneys-blackstone\/wp-content\/uploads\/2021-09-19_longues-renes-3-768x542.jpg 768w, https:\/\/cdscweb.fr\/poneys-blackstone\/wp-content\/uploads\/2021-09-19_longues-renes-3-1536x1084.jpg 1536w, https:\/\/cdscweb.fr\/poneys-blackstone\/wp-content\/uploads\/2021-09-19_longues-renes-3-213x150.jpg 213w, https:\/\/cdscweb.fr\/poneys-blackstone\/wp-content\/uploads\/2021-09-19_longues-renes-3-1320x931.jpg 1320w, https:\/\/cdscweb.fr\/poneys-blackstone\/wp-content\/uploads\/2021-09-19_longues-renes-3.jpg 1600w\" sizes=\"auto, (max-width: 1024px) 100vw, 1024px\" \/><\/a><figcaption class=\"wp-element-caption\">INT\u00c9GRAAL BLACKSTONE<\/figcaption><\/figure>\n<\/div>\n<\/div>\n\n\n\n<div class=\"wp-block-columns is-layout-flex wp-container-core-columns-is-layout-9d6595d7 wp-block-columns-is-layout-flex\">\n<div class=\"wp-block-column is-layout-flow wp-block-column-is-layout-flow\">\n<figure class=\"wp-block-image size-full\"><a href=\"https:\/\/cdscweb.fr\/poneys-blackstone\/wp-content\/uploads\/2018-08-24_01.jpg\" target=\"_blank\" rel=\"noreferrer noopener\"><img loading=\"lazy\" decoding=\"async\" width=\"800\" height=\"800\" src=\"https:\/\/cdscweb.fr\/poneys-blackstone\/wp-content\/uploads\/2018-08-24_01.jpg\" alt=\"\" class=\"wp-image-1431\" srcset=\"https:\/\/cdscweb.fr\/poneys-blackstone\/wp-content\/uploads\/2018-08-24_01.jpg 800w, https:\/\/cdscweb.fr\/poneys-blackstone\/wp-content\/uploads\/2018-08-24_01-300x300.jpg 300w, https:\/\/cdscweb.fr\/poneys-blackstone\/wp-content\/uploads\/2018-08-24_01-150x150.jpg 150w, https:\/\/cdscweb.fr\/poneys-blackstone\/wp-content\/uploads\/2018-08-24_01-768x768.jpg 768w\" sizes=\"auto, (max-width: 800px) 100vw, 800px\" \/><\/a><figcaption class=\"wp-element-caption\">KINUP du CAST\u00c9RAS<\/figcaption><\/figure>\n<\/div>\n\n\n\n<div class=\"wp-block-column is-layout-flow wp-block-column-is-layout-flow\">\n<p class=\"has-text-align-center\">Plus r\u00e9cemment<br>la lign\u00e9e de Latex<br>est aussi revenue parmi nous<br>avec&nbsp;<strong><a rel=\"noreferrer noopener\" href=\"https:\/\/cdscweb.fr\/poneys-blackstone\/kinup-du-casteras\/\" target=\"_blank\">Kinup du Cast\u00e9ras<\/a><\/strong><br>qui nous a donn\u00e9 en 2021<br><strong><a rel=\"noreferrer noopener\" href=\"https:\/\/cdscweb.fr\/poneys-blackstone\/blackstone-la-tex\/\" target=\"_blank\">Blackstone La Tex<\/a><\/strong>&nbsp;!<\/p>\n\n\n\n<div style=\"height:30px\" aria-hidden=\"true\" class=\"wp-block-spacer\"><\/div>\n<\/div>\n\n\n\n<div class=\"wp-block-column is-layout-flow wp-block-column-is-layout-flow\">\n<figure class=\"wp-block-image size-large\"><a href=\"https:\/\/cdscweb.fr\/poneys-blackstone\/wp-content\/uploads\/2021-10-22_vigne-0002.jpg\" target=\"_blank\" rel=\"noreferrer noopener\"><img loading=\"lazy\" decoding=\"async\" width=\"1024\" height=\"699\" src=\"https:\/\/cdscweb.fr\/poneys-blackstone\/wp-content\/uploads\/2021-10-22_vigne-0002-1024x699.jpg\" alt=\"\" class=\"wp-image-2045\" srcset=\"https:\/\/cdscweb.fr\/poneys-blackstone\/wp-content\/uploads\/2021-10-22_vigne-0002-1024x699.jpg 1024w, https:\/\/cdscweb.fr\/poneys-blackstone\/wp-content\/uploads\/2021-10-22_vigne-0002-300x205.jpg 300w, https:\/\/cdscweb.fr\/poneys-blackstone\/wp-content\/uploads\/2021-10-22_vigne-0002-768x524.jpg 768w, https:\/\/cdscweb.fr\/poneys-blackstone\/wp-content\/uploads\/2021-10-22_vigne-0002-220x150.jpg 220w, https:\/\/cdscweb.fr\/poneys-blackstone\/wp-content\/uploads\/2021-10-22_vigne-0002.jpg 1319w\" sizes=\"auto, (max-width: 1024px) 100vw, 1024px\" \/><\/a><figcaption class=\"wp-element-caption\">BLACKSTONE LA TEX<\/figcaption><\/figure>\n<\/div>\n<\/div>\n\n\n\n<p><\/p>\n","protected":false},"excerpt":{"rendered":"<p class=\"continue-reading-button\"> <a class=\"continue-reading-link\" href=\"https:\/\/cdscweb.fr\/poneys-blackstone\/poneys-welsh-blackstone\/\">Lire<i class=\"crycon-right-dir\"><\/i><\/a><\/p>\n<div class='heateorSssClear'><\/div><div  class='heateor_sss_sharing_container heateor_sss_horizontal_sharing' data-heateor-sss-href='https:\/\/cdscweb.fr\/poneys-blackstone\/poneys-welsh-blackstone\/'><div class='heateor_sss_sharing_title' style=\"font-weight:bold\" >Partagez !<\/div><div class=\"heateor_sss_sharing_ul\"><a aria-label=\"Facebook\" class=\"heateor_sss_facebook\" href=\"https:\/\/www.facebook.com\/sharer\/sharer.php?u=https%3A%2F%2Fcdscweb.fr%2Fponeys-blackstone%2Fponeys-welsh-blackstone%2F\" title=\"Facebook\" rel=\"nofollow noopener\" target=\"_blank\" style=\"font-size:32px!important;box-shadow:none;display:inline-block;vertical-align:middle\"><span class=\"heateor_sss_svg\" style=\"background-color:#0765FE;width:35px;height:35px;border-radius:999px;display:inline-block;opacity:1;float:left;font-size:32px;box-shadow:none;display:inline-block;font-size:16px;padding:0 4px;vertical-align:middle;background-repeat:repeat;overflow:hidden;padding:0;cursor:pointer;box-sizing:content-box\"><svg style=\"display:block;border-radius:999px;\" focusable=\"false\" aria-hidden=\"true\" xmlns=\"http:\/\/www.w3.org\/2000\/svg\" width=\"100%\" height=\"100%\" viewBox=\"0 0 32 32\"><path fill=\"#fff\" d=\"M28 16c0-6.627-5.373-12-12-12S4 9.373 4 16c0 5.628 3.875 10.35 9.101 11.647v-7.98h-2.474V16H13.1v-1.58c0-4.085 1.849-5.978 5.859-5.978.76 0 2.072.15 2.608.298v3.325c-.283-.03-.775-.045-1.386-.045-1.967 0-2.728.745-2.728 2.683V16h3.92l-.673 3.667h-3.247v8.245C23.395 27.195 28 22.135 28 16Z\"><\/path><\/svg><\/span><\/a><a aria-label=\"Instagram\" class=\"heateor_sss_button_instagram\" href=\"https:\/\/www.instagram.com\/\" title=\"Instagram\" rel=\"nofollow noopener\" target=\"_blank\" style=\"font-size:32px!important;box-shadow:none;display:inline-block;vertical-align:middle\"><span class=\"heateor_sss_svg\" style=\"background-color:#53beee;width:35px;height:35px;border-radius:999px;display:inline-block;opacity:1;float:left;font-size:32px;box-shadow:none;display:inline-block;font-size:16px;padding:0 4px;vertical-align:middle;background-repeat:repeat;overflow:hidden;padding:0;cursor:pointer;box-sizing:content-box\"><svg style=\"display:block;border-radius:999px;\" version=\"1.1\" viewBox=\"-10 -10 148 148\" width=\"100%\" height=\"100%\" xml:space=\"preserve\" xmlns=\"http:\/\/www.w3.org\/2000\/svg\" xmlns:xlink=\"http:\/\/www.w3.org\/1999\/xlink\"><g><g><path d=\"M86,112H42c-14.336,0-26-11.663-26-26V42c0-14.337,11.664-26,26-26h44c14.337,0,26,11.663,26,26v44 C112,100.337,100.337,112,86,112z M42,24c-9.925,0-18,8.074-18,18v44c0,9.925,8.075,18,18,18h44c9.926,0,18-8.075,18-18V42 c0-9.926-8.074-18-18-18H42z\" fill=\"#fff\"><\/path><\/g><g><path d=\"M64,88c-13.234,0-24-10.767-24-24c0-13.234,10.766-24,24-24s24,10.766,24,24C88,77.233,77.234,88,64,88z M64,48c-8.822,0-16,7.178-16,16s7.178,16,16,16c8.822,0,16-7.178,16-16S72.822,48,64,48z\" fill=\"#fff\"><\/path><\/g><g><circle cx=\"89.5\" cy=\"38.5\" fill=\"#fff\" r=\"5.5\"><\/circle><\/g><\/g><\/svg><\/span><\/a><a aria-label=\"Whatsapp\" class=\"heateor_sss_whatsapp\" href=\"https:\/\/api.whatsapp.com\/send?text=Pr%C3%A9sentation%20https%3A%2F%2Fcdscweb.fr%2Fponeys-blackstone%2Fponeys-welsh-blackstone%2F\" title=\"Whatsapp\" rel=\"nofollow noopener\" target=\"_blank\" style=\"font-size:32px!important;box-shadow:none;display:inline-block;vertical-align:middle\"><span class=\"heateor_sss_svg\" style=\"background-color:#55eb4c;width:35px;height:35px;border-radius:999px;display:inline-block;opacity:1;float:left;font-size:32px;box-shadow:none;display:inline-block;font-size:16px;padding:0 4px;vertical-align:middle;background-repeat:repeat;overflow:hidden;padding:0;cursor:pointer;box-sizing:content-box\"><svg style=\"display:block;border-radius:999px;\" focusable=\"false\" aria-hidden=\"true\" xmlns=\"http:\/\/www.w3.org\/2000\/svg\" width=\"100%\" height=\"100%\" viewBox=\"-6 -5 40 40\"><path class=\"heateor_sss_svg_stroke heateor_sss_no_fill\" stroke=\"#fff\" stroke-width=\"2\" fill=\"none\" d=\"M 11.579798566743314 24.396926207859085 A 10 10 0 1 0 6.808479557110079 20.73576436351046\"><\/path><path d=\"M 7 19 l -1 6 l 6 -1\" class=\"heateor_sss_no_fill heateor_sss_svg_stroke\" stroke=\"#fff\" stroke-width=\"2\" fill=\"none\"><\/path><path d=\"M 10 10 q -1 8 8 11 c 5 -1 0 -6 -1 -3 q -4 -3 -5 -5 c 4 -2 -1 -5 -1 -4\" fill=\"#fff\"><\/path><\/svg><\/span><\/a><a class=\"heateor_sss_more\" aria-label=\"More\" title=\"More\" rel=\"nofollow noopener\" style=\"font-size: 32px!important;border:0;box-shadow:none;display:inline-block!important;font-size:16px;padding:0 4px;vertical-align: middle;display:inline;\" href=\"https:\/\/cdscweb.fr\/poneys-blackstone\/poneys-welsh-blackstone\/\" onclick=\"event.preventDefault()\"><span class=\"heateor_sss_svg\" style=\"background-color:#ee8e2d;width:35px;height:35px;border-radius:999px;display:inline-block!important;opacity:1;float:left;font-size:32px!important;box-shadow:none;display:inline-block;font-size:16px;padding:0 4px;vertical-align:middle;display:inline;background-repeat:repeat;overflow:hidden;padding:0;cursor:pointer;box-sizing:content-box;\" onclick=\"heateorSssMoreSharingPopup(this, 'https:\/\/cdscweb.fr\/poneys-blackstone\/poneys-welsh-blackstone\/', 'Pr%C3%A9sentation', '' )\"><svg xmlns=\"http:\/\/www.w3.org\/2000\/svg\" xmlns:xlink=\"http:\/\/www.w3.org\/1999\/xlink\" viewBox=\"-.3 0 32 32\" version=\"1.1\" width=\"100%\" height=\"100%\" style=\"display:block;border-radius:999px;\" xml:space=\"preserve\"><g><path fill=\"#fff\" d=\"M18 14V8h-4v6H8v4h6v6h4v-6h6v-4h-6z\" fill-rule=\"evenodd\"><\/path><\/g><\/svg><\/span><\/a><\/div><div class=\"heateorSssClear\"><\/div><\/div><div class='heateorSssClear'><\/div>","protected":false},"author":1,"featured_media":0,"parent":0,"menu_order":0,"comment_status":"closed","ping_status":"closed","template":"","meta":{"footnotes":""},"class_list":["post-73","page","type-page","status-publish","hentry"],"_links":{"self":[{"href":"https:\/\/cdscweb.fr\/poneys-blackstone\/wp-json\/wp\/v2\/pages\/73","targetHints":{"allow":["GET"]}}],"collection":[{"href":"https:\/\/cdscweb.fr\/poneys-blackstone\/wp-json\/wp\/v2\/pages"}],"about":[{"href":"https:\/\/cdscweb.fr\/poneys-blackstone\/wp-json\/wp\/v2\/types\/page"}],"author":[{"embeddable":true,"href":"https:\/\/cdscweb.fr\/poneys-blackstone\/wp-json\/wp\/v2\/users\/1"}],"replies":[{"embeddable":true,"href":"https:\/\/cdscweb.fr\/poneys-blackstone\/wp-json\/wp\/v2\/comments?post=73"}],"version-history":[{"count":8,"href":"https:\/\/cdscweb.fr\/poneys-blackstone\/wp-json\/wp\/v2\/pages\/73\/revisions"}],"predecessor-version":[{"id":2218,"href":"https:\/\/cdscweb.fr\/poneys-blackstone\/wp-json\/wp\/v2\/pages\/73\/revisions\/2218"}],"wp:attachment":[{"href":"https:\/\/cdscweb.fr\/poneys-blackstone\/wp-json\/wp\/v2\/media?parent=73"}],"curies":[{"name":"wp","href":"https:\/\/api.w.org\/{rel}","templated":true}]}}