{"id":3709,"date":"2026-04-07T10:06:41","date_gmt":"2026-04-07T08:06:41","guid":{"rendered":"https:\/\/cdscweb.fr\/poneys-blackstone\/?page_id=3709"},"modified":"2026-04-09T18:01:06","modified_gmt":"2026-04-09T16:01:06","slug":"qoeurby-blackstone","status":"publish","type":"page","link":"https:\/\/cdscweb.fr\/poneys-blackstone\/krater-elvey\/image-doscar\/emage-blackstone\/qoeurby-blackstone\/","title":{"rendered":"Qoeurby Blackstone*"},"content":{"rendered":"\n<p class=\"has-text-align-right\"><em>* Petit clin d\u2019oeil \u00e0 l\u2019\u00e9levage&nbsp;<strong>KIRBY CANE<\/strong>, et en particulier \u00e0 l\u2019\u00e9talon&nbsp;<strong><a href=\"https:\/\/cdscweb.fr\/poneys-blackstone\/etalons\/les-autres-etalons-utilises\/kirby-cane-statecraft\/\" target=\"_blank\" rel=\"noreferrer noopener\">KIRBY CANE STATECRAFT<\/a><\/strong>, qui avait produit en 1985 avec&nbsp;<strong><a href=\"https:\/\/cdscweb.fr\/poneys-blackstone\/krater-elvey\/\" target=\"_blank\" rel=\"noreferrer noopener\">KRATER ELVEY<\/a><\/strong>&nbsp;(la grand-m\u00e8re d\u2019<strong>EMAGE<\/strong>) le tout bon&nbsp;<strong><a href=\"https:\/\/cdscweb.fr\/poneys-blackstone\/krater-elvey\/teddy-blackstone\/\" target=\"_blank\" rel=\"noreferrer noopener\">TEDDY BLACKSTONE<\/a><\/strong>\u2026<\/em><\/p>\n\n\n\n<div class=\"wp-block-columns is-layout-flex wp-container-core-columns-is-layout-9d6595d7 wp-block-columns-is-layout-flex\">\n<div class=\"wp-block-column is-layout-flow wp-block-column-is-layout-flow\"><div class=\"wp-block-image is-style-rounded\">\n<figure class=\"alignright size-medium\"><img loading=\"lazy\" decoding=\"async\" width=\"300\" height=\"300\" src=\"https:\/\/cdscweb.fr\/poneys-blackstone\/wp-content\/uploads\/2026-04-07_lou-elise-300x300.jpg\" alt=\"\" class=\"wp-image-3728\" style=\"object-fit:cover\" srcset=\"https:\/\/cdscweb.fr\/poneys-blackstone\/wp-content\/uploads\/2026-04-07_lou-elise-300x300.jpg 300w, https:\/\/cdscweb.fr\/poneys-blackstone\/wp-content\/uploads\/2026-04-07_lou-elise-1024x1024.jpg 1024w, https:\/\/cdscweb.fr\/poneys-blackstone\/wp-content\/uploads\/2026-04-07_lou-elise-150x150.jpg 150w, https:\/\/cdscweb.fr\/poneys-blackstone\/wp-content\/uploads\/2026-04-07_lou-elise-768x768.jpg 768w, https:\/\/cdscweb.fr\/poneys-blackstone\/wp-content\/uploads\/2026-04-07_lou-elise-600x600.jpg 600w, https:\/\/cdscweb.fr\/poneys-blackstone\/wp-content\/uploads\/2026-04-07_lou-elise.jpg 1127w\" sizes=\"auto, (max-width: 300px) 100vw, 300px\" \/><\/figure>\n<\/div><\/div>\n\n\n\n<div class=\"wp-block-column is-layout-flow wp-block-column-is-layout-flow\">\n<p class=\"has-text-align-center\"><strong>Welsh Part-Bred <\/strong><\/p>\n\n\n\n<p class=\"has-text-align-center\"><strong><em>(50 %)<\/em> <\/strong><\/p>\n\n\n\n<p class=\"has-text-align-center\"><strong>2026<\/strong><\/p>\n\n\n\n<p class=\"has-text-align-center\"><strong>par <em><a href=\"https:\/\/cdscweb.fr\/poneys-blackstone\/wp-content\/uploads\/westaire-tolomeo.jpg\" data-type=\"attachment\" data-id=\"1284\" target=\"_blank\" rel=\"noreferrer noopener\">WESTAIRE TOLOMEO<\/a><\/em><\/strong><\/p>\n\n\n\n<p class=\"has-text-align-center\"><strong>et <a href=\"https:\/\/cdscweb.fr\/poneys-blackstone\/krater-elvey\/image-doscar\/emage-blackstone\/\"><em>EMAGE BLACKSTONE<\/em><\/a><\/strong><\/p>\n<\/div>\n\n\n\n<div class=\"wp-block-column is-layout-flow wp-block-column-is-layout-flow\"><div class=\"wp-block-image is-style-rounded\">\n<figure class=\"alignleft size-medium\"><img loading=\"lazy\" decoding=\"async\" width=\"300\" height=\"300\" src=\"https:\/\/cdscweb.fr\/poneys-blackstone\/wp-content\/uploads\/2026-04-06_qoeurby-01-300x300.jpg\" alt=\"\" class=\"wp-image-3702\" style=\"object-fit:cover\" srcset=\"https:\/\/cdscweb.fr\/poneys-blackstone\/wp-content\/uploads\/2026-04-06_qoeurby-01-300x300.jpg 300w, https:\/\/cdscweb.fr\/poneys-blackstone\/wp-content\/uploads\/2026-04-06_qoeurby-01-150x150.jpg 150w, https:\/\/cdscweb.fr\/poneys-blackstone\/wp-content\/uploads\/2026-04-06_qoeurby-01-768x768.jpg 768w, https:\/\/cdscweb.fr\/poneys-blackstone\/wp-content\/uploads\/2026-04-06_qoeurby-01-600x600.jpg 600w, https:\/\/cdscweb.fr\/poneys-blackstone\/wp-content\/uploads\/2026-04-06_qoeurby-01.jpg 800w\" sizes=\"auto, (max-width: 300px) 100vw, 300px\" \/><\/figure>\n<\/div><\/div>\n<\/div>\n\n\n\n<h3 class=\"wp-block-heading\"><strong>Une fille pour perp\u00e9tuer la lign\u00e9e de KRATER !<\/strong><\/h3>\n\n\n<div class=\"wp-block-image\">\n<figure class=\"aligncenter size-full\"><img loading=\"lazy\" decoding=\"async\" width=\"1521\" height=\"251\" src=\"https:\/\/cdscweb.fr\/poneys-blackstone\/wp-content\/uploads\/qoeurby_pedigree.jpg\" alt=\"\" class=\"wp-image-3710\" title=\"Voir sa page IFCE\" srcset=\"https:\/\/cdscweb.fr\/poneys-blackstone\/wp-content\/uploads\/qoeurby_pedigree.jpg 1521w, https:\/\/cdscweb.fr\/poneys-blackstone\/wp-content\/uploads\/qoeurby_pedigree-300x50.jpg 300w, https:\/\/cdscweb.fr\/poneys-blackstone\/wp-content\/uploads\/qoeurby_pedigree-1024x169.jpg 1024w, https:\/\/cdscweb.fr\/poneys-blackstone\/wp-content\/uploads\/qoeurby_pedigree-768x127.jpg 768w, https:\/\/cdscweb.fr\/poneys-blackstone\/wp-content\/uploads\/qoeurby_pedigree-150x25.jpg 150w, https:\/\/cdscweb.fr\/poneys-blackstone\/wp-content\/uploads\/qoeurby_pedigree-1320x218.jpg 1320w\" sizes=\"auto, (max-width: 1521px) 100vw, 1521px\" \/><\/figure>\n<\/div>\n\n\n<div style=\"height:30px\" aria-hidden=\"true\" class=\"wp-block-spacer\"><\/div>\n\n\n\n<p class=\"has-text-align-right\"><em><em>Sur ordinateur : survolez le diaporama pour le mettre en pause,<br>cliquez sur une image pour l\u2019ouvrir dans un nouvel onglet<\/em><br><em>et n&rsquo;h\u00e9sitez pas \u00e0 passer en plein \u00e9cran.<\/em><\/em><\/p>\n\n\n\n<div class=\"alignnormal\"><div id=\"metaslider-id-3712\" style=\"max-width: 600px;\" class=\"ml-slider-3-108-0 metaslider metaslider-flex metaslider-3712 ml-slider has-dots-nav ms-theme-default-base\" role=\"region\" aria-label=\"Qoeurby Blackstone\" data-height=\"600\" data-width=\"600\">\n    <div id=\"metaslider_container_3712\">\n        <div id=\"metaslider_3712\">\n            <ul aria-live='off' class='slides'>\n                <li style=\"display: block; width: 100%;\" class=\"slide-3720 ms-image \" aria-roledescription=\"slide\" data-date=\"2026-04-07 10:03:36\" data-filename=\"2025-03-02_recad.jpg\" data-slide-type=\"image\"><a href=\"https:\/\/cdscweb.fr\/poneys-blackstone\/wp-content\/uploads\/2025-03-02_recad.jpg\" target=\"_blank\" aria-label=\"Voir les d\u00e9tails de la diapositive\" class=\"metaslider_image_link\"><img loading=\"lazy\" decoding=\"async\" src=\"https:\/\/cdscweb.fr\/poneys-blackstone\/wp-content\/uploads\/2025-03-02_recad.jpg\" height=\"600\" width=\"600\" alt=\"\" class=\"slider-3712 slide-3720 msDefaultImage\" title=\"2025-03-02_recad\" \/><\/a><div class=\"caption-wrap\"><div class=\"caption\"><div>EMAGE BLACKSTONE, la maman<\/div><\/div><\/div><\/li>\n                <li style=\"display: none; width: 100%;\" class=\"slide-3718 ms-image \" aria-roledescription=\"slide\" data-date=\"2026-04-07 09:55:06\" data-filename=\"2025-07-06_04-600x600.jpg\" data-slide-type=\"image\"><a href=\"https:\/\/cdscweb.fr\/poneys-blackstone\/wp-content\/uploads\/2025-07-06_04.jpg\" target=\"_blank\" aria-label=\"Voir les d\u00e9tails de la diapositive\" class=\"metaslider_image_link\"><img loading=\"lazy\" decoding=\"async\" src=\"https:\/\/cdscweb.fr\/poneys-blackstone\/wp-content\/uploads\/2025-07-06_04-600x600.jpg\" height=\"600\" width=\"600\" alt=\"\" class=\"slider-3712 slide-3718 msDefaultImage\" title=\"2025-07-06_04\" \/><\/a><div class=\"caption-wrap\"><div class=\"caption\"><div>WESTAIRE TOLOMEO (Welsh Pony), le papa<\/div><\/div><\/div><\/li>\n                <li style=\"display: none; width: 100%;\" class=\"slide-3713 ms-image \" aria-roledescription=\"slide\" data-date=\"2026-04-07 09:45:23\" data-filename=\"2026-04-06_qoeurby-00.jpg\" data-slide-type=\"image\"><a href=\"https:\/\/cdscweb.fr\/poneys-blackstone\/wp-content\/uploads\/2026-04-06_qoeurby-00.jpg\" target=\"_blank\" aria-label=\"Voir les d\u00e9tails de la diapositive\" class=\"metaslider_image_link\"><img loading=\"lazy\" decoding=\"async\" src=\"https:\/\/cdscweb.fr\/poneys-blackstone\/wp-content\/uploads\/2026-04-06_qoeurby-00.jpg\" height=\"600\" width=\"600\" alt=\"\" class=\"slider-3712 slide-3713 msDefaultImage\" title=\"2026-04-06_qoeurby-00\" \/><\/a><div class=\"caption-wrap\"><div class=\"caption\"><div>Lundi de P\u00e2ques, surprise du matin<\/div><\/div><\/div><\/li>\n                <li style=\"display: none; width: 100%;\" class=\"slide-3714 ms-image \" aria-roledescription=\"slide\" data-date=\"2026-04-07 09:45:36\" data-filename=\"2026-04-06_qoeurby-01-600x600.jpg\" data-slide-type=\"image\"><a href=\"https:\/\/cdscweb.fr\/poneys-blackstone\/wp-content\/uploads\/2026-04-06_qoeurby-01.jpg\" target=\"_blank\" aria-label=\"Voir les d\u00e9tails de la diapositive\" class=\"metaslider_image_link\"><img loading=\"lazy\" decoding=\"async\" src=\"https:\/\/cdscweb.fr\/poneys-blackstone\/wp-content\/uploads\/2026-04-06_qoeurby-01-600x600.jpg\" height=\"600\" width=\"600\" alt=\"\" class=\"slider-3712 slide-3714 msDefaultImage\" title=\"2026-04-06_qoeurby-01\" \/><\/a><div class=\"caption-wrap\"><div class=\"caption\"><div>Une vraie t\u00eate de Welsh !<\/div><\/div><\/div><\/li>\n                <li style=\"display: none; width: 100%;\" class=\"slide-3715 ms-image \" aria-roledescription=\"slide\" data-date=\"2026-04-07 09:45:44\" data-filename=\"2026-04-06_qoeurby-03-600x600.jpg\" data-slide-type=\"image\"><a href=\"https:\/\/cdscweb.fr\/poneys-blackstone\/wp-content\/uploads\/2026-04-06_qoeurby-03.jpg\" target=\"_blank\" aria-label=\"Voir les d\u00e9tails de la diapositive\" class=\"metaslider_image_link\"><img loading=\"lazy\" decoding=\"async\" src=\"https:\/\/cdscweb.fr\/poneys-blackstone\/wp-content\/uploads\/2026-04-06_qoeurby-03-600x600.jpg\" height=\"600\" width=\"600\" alt=\"\" class=\"slider-3712 slide-3715 msDefaultImage\" title=\"2026-04-06_qoeurby-03\" \/><\/a><\/li>\n                <li style=\"display: none; width: 100%;\" class=\"slide-3727 ms-image \" aria-roledescription=\"slide\" data-date=\"2026-04-09 17:53:32\" data-filename=\"2026-04-06_qoeurby-05-600x600.jpg\" data-slide-type=\"image\"><a href=\"https:\/\/cdscweb.fr\/poneys-blackstone\/wp-content\/uploads\/2026-04-06_qoeurby-05.jpg\" target=\"_blank\" aria-label=\"Voir les d\u00e9tails de la diapositive\" class=\"metaslider_image_link\"><img loading=\"lazy\" decoding=\"async\" src=\"https:\/\/cdscweb.fr\/poneys-blackstone\/wp-content\/uploads\/2026-04-06_qoeurby-05-600x600.jpg\" height=\"600\" width=\"600\" alt=\"\" class=\"slider-3712 slide-3727 msDefaultImage\" title=\"2026-04-06_qoeurby-05\" \/><\/a><div class=\"caption-wrap\"><div class=\"caption\"><div>Premi\u00e8re sortie : apprendre \u00e0 suivre Maman...<\/div><\/div><\/div><\/li>\n                <li style=\"display: none; width: 100%;\" class=\"slide-3729 ms-image \" aria-roledescription=\"slide\" data-date=\"2026-04-09 17:54:29\" data-filename=\"2026-04-07_lou-elise-600x600.jpg\" data-slide-type=\"image\"><a href=\"https:\/\/cdscweb.fr\/poneys-blackstone\/wp-content\/uploads\/2026-04-07_lou-elise.jpg\" target=\"_blank\" aria-label=\"Voir les d\u00e9tails de la diapositive\" class=\"metaslider_image_link\"><img loading=\"lazy\" decoding=\"async\" src=\"https:\/\/cdscweb.fr\/poneys-blackstone\/wp-content\/uploads\/2026-04-07_lou-elise-600x600.jpg\" height=\"600\" width=\"600\" alt=\"\" class=\"slider-3712 slide-3729 msDefaultImage\" title=\"2026-04-07_lou-elise\" \/><\/a><div class=\"caption-wrap\"><div class=\"caption\"><div>Premiers c\u00e2lins<\/div><\/div><\/div><\/li>\n            <\/ul>\n        <\/div>\n        \n    <\/div>\n<\/div><\/div>\n","protected":false},"excerpt":{"rendered":"<p class=\"continue-reading-button\"> <a class=\"continue-reading-link\" href=\"https:\/\/cdscweb.fr\/poneys-blackstone\/krater-elvey\/image-doscar\/emage-blackstone\/qoeurby-blackstone\/\">Lire<i class=\"crycon-right-dir\"><\/i><\/a><\/p>\n<div class='heateorSssClear'><\/div><div  class='heateor_sss_sharing_container heateor_sss_horizontal_sharing' data-heateor-sss-href='https:\/\/cdscweb.fr\/poneys-blackstone\/krater-elvey\/image-doscar\/emage-blackstone\/qoeurby-blackstone\/'><div class='heateor_sss_sharing_title' style=\"font-weight:bold\" >Partagez !<\/div><div class=\"heateor_sss_sharing_ul\"><a aria-label=\"Facebook\" class=\"heateor_sss_facebook\" href=\"https:\/\/www.facebook.com\/sharer\/sharer.php?u=https%3A%2F%2Fcdscweb.fr%2Fponeys-blackstone%2Fkrater-elvey%2Fimage-doscar%2Femage-blackstone%2Fqoeurby-blackstone%2F\" title=\"Facebook\" rel=\"nofollow noopener\" target=\"_blank\" style=\"font-size:32px!important;box-shadow:none;display:inline-block;vertical-align:middle\"><span class=\"heateor_sss_svg\" style=\"background-color:#0765FE;width:35px;height:35px;border-radius:999px;display:inline-block;opacity:1;float:left;font-size:32px;box-shadow:none;display:inline-block;font-size:16px;padding:0 4px;vertical-align:middle;background-repeat:repeat;overflow:hidden;padding:0;cursor:pointer;box-sizing:content-box\"><svg style=\"display:block;border-radius:999px;\" focusable=\"false\" aria-hidden=\"true\" xmlns=\"http:\/\/www.w3.org\/2000\/svg\" width=\"100%\" height=\"100%\" viewBox=\"0 0 32 32\"><path fill=\"#fff\" d=\"M28 16c0-6.627-5.373-12-12-12S4 9.373 4 16c0 5.628 3.875 10.35 9.101 11.647v-7.98h-2.474V16H13.1v-1.58c0-4.085 1.849-5.978 5.859-5.978.76 0 2.072.15 2.608.298v3.325c-.283-.03-.775-.045-1.386-.045-1.967 0-2.728.745-2.728 2.683V16h3.92l-.673 3.667h-3.247v8.245C23.395 27.195 28 22.135 28 16Z\"><\/path><\/svg><\/span><\/a><a aria-label=\"Instagram\" class=\"heateor_sss_button_instagram\" href=\"https:\/\/www.instagram.com\/\" title=\"Instagram\" rel=\"nofollow noopener\" target=\"_blank\" style=\"font-size:32px!important;box-shadow:none;display:inline-block;vertical-align:middle\"><span class=\"heateor_sss_svg\" style=\"background-color:#53beee;width:35px;height:35px;border-radius:999px;display:inline-block;opacity:1;float:left;font-size:32px;box-shadow:none;display:inline-block;font-size:16px;padding:0 4px;vertical-align:middle;background-repeat:repeat;overflow:hidden;padding:0;cursor:pointer;box-sizing:content-box\"><svg style=\"display:block;border-radius:999px;\" version=\"1.1\" viewBox=\"-10 -10 148 148\" width=\"100%\" height=\"100%\" xml:space=\"preserve\" xmlns=\"http:\/\/www.w3.org\/2000\/svg\" xmlns:xlink=\"http:\/\/www.w3.org\/1999\/xlink\"><g><g><path d=\"M86,112H42c-14.336,0-26-11.663-26-26V42c0-14.337,11.664-26,26-26h44c14.337,0,26,11.663,26,26v44 C112,100.337,100.337,112,86,112z M42,24c-9.925,0-18,8.074-18,18v44c0,9.925,8.075,18,18,18h44c9.926,0,18-8.075,18-18V42 c0-9.926-8.074-18-18-18H42z\" fill=\"#fff\"><\/path><\/g><g><path d=\"M64,88c-13.234,0-24-10.767-24-24c0-13.234,10.766-24,24-24s24,10.766,24,24C88,77.233,77.234,88,64,88z M64,48c-8.822,0-16,7.178-16,16s7.178,16,16,16c8.822,0,16-7.178,16-16S72.822,48,64,48z\" fill=\"#fff\"><\/path><\/g><g><circle cx=\"89.5\" cy=\"38.5\" fill=\"#fff\" r=\"5.5\"><\/circle><\/g><\/g><\/svg><\/span><\/a><a aria-label=\"Whatsapp\" class=\"heateor_sss_whatsapp\" href=\"https:\/\/api.whatsapp.com\/send?text=Qoeurby%20Blackstone%2A%20https%3A%2F%2Fcdscweb.fr%2Fponeys-blackstone%2Fkrater-elvey%2Fimage-doscar%2Femage-blackstone%2Fqoeurby-blackstone%2F\" title=\"Whatsapp\" rel=\"nofollow noopener\" target=\"_blank\" style=\"font-size:32px!important;box-shadow:none;display:inline-block;vertical-align:middle\"><span class=\"heateor_sss_svg\" style=\"background-color:#55eb4c;width:35px;height:35px;border-radius:999px;display:inline-block;opacity:1;float:left;font-size:32px;box-shadow:none;display:inline-block;font-size:16px;padding:0 4px;vertical-align:middle;background-repeat:repeat;overflow:hidden;padding:0;cursor:pointer;box-sizing:content-box\"><svg style=\"display:block;border-radius:999px;\" focusable=\"false\" aria-hidden=\"true\" xmlns=\"http:\/\/www.w3.org\/2000\/svg\" width=\"100%\" height=\"100%\" viewBox=\"-6 -5 40 40\"><path class=\"heateor_sss_svg_stroke heateor_sss_no_fill\" stroke=\"#fff\" stroke-width=\"2\" fill=\"none\" d=\"M 11.579798566743314 24.396926207859085 A 10 10 0 1 0 6.808479557110079 20.73576436351046\"><\/path><path d=\"M 7 19 l -1 6 l 6 -1\" class=\"heateor_sss_no_fill heateor_sss_svg_stroke\" stroke=\"#fff\" stroke-width=\"2\" fill=\"none\"><\/path><path d=\"M 10 10 q -1 8 8 11 c 5 -1 0 -6 -1 -3 q -4 -3 -5 -5 c 4 -2 -1 -5 -1 -4\" fill=\"#fff\"><\/path><\/svg><\/span><\/a><a class=\"heateor_sss_more\" aria-label=\"More\" title=\"More\" rel=\"nofollow noopener\" style=\"font-size: 32px!important;border:0;box-shadow:none;display:inline-block!important;font-size:16px;padding:0 4px;vertical-align: middle;display:inline;\" href=\"https:\/\/cdscweb.fr\/poneys-blackstone\/krater-elvey\/image-doscar\/emage-blackstone\/qoeurby-blackstone\/\" onclick=\"event.preventDefault()\"><span class=\"heateor_sss_svg\" style=\"background-color:#ee8e2d;width:35px;height:35px;border-radius:999px;display:inline-block!important;opacity:1;float:left;font-size:32px!important;box-shadow:none;display:inline-block;font-size:16px;padding:0 4px;vertical-align:middle;display:inline;background-repeat:repeat;overflow:hidden;padding:0;cursor:pointer;box-sizing:content-box;\" onclick=\"heateorSssMoreSharingPopup(this, 'https:\/\/cdscweb.fr\/poneys-blackstone\/krater-elvey\/image-doscar\/emage-blackstone\/qoeurby-blackstone\/', 'Qoeurby%20Blackstone%2A', '' )\"><svg xmlns=\"http:\/\/www.w3.org\/2000\/svg\" xmlns:xlink=\"http:\/\/www.w3.org\/1999\/xlink\" viewBox=\"-.3 0 32 32\" version=\"1.1\" width=\"100%\" height=\"100%\" style=\"display:block;border-radius:999px;\" xml:space=\"preserve\"><g><path fill=\"#fff\" d=\"M18 14V8h-4v6H8v4h6v6h4v-6h6v-4h-6z\" fill-rule=\"evenodd\"><\/path><\/g><\/svg><\/span><\/a><\/div><div class=\"heateorSssClear\"><\/div><\/div><div class='heateorSssClear'><\/div>","protected":false},"author":1,"featured_media":3703,"parent":29,"menu_order":0,"comment_status":"closed","ping_status":"closed","template":"","meta":{"footnotes":""},"class_list":["post-3709","page","type-page","status-publish","has-post-thumbnail","hentry"],"_links":{"self":[{"href":"https:\/\/cdscweb.fr\/poneys-blackstone\/wp-json\/wp\/v2\/pages\/3709","targetHints":{"allow":["GET"]}}],"collection":[{"href":"https:\/\/cdscweb.fr\/poneys-blackstone\/wp-json\/wp\/v2\/pages"}],"about":[{"href":"https:\/\/cdscweb.fr\/poneys-blackstone\/wp-json\/wp\/v2\/types\/page"}],"author":[{"embeddable":true,"href":"https:\/\/cdscweb.fr\/poneys-blackstone\/wp-json\/wp\/v2\/users\/1"}],"replies":[{"embeddable":true,"href":"https:\/\/cdscweb.fr\/poneys-blackstone\/wp-json\/wp\/v2\/comments?post=3709"}],"version-history":[{"count":6,"href":"https:\/\/cdscweb.fr\/poneys-blackstone\/wp-json\/wp\/v2\/pages\/3709\/revisions"}],"predecessor-version":[{"id":3733,"href":"https:\/\/cdscweb.fr\/poneys-blackstone\/wp-json\/wp\/v2\/pages\/3709\/revisions\/3733"}],"up":[{"embeddable":true,"href":"https:\/\/cdscweb.fr\/poneys-blackstone\/wp-json\/wp\/v2\/pages\/29"}],"wp:featuredmedia":[{"embeddable":true,"href":"https:\/\/cdscweb.fr\/poneys-blackstone\/wp-json\/wp\/v2\/media\/3703"}],"wp:attachment":[{"href":"https:\/\/cdscweb.fr\/poneys-blackstone\/wp-json\/wp\/v2\/media?parent=3709"}],"curies":[{"name":"wp","href":"https:\/\/api.w.org\/{rel}","templated":true}]}}