{"id":3372,"date":"2024-12-10T16:37:11","date_gmt":"2024-12-10T15:37:11","guid":{"rendered":"https:\/\/cdscweb.fr\/poneys-blackstone\/?page_id=3372"},"modified":"2024-12-10T16:37:13","modified_gmt":"2024-12-10T15:37:13","slug":"rickrack-de-st-gery-welsh-pony-type-cob","status":"publish","type":"page","link":"https:\/\/cdscweb.fr\/poneys-blackstone\/etalons\/les-autres-etalons-utilises\/rickrack-de-st-gery-welsh-pony-type-cob\/","title":{"rendered":"Rickrack de St Gery (Welsh Pony Type Cob)"},"content":{"rendered":"\n<p class=\"has-text-align-center\"><strong>Welsh Pony Type Cob, 2005<\/strong><br><strong>Alezan, 1 m 30\u00a0<\/strong><br><strong>par FRIQUET D&rsquo;AUDES et BABOUCHE BARASTAN<br><a href=\"https:\/\/cdscweb.fr\/poneys-blackstone\/les-indices\/\" target=\"_blank\" rel=\"noopener noreferrer\">IPO = 119<\/a><br><em><a href=\"https:\/\/infochevaux.ifce.fr\/fr\/rickrack-de-st-gery-0xrYP_m5RIiukZXgBtrFOQ\/pedigree-et-chevaux-associes\/pedigree-3-generations\" data-type=\"link\" data-id=\"https:\/\/infochevaux.ifce.fr\/fr\/rickrack-de-st-gery-0xrYP_m5RIiukZXgBtrFOQ\/pedigree-et-chevaux-associes\/pedigree-3-generations\" target=\"_blank\" rel=\"noreferrer noopener\">Voir son pedigree (3 g\u00e9n\u00e9rations)<\/a><\/em><\/strong><\/p>\n\n\n\n<div class=\"wp-block-columns is-layout-flex wp-container-core-columns-is-layout-9d6595d7 wp-block-columns-is-layout-flex\">\n<div class=\"wp-block-column is-layout-flow wp-block-column-is-layout-flow\" style=\"flex-basis:50%\"><div class=\"wp-block-image is-style-rounded\">\n<figure class=\"aligncenter size-full is-resized\"><a href=\"https:\/\/cdscweb.fr\/poneys-blackstone\/wp-content\/uploads\/rickrack-1.jpg\" target=\"_blank\" rel=\"noreferrer noopener\"><img loading=\"lazy\" decoding=\"async\" width=\"601\" height=\"400\" src=\"https:\/\/cdscweb.fr\/poneys-blackstone\/wp-content\/uploads\/rickrack-1.jpg\" alt=\"\" class=\"wp-image-3345\" style=\"width:auto;height:250px\" srcset=\"https:\/\/cdscweb.fr\/poneys-blackstone\/wp-content\/uploads\/rickrack-1.jpg 601w, https:\/\/cdscweb.fr\/poneys-blackstone\/wp-content\/uploads\/rickrack-1-300x200.jpg 300w, https:\/\/cdscweb.fr\/poneys-blackstone\/wp-content\/uploads\/rickrack-1-150x100.jpg 150w\" sizes=\"auto, (max-width: 601px) 100vw, 601px\" \/><\/a><\/figure>\n<\/div><\/div>\n\n\n\n<div class=\"wp-block-column is-layout-flow wp-block-column-is-layout-flow\" style=\"flex-basis:50%\"><div class=\"wp-block-image is-style-rounded\">\n<figure class=\"aligncenter size-full is-resized\"><img loading=\"lazy\" decoding=\"async\" width=\"544\" height=\"397\" src=\"https:\/\/cdscweb.fr\/poneys-blackstone\/wp-content\/uploads\/rickrack-2.jpg\" alt=\"\" class=\"wp-image-3381\" style=\"width:auto;height:250px\" srcset=\"https:\/\/cdscweb.fr\/poneys-blackstone\/wp-content\/uploads\/rickrack-2.jpg 544w, https:\/\/cdscweb.fr\/poneys-blackstone\/wp-content\/uploads\/rickrack-2-300x219.jpg 300w, https:\/\/cdscweb.fr\/poneys-blackstone\/wp-content\/uploads\/rickrack-2-150x109.jpg 150w\" sizes=\"auto, (max-width: 544px) 100vw, 544px\" \/><\/figure>\n<\/div><\/div>\n<\/div>\n\n\n\n<p class=\"has-text-align-center\">Performeur en Poney 1B Grand Prix, IPO 119<\/p>\n\n\n\n<p>Son p\u00e8re <strong>FRIQUET D&rsquo;AUDES<\/strong> excellent reproducteur de poneys de sport.<\/p>\n\n\n\n<p>Sa m\u00e8re <strong>BABOUCHE BARASTAN<\/strong>, vice-championne de France B1 Elite de CCE en 1999, IPO 127, IPC 136, 8,5 points PACE. <\/p>\n\n\n\n<p class=\"has-text-align-left\">Fr\u00e8re ut\u00e9rin de<\/p>\n\n\n\n<ul class=\"wp-block-list\">\n<li><strong>Neredva de St G\u00e9ry<\/strong> (IPO 136, IPC 140) <\/li>\n\n\n\n<li><strong>Ostrea de St G\u00e9ry <\/strong>(IPO 150)<\/li>\n\n\n\n<li><strong>Telline Ravignan<\/strong>, championne de France Poney 1B de CSO (IPO 149 )  <\/li>\n\n\n\n<li><strong>Achille de St G\u00e9ry<\/strong>, 3<sup>\u00e8me<\/sup> finale CCJP de CSO 4 ans B, vice-champion 5 ans B, 1<sup>er<\/sup> du Crit\u00e9rium de France Poney 1B \u00e0 6 ans (IPC 176), \u00e9talon.<\/li>\n<\/ul>\n\n\n\n<p>La production de RICKRACK est confidentielle mais tr\u00e8s qualiteuse :<\/p>\n\n\n\n<ul class=\"wp-block-list\">\n<li><strong>BOREALE DE ST GERY<\/strong> &#8211; IPO111 Championnat d&rsquo;Espagne de CSO Poney, Coupe d&rsquo;Espagne<\/li>\n\n\n\n<li><strong>AZALEE BRIANELLE<\/strong> &#8211; IPO 124<\/li>\n\n\n\n<li><strong>BIKINI COLOMBA<\/strong> &#8211; IPC 114<\/li>\n<\/ul>\n\n\n\n<blockquote class=\"wp-block-quote is-layout-flow wp-block-quote-is-layout-flow\">\n<p><strong>Conseil de croisement<\/strong><br>Il apporte de la force et de l&rsquo;\u00e9quilibre. <br>Il croisera tr\u00e8s bien avec des ponettes un peu longues, dos rel\u00e2ch\u00e9 ou plongeantes, o\u00f9 il am\u00e9liorera le mod\u00e8le et la locomotion. <br>Pour les autres ponettes ce ne sera que du bonus ! <br>Ses poulains ont tous de gros moyens et sont de vrais guerriers.<\/p>\n<\/blockquote>\n","protected":false},"excerpt":{"rendered":"<p class=\"continue-reading-button\"> <a class=\"continue-reading-link\" href=\"https:\/\/cdscweb.fr\/poneys-blackstone\/etalons\/les-autres-etalons-utilises\/rickrack-de-st-gery-welsh-pony-type-cob\/\">Lire<i class=\"crycon-right-dir\"><\/i><\/a><\/p>\n<div class='heateorSssClear'><\/div><div  class='heateor_sss_sharing_container heateor_sss_horizontal_sharing' data-heateor-sss-href='https:\/\/cdscweb.fr\/poneys-blackstone\/etalons\/les-autres-etalons-utilises\/rickrack-de-st-gery-welsh-pony-type-cob\/'><div class='heateor_sss_sharing_title' style=\"font-weight:bold\" >Partagez !<\/div><div class=\"heateor_sss_sharing_ul\"><a aria-label=\"Facebook\" class=\"heateor_sss_facebook\" href=\"https:\/\/www.facebook.com\/sharer\/sharer.php?u=https%3A%2F%2Fcdscweb.fr%2Fponeys-blackstone%2Fetalons%2Fles-autres-etalons-utilises%2Frickrack-de-st-gery-welsh-pony-type-cob%2F\" title=\"Facebook\" rel=\"nofollow noopener\" target=\"_blank\" style=\"font-size:32px!important;box-shadow:none;display:inline-block;vertical-align:middle\"><span class=\"heateor_sss_svg\" style=\"background-color:#0765FE;width:35px;height:35px;border-radius:999px;display:inline-block;opacity:1;float:left;font-size:32px;box-shadow:none;display:inline-block;font-size:16px;padding:0 4px;vertical-align:middle;background-repeat:repeat;overflow:hidden;padding:0;cursor:pointer;box-sizing:content-box\"><svg style=\"display:block;border-radius:999px;\" focusable=\"false\" aria-hidden=\"true\" xmlns=\"http:\/\/www.w3.org\/2000\/svg\" width=\"100%\" height=\"100%\" viewBox=\"0 0 32 32\"><path fill=\"#fff\" d=\"M28 16c0-6.627-5.373-12-12-12S4 9.373 4 16c0 5.628 3.875 10.35 9.101 11.647v-7.98h-2.474V16H13.1v-1.58c0-4.085 1.849-5.978 5.859-5.978.76 0 2.072.15 2.608.298v3.325c-.283-.03-.775-.045-1.386-.045-1.967 0-2.728.745-2.728 2.683V16h3.92l-.673 3.667h-3.247v8.245C23.395 27.195 28 22.135 28 16Z\"><\/path><\/svg><\/span><\/a><a aria-label=\"Instagram\" class=\"heateor_sss_button_instagram\" href=\"https:\/\/www.instagram.com\/\" title=\"Instagram\" rel=\"nofollow noopener\" target=\"_blank\" style=\"font-size:32px!important;box-shadow:none;display:inline-block;vertical-align:middle\"><span class=\"heateor_sss_svg\" style=\"background-color:#53beee;width:35px;height:35px;border-radius:999px;display:inline-block;opacity:1;float:left;font-size:32px;box-shadow:none;display:inline-block;font-size:16px;padding:0 4px;vertical-align:middle;background-repeat:repeat;overflow:hidden;padding:0;cursor:pointer;box-sizing:content-box\"><svg style=\"display:block;border-radius:999px;\" version=\"1.1\" viewBox=\"-10 -10 148 148\" width=\"100%\" height=\"100%\" xml:space=\"preserve\" xmlns=\"http:\/\/www.w3.org\/2000\/svg\" xmlns:xlink=\"http:\/\/www.w3.org\/1999\/xlink\"><g><g><path d=\"M86,112H42c-14.336,0-26-11.663-26-26V42c0-14.337,11.664-26,26-26h44c14.337,0,26,11.663,26,26v44 C112,100.337,100.337,112,86,112z M42,24c-9.925,0-18,8.074-18,18v44c0,9.925,8.075,18,18,18h44c9.926,0,18-8.075,18-18V42 c0-9.926-8.074-18-18-18H42z\" fill=\"#fff\"><\/path><\/g><g><path d=\"M64,88c-13.234,0-24-10.767-24-24c0-13.234,10.766-24,24-24s24,10.766,24,24C88,77.233,77.234,88,64,88z M64,48c-8.822,0-16,7.178-16,16s7.178,16,16,16c8.822,0,16-7.178,16-16S72.822,48,64,48z\" fill=\"#fff\"><\/path><\/g><g><circle cx=\"89.5\" cy=\"38.5\" fill=\"#fff\" r=\"5.5\"><\/circle><\/g><\/g><\/svg><\/span><\/a><a aria-label=\"Whatsapp\" class=\"heateor_sss_whatsapp\" href=\"https:\/\/api.whatsapp.com\/send?text=Rickrack%20de%20St%20Gery%20%28Welsh%20Pony%20Type%20Cob%29%20https%3A%2F%2Fcdscweb.fr%2Fponeys-blackstone%2Fetalons%2Fles-autres-etalons-utilises%2Frickrack-de-st-gery-welsh-pony-type-cob%2F\" title=\"Whatsapp\" rel=\"nofollow noopener\" target=\"_blank\" style=\"font-size:32px!important;box-shadow:none;display:inline-block;vertical-align:middle\"><span class=\"heateor_sss_svg\" style=\"background-color:#55eb4c;width:35px;height:35px;border-radius:999px;display:inline-block;opacity:1;float:left;font-size:32px;box-shadow:none;display:inline-block;font-size:16px;padding:0 4px;vertical-align:middle;background-repeat:repeat;overflow:hidden;padding:0;cursor:pointer;box-sizing:content-box\"><svg style=\"display:block;border-radius:999px;\" focusable=\"false\" aria-hidden=\"true\" xmlns=\"http:\/\/www.w3.org\/2000\/svg\" width=\"100%\" height=\"100%\" viewBox=\"-6 -5 40 40\"><path class=\"heateor_sss_svg_stroke heateor_sss_no_fill\" stroke=\"#fff\" stroke-width=\"2\" fill=\"none\" d=\"M 11.579798566743314 24.396926207859085 A 10 10 0 1 0 6.808479557110079 20.73576436351046\"><\/path><path d=\"M 7 19 l -1 6 l 6 -1\" class=\"heateor_sss_no_fill heateor_sss_svg_stroke\" stroke=\"#fff\" stroke-width=\"2\" fill=\"none\"><\/path><path d=\"M 10 10 q -1 8 8 11 c 5 -1 0 -6 -1 -3 q -4 -3 -5 -5 c 4 -2 -1 -5 -1 -4\" fill=\"#fff\"><\/path><\/svg><\/span><\/a><a class=\"heateor_sss_more\" aria-label=\"More\" title=\"More\" rel=\"nofollow noopener\" style=\"font-size: 32px!important;border:0;box-shadow:none;display:inline-block!important;font-size:16px;padding:0 4px;vertical-align: middle;display:inline;\" href=\"https:\/\/cdscweb.fr\/poneys-blackstone\/etalons\/les-autres-etalons-utilises\/rickrack-de-st-gery-welsh-pony-type-cob\/\" onclick=\"event.preventDefault()\"><span class=\"heateor_sss_svg\" style=\"background-color:#ee8e2d;width:35px;height:35px;border-radius:999px;display:inline-block!important;opacity:1;float:left;font-size:32px!important;box-shadow:none;display:inline-block;font-size:16px;padding:0 4px;vertical-align:middle;display:inline;background-repeat:repeat;overflow:hidden;padding:0;cursor:pointer;box-sizing:content-box;\" onclick=\"heateorSssMoreSharingPopup(this, 'https:\/\/cdscweb.fr\/poneys-blackstone\/etalons\/les-autres-etalons-utilises\/rickrack-de-st-gery-welsh-pony-type-cob\/', 'Rickrack%20de%20St%20Gery%20%28Welsh%20Pony%20Type%20Cob%29', '' )\"><svg xmlns=\"http:\/\/www.w3.org\/2000\/svg\" xmlns:xlink=\"http:\/\/www.w3.org\/1999\/xlink\" viewBox=\"-.3 0 32 32\" version=\"1.1\" width=\"100%\" height=\"100%\" style=\"display:block;border-radius:999px;\" xml:space=\"preserve\"><g><path fill=\"#fff\" d=\"M18 14V8h-4v6H8v4h6v6h4v-6h6v-4h-6z\" fill-rule=\"evenodd\"><\/path><\/g><\/svg><\/span><\/a><\/div><div class=\"heateorSssClear\"><\/div><\/div><div class='heateorSssClear'><\/div>","protected":false},"author":1,"featured_media":3345,"parent":83,"menu_order":0,"comment_status":"closed","ping_status":"closed","template":"","meta":{"footnotes":""},"class_list":["post-3372","page","type-page","status-publish","has-post-thumbnail","hentry"],"_links":{"self":[{"href":"https:\/\/cdscweb.fr\/poneys-blackstone\/wp-json\/wp\/v2\/pages\/3372","targetHints":{"allow":["GET"]}}],"collection":[{"href":"https:\/\/cdscweb.fr\/poneys-blackstone\/wp-json\/wp\/v2\/pages"}],"about":[{"href":"https:\/\/cdscweb.fr\/poneys-blackstone\/wp-json\/wp\/v2\/types\/page"}],"author":[{"embeddable":true,"href":"https:\/\/cdscweb.fr\/poneys-blackstone\/wp-json\/wp\/v2\/users\/1"}],"replies":[{"embeddable":true,"href":"https:\/\/cdscweb.fr\/poneys-blackstone\/wp-json\/wp\/v2\/comments?post=3372"}],"version-history":[{"count":9,"href":"https:\/\/cdscweb.fr\/poneys-blackstone\/wp-json\/wp\/v2\/pages\/3372\/revisions"}],"predecessor-version":[{"id":3382,"href":"https:\/\/cdscweb.fr\/poneys-blackstone\/wp-json\/wp\/v2\/pages\/3372\/revisions\/3382"}],"up":[{"embeddable":true,"href":"https:\/\/cdscweb.fr\/poneys-blackstone\/wp-json\/wp\/v2\/pages\/83"}],"wp:featuredmedia":[{"embeddable":true,"href":"https:\/\/cdscweb.fr\/poneys-blackstone\/wp-json\/wp\/v2\/media\/3345"}],"wp:attachment":[{"href":"https:\/\/cdscweb.fr\/poneys-blackstone\/wp-json\/wp\/v2\/media?parent=3372"}],"curies":[{"name":"wp","href":"https:\/\/api.w.org\/{rel}","templated":true}]}}