{"id":3199,"date":"2024-05-27T16:25:50","date_gmt":"2024-05-27T14:25:50","guid":{"rendered":"https:\/\/cdscweb.fr\/poneys-blackstone\/?page_id=3199"},"modified":"2024-05-27T16:25:51","modified_gmt":"2024-05-27T14:25:51","slug":"le-look-tilia-welsh-pony","status":"publish","type":"page","link":"https:\/\/cdscweb.fr\/poneys-blackstone\/etalons\/les-autres-etalons-utilises\/le-look-tilia-welsh-pony\/","title":{"rendered":"Le Look Tilia (Welsh Pony)"},"content":{"rendered":"\n<p class=\"has-text-align-center\"><strong>Welsh Pony , 1999<\/strong><br><strong>Bai, 1 m 36\u00a0<\/strong><br><strong>par ELVEY JARNAC et NOUHKA DE GABRIAC<br><a href=\"https:\/\/cdscweb.fr\/poneys-blackstone\/les-indices\/\" target=\"_blank\" rel=\"noopener noreferrer\">IPO = 110<\/a><br><em><a href=\"https:\/\/infochevaux.ifce.fr\/fr\/le-look-tilia-pLX97Ah3Rn2wgKNQiK_REA\/pedigree-et-chevaux-associes\/pedigree-3-generations\" data-type=\"link\" data-id=\"https:\/\/infochevaux.ifce.fr\/fr\/le-look-tilia-pLX97Ah3Rn2wgKNQiK_REA\/pedigree-et-chevaux-associes\/pedigree-3-generations\" target=\"_blank\" rel=\"noreferrer noopener\">Voir son pedigree (3 g\u00e9n\u00e9rations)<\/a><\/em><\/strong><\/p>\n\n\n\n<div class=\"wp-block-columns is-layout-flex wp-container-core-columns-is-layout-9d6595d7 wp-block-columns-is-layout-flex\">\n<div class=\"wp-block-column is-layout-flow wp-block-column-is-layout-flow\" style=\"flex-basis:50%\"><div class=\"wp-block-image is-style-rounded\">\n<figure class=\"aligncenter size-full is-resized\"><a href=\"https:\/\/cdscweb.fr\/poneys-blackstone\/wp-content\/uploads\/le-look-tilia_03.jpg\" target=\"_blank\" rel=\"noreferrer noopener\"><img loading=\"lazy\" decoding=\"async\" width=\"903\" height=\"903\" src=\"https:\/\/cdscweb.fr\/poneys-blackstone\/wp-content\/uploads\/le-look-tilia_03.jpg\" alt=\"\" class=\"wp-image-3185\" style=\"width:300px\" srcset=\"https:\/\/cdscweb.fr\/poneys-blackstone\/wp-content\/uploads\/le-look-tilia_03.jpg 903w, https:\/\/cdscweb.fr\/poneys-blackstone\/wp-content\/uploads\/le-look-tilia_03-300x300.jpg 300w, https:\/\/cdscweb.fr\/poneys-blackstone\/wp-content\/uploads\/le-look-tilia_03-150x150.jpg 150w, https:\/\/cdscweb.fr\/poneys-blackstone\/wp-content\/uploads\/le-look-tilia_03-768x768.jpg 768w\" sizes=\"auto, (max-width: 903px) 100vw, 903px\" \/><\/a><\/figure>\n<\/div><\/div>\n\n\n\n<div class=\"wp-block-column is-layout-flow wp-block-column-is-layout-flow\" style=\"flex-basis:50%\"><div class=\"wp-block-image is-style-rounded\">\n<figure class=\"aligncenter size-full\"><img loading=\"lazy\" decoding=\"async\" width=\"280\" height=\"280\" src=\"https:\/\/cdscweb.fr\/poneys-blackstone\/wp-content\/uploads\/le-look-tilia_04.jpg\" alt=\"\" class=\"wp-image-3188\" srcset=\"https:\/\/cdscweb.fr\/poneys-blackstone\/wp-content\/uploads\/le-look-tilia_04.jpg 280w, https:\/\/cdscweb.fr\/poneys-blackstone\/wp-content\/uploads\/le-look-tilia_04-150x150.jpg 150w\" sizes=\"auto, (max-width: 280px) 100vw, 280px\" \/><\/figure>\n<\/div><\/div>\n<\/div>\n\n\n\n<p class=\"has-text-align-center\">Champion S\u00e9nior B au r\u00e9gional Welsh du Haras du Pin (50) en 2008<\/p>\n\n\n\n<p class=\"has-text-align-center\">Qualifi\u00e9 pour la finale du CCJP CSO 5 ans C en 2004<\/p>\n\n\n\n<p class=\"has-text-align-center\">Gagnant en CSO : C \u00e9lite et D2 Ponam, Poney 1C et 1D<br>Class\u00e9 en Poney 1 CCE et en Poney \u00c9lite CSO. <\/p>\n\n\n\n<p class=\"has-text-align-center\">Agr\u00e9\u00e9 pour produire en  PFS.<\/p>\n\n\n\n<blockquote class=\"wp-block-quote is-layout-flow wp-block-quote-is-layout-flow\">\n<p>Issu du croisement de deux champions de France de CSO, Le Look Tilia dispose d&rsquo;une g\u00e9n\u00e9tique welsh de premier ordre. <br>Dot\u00e9 d&rsquo;un mod\u00e8le \u00e9tendu, bien orient\u00e9 avec du garrot, de l&rsquo;os, un dos et des jarrets puissants, il se d\u00e9place avec amplitude et poss\u00e8de 3 excellentes allures. <br>Son caract\u00e8re est irr\u00e9prochable, il a du sang mais il n&rsquo;est pas sur l&rsquo;\u0153il, c&rsquo;est un v\u00e9ritable ma\u00eetre d&rsquo;\u00e9cole au style et au sens de la barre parfaits. <br>Ses premi\u00e8res g\u00e9n\u00e9rations de produits montrent qu&rsquo;il transmet ses qualit\u00e9s. <br>Ce sont de vrais poneys de comp\u00e9tition pour les enfants ! <\/p>\n<cite>Salom\u00e9 Schmitt, propri\u00e9taire<\/cite><\/blockquote>\n\n\n\n<p class=\"has-text-align-left\">Propre fr\u00e8re de <\/p>\n\n\n\n<ul class=\"wp-block-list\">\n<li>KADOR DU TILIA IPO 147 \u00e9talon<\/li>\n\n\n\n<li>HOURLOUPE DU TILIA m\u00e8re de \n<ul class=\"wp-block-list\">\n<li>GREATSTAR EMBET TILIA IPO 138 \u00e9talon<\/li>\n\n\n\n<li>TOP SECRET TILIA IPO 135 &#8211; IPD 121<\/li>\n\n\n\n<li>SIR RASPOETIN TILIA IPD 125 \u00e9talon<\/li>\n\n\n\n<li>MOON KNIGHT TILIA IPC 131 &#8211; IPD 126 <\/li>\n<\/ul>\n<\/li>\n<\/ul>\n","protected":false},"excerpt":{"rendered":"<p class=\"continue-reading-button\"> <a class=\"continue-reading-link\" href=\"https:\/\/cdscweb.fr\/poneys-blackstone\/etalons\/les-autres-etalons-utilises\/le-look-tilia-welsh-pony\/\">Lire<i class=\"crycon-right-dir\"><\/i><\/a><\/p>\n<div class='heateorSssClear'><\/div><div  class='heateor_sss_sharing_container heateor_sss_horizontal_sharing' data-heateor-sss-href='https:\/\/cdscweb.fr\/poneys-blackstone\/etalons\/les-autres-etalons-utilises\/le-look-tilia-welsh-pony\/'><div class='heateor_sss_sharing_title' style=\"font-weight:bold\" >Partagez !<\/div><div class=\"heateor_sss_sharing_ul\"><a aria-label=\"Facebook\" class=\"heateor_sss_facebook\" href=\"https:\/\/www.facebook.com\/sharer\/sharer.php?u=https%3A%2F%2Fcdscweb.fr%2Fponeys-blackstone%2Fetalons%2Fles-autres-etalons-utilises%2Fle-look-tilia-welsh-pony%2F\" title=\"Facebook\" rel=\"nofollow noopener\" target=\"_blank\" style=\"font-size:32px!important;box-shadow:none;display:inline-block;vertical-align:middle\"><span class=\"heateor_sss_svg\" style=\"background-color:#0765FE;width:35px;height:35px;border-radius:999px;display:inline-block;opacity:1;float:left;font-size:32px;box-shadow:none;display:inline-block;font-size:16px;padding:0 4px;vertical-align:middle;background-repeat:repeat;overflow:hidden;padding:0;cursor:pointer;box-sizing:content-box\"><svg style=\"display:block;border-radius:999px;\" focusable=\"false\" aria-hidden=\"true\" xmlns=\"http:\/\/www.w3.org\/2000\/svg\" width=\"100%\" height=\"100%\" viewBox=\"0 0 32 32\"><path fill=\"#fff\" d=\"M28 16c0-6.627-5.373-12-12-12S4 9.373 4 16c0 5.628 3.875 10.35 9.101 11.647v-7.98h-2.474V16H13.1v-1.58c0-4.085 1.849-5.978 5.859-5.978.76 0 2.072.15 2.608.298v3.325c-.283-.03-.775-.045-1.386-.045-1.967 0-2.728.745-2.728 2.683V16h3.92l-.673 3.667h-3.247v8.245C23.395 27.195 28 22.135 28 16Z\"><\/path><\/svg><\/span><\/a><a aria-label=\"Instagram\" class=\"heateor_sss_button_instagram\" href=\"https:\/\/www.instagram.com\/\" title=\"Instagram\" rel=\"nofollow noopener\" target=\"_blank\" style=\"font-size:32px!important;box-shadow:none;display:inline-block;vertical-align:middle\"><span class=\"heateor_sss_svg\" style=\"background-color:#53beee;width:35px;height:35px;border-radius:999px;display:inline-block;opacity:1;float:left;font-size:32px;box-shadow:none;display:inline-block;font-size:16px;padding:0 4px;vertical-align:middle;background-repeat:repeat;overflow:hidden;padding:0;cursor:pointer;box-sizing:content-box\"><svg style=\"display:block;border-radius:999px;\" version=\"1.1\" viewBox=\"-10 -10 148 148\" width=\"100%\" height=\"100%\" xml:space=\"preserve\" xmlns=\"http:\/\/www.w3.org\/2000\/svg\" xmlns:xlink=\"http:\/\/www.w3.org\/1999\/xlink\"><g><g><path d=\"M86,112H42c-14.336,0-26-11.663-26-26V42c0-14.337,11.664-26,26-26h44c14.337,0,26,11.663,26,26v44 C112,100.337,100.337,112,86,112z M42,24c-9.925,0-18,8.074-18,18v44c0,9.925,8.075,18,18,18h44c9.926,0,18-8.075,18-18V42 c0-9.926-8.074-18-18-18H42z\" fill=\"#fff\"><\/path><\/g><g><path d=\"M64,88c-13.234,0-24-10.767-24-24c0-13.234,10.766-24,24-24s24,10.766,24,24C88,77.233,77.234,88,64,88z M64,48c-8.822,0-16,7.178-16,16s7.178,16,16,16c8.822,0,16-7.178,16-16S72.822,48,64,48z\" fill=\"#fff\"><\/path><\/g><g><circle cx=\"89.5\" cy=\"38.5\" fill=\"#fff\" r=\"5.5\"><\/circle><\/g><\/g><\/svg><\/span><\/a><a aria-label=\"Whatsapp\" class=\"heateor_sss_whatsapp\" href=\"https:\/\/api.whatsapp.com\/send?text=Le%20Look%20Tilia%20%28Welsh%20Pony%29%20https%3A%2F%2Fcdscweb.fr%2Fponeys-blackstone%2Fetalons%2Fles-autres-etalons-utilises%2Fle-look-tilia-welsh-pony%2F\" title=\"Whatsapp\" rel=\"nofollow noopener\" target=\"_blank\" style=\"font-size:32px!important;box-shadow:none;display:inline-block;vertical-align:middle\"><span class=\"heateor_sss_svg\" style=\"background-color:#55eb4c;width:35px;height:35px;border-radius:999px;display:inline-block;opacity:1;float:left;font-size:32px;box-shadow:none;display:inline-block;font-size:16px;padding:0 4px;vertical-align:middle;background-repeat:repeat;overflow:hidden;padding:0;cursor:pointer;box-sizing:content-box\"><svg style=\"display:block;border-radius:999px;\" focusable=\"false\" aria-hidden=\"true\" xmlns=\"http:\/\/www.w3.org\/2000\/svg\" width=\"100%\" height=\"100%\" viewBox=\"-6 -5 40 40\"><path class=\"heateor_sss_svg_stroke heateor_sss_no_fill\" stroke=\"#fff\" stroke-width=\"2\" fill=\"none\" d=\"M 11.579798566743314 24.396926207859085 A 10 10 0 1 0 6.808479557110079 20.73576436351046\"><\/path><path d=\"M 7 19 l -1 6 l 6 -1\" class=\"heateor_sss_no_fill heateor_sss_svg_stroke\" stroke=\"#fff\" stroke-width=\"2\" fill=\"none\"><\/path><path d=\"M 10 10 q -1 8 8 11 c 5 -1 0 -6 -1 -3 q -4 -3 -5 -5 c 4 -2 -1 -5 -1 -4\" fill=\"#fff\"><\/path><\/svg><\/span><\/a><a class=\"heateor_sss_more\" aria-label=\"More\" title=\"More\" rel=\"nofollow noopener\" style=\"font-size: 32px!important;border:0;box-shadow:none;display:inline-block!important;font-size:16px;padding:0 4px;vertical-align: middle;display:inline;\" href=\"https:\/\/cdscweb.fr\/poneys-blackstone\/etalons\/les-autres-etalons-utilises\/le-look-tilia-welsh-pony\/\" onclick=\"event.preventDefault()\"><span class=\"heateor_sss_svg\" style=\"background-color:#ee8e2d;width:35px;height:35px;border-radius:999px;display:inline-block!important;opacity:1;float:left;font-size:32px!important;box-shadow:none;display:inline-block;font-size:16px;padding:0 4px;vertical-align:middle;display:inline;background-repeat:repeat;overflow:hidden;padding:0;cursor:pointer;box-sizing:content-box;\" onclick=\"heateorSssMoreSharingPopup(this, 'https:\/\/cdscweb.fr\/poneys-blackstone\/etalons\/les-autres-etalons-utilises\/le-look-tilia-welsh-pony\/', 'Le%20Look%20Tilia%20%28Welsh%20Pony%29', '' )\"><svg xmlns=\"http:\/\/www.w3.org\/2000\/svg\" xmlns:xlink=\"http:\/\/www.w3.org\/1999\/xlink\" viewBox=\"-.3 0 32 32\" version=\"1.1\" width=\"100%\" height=\"100%\" style=\"display:block;border-radius:999px;\" xml:space=\"preserve\"><g><path fill=\"#fff\" d=\"M18 14V8h-4v6H8v4h6v6h4v-6h6v-4h-6z\" fill-rule=\"evenodd\"><\/path><\/g><\/svg><\/span><\/a><\/div><div class=\"heateorSssClear\"><\/div><\/div><div class='heateorSssClear'><\/div>","protected":false},"author":1,"featured_media":1615,"parent":83,"menu_order":0,"comment_status":"closed","ping_status":"closed","template":"","meta":{"footnotes":""},"class_list":["post-3199","page","type-page","status-publish","has-post-thumbnail","hentry"],"_links":{"self":[{"href":"https:\/\/cdscweb.fr\/poneys-blackstone\/wp-json\/wp\/v2\/pages\/3199","targetHints":{"allow":["GET"]}}],"collection":[{"href":"https:\/\/cdscweb.fr\/poneys-blackstone\/wp-json\/wp\/v2\/pages"}],"about":[{"href":"https:\/\/cdscweb.fr\/poneys-blackstone\/wp-json\/wp\/v2\/types\/page"}],"author":[{"embeddable":true,"href":"https:\/\/cdscweb.fr\/poneys-blackstone\/wp-json\/wp\/v2\/users\/1"}],"replies":[{"embeddable":true,"href":"https:\/\/cdscweb.fr\/poneys-blackstone\/wp-json\/wp\/v2\/comments?post=3199"}],"version-history":[{"count":6,"href":"https:\/\/cdscweb.fr\/poneys-blackstone\/wp-json\/wp\/v2\/pages\/3199\/revisions"}],"predecessor-version":[{"id":3371,"href":"https:\/\/cdscweb.fr\/poneys-blackstone\/wp-json\/wp\/v2\/pages\/3199\/revisions\/3371"}],"up":[{"embeddable":true,"href":"https:\/\/cdscweb.fr\/poneys-blackstone\/wp-json\/wp\/v2\/pages\/83"}],"wp:featuredmedia":[{"embeddable":true,"href":"https:\/\/cdscweb.fr\/poneys-blackstone\/wp-json\/wp\/v2\/media\/1615"}],"wp:attachment":[{"href":"https:\/\/cdscweb.fr\/poneys-blackstone\/wp-json\/wp\/v2\/media?parent=3199"}],"curies":[{"name":"wp","href":"https:\/\/api.w.org\/{rel}","templated":true}]}}