{"id":27,"date":"2018-05-30T15:22:51","date_gmt":"2018-05-30T13:22:51","guid":{"rendered":"http:\/\/cdscweb.fr\/poneys-blackstone\/?page_id=27"},"modified":"2025-02-24T16:42:47","modified_gmt":"2025-02-24T15:42:47","slug":"image-doscar","status":"publish","type":"page","link":"https:\/\/cdscweb.fr\/poneys-blackstone\/krater-elvey\/image-doscar\/","title":{"rendered":"Image d&rsquo;Oscar"},"content":{"rendered":"\n<div class=\"wp-block-columns is-layout-flex wp-container-core-columns-is-layout-9d6595d7 wp-block-columns-is-layout-flex\">\n<div class=\"wp-block-column is-layout-flow wp-block-column-is-layout-flow\">\n<figure class=\"wp-block-image size-full is-style-rounded\"><img loading=\"lazy\" decoding=\"async\" width=\"800\" height=\"527\" src=\"https:\/\/cdscweb.fr\/poneys-blackstone\/wp-content\/uploads\/1996_image.jpg\" alt=\"\" class=\"wp-image-1578\" srcset=\"https:\/\/cdscweb.fr\/poneys-blackstone\/wp-content\/uploads\/1996_image.jpg 800w, https:\/\/cdscweb.fr\/poneys-blackstone\/wp-content\/uploads\/1996_image-300x198.jpg 300w, https:\/\/cdscweb.fr\/poneys-blackstone\/wp-content\/uploads\/1996_image-768x506.jpg 768w, https:\/\/cdscweb.fr\/poneys-blackstone\/wp-content\/uploads\/1996_image-228x150.jpg 228w\" sizes=\"auto, (max-width: 800px) 100vw, 800px\" \/><figcaption class=\"wp-element-caption\">20 JOURS<\/figcaption><\/figure>\n<\/div>\n\n\n\n<div class=\"wp-block-column is-layout-flow wp-block-column-is-layout-flow\">\n<p class=\"has-text-align-center\"><strong><strong>Welsh <strong>Pony <\/strong><\/strong><\/strong><\/p>\n\n\n\n<p class=\"has-text-align-center\"><strong>1996&nbsp;<\/strong><\/p>\n\n\n\n<p class=\"has-text-align-center\"><strong>Noire <\/strong><\/p>\n\n\n\n<p class=\"has-text-align-center\"><strong>1 m 25<\/strong><\/p>\n\n\n\n<p class=\"has-text-align-center\"><strong>par <em><a rel=\"noreferrer noopener\" href=\"https:\/\/cdscweb.fr\/poneys-blackstone\/oscar-v\/\" data-type=\"page\" data-id=\"11\" target=\"_blank\">OSCAR V<\/a><\/em> <\/strong><\/p>\n\n\n\n<p class=\"has-text-align-center\"><strong>et <em><a rel=\"noreferrer noopener\" href=\"https:\/\/cdscweb.fr\/poneys-blackstone\/krater-elvey\/\" data-type=\"page\" data-id=\"69\" target=\"_blank\">KRATER ELVEY<\/a><\/em><\/strong><\/p>\n<\/div>\n\n\n\n<div class=\"wp-block-column is-layout-flow wp-block-column-is-layout-flow\">\n<figure class=\"wp-block-image size-full is-style-rounded\"><img loading=\"lazy\" decoding=\"async\" width=\"800\" height=\"600\" src=\"https:\/\/cdscweb.fr\/poneys-blackstone\/wp-content\/uploads\/2016-05-10_image.jpg\" alt=\"\" class=\"wp-image-1579\" srcset=\"https:\/\/cdscweb.fr\/poneys-blackstone\/wp-content\/uploads\/2016-05-10_image.jpg 800w, https:\/\/cdscweb.fr\/poneys-blackstone\/wp-content\/uploads\/2016-05-10_image-300x225.jpg 300w, https:\/\/cdscweb.fr\/poneys-blackstone\/wp-content\/uploads\/2016-05-10_image-768x576.jpg 768w, https:\/\/cdscweb.fr\/poneys-blackstone\/wp-content\/uploads\/2016-05-10_image-200x150.jpg 200w\" sizes=\"auto, (max-width: 800px) 100vw, 800px\" \/><figcaption class=\"wp-element-caption\">20 ANS<\/figcaption><\/figure>\n<\/div>\n<\/div>\n\n\n<div class=\"wp-block-image\">\n<figure class=\"aligncenter size-full\"><a href=\"https:\/\/infochevaux.ifce.fr\/fr\/image-d-oscar-IjZlhtnnSWug0zbBmh93_w\/infos-generales\" target=\"_blank\" rel=\"noreferrer noopener\"><img loading=\"lazy\" decoding=\"async\" width=\"1527\" height=\"258\" src=\"https:\/\/cdscweb.fr\/poneys-blackstone\/wp-content\/uploads\/image-d-oscar_pedigree.jpg\" alt=\"\" class=\"wp-image-2674\" title=\"Voir sa page IFCE\" srcset=\"https:\/\/cdscweb.fr\/poneys-blackstone\/wp-content\/uploads\/image-d-oscar_pedigree.jpg 1527w, https:\/\/cdscweb.fr\/poneys-blackstone\/wp-content\/uploads\/image-d-oscar_pedigree-300x51.jpg 300w, https:\/\/cdscweb.fr\/poneys-blackstone\/wp-content\/uploads\/image-d-oscar_pedigree-1024x173.jpg 1024w, https:\/\/cdscweb.fr\/poneys-blackstone\/wp-content\/uploads\/image-d-oscar_pedigree-768x130.jpg 768w, https:\/\/cdscweb.fr\/poneys-blackstone\/wp-content\/uploads\/image-d-oscar_pedigree-150x25.jpg 150w, https:\/\/cdscweb.fr\/poneys-blackstone\/wp-content\/uploads\/image-d-oscar_pedigree-1320x223.jpg 1320w\" sizes=\"auto, (max-width: 1527px) 100vw, 1527px\" \/><\/a><\/figure>\n<\/div>\n\n\n<div style=\"height:30px\" aria-hidden=\"true\" class=\"wp-block-spacer\"><\/div>\n\n\n\n<p class=\"has-text-align-center\">Elle ne porte pas l&rsquo;affixe <strong>Blackstone<\/strong>,&nbsp;en hommage \u00e0 son p\u00e8re <a rel=\"noopener noreferrer\" href=\"https:\/\/cdscweb.fr\/poneys-blackstone\/oscar-v\/\" target=\"_blank\"><strong><em>OSCAR V<\/em><\/strong><\/a>,&nbsp;disparu quelques semaines avant sa naissance&#8230; <br>Elle est plac\u00e9e en compagnie de sa m\u00e8re lors de l&rsquo;arr\u00eat de l&rsquo;\u00e9levage en 1996. <br>Elle a eu plusieurs produits malheureusement tous d&rsquo;Origine Non Constat\u00e9e.<\/p>\n\n\n\n<h5 class=\"wp-block-heading\"><strong>Production<\/strong><\/h5>\n\n\n\n<p>2014 :&nbsp;<strong><em><a rel=\"noreferrer noopener\" href=\"https:\/\/cdscweb.fr\/poneys-blackstone\/krater-elvey\/image-doscar\/emage-blackstone\/\" data-type=\"page\" data-id=\"29\" target=\"_blank\">EMAGE BLACKSTONE<\/a><\/em><\/strong>, femelle Origine Non Constat\u00e9e \u2013 Dressage, CCE, CSO, Hunter &#8211; Poulini\u00e8re<\/p>\n\n\n\n<p class=\"has-text-align-right\"><em><em>Sur ordinateur : survolez le diaporama pour le mettre en pause,<br>cliquez sur une image pour l\u2019ouvrir dans un nouvel onglet<\/em><br><em>et n&rsquo;h\u00e9sitez pas \u00e0 passer en plein \u00e9cran.<\/em><\/em><\/p>\n\n\n\n<div class=\"alignnormal\"><div id=\"metaslider-id-2676\" style=\"width: 100%;\" class=\"ml-slider-3-108-0 metaslider metaslider-flex metaslider-2676 ml-slider has-dots-nav ms-theme-default\" role=\"region\" aria-label=\"Image d&#039;Oscar\" data-height=\"600\" data-width=\"900\">\n    <div id=\"metaslider_container_2676\">\n        <div id=\"metaslider_2676\">\n            <ul class='slides'>\n                <li style=\"display: block; width: 100%;\" class=\"slide-2691 ms-image \" aria-roledescription=\"slide\" data-date=\"2023-08-09 19:18:00\" data-filename=\"1986_krater-oscar-775x517.jpg\" data-slide-type=\"image\"><a href=\"https:\/\/cdscweb.fr\/poneys-blackstone\/wp-content\/uploads\/1986_krater-oscar.jpg\" target=\"_blank\" aria-label=\"Voir les d\u00e9tails de la diapositive\" class=\"metaslider_image_link\"><img loading=\"lazy\" decoding=\"async\" src=\"https:\/\/cdscweb.fr\/poneys-blackstone\/wp-content\/uploads\/1986_krater-oscar-775x517.jpg\" height=\"600\" width=\"900\" alt=\"\" class=\"slider-2676 slide-2691 msDefaultImage\" title=\"1986_krater-oscar\" \/><\/a><div class=\"caption-wrap\"><div class=\"caption\">KRATER ELVEY &amp; OSCAR V, parents de APPLE et FLIPPER BLACKSTONE, IMAGE d'OSCAR<\/div><\/div><\/li>\n                <li style=\"display: none; width: 100%;\" class=\"slide-2692 ms-image \" aria-roledescription=\"slide\" data-date=\"2023-08-09 19:18:00\" data-filename=\"allures-800x533.jpg\" data-slide-type=\"image\"><a href=\"https:\/\/cdscweb.fr\/poneys-blackstone\/wp-content\/uploads\/allures.jpg\" target=\"_blank\" aria-label=\"Voir les d\u00e9tails de la diapositive\" class=\"metaslider_image_link\"><img loading=\"lazy\" decoding=\"async\" src=\"https:\/\/cdscweb.fr\/poneys-blackstone\/wp-content\/uploads\/allures-800x533.jpg\" height=\"600\" width=\"900\" alt=\"\" class=\"slider-2676 slide-2692 msDefaultImage\" title=\"OSCAR entra\u00eenement\" \/><\/a><div class=\"caption-wrap\"><div class=\"caption\">OSCAR V p\u00e8re de APPLE et FLIPPER BLACKSTONE, IMAGE d\u2018OSCAR<\/div><\/div><\/li>\n                <li style=\"display: none; width: 100%;\" class=\"slide-2693 ms-image \" aria-roledescription=\"slide\" data-date=\"2023-08-09 19:18:00\" data-filename=\"modele-800x533.jpg\" data-slide-type=\"image\"><a href=\"https:\/\/cdscweb.fr\/poneys-blackstone\/wp-content\/uploads\/modele.jpg\" target=\"_blank\" aria-label=\"Voir les d\u00e9tails de la diapositive\" class=\"metaslider_image_link\"><img loading=\"lazy\" decoding=\"async\" src=\"https:\/\/cdscweb.fr\/poneys-blackstone\/wp-content\/uploads\/modele-800x533.jpg\" height=\"600\" width=\"900\" alt=\"\" class=\"slider-2676 slide-2693 msDefaultImage\" title=\"Mod\u00e8le\" \/><\/a><div class=\"caption-wrap\"><div class=\"caption\">KRATER ELVEY m\u00e8re de TEDDY, APPLE et FLIPPER BLACKSTONE, IMAGE d\u2018OSCAR<\/div><\/div><\/li>\n                <li style=\"display: none; width: 100%;\" class=\"slide-2702 ms-image \" aria-roledescription=\"slide\" data-date=\"2023-08-09 19:18:00\" data-filename=\"2016-10-26_emage-514x342.jpg\" data-slide-type=\"image\"><a href=\"https:\/\/cdscweb.fr\/poneys-blackstone\/wp-content\/uploads\/2016-10-26_emage.jpg\" target=\"_blank\" aria-label=\"Voir les d\u00e9tails de la diapositive\" class=\"metaslider_image_link\"><img loading=\"lazy\" decoding=\"async\" src=\"https:\/\/cdscweb.fr\/poneys-blackstone\/wp-content\/uploads\/2016-10-26_emage-514x342.jpg\" height=\"600\" width=\"900\" alt=\"\" class=\"slider-2676 slide-2702 msDefaultImage\" title=\"2016-10-26_emage\" \/><\/a><div class=\"caption-wrap\"><div class=\"caption\">EMAGE BLACKSTONE 2 ANS<\/div><\/div><\/li>\n                <li style=\"display: none; width: 100%;\" class=\"slide-2703 ms-image \" aria-roledescription=\"slide\" data-date=\"2023-08-09 19:18:00\" data-filename=\"2017-03-18_longe-saut-756x504.jpg\" data-slide-type=\"image\"><a href=\"https:\/\/cdscweb.fr\/poneys-blackstone\/wp-content\/uploads\/2017-03-18_longe-saut.jpg\" target=\"_blank\" aria-label=\"Voir les d\u00e9tails de la diapositive\" class=\"metaslider_image_link\"><img loading=\"lazy\" decoding=\"async\" src=\"https:\/\/cdscweb.fr\/poneys-blackstone\/wp-content\/uploads\/2017-03-18_longe-saut-756x504.jpg\" height=\"600\" width=\"900\" alt=\"\" class=\"slider-2676 slide-2703 msDefaultImage\" title=\"2017-03-18_longe-saut\" \/><\/a><div class=\"caption-wrap\"><div class=\"caption\">EMAGE BLACKSTONE 3 ANS<\/div><\/div><\/li>\n                <li style=\"display: none; width: 100%;\" class=\"slide-2704 ms-image \" aria-roledescription=\"slide\" data-date=\"2023-08-09 19:22:35\" data-filename=\"2018-04-04_integraal4-799x533.jpg\" data-slide-type=\"image\"><a href=\"https:\/\/cdscweb.fr\/poneys-blackstone\/wp-content\/uploads\/2018-04-04_integraal4.jpg\" target=\"_blank\" aria-label=\"Voir les d\u00e9tails de la diapositive\" class=\"metaslider_image_link\"><img loading=\"lazy\" decoding=\"async\" src=\"https:\/\/cdscweb.fr\/poneys-blackstone\/wp-content\/uploads\/2018-04-04_integraal4-799x533.jpg\" height=\"600\" width=\"900\" alt=\"\" class=\"slider-2676 slide-2704 msDefaultImage\" title=\"2018-04-04_integraal4\" \/><\/a><div class=\"caption-wrap\"><div class=\"caption\">EMAGE BLACKSTONE et son fils INT\u00c9GRAAL BLACKSTONE - 2018<\/div><\/div><\/li>\n                <li style=\"display: none; width: 100%;\" class=\"slide-2705 ms-image \" aria-roledescription=\"slide\" data-date=\"2023-08-09 19:23:42\" data-filename=\"2018-10-13_emage-saut-800x533.jpg\" data-slide-type=\"image\"><a href=\"https:\/\/cdscweb.fr\/poneys-blackstone\/wp-content\/uploads\/2018-10-13_emage-saut.jpg\" target=\"_blank\" aria-label=\"Voir les d\u00e9tails de la diapositive\" class=\"metaslider_image_link\"><img loading=\"lazy\" decoding=\"async\" src=\"https:\/\/cdscweb.fr\/poneys-blackstone\/wp-content\/uploads\/2018-10-13_emage-saut-800x533.jpg\" height=\"600\" width=\"900\" alt=\"\" class=\"slider-2676 slide-2705 msDefaultImage\" title=\"2018-10-13_emage-saut\" \/><\/a><div class=\"caption-wrap\"><div class=\"caption\">EMAGE BLACKSTONE 4 ANS<\/div><\/div><\/li>\n                <li style=\"display: none; width: 100%;\" class=\"slide-2706 ms-image \" aria-roledescription=\"slide\" data-date=\"2023-08-09 19:24:34\" data-filename=\"emage-sport_slide-0003-590x393.jpg\" data-slide-type=\"image\"><a href=\"https:\/\/cdscweb.fr\/poneys-blackstone\/wp-content\/uploads\/emage-sport_slide-0003.jpg\" target=\"_blank\" aria-label=\"Voir les d\u00e9tails de la diapositive\" class=\"metaslider_image_link\"><img loading=\"lazy\" decoding=\"async\" src=\"https:\/\/cdscweb.fr\/poneys-blackstone\/wp-content\/uploads\/emage-sport_slide-0003-590x393.jpg\" height=\"600\" width=\"900\" alt=\"\" class=\"slider-2676 slide-2706 msDefaultImage\" title=\"CSO d\u00e9cembre 2019\" \/><\/a><div class=\"caption-wrap\"><div class=\"caption\">EMAGE BLACKSTONE 5 ANS<\/div><\/div><\/li>\n                <li style=\"display: none; width: 100%;\" class=\"slide-2707 ms-image \" aria-roledescription=\"slide\" data-date=\"2023-08-09 19:25:48\" data-filename=\"emage-sport_slide-0008-588x392.jpg\" data-slide-type=\"image\"><a href=\"https:\/\/cdscweb.fr\/poneys-blackstone\/wp-content\/uploads\/emage-sport_slide-0008.jpg\" target=\"_blank\" aria-label=\"Voir les d\u00e9tails de la diapositive\" class=\"metaslider_image_link\"><img loading=\"lazy\" decoding=\"async\" src=\"https:\/\/cdscweb.fr\/poneys-blackstone\/wp-content\/uploads\/emage-sport_slide-0008-588x392.jpg\" height=\"600\" width=\"900\" alt=\"\" class=\"slider-2676 slide-2707 msDefaultImage\" title=\"Derby Cross juillet 2020\" \/><\/a><div class=\"caption-wrap\"><div class=\"caption\">EMAGE BLACKSTONE 6 ANS<\/div><\/div><\/li>\n                <li style=\"display: none; width: 100%;\" class=\"slide-2708 ms-image \" aria-roledescription=\"slide\" data-date=\"2023-08-09 19:26:41\" data-filename=\"fils-mere-549x366.jpg\" data-slide-type=\"image\"><a href=\"https:\/\/cdscweb.fr\/poneys-blackstone\/wp-content\/uploads\/fils-mere.jpg\" target=\"_blank\" aria-label=\"Voir les d\u00e9tails de la diapositive\" class=\"metaslider_image_link\"><img loading=\"lazy\" decoding=\"async\" src=\"https:\/\/cdscweb.fr\/poneys-blackstone\/wp-content\/uploads\/fils-mere-549x366.jpg\" height=\"600\" width=\"900\" alt=\"\" class=\"slider-2676 slide-2708 msDefaultImage\" title=\"2021 03 13 Int\u00e9graal Emage\" \/><\/a><div class=\"caption-wrap\"><div class=\"caption\">EMAGE BLACKSTONE et son fils INT\u00c9GRAAL BLACKSTONE - 2021<\/div><\/div><\/li>\n                <li style=\"display: none; width: 100%;\" class=\"slide-2709 ms-image \" aria-roledescription=\"slide\" data-date=\"2023-08-09 19:27:39\" data-filename=\"2022-05-08_ste-anne_recad-2-900x600.jpg\" data-slide-type=\"image\"><a href=\"https:\/\/cdscweb.fr\/poneys-blackstone\/wp-content\/uploads\/2022-05-08_ste-anne_recad-2.jpg\" target=\"_blank\" aria-label=\"Voir les d\u00e9tails de la diapositive\" class=\"metaslider_image_link\"><img loading=\"lazy\" decoding=\"async\" src=\"https:\/\/cdscweb.fr\/poneys-blackstone\/wp-content\/uploads\/2022-05-08_ste-anne_recad-2-900x600.jpg\" height=\"600\" width=\"900\" alt=\"\" class=\"slider-2676 slide-2709 msDefaultImage\" title=\"2022-05-08_ste-anne_recad-2\" \/><\/a><div class=\"caption-wrap\"><div class=\"caption\">EMAGE BLACKSTONE 8 ANS<\/div><\/div><\/li>\n                <li style=\"display: none; width: 100%;\" class=\"slide-2711 ms-image \" aria-roledescription=\"slide\" data-date=\"2023-08-09 19:29:40\" data-filename=\"2023-05-30_cross-pibrac4-900x600.jpg\" data-slide-type=\"image\"><a href=\"https:\/\/cdscweb.fr\/poneys-blackstone\/wp-content\/uploads\/2023-05-30_cross-pibrac4.jpg\" target=\"_blank\" aria-label=\"Voir les d\u00e9tails de la diapositive\" class=\"metaslider_image_link\"><img loading=\"lazy\" decoding=\"async\" src=\"https:\/\/cdscweb.fr\/poneys-blackstone\/wp-content\/uploads\/2023-05-30_cross-pibrac4-900x600.jpg\" height=\"600\" width=\"900\" alt=\"\" class=\"slider-2676 slide-2711 msDefaultImage\" title=\"2023-05-30_cross-pibrac4\" \/><\/a><div class=\"caption-wrap\"><div class=\"caption\">EMAGE BLACKSTONE 9 ANS<\/div><\/div><\/li>\n            <\/ul>\n        <\/div>\n        \n    <\/div>\n<\/div><\/div>\n","protected":false},"excerpt":{"rendered":"<p class=\"continue-reading-button\"> <a class=\"continue-reading-link\" href=\"https:\/\/cdscweb.fr\/poneys-blackstone\/krater-elvey\/image-doscar\/\">Lire<i class=\"crycon-right-dir\"><\/i><\/a><\/p>\n<div class='heateorSssClear'><\/div><div  class='heateor_sss_sharing_container heateor_sss_horizontal_sharing' data-heateor-sss-href='https:\/\/cdscweb.fr\/poneys-blackstone\/krater-elvey\/image-doscar\/'><div class='heateor_sss_sharing_title' style=\"font-weight:bold\" >Partagez !<\/div><div class=\"heateor_sss_sharing_ul\"><a aria-label=\"Facebook\" class=\"heateor_sss_facebook\" href=\"https:\/\/www.facebook.com\/sharer\/sharer.php?u=https%3A%2F%2Fcdscweb.fr%2Fponeys-blackstone%2Fkrater-elvey%2Fimage-doscar%2F\" title=\"Facebook\" rel=\"nofollow noopener\" target=\"_blank\" style=\"font-size:32px!important;box-shadow:none;display:inline-block;vertical-align:middle\"><span class=\"heateor_sss_svg\" style=\"background-color:#0765FE;width:35px;height:35px;border-radius:999px;display:inline-block;opacity:1;float:left;font-size:32px;box-shadow:none;display:inline-block;font-size:16px;padding:0 4px;vertical-align:middle;background-repeat:repeat;overflow:hidden;padding:0;cursor:pointer;box-sizing:content-box\"><svg style=\"display:block;border-radius:999px;\" focusable=\"false\" aria-hidden=\"true\" xmlns=\"http:\/\/www.w3.org\/2000\/svg\" width=\"100%\" height=\"100%\" viewBox=\"0 0 32 32\"><path fill=\"#fff\" d=\"M28 16c0-6.627-5.373-12-12-12S4 9.373 4 16c0 5.628 3.875 10.35 9.101 11.647v-7.98h-2.474V16H13.1v-1.58c0-4.085 1.849-5.978 5.859-5.978.76 0 2.072.15 2.608.298v3.325c-.283-.03-.775-.045-1.386-.045-1.967 0-2.728.745-2.728 2.683V16h3.92l-.673 3.667h-3.247v8.245C23.395 27.195 28 22.135 28 16Z\"><\/path><\/svg><\/span><\/a><a aria-label=\"Instagram\" class=\"heateor_sss_button_instagram\" href=\"https:\/\/www.instagram.com\/\" title=\"Instagram\" rel=\"nofollow noopener\" target=\"_blank\" style=\"font-size:32px!important;box-shadow:none;display:inline-block;vertical-align:middle\"><span class=\"heateor_sss_svg\" style=\"background-color:#53beee;width:35px;height:35px;border-radius:999px;display:inline-block;opacity:1;float:left;font-size:32px;box-shadow:none;display:inline-block;font-size:16px;padding:0 4px;vertical-align:middle;background-repeat:repeat;overflow:hidden;padding:0;cursor:pointer;box-sizing:content-box\"><svg style=\"display:block;border-radius:999px;\" version=\"1.1\" viewBox=\"-10 -10 148 148\" width=\"100%\" height=\"100%\" xml:space=\"preserve\" xmlns=\"http:\/\/www.w3.org\/2000\/svg\" xmlns:xlink=\"http:\/\/www.w3.org\/1999\/xlink\"><g><g><path d=\"M86,112H42c-14.336,0-26-11.663-26-26V42c0-14.337,11.664-26,26-26h44c14.337,0,26,11.663,26,26v44 C112,100.337,100.337,112,86,112z M42,24c-9.925,0-18,8.074-18,18v44c0,9.925,8.075,18,18,18h44c9.926,0,18-8.075,18-18V42 c0-9.926-8.074-18-18-18H42z\" fill=\"#fff\"><\/path><\/g><g><path d=\"M64,88c-13.234,0-24-10.767-24-24c0-13.234,10.766-24,24-24s24,10.766,24,24C88,77.233,77.234,88,64,88z M64,48c-8.822,0-16,7.178-16,16s7.178,16,16,16c8.822,0,16-7.178,16-16S72.822,48,64,48z\" fill=\"#fff\"><\/path><\/g><g><circle cx=\"89.5\" cy=\"38.5\" fill=\"#fff\" r=\"5.5\"><\/circle><\/g><\/g><\/svg><\/span><\/a><a aria-label=\"Whatsapp\" class=\"heateor_sss_whatsapp\" href=\"https:\/\/api.whatsapp.com\/send?text=Image%20d%27Oscar%20https%3A%2F%2Fcdscweb.fr%2Fponeys-blackstone%2Fkrater-elvey%2Fimage-doscar%2F\" title=\"Whatsapp\" rel=\"nofollow noopener\" target=\"_blank\" style=\"font-size:32px!important;box-shadow:none;display:inline-block;vertical-align:middle\"><span class=\"heateor_sss_svg\" style=\"background-color:#55eb4c;width:35px;height:35px;border-radius:999px;display:inline-block;opacity:1;float:left;font-size:32px;box-shadow:none;display:inline-block;font-size:16px;padding:0 4px;vertical-align:middle;background-repeat:repeat;overflow:hidden;padding:0;cursor:pointer;box-sizing:content-box\"><svg style=\"display:block;border-radius:999px;\" focusable=\"false\" aria-hidden=\"true\" xmlns=\"http:\/\/www.w3.org\/2000\/svg\" width=\"100%\" height=\"100%\" viewBox=\"-6 -5 40 40\"><path class=\"heateor_sss_svg_stroke heateor_sss_no_fill\" stroke=\"#fff\" stroke-width=\"2\" fill=\"none\" d=\"M 11.579798566743314 24.396926207859085 A 10 10 0 1 0 6.808479557110079 20.73576436351046\"><\/path><path d=\"M 7 19 l -1 6 l 6 -1\" class=\"heateor_sss_no_fill heateor_sss_svg_stroke\" stroke=\"#fff\" stroke-width=\"2\" fill=\"none\"><\/path><path d=\"M 10 10 q -1 8 8 11 c 5 -1 0 -6 -1 -3 q -4 -3 -5 -5 c 4 -2 -1 -5 -1 -4\" fill=\"#fff\"><\/path><\/svg><\/span><\/a><a class=\"heateor_sss_more\" aria-label=\"More\" title=\"More\" rel=\"nofollow noopener\" style=\"font-size: 32px!important;border:0;box-shadow:none;display:inline-block!important;font-size:16px;padding:0 4px;vertical-align: middle;display:inline;\" href=\"https:\/\/cdscweb.fr\/poneys-blackstone\/krater-elvey\/image-doscar\/\" onclick=\"event.preventDefault()\"><span class=\"heateor_sss_svg\" style=\"background-color:#ee8e2d;width:35px;height:35px;border-radius:999px;display:inline-block!important;opacity:1;float:left;font-size:32px!important;box-shadow:none;display:inline-block;font-size:16px;padding:0 4px;vertical-align:middle;display:inline;background-repeat:repeat;overflow:hidden;padding:0;cursor:pointer;box-sizing:content-box;\" onclick=\"heateorSssMoreSharingPopup(this, 'https:\/\/cdscweb.fr\/poneys-blackstone\/krater-elvey\/image-doscar\/', 'Image%20d%27Oscar', '' )\"><svg xmlns=\"http:\/\/www.w3.org\/2000\/svg\" xmlns:xlink=\"http:\/\/www.w3.org\/1999\/xlink\" viewBox=\"-.3 0 32 32\" version=\"1.1\" width=\"100%\" height=\"100%\" style=\"display:block;border-radius:999px;\" xml:space=\"preserve\"><g><path fill=\"#fff\" d=\"M18 14V8h-4v6H8v4h6v6h4v-6h6v-4h-6z\" fill-rule=\"evenodd\"><\/path><\/g><\/svg><\/span><\/a><\/div><div class=\"heateorSssClear\"><\/div><\/div><div class='heateorSssClear'><\/div>","protected":false},"author":1,"featured_media":1579,"parent":69,"menu_order":0,"comment_status":"closed","ping_status":"closed","template":"","meta":{"footnotes":""},"class_list":["post-27","page","type-page","status-publish","has-post-thumbnail","hentry"],"_links":{"self":[{"href":"https:\/\/cdscweb.fr\/poneys-blackstone\/wp-json\/wp\/v2\/pages\/27","targetHints":{"allow":["GET"]}}],"collection":[{"href":"https:\/\/cdscweb.fr\/poneys-blackstone\/wp-json\/wp\/v2\/pages"}],"about":[{"href":"https:\/\/cdscweb.fr\/poneys-blackstone\/wp-json\/wp\/v2\/types\/page"}],"author":[{"embeddable":true,"href":"https:\/\/cdscweb.fr\/poneys-blackstone\/wp-json\/wp\/v2\/users\/1"}],"replies":[{"embeddable":true,"href":"https:\/\/cdscweb.fr\/poneys-blackstone\/wp-json\/wp\/v2\/comments?post=27"}],"version-history":[{"count":14,"href":"https:\/\/cdscweb.fr\/poneys-blackstone\/wp-json\/wp\/v2\/pages\/27\/revisions"}],"predecessor-version":[{"id":3459,"href":"https:\/\/cdscweb.fr\/poneys-blackstone\/wp-json\/wp\/v2\/pages\/27\/revisions\/3459"}],"up":[{"embeddable":true,"href":"https:\/\/cdscweb.fr\/poneys-blackstone\/wp-json\/wp\/v2\/pages\/69"}],"wp:featuredmedia":[{"embeddable":true,"href":"https:\/\/cdscweb.fr\/poneys-blackstone\/wp-json\/wp\/v2\/media\/1579"}],"wp:attachment":[{"href":"https:\/\/cdscweb.fr\/poneys-blackstone\/wp-json\/wp\/v2\/media?parent=27"}],"curies":[{"name":"wp","href":"https:\/\/api.w.org\/{rel}","templated":true}]}}