{"id":21,"date":"2018-05-30T15:22:01","date_gmt":"2018-05-30T13:22:01","guid":{"rendered":"http:\/\/cdscweb.fr\/poneys-blackstone\/?page_id=21"},"modified":"2025-02-24T16:42:15","modified_gmt":"2025-02-24T15:42:15","slug":"furioso-blackstone","status":"publish","type":"page","link":"https:\/\/cdscweb.fr\/poneys-blackstone\/latex-elvey\/furioso-blackstone\/","title":{"rendered":"Furioso Blackstone"},"content":{"rendered":"\n<div class=\"wp-block-columns is-layout-flex wp-container-core-columns-is-layout-9d6595d7 wp-block-columns-is-layout-flex\">\n<div class=\"wp-block-column is-layout-flow wp-block-column-is-layout-flow\">\n<figure class=\"wp-block-image size-full is-style-rounded\"><img loading=\"lazy\" decoding=\"async\" width=\"800\" height=\"570\" src=\"https:\/\/cdscweb.fr\/poneys-blackstone\/wp-content\/uploads\/performance.jpg\" alt=\"\" class=\"wp-image-1306\" srcset=\"https:\/\/cdscweb.fr\/poneys-blackstone\/wp-content\/uploads\/performance.jpg 800w, https:\/\/cdscweb.fr\/poneys-blackstone\/wp-content\/uploads\/performance-300x214.jpg 300w, https:\/\/cdscweb.fr\/poneys-blackstone\/wp-content\/uploads\/performance-768x547.jpg 768w, https:\/\/cdscweb.fr\/poneys-blackstone\/wp-content\/uploads\/performance-211x150.jpg 211w\" sizes=\"auto, (max-width: 800px) 100vw, 800px\" \/><figcaption class=\"wp-element-caption\">2001 : Champion de France D2 Ponam (Lamotte-Beuvron)<\/figcaption><\/figure>\n<\/div>\n\n\n\n<div class=\"wp-block-column is-layout-flow wp-block-column-is-layout-flow\">\n<p class=\"has-text-align-center\"><strong>Poney Fran\u00e7ais De Selle <\/strong><br>(Welsh Part-Bred)<\/p>\n\n\n\n<p class=\"has-text-align-center\"><strong>1993-2024<\/strong><\/p>\n\n\n\n<p class=\"has-text-align-center\"><strong>Isabelle <\/strong><\/p>\n\n\n\n<p class=\"has-text-align-center\"><strong>1&nbsp;m 38<\/strong><\/p>\n\n\n\n<p class=\"has-text-align-center\"><strong>par <em><a href=\"https:\/\/infochevaux.ifce.fr\/fr\/play-boy-du-blin-rjqpQiqpQ_2F1hgQHweHxA\/infos-generales\" data-type=\"URL\" data-id=\"https:\/\/infochevaux.ifce.fr\/fr\/play-boy-du-blin-rjqpQiqpQ_2F1hgQHweHxA\/infos-generales\" target=\"_blank\" rel=\"noreferrer noopener\">PLAY BOY DU BLIN<\/a><\/em> <\/strong><\/p>\n\n\n\n<p class=\"has-text-align-center\"><strong>et&nbsp;<em><a href=\"https:\/\/cdscweb.fr\/poneys-blackstone\/latex-elvey\/\" data-type=\"page\" data-id=\"94\" target=\"_blank\" rel=\"noreferrer noopener\">LATEX ELVEY<\/a><\/em>&nbsp;<\/strong><\/p>\n\n\n\n<p class=\"has-text-align-center\"><a rel=\"noreferrer noopener\" href=\"https:\/\/cdscweb.fr\/poneys-blackstone\/les-indices\/\" target=\"_blank\"><strong><em>IPC = 179&nbsp;&nbsp;\/&nbsp;IPO = 130<\/em><\/strong><\/a><\/p>\n<\/div>\n<\/div>\n\n\n<div class=\"wp-block-image\">\n<figure class=\"aligncenter size-full\"><a href=\"https:\/\/infochevaux.ifce.fr\/fr\/furioso-blackstone-8_irrRugQZKDf9zxuqLHgA\/infos-generales\" target=\"_blank\" rel=\"noreferrer noopener\"><img loading=\"lazy\" decoding=\"async\" width=\"1522\" height=\"256\" src=\"https:\/\/cdscweb.fr\/poneys-blackstone\/wp-content\/uploads\/furioso-pedigree.jpg\" alt=\"\" class=\"wp-image-2669\" title=\"Voir sa page IFCE\" srcset=\"https:\/\/cdscweb.fr\/poneys-blackstone\/wp-content\/uploads\/furioso-pedigree.jpg 1522w, https:\/\/cdscweb.fr\/poneys-blackstone\/wp-content\/uploads\/furioso-pedigree-300x50.jpg 300w, https:\/\/cdscweb.fr\/poneys-blackstone\/wp-content\/uploads\/furioso-pedigree-1024x172.jpg 1024w, https:\/\/cdscweb.fr\/poneys-blackstone\/wp-content\/uploads\/furioso-pedigree-768x129.jpg 768w, https:\/\/cdscweb.fr\/poneys-blackstone\/wp-content\/uploads\/furioso-pedigree-150x25.jpg 150w, https:\/\/cdscweb.fr\/poneys-blackstone\/wp-content\/uploads\/furioso-pedigree-1320x222.jpg 1320w\" sizes=\"auto, (max-width: 1522px) 100vw, 1522px\" \/><\/a><\/figure>\n<\/div>\n\n\n<h3 class=\"wp-block-heading\"><strong>Notre champion !<\/strong><\/h3>\n\n\n\n<p class=\"has-text-align-center\">Il est vendu au d\u00e9but de ses 4 ans \u00e0 <em><a rel=\"noopener noreferrer\" href=\"https:\/\/www.poney-as.com\/2020\/04\/marie-reine-perie-la-discrete-toute-en-confiance\/\" target=\"_blank\"><strong>Marie-Reine P\u00e9ri\u00e9<\/strong><\/a> (elle a fait d\u00e9buter notamment Thomas Carlile et Astier Nicolas)<\/em> <br>qui l&#8217;emm\u00e8nera, avec sa cavali\u00e8re \u00c9milie Zucchetto, vers deux titres de Champion de France en Concours Complet Ponam. <br>Il poss\u00e8de le 2\u00e8me meilleur indice jamais obtenu par un poney en CCE. <br>Il est ensuite mont\u00e9 par deux autres cavali\u00e8res, puis devient le premier poney de Rachel Stickland,<br>maintenant cavali\u00e8re pro en dressage et enseignante, au <a rel=\"noopener noreferrer\" href=\"https:\/\/www.facebook.com\/Sports.Equestres\/\" target=\"_blank\"><b>Centre \u00c9questre Belle Ferme <\/b><\/a>(\u00e0&nbsp;Gex dans l&rsquo;Ain). <br>Il prend sa retraite en avril 2018 gr\u00e2ce \u00e0 l&rsquo;<strong><a rel=\"noopener noreferrer\" href=\"https:\/\/www.facebook.com\/pg\/saxobelleferme\/\" target=\"_blank\">Association Saxo Belle Ferme&nbsp;<\/a><\/strong>qui \u0153uvre pour que les poneys puissent finir leur vie sur le site.<\/p>\n\n\n\n<p class=\"has-text-align-right\"><em><em>Sur ordinateur : survolez le diaporama pour le mettre en pause,<br>cliquez sur une image pour l\u2019ouvrir dans un nouvel onglet<\/em><br><em>et n&rsquo;h\u00e9sitez pas \u00e0 passer en plein \u00e9cran.<\/em><\/em><\/p>\n\n\n\n<div class=\"alignnormal\"><div id=\"metaslider-id-2641\" style=\"width: 100%;\" class=\"ml-slider-3-108-0 metaslider metaslider-flex metaslider-2641 ml-slider has-dots-nav ms-theme-default\" role=\"region\" aria-label=\"Furioso Blackstone\" data-height=\"600\" data-width=\"900\">\n    <div id=\"metaslider_container_2641\">\n        <div id=\"metaslider_2641\">\n            <ul class='slides'>\n                <li style=\"display: block; width: 100%;\" class=\"slide-2648 ms-image \" aria-roledescription=\"slide\" data-date=\"2023-08-09 19:04:57\" data-filename=\"play-boy-du-blin-397x264.jpg\" data-slide-type=\"image\"><a href=\"https:\/\/cdscweb.fr\/poneys-blackstone\/wp-content\/uploads\/play-boy-du-blin.jpg\" target=\"_blank\" aria-label=\"Voir les d\u00e9tails de la diapositive\" class=\"metaslider_image_link\"><img loading=\"lazy\" decoding=\"async\" src=\"https:\/\/cdscweb.fr\/poneys-blackstone\/wp-content\/uploads\/play-boy-du-blin-397x264.jpg\" height=\"600\" width=\"900\" alt=\"\" class=\"slider-2641 slide-2648 msDefaultImage\" title=\"Play Boy du Blin\" \/><\/a><div class=\"caption-wrap\"><div class=\"caption\">PLAY BOY DU BLIN, p\u00e8re de FURIOSO BLACKSTONE<\/div><\/div><\/li>\n                <li style=\"display: none; width: 100%;\" class=\"slide-2649 ms-image \" aria-roledescription=\"slide\" data-date=\"2023-08-09 19:04:57\" data-filename=\"1993-08_latex-furioso-799x533.jpg\" data-slide-type=\"image\"><a href=\"https:\/\/cdscweb.fr\/poneys-blackstone\/wp-content\/uploads\/1993-08_latex-furioso.jpg\" target=\"_blank\" aria-label=\"Voir les d\u00e9tails de la diapositive\" class=\"metaslider_image_link\"><img loading=\"lazy\" decoding=\"async\" src=\"https:\/\/cdscweb.fr\/poneys-blackstone\/wp-content\/uploads\/1993-08_latex-furioso-799x533.jpg\" height=\"600\" width=\"900\" alt=\"\" class=\"slider-2641 slide-2649 msDefaultImage\" title=\"1993-08_latex-furioso\" \/><\/a><div class=\"caption-wrap\"><div class=\"caption\">FURIOSO BLACKSTONE et sa m\u00e8re LATEX ELVEY - 1993<\/div><\/div><\/li>\n                <li style=\"display: none; width: 100%;\" class=\"slide-2650 ms-image \" aria-roledescription=\"slide\" data-date=\"2023-08-09 19:04:57\" data-filename=\"performance-800x533.jpg\" data-slide-type=\"image\"><a href=\"https:\/\/cdscweb.fr\/poneys-blackstone\/wp-content\/uploads\/performance.jpg\" target=\"_blank\" aria-label=\"Voir les d\u00e9tails de la diapositive\" class=\"metaslider_image_link\"><img loading=\"lazy\" decoding=\"async\" src=\"https:\/\/cdscweb.fr\/poneys-blackstone\/wp-content\/uploads\/performance-800x533.jpg\" height=\"600\" width=\"900\" alt=\"\" class=\"slider-2641 slide-2650 msDefaultImage\" title=\"Performance\" \/><\/a><div class=\"caption-wrap\"><div class=\"caption\">FURIOSO BLACKSTONE - 2001 : Champion de France D2 Ponam (Lamotte-Beuvron)<\/div><\/div><\/li>\n                <li style=\"display: none; width: 100%;\" class=\"slide-2651 ms-image \" aria-roledescription=\"slide\" data-date=\"2023-08-09 19:04:57\" data-filename=\"2018_furioso-retraite-811x540.jpg\" data-slide-type=\"image\"><a href=\"https:\/\/cdscweb.fr\/poneys-blackstone\/wp-content\/uploads\/2018_furioso-retraite.jpg\" target=\"_blank\" aria-label=\"Voir les d\u00e9tails de la diapositive\" class=\"metaslider_image_link\"><img loading=\"lazy\" decoding=\"async\" src=\"https:\/\/cdscweb.fr\/poneys-blackstone\/wp-content\/uploads\/2018_furioso-retraite-811x540.jpg\" height=\"600\" width=\"900\" alt=\"\" class=\"slider-2641 slide-2651 msDefaultImage\" title=\"2018_furioso-retraite\" \/><\/a><div class=\"caption-wrap\"><div class=\"caption\">FURIOSO BLACKSTONE - 2018, la retraite !<\/div><\/div><\/li>\n                <li style=\"display: none; width: 100%;\" class=\"slide-2652 ms-image \" aria-roledescription=\"slide\" data-date=\"2023-08-09 19:04:57\" data-filename=\"2021-02-21_saxo-belle-ferme-720x480.jpg\" data-slide-type=\"image\"><a href=\"https:\/\/cdscweb.fr\/poneys-blackstone\/wp-content\/uploads\/2021-02-21_saxo-belle-ferme.jpg\" target=\"_blank\" aria-label=\"Voir les d\u00e9tails de la diapositive\" class=\"metaslider_image_link\"><img loading=\"lazy\" decoding=\"async\" src=\"https:\/\/cdscweb.fr\/poneys-blackstone\/wp-content\/uploads\/2021-02-21_saxo-belle-ferme-720x480.jpg\" height=\"600\" width=\"900\" alt=\"\" class=\"slider-2641 slide-2652 msDefaultImage\" title=\"2021-02-21_saxo-belle-ferme\" \/><\/a><div class=\"caption-wrap\"><div class=\"caption\">FURIOSO BLACKSTONE - 2021<\/div><\/div><\/li>\n                <li style=\"display: none; width: 100%;\" class=\"slide-2653 ms-image \" aria-roledescription=\"slide\" data-date=\"2023-08-09 19:04:57\" data-filename=\"2022-05-18_saxo-belle-ferme-513x342.jpg\" data-slide-type=\"image\"><a href=\"https:\/\/cdscweb.fr\/poneys-blackstone\/wp-content\/uploads\/2022-05-18_saxo-belle-ferme.jpg\" target=\"_blank\" aria-label=\"Voir les d\u00e9tails de la diapositive\" class=\"metaslider_image_link\"><img loading=\"lazy\" decoding=\"async\" src=\"https:\/\/cdscweb.fr\/poneys-blackstone\/wp-content\/uploads\/2022-05-18_saxo-belle-ferme-513x342.jpg\" height=\"600\" width=\"900\" alt=\"\" class=\"slider-2641 slide-2653 msDefaultImage\" title=\"2022-05-18_saxo-belle-ferme\" \/><\/a><div class=\"caption-wrap\"><div class=\"caption\">FURIOSO BLACKSTONE \n - 2022<\/div><\/div><\/li>\n            <\/ul>\n        <\/div>\n        \n    <\/div>\n<\/div><\/div>\n","protected":false},"excerpt":{"rendered":"<p class=\"continue-reading-button\"> <a class=\"continue-reading-link\" href=\"https:\/\/cdscweb.fr\/poneys-blackstone\/latex-elvey\/furioso-blackstone\/\">Lire<i class=\"crycon-right-dir\"><\/i><\/a><\/p>\n<div class='heateorSssClear'><\/div><div  class='heateor_sss_sharing_container heateor_sss_horizontal_sharing' data-heateor-sss-href='https:\/\/cdscweb.fr\/poneys-blackstone\/latex-elvey\/furioso-blackstone\/'><div class='heateor_sss_sharing_title' style=\"font-weight:bold\" >Partagez !<\/div><div class=\"heateor_sss_sharing_ul\"><a aria-label=\"Facebook\" class=\"heateor_sss_facebook\" href=\"https:\/\/www.facebook.com\/sharer\/sharer.php?u=https%3A%2F%2Fcdscweb.fr%2Fponeys-blackstone%2Flatex-elvey%2Ffurioso-blackstone%2F\" title=\"Facebook\" rel=\"nofollow noopener\" target=\"_blank\" style=\"font-size:32px!important;box-shadow:none;display:inline-block;vertical-align:middle\"><span class=\"heateor_sss_svg\" style=\"background-color:#0765FE;width:35px;height:35px;border-radius:999px;display:inline-block;opacity:1;float:left;font-size:32px;box-shadow:none;display:inline-block;font-size:16px;padding:0 4px;vertical-align:middle;background-repeat:repeat;overflow:hidden;padding:0;cursor:pointer;box-sizing:content-box\"><svg style=\"display:block;border-radius:999px;\" focusable=\"false\" aria-hidden=\"true\" xmlns=\"http:\/\/www.w3.org\/2000\/svg\" width=\"100%\" height=\"100%\" viewBox=\"0 0 32 32\"><path fill=\"#fff\" d=\"M28 16c0-6.627-5.373-12-12-12S4 9.373 4 16c0 5.628 3.875 10.35 9.101 11.647v-7.98h-2.474V16H13.1v-1.58c0-4.085 1.849-5.978 5.859-5.978.76 0 2.072.15 2.608.298v3.325c-.283-.03-.775-.045-1.386-.045-1.967 0-2.728.745-2.728 2.683V16h3.92l-.673 3.667h-3.247v8.245C23.395 27.195 28 22.135 28 16Z\"><\/path><\/svg><\/span><\/a><a aria-label=\"Instagram\" class=\"heateor_sss_button_instagram\" href=\"https:\/\/www.instagram.com\/\" title=\"Instagram\" rel=\"nofollow noopener\" target=\"_blank\" style=\"font-size:32px!important;box-shadow:none;display:inline-block;vertical-align:middle\"><span class=\"heateor_sss_svg\" style=\"background-color:#53beee;width:35px;height:35px;border-radius:999px;display:inline-block;opacity:1;float:left;font-size:32px;box-shadow:none;display:inline-block;font-size:16px;padding:0 4px;vertical-align:middle;background-repeat:repeat;overflow:hidden;padding:0;cursor:pointer;box-sizing:content-box\"><svg style=\"display:block;border-radius:999px;\" version=\"1.1\" viewBox=\"-10 -10 148 148\" width=\"100%\" height=\"100%\" xml:space=\"preserve\" xmlns=\"http:\/\/www.w3.org\/2000\/svg\" xmlns:xlink=\"http:\/\/www.w3.org\/1999\/xlink\"><g><g><path d=\"M86,112H42c-14.336,0-26-11.663-26-26V42c0-14.337,11.664-26,26-26h44c14.337,0,26,11.663,26,26v44 C112,100.337,100.337,112,86,112z M42,24c-9.925,0-18,8.074-18,18v44c0,9.925,8.075,18,18,18h44c9.926,0,18-8.075,18-18V42 c0-9.926-8.074-18-18-18H42z\" fill=\"#fff\"><\/path><\/g><g><path d=\"M64,88c-13.234,0-24-10.767-24-24c0-13.234,10.766-24,24-24s24,10.766,24,24C88,77.233,77.234,88,64,88z M64,48c-8.822,0-16,7.178-16,16s7.178,16,16,16c8.822,0,16-7.178,16-16S72.822,48,64,48z\" fill=\"#fff\"><\/path><\/g><g><circle cx=\"89.5\" cy=\"38.5\" fill=\"#fff\" r=\"5.5\"><\/circle><\/g><\/g><\/svg><\/span><\/a><a aria-label=\"Whatsapp\" class=\"heateor_sss_whatsapp\" href=\"https:\/\/api.whatsapp.com\/send?text=Furioso%20Blackstone%20https%3A%2F%2Fcdscweb.fr%2Fponeys-blackstone%2Flatex-elvey%2Ffurioso-blackstone%2F\" title=\"Whatsapp\" rel=\"nofollow noopener\" target=\"_blank\" style=\"font-size:32px!important;box-shadow:none;display:inline-block;vertical-align:middle\"><span class=\"heateor_sss_svg\" style=\"background-color:#55eb4c;width:35px;height:35px;border-radius:999px;display:inline-block;opacity:1;float:left;font-size:32px;box-shadow:none;display:inline-block;font-size:16px;padding:0 4px;vertical-align:middle;background-repeat:repeat;overflow:hidden;padding:0;cursor:pointer;box-sizing:content-box\"><svg style=\"display:block;border-radius:999px;\" focusable=\"false\" aria-hidden=\"true\" xmlns=\"http:\/\/www.w3.org\/2000\/svg\" width=\"100%\" height=\"100%\" viewBox=\"-6 -5 40 40\"><path class=\"heateor_sss_svg_stroke heateor_sss_no_fill\" stroke=\"#fff\" stroke-width=\"2\" fill=\"none\" d=\"M 11.579798566743314 24.396926207859085 A 10 10 0 1 0 6.808479557110079 20.73576436351046\"><\/path><path d=\"M 7 19 l -1 6 l 6 -1\" class=\"heateor_sss_no_fill heateor_sss_svg_stroke\" stroke=\"#fff\" stroke-width=\"2\" fill=\"none\"><\/path><path d=\"M 10 10 q -1 8 8 11 c 5 -1 0 -6 -1 -3 q -4 -3 -5 -5 c 4 -2 -1 -5 -1 -4\" fill=\"#fff\"><\/path><\/svg><\/span><\/a><a class=\"heateor_sss_more\" aria-label=\"More\" title=\"More\" rel=\"nofollow noopener\" style=\"font-size: 32px!important;border:0;box-shadow:none;display:inline-block!important;font-size:16px;padding:0 4px;vertical-align: middle;display:inline;\" href=\"https:\/\/cdscweb.fr\/poneys-blackstone\/latex-elvey\/furioso-blackstone\/\" onclick=\"event.preventDefault()\"><span class=\"heateor_sss_svg\" style=\"background-color:#ee8e2d;width:35px;height:35px;border-radius:999px;display:inline-block!important;opacity:1;float:left;font-size:32px!important;box-shadow:none;display:inline-block;font-size:16px;padding:0 4px;vertical-align:middle;display:inline;background-repeat:repeat;overflow:hidden;padding:0;cursor:pointer;box-sizing:content-box;\" onclick=\"heateorSssMoreSharingPopup(this, 'https:\/\/cdscweb.fr\/poneys-blackstone\/latex-elvey\/furioso-blackstone\/', 'Furioso%20Blackstone', '' )\"><svg xmlns=\"http:\/\/www.w3.org\/2000\/svg\" xmlns:xlink=\"http:\/\/www.w3.org\/1999\/xlink\" viewBox=\"-.3 0 32 32\" version=\"1.1\" width=\"100%\" height=\"100%\" style=\"display:block;border-radius:999px;\" xml:space=\"preserve\"><g><path fill=\"#fff\" d=\"M18 14V8h-4v6H8v4h6v6h4v-6h6v-4h-6z\" fill-rule=\"evenodd\"><\/path><\/g><\/svg><\/span><\/a><\/div><div class=\"heateorSssClear\"><\/div><\/div><div class='heateorSssClear'><\/div>","protected":false},"author":1,"featured_media":0,"parent":94,"menu_order":0,"comment_status":"closed","ping_status":"closed","template":"","meta":{"footnotes":""},"class_list":["post-21","page","type-page","status-publish","hentry"],"_links":{"self":[{"href":"https:\/\/cdscweb.fr\/poneys-blackstone\/wp-json\/wp\/v2\/pages\/21","targetHints":{"allow":["GET"]}}],"collection":[{"href":"https:\/\/cdscweb.fr\/poneys-blackstone\/wp-json\/wp\/v2\/pages"}],"about":[{"href":"https:\/\/cdscweb.fr\/poneys-blackstone\/wp-json\/wp\/v2\/types\/page"}],"author":[{"embeddable":true,"href":"https:\/\/cdscweb.fr\/poneys-blackstone\/wp-json\/wp\/v2\/users\/1"}],"replies":[{"embeddable":true,"href":"https:\/\/cdscweb.fr\/poneys-blackstone\/wp-json\/wp\/v2\/comments?post=21"}],"version-history":[{"count":18,"href":"https:\/\/cdscweb.fr\/poneys-blackstone\/wp-json\/wp\/v2\/pages\/21\/revisions"}],"predecessor-version":[{"id":3458,"href":"https:\/\/cdscweb.fr\/poneys-blackstone\/wp-json\/wp\/v2\/pages\/21\/revisions\/3458"}],"up":[{"embeddable":true,"href":"https:\/\/cdscweb.fr\/poneys-blackstone\/wp-json\/wp\/v2\/pages\/94"}],"wp:attachment":[{"href":"https:\/\/cdscweb.fr\/poneys-blackstone\/wp-json\/wp\/v2\/media?parent=21"}],"curies":[{"name":"wp","href":"https:\/\/api.w.org\/{rel}","templated":true}]}}