{"id":1951,"date":"2021-06-07T15:10:55","date_gmt":"2021-06-07T13:10:55","guid":{"rendered":"https:\/\/cdscweb.fr\/poneys-blackstone\/?page_id=1951"},"modified":"2024-11-08T16:16:07","modified_gmt":"2024-11-08T15:16:07","slug":"les-deux-juments-a-lorigine-de-lelevage-blackstone","status":"publish","type":"page","link":"https:\/\/cdscweb.fr\/poneys-blackstone\/les-deux-juments-a-lorigine-de-lelevage-blackstone\/","title":{"rendered":"Les deux juments \u00e0 l&rsquo;origine de l&rsquo;\u00e9levage BLACKSTONE"},"content":{"rendered":"<h4 style=\"text-align: center;\"><strong>Krater, Latex et leur production <\/strong><\/h4>\n<p style=\"text-align: center;\"><em>Tous ont au minimum 25 % de sang Welsh (les races utilis\u00e9es en croisement sont mentionn\u00e9es entre parenth\u00e8ses).<\/em><\/p>\n<div id=\"attachment_1542\" style=\"width: 310px\" class=\"wp-caption aligncenter\"><a href=\"https:\/\/cdscweb.fr\/poneys-blackstone\/wp-content\/uploads\/1994_krater.jpg\" target=\"_blank\" rel=\"noopener\"><img loading=\"lazy\" decoding=\"async\" aria-describedby=\"caption-attachment-1542\" class=\"wp-image-1542 size-medium\" src=\"https:\/\/cdscweb.fr\/poneys-blackstone\/wp-content\/uploads\/1994_krater-300x200.jpg\" alt=\"\" width=\"300\" height=\"200\" srcset=\"https:\/\/cdscweb.fr\/poneys-blackstone\/wp-content\/uploads\/1994_krater-300x200.jpg 300w, https:\/\/cdscweb.fr\/poneys-blackstone\/wp-content\/uploads\/1994_krater-768x512.jpg 768w, https:\/\/cdscweb.fr\/poneys-blackstone\/wp-content\/uploads\/1994_krater-225x150.jpg 225w, https:\/\/cdscweb.fr\/poneys-blackstone\/wp-content\/uploads\/1994_krater.jpg 800w\" sizes=\"auto, (max-width: 300px) 100vw, 300px\" \/><\/a><p id=\"caption-attachment-1542\" class=\"wp-caption-text\">KRATER, 1994, CSO CHEVAUX<\/p><\/div>\n<p><strong>1976- : KRATER ELVEY (Brockwell Brandy \/ Epona Englyn) &#8211; CSO<\/strong><\/p>\n<p style=\"padding-left: 40px;\"><strong>1985 : TEDDY BLACKSTONE (Kirby Cane Statecraft) &#8211; Attelage<\/strong><\/p>\n<p style=\"padding-left: 40px;\"><strong>1988 : APPLE BLACKSTONE (Oscar V) &#8211; CSO<\/strong><\/p>\n<p style=\"padding-left: 80px;\"><strong>1992-2018 : ELVEY BLACKSTONE (Lancelot d&rsquo;avan\u00e7on) &#8211; CSO (IPO 138), CCE, Dressage<\/strong><\/p>\n<p style=\"padding-left: 40px;\"><strong>1993-2021 : FLIPPER BLACKSTONE\u00a0<\/strong><strong> (Oscar V) <\/strong><strong>&#8211; CSO<\/strong><\/p>\n<p style=\"padding-left: 40px;\"><strong>1996 : IMAGE D&rsquo;OSCAR<\/strong><strong> (Oscar V)<\/strong><\/p>\n<p style=\"padding-left: 80px;\"><strong>2014 : EMAGE BLACKSTONE* &#8211; CSO, Dressage, CCE<\/strong><\/p>\n<p style=\"padding-left: 120px;\"><strong>2018 : INT\u00c9GRAAL BLACKSTONE (Dyfed Caled)<\/strong><\/p>\n<div id=\"attachment_1509\" style=\"width: 310px\" class=\"wp-caption aligncenter\"><a href=\"https:\/\/cdscweb.fr\/poneys-blackstone\/wp-content\/uploads\/1993-08_latex-furioso.jpg\" target=\"_blank\" rel=\"noopener\"><img loading=\"lazy\" decoding=\"async\" aria-describedby=\"caption-attachment-1509\" class=\"wp-image-1509 size-medium\" src=\"https:\/\/cdscweb.fr\/poneys-blackstone\/wp-content\/uploads\/1993-08_latex-furioso-300x200.jpg\" alt=\"\" width=\"300\" height=\"200\" srcset=\"https:\/\/cdscweb.fr\/poneys-blackstone\/wp-content\/uploads\/1993-08_latex-furioso-300x200.jpg 300w, https:\/\/cdscweb.fr\/poneys-blackstone\/wp-content\/uploads\/1993-08_latex-furioso-768x512.jpg 768w, https:\/\/cdscweb.fr\/poneys-blackstone\/wp-content\/uploads\/1993-08_latex-furioso-225x150.jpg 225w, https:\/\/cdscweb.fr\/poneys-blackstone\/wp-content\/uploads\/1993-08_latex-furioso.jpg 800w, https:\/\/cdscweb.fr\/poneys-blackstone\/wp-content\/uploads\/1993-08_latex-furioso-620x414.jpg 620w, https:\/\/cdscweb.fr\/poneys-blackstone\/wp-content\/uploads\/1993-08_latex-furioso-400x267.jpg 400w\" sizes=\"auto, (max-width: 300px) 100vw, 300px\" \/><\/a><p id=\"caption-attachment-1509\" class=\"wp-caption-text\">LATEX, 1993, avec FURIOSO<\/p><\/div>\n<p><strong>1977-2006 : LATEX ELVEY<\/strong><strong> (Brockwell Brandy \/ Epona Elvire) <\/strong><\/p>\n<p style=\"padding-left: 40px;\"><em>1989-2020 : BABOUCHE\u00a0 BARASTAN (Glandenys Country Swell) &#8211; CCE, CSO (IPC 136 &#8211;\u00a0 IPO127) &#8211; Poulini\u00e8re<\/em><\/p>\n<p style=\"padding-left: 40px;\"><em>1990-2009 : CIRC\u00c9 BARASTAN (Kipling Epona) &#8211; CSO &#8211; Poulini\u00e8re<\/em><\/p>\n<p style=\"padding-left: 40px;\"><strong>1993-2024 : FURIOSO BLACKSTONE (Play Boy du Blin, CO) &#8211; CCE, CSO (IPC 179 &#8211; IPO 130)<\/strong><\/p>\n<p style=\"padding-left: 40px;\"><em>1994 : GADOU D&rsquo;ASPINS (Bonny du Sault, CO) &#8211; CSO<\/em><\/p>\n<p style=\"padding-left: 40px;\"><em>1995 : HAVANE D&rsquo;ASPINS (Djamel, AR) &#8211; CSO (IPO 149)<\/em><\/p>\n<p style=\"padding-left: 40px;\"><em>1996 : INTERDIT D&rsquo;ASPINS (Octavius, AR) &#8211; CSO (IPO 133)<\/em><\/p>\n<p style=\"padding-left: 40px;\"><em>1997 : JOLIE MAI D&rsquo;ASPINS\u00a0 (Djamel, AR) &#8211; Poulini\u00e8re<\/em><\/p>\n<p style=\"padding-left: 40px;\"><strong>1998 : KINUP DU CAST\u00c9RAS* (Djamel, AR) &#8211; CSO, HUNTER, CCE<\/strong><\/p>\n<p style=\"padding-left: 80px;\"><em>2013 : <\/em><em>DJEM DU CAST\u00c9RAS\u00a0 (Papyrus Tyle, PFS) &#8211; CCE (IPC 148 &#8211; ICC 113)<\/em><\/p>\n<p style=\"padding-left: 80px;\"><em>2014 : EFFY DU CAST\u00c9RAS\u00a0 (Illoway Cheriton Fast, NF) &#8211; CCE (IPC 110)<\/em><\/p>\n<p style=\"padding-left: 80px;\"><em>2019 : JEMA DU CAST\u00c9RAS\u00a0 (Dein Prinz SL, DRP)<\/em><\/p>\n<p style=\"padding-left: 80px;\"><strong>2021 : BLACKSTONE LA TEX* (Westaire Tolomeo)\u00a0<\/strong><\/p>\n<p style=\"text-align: right;\"><em>*actuellement chez nous<\/em><\/p>\n","protected":false},"excerpt":{"rendered":"<p class=\"continue-reading-button\"> <a class=\"continue-reading-link\" href=\"https:\/\/cdscweb.fr\/poneys-blackstone\/les-deux-juments-a-lorigine-de-lelevage-blackstone\/\">Lire<i class=\"crycon-right-dir\"><\/i><\/a><\/p>\n<div class='heateorSssClear'><\/div><div  class='heateor_sss_sharing_container heateor_sss_horizontal_sharing' data-heateor-sss-href='https:\/\/cdscweb.fr\/poneys-blackstone\/les-deux-juments-a-lorigine-de-lelevage-blackstone\/'><div class='heateor_sss_sharing_title' style=\"font-weight:bold\" >Partagez !<\/div><div class=\"heateor_sss_sharing_ul\"><a aria-label=\"Facebook\" class=\"heateor_sss_facebook\" href=\"https:\/\/www.facebook.com\/sharer\/sharer.php?u=https%3A%2F%2Fcdscweb.fr%2Fponeys-blackstone%2Fles-deux-juments-a-lorigine-de-lelevage-blackstone%2F\" title=\"Facebook\" rel=\"nofollow noopener\" target=\"_blank\" style=\"font-size:32px!important;box-shadow:none;display:inline-block;vertical-align:middle\"><span class=\"heateor_sss_svg\" style=\"background-color:#0765FE;width:35px;height:35px;border-radius:999px;display:inline-block;opacity:1;float:left;font-size:32px;box-shadow:none;display:inline-block;font-size:16px;padding:0 4px;vertical-align:middle;background-repeat:repeat;overflow:hidden;padding:0;cursor:pointer;box-sizing:content-box\"><svg style=\"display:block;border-radius:999px;\" focusable=\"false\" aria-hidden=\"true\" xmlns=\"http:\/\/www.w3.org\/2000\/svg\" width=\"100%\" height=\"100%\" viewBox=\"0 0 32 32\"><path fill=\"#fff\" d=\"M28 16c0-6.627-5.373-12-12-12S4 9.373 4 16c0 5.628 3.875 10.35 9.101 11.647v-7.98h-2.474V16H13.1v-1.58c0-4.085 1.849-5.978 5.859-5.978.76 0 2.072.15 2.608.298v3.325c-.283-.03-.775-.045-1.386-.045-1.967 0-2.728.745-2.728 2.683V16h3.92l-.673 3.667h-3.247v8.245C23.395 27.195 28 22.135 28 16Z\"><\/path><\/svg><\/span><\/a><a aria-label=\"Instagram\" class=\"heateor_sss_button_instagram\" href=\"https:\/\/www.instagram.com\/\" title=\"Instagram\" rel=\"nofollow noopener\" target=\"_blank\" style=\"font-size:32px!important;box-shadow:none;display:inline-block;vertical-align:middle\"><span class=\"heateor_sss_svg\" style=\"background-color:#53beee;width:35px;height:35px;border-radius:999px;display:inline-block;opacity:1;float:left;font-size:32px;box-shadow:none;display:inline-block;font-size:16px;padding:0 4px;vertical-align:middle;background-repeat:repeat;overflow:hidden;padding:0;cursor:pointer;box-sizing:content-box\"><svg style=\"display:block;border-radius:999px;\" version=\"1.1\" viewBox=\"-10 -10 148 148\" width=\"100%\" height=\"100%\" xml:space=\"preserve\" xmlns=\"http:\/\/www.w3.org\/2000\/svg\" xmlns:xlink=\"http:\/\/www.w3.org\/1999\/xlink\"><g><g><path d=\"M86,112H42c-14.336,0-26-11.663-26-26V42c0-14.337,11.664-26,26-26h44c14.337,0,26,11.663,26,26v44 C112,100.337,100.337,112,86,112z M42,24c-9.925,0-18,8.074-18,18v44c0,9.925,8.075,18,18,18h44c9.926,0,18-8.075,18-18V42 c0-9.926-8.074-18-18-18H42z\" fill=\"#fff\"><\/path><\/g><g><path d=\"M64,88c-13.234,0-24-10.767-24-24c0-13.234,10.766-24,24-24s24,10.766,24,24C88,77.233,77.234,88,64,88z M64,48c-8.822,0-16,7.178-16,16s7.178,16,16,16c8.822,0,16-7.178,16-16S72.822,48,64,48z\" fill=\"#fff\"><\/path><\/g><g><circle cx=\"89.5\" cy=\"38.5\" fill=\"#fff\" r=\"5.5\"><\/circle><\/g><\/g><\/svg><\/span><\/a><a aria-label=\"Whatsapp\" class=\"heateor_sss_whatsapp\" href=\"https:\/\/api.whatsapp.com\/send?text=Les%20deux%20juments%20%C3%A0%20l%27origine%20de%20l%27%C3%A9levage%20BLACKSTONE%20https%3A%2F%2Fcdscweb.fr%2Fponeys-blackstone%2Fles-deux-juments-a-lorigine-de-lelevage-blackstone%2F\" title=\"Whatsapp\" rel=\"nofollow noopener\" target=\"_blank\" style=\"font-size:32px!important;box-shadow:none;display:inline-block;vertical-align:middle\"><span class=\"heateor_sss_svg\" style=\"background-color:#55eb4c;width:35px;height:35px;border-radius:999px;display:inline-block;opacity:1;float:left;font-size:32px;box-shadow:none;display:inline-block;font-size:16px;padding:0 4px;vertical-align:middle;background-repeat:repeat;overflow:hidden;padding:0;cursor:pointer;box-sizing:content-box\"><svg style=\"display:block;border-radius:999px;\" focusable=\"false\" aria-hidden=\"true\" xmlns=\"http:\/\/www.w3.org\/2000\/svg\" width=\"100%\" height=\"100%\" viewBox=\"-6 -5 40 40\"><path class=\"heateor_sss_svg_stroke heateor_sss_no_fill\" stroke=\"#fff\" stroke-width=\"2\" fill=\"none\" d=\"M 11.579798566743314 24.396926207859085 A 10 10 0 1 0 6.808479557110079 20.73576436351046\"><\/path><path d=\"M 7 19 l -1 6 l 6 -1\" class=\"heateor_sss_no_fill heateor_sss_svg_stroke\" stroke=\"#fff\" stroke-width=\"2\" fill=\"none\"><\/path><path d=\"M 10 10 q -1 8 8 11 c 5 -1 0 -6 -1 -3 q -4 -3 -5 -5 c 4 -2 -1 -5 -1 -4\" fill=\"#fff\"><\/path><\/svg><\/span><\/a><a class=\"heateor_sss_more\" aria-label=\"More\" title=\"More\" rel=\"nofollow noopener\" style=\"font-size: 32px!important;border:0;box-shadow:none;display:inline-block!important;font-size:16px;padding:0 4px;vertical-align: middle;display:inline;\" href=\"https:\/\/cdscweb.fr\/poneys-blackstone\/les-deux-juments-a-lorigine-de-lelevage-blackstone\/\" onclick=\"event.preventDefault()\"><span class=\"heateor_sss_svg\" style=\"background-color:#ee8e2d;width:35px;height:35px;border-radius:999px;display:inline-block!important;opacity:1;float:left;font-size:32px!important;box-shadow:none;display:inline-block;font-size:16px;padding:0 4px;vertical-align:middle;display:inline;background-repeat:repeat;overflow:hidden;padding:0;cursor:pointer;box-sizing:content-box;\" onclick=\"heateorSssMoreSharingPopup(this, 'https:\/\/cdscweb.fr\/poneys-blackstone\/les-deux-juments-a-lorigine-de-lelevage-blackstone\/', 'Les%20deux%20juments%20%C3%A0%20l%27origine%20de%20l%27%C3%A9levage%20BLACKSTONE', '' )\"><svg xmlns=\"http:\/\/www.w3.org\/2000\/svg\" xmlns:xlink=\"http:\/\/www.w3.org\/1999\/xlink\" viewBox=\"-.3 0 32 32\" version=\"1.1\" width=\"100%\" height=\"100%\" style=\"display:block;border-radius:999px;\" xml:space=\"preserve\"><g><path fill=\"#fff\" d=\"M18 14V8h-4v6H8v4h6v6h4v-6h6v-4h-6z\" fill-rule=\"evenodd\"><\/path><\/g><\/svg><\/span><\/a><\/div><div class=\"heateorSssClear\"><\/div><\/div><div class='heateorSssClear'><\/div>","protected":false},"author":1,"featured_media":0,"parent":0,"menu_order":0,"comment_status":"closed","ping_status":"closed","template":"","meta":{"footnotes":""},"class_list":["post-1951","page","type-page","status-publish","hentry"],"_links":{"self":[{"href":"https:\/\/cdscweb.fr\/poneys-blackstone\/wp-json\/wp\/v2\/pages\/1951","targetHints":{"allow":["GET"]}}],"collection":[{"href":"https:\/\/cdscweb.fr\/poneys-blackstone\/wp-json\/wp\/v2\/pages"}],"about":[{"href":"https:\/\/cdscweb.fr\/poneys-blackstone\/wp-json\/wp\/v2\/types\/page"}],"author":[{"embeddable":true,"href":"https:\/\/cdscweb.fr\/poneys-blackstone\/wp-json\/wp\/v2\/users\/1"}],"replies":[{"embeddable":true,"href":"https:\/\/cdscweb.fr\/poneys-blackstone\/wp-json\/wp\/v2\/comments?post=1951"}],"version-history":[{"count":21,"href":"https:\/\/cdscweb.fr\/poneys-blackstone\/wp-json\/wp\/v2\/pages\/1951\/revisions"}],"predecessor-version":[{"id":3308,"href":"https:\/\/cdscweb.fr\/poneys-blackstone\/wp-json\/wp\/v2\/pages\/1951\/revisions\/3308"}],"wp:attachment":[{"href":"https:\/\/cdscweb.fr\/poneys-blackstone\/wp-json\/wp\/v2\/media?parent=1951"}],"curies":[{"name":"wp","href":"https:\/\/api.w.org\/{rel}","templated":true}]}}