{"id":17,"date":"2018-05-30T15:21:29","date_gmt":"2018-05-30T13:21:29","guid":{"rendered":"http:\/\/cdscweb.fr\/poneys-blackstone\/?page_id=17"},"modified":"2025-02-24T16:39:59","modified_gmt":"2025-02-24T15:39:59","slug":"apple-blackstone","status":"publish","type":"page","link":"https:\/\/cdscweb.fr\/poneys-blackstone\/krater-elvey\/apple-blackstone\/","title":{"rendered":"Apple Blackstone"},"content":{"rendered":"\n<div class=\"wp-block-columns is-layout-flex wp-container-core-columns-is-layout-9d6595d7 wp-block-columns-is-layout-flex\">\n<div class=\"wp-block-column is-layout-flow wp-block-column-is-layout-flow\">\n<figure class=\"wp-block-image size-full is-style-rounded\"><img loading=\"lazy\" decoding=\"async\" width=\"800\" height=\"544\" src=\"https:\/\/cdscweb.fr\/poneys-blackstone\/wp-content\/uploads\/1993_apple.jpg\" alt=\"\" class=\"wp-image-1532\" srcset=\"https:\/\/cdscweb.fr\/poneys-blackstone\/wp-content\/uploads\/1993_apple.jpg 800w, https:\/\/cdscweb.fr\/poneys-blackstone\/wp-content\/uploads\/1993_apple-300x204.jpg 300w, https:\/\/cdscweb.fr\/poneys-blackstone\/wp-content\/uploads\/1993_apple-768x522.jpg 768w, https:\/\/cdscweb.fr\/poneys-blackstone\/wp-content\/uploads\/1993_apple-221x150.jpg 221w\" sizes=\"auto, (max-width: 800px) 100vw, 800px\" \/><\/figure>\n<\/div>\n\n\n\n<div class=\"wp-block-column is-layout-flow wp-block-column-is-layout-flow\">\n<p class=\"has-text-align-center\"><strong><strong>Welsh <strong>Pony <\/strong><\/strong><\/strong><\/p>\n\n\n\n<p class=\"has-text-align-center\"><strong>1988&nbsp; <\/strong><\/p>\n\n\n\n<p class=\"has-text-align-center\"><strong>Grise<\/strong><\/p>\n\n\n\n<p class=\"has-text-align-center\"><strong>1 m 23 <\/strong><\/p>\n\n\n\n<p class=\"has-text-align-center\"><strong>par <em><a rel=\"noreferrer noopener\" href=\"https:\/\/cdscweb.fr\/poneys-blackstone\/oscar-v\/\" data-type=\"page\" data-id=\"11\" target=\"_blank\">OSCAR V<\/a><\/em> <\/strong><\/p>\n\n\n\n<p class=\"has-text-align-center\"><strong>et <em><a rel=\"noreferrer noopener\" href=\"https:\/\/cdscweb.fr\/poneys-blackstone\/krater-elvey\/\" data-type=\"page\" data-id=\"69\" target=\"_blank\">KRATER ELVEY<\/a><\/em><\/strong><\/p>\n<\/div>\n<\/div>\n\n\n\n<div style=\"height:30px\" aria-hidden=\"true\" class=\"wp-block-spacer\"><\/div>\n\n\n<div class=\"wp-block-image\">\n<figure class=\"aligncenter size-full\"><a href=\"https:\/\/infochevaux.ifce.fr\/fr\/apple-blackstone-Pj7dQcKCTBySOtgEp43DaA\/infos-generales\" target=\"_blank\" rel=\"noreferrer noopener\"><img loading=\"lazy\" decoding=\"async\" width=\"1528\" height=\"258\" src=\"https:\/\/cdscweb.fr\/poneys-blackstone\/wp-content\/uploads\/apple_pedigree.jpg\" alt=\"\" class=\"wp-image-2491\" title=\"Voir sa page IFCE\" srcset=\"https:\/\/cdscweb.fr\/poneys-blackstone\/wp-content\/uploads\/apple_pedigree.jpg 1528w, https:\/\/cdscweb.fr\/poneys-blackstone\/wp-content\/uploads\/apple_pedigree-300x51.jpg 300w, https:\/\/cdscweb.fr\/poneys-blackstone\/wp-content\/uploads\/apple_pedigree-1024x173.jpg 1024w, https:\/\/cdscweb.fr\/poneys-blackstone\/wp-content\/uploads\/apple_pedigree-768x130.jpg 768w, https:\/\/cdscweb.fr\/poneys-blackstone\/wp-content\/uploads\/apple_pedigree-150x25.jpg 150w, https:\/\/cdscweb.fr\/poneys-blackstone\/wp-content\/uploads\/apple_pedigree-1320x223.jpg 1320w\" sizes=\"auto, (max-width: 1528px) 100vw, 1528px\" \/><\/a><\/figure>\n<\/div>\n\n\n<div style=\"height:30px\" aria-hidden=\"true\" class=\"wp-block-spacer\"><\/div>\n\n\n\n<p class=\"has-text-align-center\">N\u00e9e apr\u00e8s 12 mois de gestation, c&rsquo;\u00e9tait une pouliche <strong><em>extr\u00eamement <\/em><\/strong>dynamique !<\/p>\n\n\n\n<p class=\"has-text-align-center\">Elle est vendue en 1993, \u00e0 l&rsquo;arr\u00eat de l&rsquo;\u00e9levage, et sort ensuite en saut d&rsquo;obstacles poneys&nbsp;.<\/p>\n\n\n\n<h5 class=\"wp-block-heading\"><strong>Production<\/strong><\/h5>\n\n\n\n<p>1992-2018 :&nbsp;<strong><em><a href=\"https:\/\/cdscweb.fr\/poneys-blackstone\/krater-elvey\/apple-blackstone\/elvey-blackstone\/\" data-type=\"page\" data-id=\"19\" target=\"_blank\" rel=\"noreferrer noopener\">ELVEY BLACKSTONE<\/a><\/em><\/strong>, hongre Welsh Pony par&nbsp;<em><strong><a rel=\"noreferrer noopener\" href=\"https:\/\/infochevaux.ifce.fr\/fr\/lancelot-d-avancon-Vq7YVtCpRbGvtj9T1nHsgw\/infos-generales\" data-type=\"URL\" data-id=\"https:\/\/infochevaux.ifce.fr\/fr\/lancelot-d-avancon-Vq7YVtCpRbGvtj9T1nHsgw\/infos-generales\" target=\"_blank\">LANCELOT d&rsquo;AVAN\u00c7ON<\/a><\/strong><\/em>&nbsp; \u2013 <strong><em><a rel=\"noreferrer noopener\" href=\"https:\/\/cdscweb.fr\/poneys-blackstone\/les-indices\/\" data-type=\"page\" data-id=\"329\" target=\"_blank\">IPO 138 &#8211; IPD 106 &#8211; IPC 105<\/a><\/em><\/strong><\/p>\n\n\n\n<p class=\"has-text-align-right\"><em><em>Sur ordinateur : survolez le diaporama pour le mettre en pause,<br>cliquez sur une image pour l\u2019ouvrir dans un nouvel onglet<\/em><br><em>et n&rsquo;h\u00e9sitez pas \u00e0 passer en plein \u00e9cran.<\/em><\/em><\/p>\n\n\n\n<div class=\"alignnormal\"><div id=\"metaslider-id-2493\" style=\"width: 100%;\" class=\"ml-slider-3-108-0 metaslider metaslider-flex metaslider-2493 ml-slider has-dots-nav ms-theme-default\" role=\"region\" aria-label=\"Apple Blackstone\" data-height=\"600\" data-width=\"900\">\n    <div id=\"metaslider_container_2493\">\n        <div id=\"metaslider_2493\">\n            <ul class='slides'>\n                <li style=\"display: block; width: 100%;\" class=\"slide-2507 ms-image \" aria-roledescription=\"slide\" data-date=\"2023-08-09 15:22:32\" data-filename=\"1986_krater-oscar-775x517.jpg\" data-slide-type=\"image\"><a href=\"https:\/\/cdscweb.fr\/poneys-blackstone\/wp-content\/uploads\/1986_krater-oscar.jpg\" target=\"_blank\" aria-label=\"Voir les d\u00e9tails de la diapositive\" class=\"metaslider_image_link\"><img loading=\"lazy\" decoding=\"async\" src=\"https:\/\/cdscweb.fr\/poneys-blackstone\/wp-content\/uploads\/1986_krater-oscar-775x517.jpg\" height=\"600\" width=\"900\" alt=\"\" class=\"slider-2493 slide-2507 msDefaultImage\" title=\"1986_krater-oscar\" \/><\/a><div class=\"caption-wrap\"><div class=\"caption\">KRATER ELVEY &amp; OSCAR V, parents de APPLE et FLIPPER BLACKSTONE, IMAGE d'OSCAR<\/div><\/div><\/li>\n                <li style=\"display: none; width: 100%;\" class=\"slide-2584 ms-image \" aria-roledescription=\"slide\" data-date=\"2023-08-09 18:25:47\" data-filename=\"1988_apple-800x533.jpg\" data-slide-type=\"image\"><a href=\"https:\/\/cdscweb.fr\/poneys-blackstone\/wp-content\/uploads\/1988_apple.jpg\" target=\"_blank\" aria-label=\"Voir les d\u00e9tails de la diapositive\" class=\"metaslider_image_link\"><img loading=\"lazy\" decoding=\"async\" src=\"https:\/\/cdscweb.fr\/poneys-blackstone\/wp-content\/uploads\/1988_apple-800x533.jpg\" height=\"600\" width=\"900\" alt=\"\" class=\"slider-2493 slide-2584 msDefaultImage\" title=\"1988_apple\" \/><\/a><div class=\"caption-wrap\"><div class=\"caption\">APPLE BLACKSTONE, 1 SEMAINE<\/div><\/div><\/li>\n                <li style=\"display: none; width: 100%;\" class=\"slide-2585 ms-image \" aria-roledescription=\"slide\" data-date=\"2023-08-09 18:26:09\" data-filename=\"1989_apple-795x530.jpg\" data-slide-type=\"image\"><a href=\"https:\/\/cdscweb.fr\/poneys-blackstone\/wp-content\/uploads\/1989_apple.jpg\" target=\"_blank\" aria-label=\"Voir les d\u00e9tails de la diapositive\" class=\"metaslider_image_link\"><img loading=\"lazy\" decoding=\"async\" src=\"https:\/\/cdscweb.fr\/poneys-blackstone\/wp-content\/uploads\/1989_apple-795x530.jpg\" height=\"600\" width=\"900\" alt=\"\" class=\"slider-2493 slide-2585 msDefaultImage\" title=\"APPLE 1 AN\" \/><\/a><div class=\"caption-wrap\"><div class=\"caption\">APPLE BLACKSTONE, 1 AN<\/div><\/div><\/li>\n                <li style=\"display: none; width: 100%;\" class=\"slide-2586 ms-image \" aria-roledescription=\"slide\" data-date=\"2023-08-09 18:26:31\" data-filename=\"1990_apple-800x533.jpg\" data-slide-type=\"image\"><a href=\"https:\/\/cdscweb.fr\/poneys-blackstone\/wp-content\/uploads\/1990_apple.jpg\" target=\"_blank\" aria-label=\"Voir les d\u00e9tails de la diapositive\" class=\"metaslider_image_link\"><img loading=\"lazy\" decoding=\"async\" src=\"https:\/\/cdscweb.fr\/poneys-blackstone\/wp-content\/uploads\/1990_apple-800x533.jpg\" height=\"600\" width=\"900\" alt=\"\" class=\"slider-2493 slide-2586 msDefaultImage\" title=\"1990_apple\" \/><\/a><div class=\"caption-wrap\"><div class=\"caption\">APPLE BLACKSTONE, 2 ANS, le portrait de son p\u00e8re !<\/div><\/div><\/li>\n                <li style=\"display: none; width: 100%;\" class=\"slide-2519 ms-image \" aria-roledescription=\"slide\" data-date=\"2023-08-09 15:22:33\" data-filename=\"1992_elvey-apple-800x533.jpg\" data-slide-type=\"image\"><a href=\"https:\/\/cdscweb.fr\/poneys-blackstone\/wp-content\/uploads\/1992_elvey-apple.jpg\" target=\"_blank\" aria-label=\"Voir les d\u00e9tails de la diapositive\" class=\"metaslider_image_link\"><img loading=\"lazy\" decoding=\"async\" src=\"https:\/\/cdscweb.fr\/poneys-blackstone\/wp-content\/uploads\/1992_elvey-apple-800x533.jpg\" height=\"600\" width=\"900\" alt=\"\" class=\"slider-2493 slide-2519 msDefaultImage\" title=\"1992_elvey-apple\" \/><\/a><div class=\"caption-wrap\"><div class=\"caption\">ELVEY BLACKSTONE avec sa m\u00e8re APPLE BLACKSTONE , 1992<\/div><\/div><\/li>\n                <li style=\"display: none; width: 100%;\" class=\"slide-2511 ms-image \" aria-roledescription=\"slide\" data-date=\"2023-08-09 15:22:32\" data-filename=\"1993_apple-800x533.jpg\" data-slide-type=\"image\"><a href=\"https:\/\/cdscweb.fr\/poneys-blackstone\/wp-content\/uploads\/1993_apple.jpg\" target=\"_blank\" aria-label=\"Voir les d\u00e9tails de la diapositive\" class=\"metaslider_image_link\"><img loading=\"lazy\" decoding=\"async\" src=\"https:\/\/cdscweb.fr\/poneys-blackstone\/wp-content\/uploads\/1993_apple-800x533.jpg\" height=\"600\" width=\"900\" alt=\"\" class=\"slider-2493 slide-2511 msDefaultImage\" title=\"1993_apple\" \/><\/a><div class=\"caption-wrap\"><div class=\"caption\">APPLE BLACKSTONE, 5 ANS<\/div><\/div><\/li>\n            <\/ul>\n        <\/div>\n        \n    <\/div>\n<\/div><\/div>\n","protected":false},"excerpt":{"rendered":"<p class=\"continue-reading-button\"> <a class=\"continue-reading-link\" href=\"https:\/\/cdscweb.fr\/poneys-blackstone\/krater-elvey\/apple-blackstone\/\">Lire<i class=\"crycon-right-dir\"><\/i><\/a><\/p>\n<div class='heateorSssClear'><\/div><div  class='heateor_sss_sharing_container heateor_sss_horizontal_sharing' data-heateor-sss-href='https:\/\/cdscweb.fr\/poneys-blackstone\/krater-elvey\/apple-blackstone\/'><div class='heateor_sss_sharing_title' style=\"font-weight:bold\" >Partagez !<\/div><div class=\"heateor_sss_sharing_ul\"><a aria-label=\"Facebook\" class=\"heateor_sss_facebook\" href=\"https:\/\/www.facebook.com\/sharer\/sharer.php?u=https%3A%2F%2Fcdscweb.fr%2Fponeys-blackstone%2Fkrater-elvey%2Fapple-blackstone%2F\" title=\"Facebook\" rel=\"nofollow noopener\" target=\"_blank\" style=\"font-size:32px!important;box-shadow:none;display:inline-block;vertical-align:middle\"><span class=\"heateor_sss_svg\" style=\"background-color:#0765FE;width:35px;height:35px;border-radius:999px;display:inline-block;opacity:1;float:left;font-size:32px;box-shadow:none;display:inline-block;font-size:16px;padding:0 4px;vertical-align:middle;background-repeat:repeat;overflow:hidden;padding:0;cursor:pointer;box-sizing:content-box\"><svg style=\"display:block;border-radius:999px;\" focusable=\"false\" aria-hidden=\"true\" xmlns=\"http:\/\/www.w3.org\/2000\/svg\" width=\"100%\" height=\"100%\" viewBox=\"0 0 32 32\"><path fill=\"#fff\" d=\"M28 16c0-6.627-5.373-12-12-12S4 9.373 4 16c0 5.628 3.875 10.35 9.101 11.647v-7.98h-2.474V16H13.1v-1.58c0-4.085 1.849-5.978 5.859-5.978.76 0 2.072.15 2.608.298v3.325c-.283-.03-.775-.045-1.386-.045-1.967 0-2.728.745-2.728 2.683V16h3.92l-.673 3.667h-3.247v8.245C23.395 27.195 28 22.135 28 16Z\"><\/path><\/svg><\/span><\/a><a aria-label=\"Instagram\" class=\"heateor_sss_button_instagram\" href=\"https:\/\/www.instagram.com\/\" title=\"Instagram\" rel=\"nofollow noopener\" target=\"_blank\" style=\"font-size:32px!important;box-shadow:none;display:inline-block;vertical-align:middle\"><span class=\"heateor_sss_svg\" style=\"background-color:#53beee;width:35px;height:35px;border-radius:999px;display:inline-block;opacity:1;float:left;font-size:32px;box-shadow:none;display:inline-block;font-size:16px;padding:0 4px;vertical-align:middle;background-repeat:repeat;overflow:hidden;padding:0;cursor:pointer;box-sizing:content-box\"><svg style=\"display:block;border-radius:999px;\" version=\"1.1\" viewBox=\"-10 -10 148 148\" width=\"100%\" height=\"100%\" xml:space=\"preserve\" xmlns=\"http:\/\/www.w3.org\/2000\/svg\" xmlns:xlink=\"http:\/\/www.w3.org\/1999\/xlink\"><g><g><path d=\"M86,112H42c-14.336,0-26-11.663-26-26V42c0-14.337,11.664-26,26-26h44c14.337,0,26,11.663,26,26v44 C112,100.337,100.337,112,86,112z M42,24c-9.925,0-18,8.074-18,18v44c0,9.925,8.075,18,18,18h44c9.926,0,18-8.075,18-18V42 c0-9.926-8.074-18-18-18H42z\" fill=\"#fff\"><\/path><\/g><g><path d=\"M64,88c-13.234,0-24-10.767-24-24c0-13.234,10.766-24,24-24s24,10.766,24,24C88,77.233,77.234,88,64,88z M64,48c-8.822,0-16,7.178-16,16s7.178,16,16,16c8.822,0,16-7.178,16-16S72.822,48,64,48z\" fill=\"#fff\"><\/path><\/g><g><circle cx=\"89.5\" cy=\"38.5\" fill=\"#fff\" r=\"5.5\"><\/circle><\/g><\/g><\/svg><\/span><\/a><a aria-label=\"Whatsapp\" class=\"heateor_sss_whatsapp\" href=\"https:\/\/api.whatsapp.com\/send?text=Apple%20Blackstone%20https%3A%2F%2Fcdscweb.fr%2Fponeys-blackstone%2Fkrater-elvey%2Fapple-blackstone%2F\" title=\"Whatsapp\" rel=\"nofollow noopener\" target=\"_blank\" style=\"font-size:32px!important;box-shadow:none;display:inline-block;vertical-align:middle\"><span class=\"heateor_sss_svg\" style=\"background-color:#55eb4c;width:35px;height:35px;border-radius:999px;display:inline-block;opacity:1;float:left;font-size:32px;box-shadow:none;display:inline-block;font-size:16px;padding:0 4px;vertical-align:middle;background-repeat:repeat;overflow:hidden;padding:0;cursor:pointer;box-sizing:content-box\"><svg style=\"display:block;border-radius:999px;\" focusable=\"false\" aria-hidden=\"true\" xmlns=\"http:\/\/www.w3.org\/2000\/svg\" width=\"100%\" height=\"100%\" viewBox=\"-6 -5 40 40\"><path class=\"heateor_sss_svg_stroke heateor_sss_no_fill\" stroke=\"#fff\" stroke-width=\"2\" fill=\"none\" d=\"M 11.579798566743314 24.396926207859085 A 10 10 0 1 0 6.808479557110079 20.73576436351046\"><\/path><path d=\"M 7 19 l -1 6 l 6 -1\" class=\"heateor_sss_no_fill heateor_sss_svg_stroke\" stroke=\"#fff\" stroke-width=\"2\" fill=\"none\"><\/path><path d=\"M 10 10 q -1 8 8 11 c 5 -1 0 -6 -1 -3 q -4 -3 -5 -5 c 4 -2 -1 -5 -1 -4\" fill=\"#fff\"><\/path><\/svg><\/span><\/a><a class=\"heateor_sss_more\" aria-label=\"More\" title=\"More\" rel=\"nofollow noopener\" style=\"font-size: 32px!important;border:0;box-shadow:none;display:inline-block!important;font-size:16px;padding:0 4px;vertical-align: middle;display:inline;\" href=\"https:\/\/cdscweb.fr\/poneys-blackstone\/krater-elvey\/apple-blackstone\/\" onclick=\"event.preventDefault()\"><span class=\"heateor_sss_svg\" style=\"background-color:#ee8e2d;width:35px;height:35px;border-radius:999px;display:inline-block!important;opacity:1;float:left;font-size:32px!important;box-shadow:none;display:inline-block;font-size:16px;padding:0 4px;vertical-align:middle;display:inline;background-repeat:repeat;overflow:hidden;padding:0;cursor:pointer;box-sizing:content-box;\" onclick=\"heateorSssMoreSharingPopup(this, 'https:\/\/cdscweb.fr\/poneys-blackstone\/krater-elvey\/apple-blackstone\/', 'Apple%20Blackstone', '' )\"><svg xmlns=\"http:\/\/www.w3.org\/2000\/svg\" xmlns:xlink=\"http:\/\/www.w3.org\/1999\/xlink\" viewBox=\"-.3 0 32 32\" version=\"1.1\" width=\"100%\" height=\"100%\" style=\"display:block;border-radius:999px;\" xml:space=\"preserve\"><g><path fill=\"#fff\" d=\"M18 14V8h-4v6H8v4h6v6h4v-6h6v-4h-6z\" fill-rule=\"evenodd\"><\/path><\/g><\/svg><\/span><\/a><\/div><div class=\"heateorSssClear\"><\/div><\/div><div class='heateorSssClear'><\/div>","protected":false},"author":1,"featured_media":1532,"parent":69,"menu_order":0,"comment_status":"closed","ping_status":"closed","template":"","meta":{"footnotes":""},"class_list":["post-17","page","type-page","status-publish","has-post-thumbnail","hentry"],"_links":{"self":[{"href":"https:\/\/cdscweb.fr\/poneys-blackstone\/wp-json\/wp\/v2\/pages\/17","targetHints":{"allow":["GET"]}}],"collection":[{"href":"https:\/\/cdscweb.fr\/poneys-blackstone\/wp-json\/wp\/v2\/pages"}],"about":[{"href":"https:\/\/cdscweb.fr\/poneys-blackstone\/wp-json\/wp\/v2\/types\/page"}],"author":[{"embeddable":true,"href":"https:\/\/cdscweb.fr\/poneys-blackstone\/wp-json\/wp\/v2\/users\/1"}],"replies":[{"embeddable":true,"href":"https:\/\/cdscweb.fr\/poneys-blackstone\/wp-json\/wp\/v2\/comments?post=17"}],"version-history":[{"count":18,"href":"https:\/\/cdscweb.fr\/poneys-blackstone\/wp-json\/wp\/v2\/pages\/17\/revisions"}],"predecessor-version":[{"id":3454,"href":"https:\/\/cdscweb.fr\/poneys-blackstone\/wp-json\/wp\/v2\/pages\/17\/revisions\/3454"}],"up":[{"embeddable":true,"href":"https:\/\/cdscweb.fr\/poneys-blackstone\/wp-json\/wp\/v2\/pages\/69"}],"wp:featuredmedia":[{"embeddable":true,"href":"https:\/\/cdscweb.fr\/poneys-blackstone\/wp-json\/wp\/v2\/media\/1532"}],"wp:attachment":[{"href":"https:\/\/cdscweb.fr\/poneys-blackstone\/wp-json\/wp\/v2\/media?parent=17"}],"curies":[{"name":"wp","href":"https:\/\/api.w.org\/{rel}","templated":true}]}}