{"id":11,"date":"2018-05-30T15:20:22","date_gmt":"2018-05-30T13:20:22","guid":{"rendered":"http:\/\/cdscweb.fr\/poneys-blackstone\/?page_id=11"},"modified":"2025-02-24T16:39:03","modified_gmt":"2025-02-24T15:39:03","slug":"oscar-v","status":"publish","type":"page","link":"https:\/\/cdscweb.fr\/poneys-blackstone\/etalons\/oscar-v\/","title":{"rendered":"Oscar V"},"content":{"rendered":"\n<div class=\"wp-block-columns is-layout-flex wp-container-core-columns-is-layout-9d6595d7 wp-block-columns-is-layout-flex\">\n<div class=\"wp-block-column is-layout-flow wp-block-column-is-layout-flow\">\n<figure class=\"wp-block-image size-full is-style-rounded\"><img loading=\"lazy\" decoding=\"async\" width=\"800\" height=\"545\" src=\"https:\/\/cdscweb.fr\/poneys-blackstone\/wp-content\/uploads\/1989_oscar.jpg\" alt=\"\" class=\"wp-image-1459\" srcset=\"https:\/\/cdscweb.fr\/poneys-blackstone\/wp-content\/uploads\/1989_oscar.jpg 800w, https:\/\/cdscweb.fr\/poneys-blackstone\/wp-content\/uploads\/1989_oscar-300x204.jpg 300w, https:\/\/cdscweb.fr\/poneys-blackstone\/wp-content\/uploads\/1989_oscar-768x523.jpg 768w, https:\/\/cdscweb.fr\/poneys-blackstone\/wp-content\/uploads\/1989_oscar-220x150.jpg 220w\" sizes=\"auto, (max-width: 800px) 100vw, 800px\" \/><\/figure>\n<\/div>\n\n\n\n<div class=\"wp-block-column is-layout-flow wp-block-column-is-layout-flow\">\n<p class=\"has-text-align-center\"><strong>Welsh Mountain<\/strong><\/p>\n\n\n\n<p class=\"has-text-align-center\"><strong>Gris<\/strong><\/p>\n\n\n\n<p class=\"has-text-align-center\"><strong>1 m 15<\/strong><\/p>\n\n\n\n<p class=\"has-text-align-center\"><strong>1980 &#8211; 1996<\/strong><\/p>\n\n\n\n<p class=\"has-text-align-center\"><strong>par COED COCH DAFARN <\/strong><\/p>\n\n\n\n<p class=\"has-text-align-center\"><strong>et COED COCH NORMA<\/strong><\/p>\n\n\n\n<p class=\"has-text-align-center\"><strong><em><a rel=\"noreferrer noopener\" href=\"https:\/\/cdscweb.fr\/poneys-blackstone\/wp-content\/uploads\/oscar-v.pdf\" target=\"_blank\">Voir sa fiche<\/a><\/em><\/strong><\/p>\n<\/div>\n<\/div>\n\n\n\n<div style=\"height:30px\" aria-hidden=\"true\" class=\"wp-block-spacer\"><\/div>\n\n\n<div class=\"wp-block-image\">\n<figure class=\"aligncenter size-full\"><a href=\"https:\/\/infochevaux.ifce.fr\/fr\/oscar-v-v21DssoJQaeG5C4IPz4Lmg\/infos-generales\" target=\"_blank\" rel=\"noreferrer noopener\"><img loading=\"lazy\" decoding=\"async\" width=\"950\" height=\"157\" src=\"https:\/\/cdscweb.fr\/poneys-blackstone\/wp-content\/uploads\/oscar_pedigree.jpg\" alt=\"\" class=\"wp-image-2446\" title=\"Voir sa page IFCE\" srcset=\"https:\/\/cdscweb.fr\/poneys-blackstone\/wp-content\/uploads\/oscar_pedigree.jpg 950w, https:\/\/cdscweb.fr\/poneys-blackstone\/wp-content\/uploads\/oscar_pedigree-300x50.jpg 300w, https:\/\/cdscweb.fr\/poneys-blackstone\/wp-content\/uploads\/oscar_pedigree-768x127.jpg 768w, https:\/\/cdscweb.fr\/poneys-blackstone\/wp-content\/uploads\/oscar_pedigree-150x25.jpg 150w\" sizes=\"auto, (max-width: 950px) 100vw, 950px\" \/><\/a><\/figure>\n<\/div>\n\n\n<div style=\"height:30px\" aria-hidden=\"true\" class=\"wp-block-spacer\"><\/div>\n\n\n\n<p class=\"has-text-align-center\">Achet\u00e9 \u00e0 2 ans, il devient un vaillant petit poney d\u2019attelage, gagnant en Concours Complet de 1985 \u00e0 1990. <br>\u00c9talon maison, il est le p\u00e8re de&nbsp;<em><a href=\"https:\/\/cdscweb.fr\/poneys-blackstone\/krater-elvey\/apple-blackstone\/\">APPLE<\/a><\/em>&nbsp;et&nbsp;<em><a href=\"https:\/\/cdscweb.fr\/poneys-blackstone\/krater-elvey\/flipper-blackstone\/\">FLIPPER BLACKSTONE<\/a><\/em>,&nbsp;<em><a href=\"https:\/\/cdscweb.fr\/poneys-blackstone\/krater-elvey\/image-doscar\/\" target=\"_blank\" rel=\"noreferrer noopener\">IMAGE d&rsquo;OSCAR<\/a><\/em>, mais aussi de plusieurs poneys <br>de sport et de loisir :&nbsp;<em>Sydney IV<\/em>,&nbsp;<em>Urbino III<\/em>,&nbsp;<em>Vicomte Oscar<\/em>,&nbsp;<em>Cross de Royan<\/em>\u2026<\/p>\n\n\n\n<p class=\"has-text-align-center\">H\u00e9las une piroplasmose chronique l\u2019emp\u00eache de continuer sa carri\u00e8re sportive, <br>il se consacre uniquement \u00e0 la reproduction de 1990 \u00e0 1996, et d\u00e9c\u00e8de des s\u00e9quelles de sa maladie.<\/p>\n\n\n\n<p class=\"has-text-align-right\"><em><em>Sur ordinateur : survolez le diaporama pour le mettre en pause,<br>cliquez sur une image pour l\u2019ouvrir dans un nouvel onglet<\/em><br><em>et n&rsquo;h\u00e9sitez pas \u00e0 passer en plein \u00e9cran.<\/em><\/em><\/p>\n\n\n\n<div class=\"alignnormal\"><div id=\"metaslider-id-2407\" style=\"width: 100%;\" class=\"ml-slider-3-108-0 metaslider metaslider-flex metaslider-2407 ml-slider has-dots-nav ms-theme-default\" role=\"region\" aria-label=\"Oscar V\" data-height=\"600\" data-width=\"900\">\n    <div id=\"metaslider_container_2407\">\n        <div id=\"metaslider_2407\">\n            <ul class='slides'>\n                <li style=\"display: block; width: 100%;\" class=\"slide-2442 ms-image \" aria-roledescription=\"slide\" data-date=\"2023-08-09 13:53:58\" data-filename=\"coed-coch-glyndwr-297x198.jpg\" data-slide-type=\"image\"><a href=\"https:\/\/cdscweb.fr\/poneys-blackstone\/wp-content\/uploads\/coed-coch-glyndwr.jpg\" target=\"_blank\" aria-label=\"Voir les d\u00e9tails de la diapositive\" class=\"metaslider_image_link\"><img loading=\"lazy\" decoding=\"async\" src=\"https:\/\/cdscweb.fr\/poneys-blackstone\/wp-content\/uploads\/coed-coch-glyndwr-297x198.jpg\" height=\"600\" width=\"900\" alt=\"\" class=\"slider-2407 slide-2442 msDefaultImage\" title=\"coed-coch-glyndwr\" \/><\/a><div class=\"caption-wrap\"><div class=\"caption\">COED COCH GLYNDWR, anc\u00eatre majeur<\/div><\/div><\/li>\n                <li style=\"display: none; width: 100%;\" class=\"slide-2440 ms-image \" aria-roledescription=\"slide\" data-date=\"2023-08-09 13:52:45\" data-filename=\"coed-coch-madog-269x179.jpg\" data-slide-type=\"image\"><a href=\"https:\/\/cdscweb.fr\/poneys-blackstone\/wp-content\/uploads\/coed-coch-madog.jpg\" target=\"_blank\" aria-label=\"Voir les d\u00e9tails de la diapositive\" class=\"metaslider_image_link\"><img loading=\"lazy\" decoding=\"async\" src=\"https:\/\/cdscweb.fr\/poneys-blackstone\/wp-content\/uploads\/coed-coch-madog-269x179.jpg\" height=\"600\" width=\"900\" alt=\"\" class=\"slider-2407 slide-2440 msDefaultImage\" title=\"coed-coch-madog\" \/><\/a><div class=\"caption-wrap\"><div class=\"caption\">COED COCH MADOG, anc\u00eatre majeur<\/div><\/div><\/li>\n                <li style=\"display: none; width: 100%;\" class=\"slide-2436 ms-image \" aria-roledescription=\"slide\" data-date=\"2023-08-09 13:49:29\" data-filename=\"coed-coch-dafarn1-502x334.jpg\" data-slide-type=\"image\"><a href=\"https:\/\/cdscweb.fr\/poneys-blackstone\/wp-content\/uploads\/coed-coch-dafarn1.jpg\" target=\"_blank\" aria-label=\"Voir les d\u00e9tails de la diapositive\" class=\"metaslider_image_link\"><img loading=\"lazy\" decoding=\"async\" src=\"https:\/\/cdscweb.fr\/poneys-blackstone\/wp-content\/uploads\/coed-coch-dafarn1-502x334.jpg\" height=\"600\" width=\"900\" alt=\"\" class=\"slider-2407 slide-2436 msDefaultImage\" title=\"coed-coch-dafarn1\" \/><\/a><div class=\"caption-wrap\"><div class=\"caption\">COED COCH DAFARN, p\u00e8re de OSCAR V<\/div><\/div><\/li>\n                <li style=\"display: none; width: 100%;\" class=\"slide-2438 ms-image \" aria-roledescription=\"slide\" data-date=\"2023-08-09 13:50:17\" data-filename=\"coed-coch-dafarn2-562x374.jpg\" data-slide-type=\"image\"><a href=\"https:\/\/cdscweb.fr\/poneys-blackstone\/wp-content\/uploads\/coed-coch-dafarn2.jpg\" target=\"_blank\" aria-label=\"Voir les d\u00e9tails de la diapositive\" class=\"metaslider_image_link\"><img loading=\"lazy\" decoding=\"async\" src=\"https:\/\/cdscweb.fr\/poneys-blackstone\/wp-content\/uploads\/coed-coch-dafarn2-562x374.jpg\" height=\"600\" width=\"900\" alt=\"\" class=\"slider-2407 slide-2438 msDefaultImage\" title=\"coed-coch-dafarn2\" \/><\/a><div class=\"caption-wrap\"><div class=\"caption\">COED COCH DAFARN, p\u00e8re de OSCAR V<\/div><\/div><\/li>\n                <li style=\"display: none; width: 100%;\" class=\"slide-2445 ms-image \" aria-roledescription=\"slide\" data-date=\"2023-08-09 14:03:07\" data-filename=\"coed-coch-saled-269x179.jpg\" data-slide-type=\"image\"><a href=\"https:\/\/cdscweb.fr\/poneys-blackstone\/wp-content\/uploads\/coed-coch-saled.jpg\" target=\"_blank\" aria-label=\"Voir les d\u00e9tails de la diapositive\" class=\"metaslider_image_link\"><img loading=\"lazy\" decoding=\"async\" src=\"https:\/\/cdscweb.fr\/poneys-blackstone\/wp-content\/uploads\/coed-coch-saled-269x179.jpg\" height=\"600\" width=\"900\" alt=\"\" class=\"slider-2407 slide-2445 msDefaultImage\" title=\"coed-coch-saled\" \/><\/a><div class=\"caption-wrap\"><div class=\"caption\">COED COCH SALED, 1\/2 fr\u00e8re de COED COCH NORMA<\/div><\/div><\/li>\n                <li style=\"display: none; width: 100%;\" class=\"slide-2412 ms-image \" aria-roledescription=\"slide\" data-date=\"2023-08-09 13:13:14\" data-filename=\"allures-800x533.jpg\" data-slide-type=\"image\"><a href=\"https:\/\/cdscweb.fr\/poneys-blackstone\/wp-content\/uploads\/allures.jpg\" target=\"_blank\" aria-label=\"Voir les d\u00e9tails de la diapositive\" class=\"metaslider_image_link\"><img loading=\"lazy\" decoding=\"async\" src=\"https:\/\/cdscweb.fr\/poneys-blackstone\/wp-content\/uploads\/allures-800x533.jpg\" height=\"600\" width=\"900\" alt=\"\" class=\"slider-2407 slide-2412 msDefaultImage\" title=\"OSCAR entra\u00eenement\" \/><\/a><div class=\"caption-wrap\"><div class=\"caption\">OSCAR V p\u00e8re de APPLE et FLIPPER BLACKSTONE, IMAGE d\u2018OSCAR<\/div><\/div><\/li>\n                <li style=\"display: none; width: 100%;\" class=\"slide-2414 ms-image \" aria-roledescription=\"slide\" data-date=\"2023-08-09 13:13:14\" data-filename=\"1986_oscar-sandra-799x533.jpg\" data-slide-type=\"image\"><a href=\"https:\/\/cdscweb.fr\/poneys-blackstone\/wp-content\/uploads\/1986_oscar-sandra.jpg\" target=\"_blank\" aria-label=\"Voir les d\u00e9tails de la diapositive\" class=\"metaslider_image_link\"><img loading=\"lazy\" decoding=\"async\" src=\"https:\/\/cdscweb.fr\/poneys-blackstone\/wp-content\/uploads\/1986_oscar-sandra-799x533.jpg\" height=\"600\" width=\"900\" alt=\"\" class=\"slider-2407 slide-2414 msDefaultImage\" title=\"1986_oscar-sandra\" \/><\/a><div class=\"caption-wrap\"><div class=\"caption\">Avec Sandra, sa plus petite cavali\u00e8re.<\/div><\/div><\/li>\n                <li style=\"display: none; width: 100%;\" class=\"slide-2415 ms-image \" aria-roledescription=\"slide\" data-date=\"2023-08-09 13:13:14\" data-filename=\"1986_oscar-chatminou-800x533.jpg\" data-slide-type=\"image\"><a href=\"https:\/\/cdscweb.fr\/poneys-blackstone\/wp-content\/uploads\/1986_oscar-chatminou.jpg\" target=\"_blank\" aria-label=\"Voir les d\u00e9tails de la diapositive\" class=\"metaslider_image_link\"><img loading=\"lazy\" decoding=\"async\" src=\"https:\/\/cdscweb.fr\/poneys-blackstone\/wp-content\/uploads\/1986_oscar-chatminou-800x533.jpg\" height=\"600\" width=\"900\" alt=\"\" class=\"slider-2407 slide-2415 msDefaultImage\" title=\"1986_oscar-chatminou\" \/><\/a><div class=\"caption-wrap\"><div class=\"caption\">Avec son chat<\/div><\/div><\/li>\n                <li style=\"display: none; width: 100%;\" class=\"slide-2417 ms-image \" aria-roledescription=\"slide\" data-date=\"2023-08-09 13:13:14\" data-filename=\"1986_krater-oscar-775x517.jpg\" data-slide-type=\"image\"><a href=\"https:\/\/cdscweb.fr\/poneys-blackstone\/wp-content\/uploads\/1986_krater-oscar.jpg\" target=\"_blank\" aria-label=\"Voir les d\u00e9tails de la diapositive\" class=\"metaslider_image_link\"><img loading=\"lazy\" decoding=\"async\" src=\"https:\/\/cdscweb.fr\/poneys-blackstone\/wp-content\/uploads\/1986_krater-oscar-775x517.jpg\" height=\"600\" width=\"900\" alt=\"\" class=\"slider-2407 slide-2417 msDefaultImage\" title=\"1986_krater-oscar\" \/><\/a><div class=\"caption-wrap\"><div class=\"caption\">KRATER ELVEY &amp; OSCAR V, parents de APPLE et FLIPPER BLACKSTONE, IMAGE d'OSCAR<\/div><\/div><\/li>\n                <li style=\"display: none; width: 100%;\" class=\"slide-2416 ms-image \" aria-roledescription=\"slide\" data-date=\"2023-08-09 13:13:14\" data-filename=\"1988_oscar-800x533.jpg\" data-slide-type=\"image\"><a href=\"https:\/\/cdscweb.fr\/poneys-blackstone\/wp-content\/uploads\/1988_oscar.jpg\" target=\"_blank\" aria-label=\"Voir les d\u00e9tails de la diapositive\" class=\"metaslider_image_link\"><img loading=\"lazy\" decoding=\"async\" src=\"https:\/\/cdscweb.fr\/poneys-blackstone\/wp-content\/uploads\/1988_oscar-800x533.jpg\" height=\"600\" width=\"900\" alt=\"\" class=\"slider-2407 slide-2416 msDefaultImage\" title=\"1988_oscar\" \/><\/a><div class=\"caption-wrap\"><div class=\"caption\">Oscar \u00e9tait une excellente nounou pour les poulains au sevrage.<\/div><\/div><\/li>\n                <li style=\"display: none; width: 100%;\" class=\"slide-2411 ms-image \" aria-roledescription=\"slide\" data-date=\"2023-08-09 13:13:14\" data-filename=\"1989_oscar-800x533.jpg\" data-slide-type=\"image\"><a href=\"https:\/\/cdscweb.fr\/poneys-blackstone\/wp-content\/uploads\/1989_oscar.jpg\" target=\"_blank\" aria-label=\"Voir les d\u00e9tails de la diapositive\" class=\"metaslider_image_link\"><img loading=\"lazy\" decoding=\"async\" src=\"https:\/\/cdscweb.fr\/poneys-blackstone\/wp-content\/uploads\/1989_oscar-800x533.jpg\" height=\"600\" width=\"900\" alt=\"\" class=\"slider-2407 slide-2411 msDefaultImage\" title=\"1989_oscar\" \/><\/a><div class=\"caption-wrap\"><div class=\"caption\">Un de ses derniers concours.<\/div><\/div><\/li>\n            <\/ul>\n        <\/div>\n        \n    <\/div>\n<\/div><\/div>\n","protected":false},"excerpt":{"rendered":"<p class=\"continue-reading-button\"> <a class=\"continue-reading-link\" href=\"https:\/\/cdscweb.fr\/poneys-blackstone\/etalons\/oscar-v\/\">Lire<i class=\"crycon-right-dir\"><\/i><\/a><\/p>\n<div class='heateorSssClear'><\/div><div  class='heateor_sss_sharing_container heateor_sss_horizontal_sharing' data-heateor-sss-href='https:\/\/cdscweb.fr\/poneys-blackstone\/etalons\/oscar-v\/'><div class='heateor_sss_sharing_title' style=\"font-weight:bold\" >Partagez !<\/div><div class=\"heateor_sss_sharing_ul\"><a aria-label=\"Facebook\" class=\"heateor_sss_facebook\" href=\"https:\/\/www.facebook.com\/sharer\/sharer.php?u=https%3A%2F%2Fcdscweb.fr%2Fponeys-blackstone%2Fetalons%2Foscar-v%2F\" title=\"Facebook\" rel=\"nofollow noopener\" target=\"_blank\" style=\"font-size:32px!important;box-shadow:none;display:inline-block;vertical-align:middle\"><span class=\"heateor_sss_svg\" style=\"background-color:#0765FE;width:35px;height:35px;border-radius:999px;display:inline-block;opacity:1;float:left;font-size:32px;box-shadow:none;display:inline-block;font-size:16px;padding:0 4px;vertical-align:middle;background-repeat:repeat;overflow:hidden;padding:0;cursor:pointer;box-sizing:content-box\"><svg style=\"display:block;border-radius:999px;\" focusable=\"false\" aria-hidden=\"true\" xmlns=\"http:\/\/www.w3.org\/2000\/svg\" width=\"100%\" height=\"100%\" viewBox=\"0 0 32 32\"><path fill=\"#fff\" d=\"M28 16c0-6.627-5.373-12-12-12S4 9.373 4 16c0 5.628 3.875 10.35 9.101 11.647v-7.98h-2.474V16H13.1v-1.58c0-4.085 1.849-5.978 5.859-5.978.76 0 2.072.15 2.608.298v3.325c-.283-.03-.775-.045-1.386-.045-1.967 0-2.728.745-2.728 2.683V16h3.92l-.673 3.667h-3.247v8.245C23.395 27.195 28 22.135 28 16Z\"><\/path><\/svg><\/span><\/a><a aria-label=\"Instagram\" class=\"heateor_sss_button_instagram\" href=\"https:\/\/www.instagram.com\/\" title=\"Instagram\" rel=\"nofollow noopener\" target=\"_blank\" style=\"font-size:32px!important;box-shadow:none;display:inline-block;vertical-align:middle\"><span class=\"heateor_sss_svg\" style=\"background-color:#53beee;width:35px;height:35px;border-radius:999px;display:inline-block;opacity:1;float:left;font-size:32px;box-shadow:none;display:inline-block;font-size:16px;padding:0 4px;vertical-align:middle;background-repeat:repeat;overflow:hidden;padding:0;cursor:pointer;box-sizing:content-box\"><svg style=\"display:block;border-radius:999px;\" version=\"1.1\" viewBox=\"-10 -10 148 148\" width=\"100%\" height=\"100%\" xml:space=\"preserve\" xmlns=\"http:\/\/www.w3.org\/2000\/svg\" xmlns:xlink=\"http:\/\/www.w3.org\/1999\/xlink\"><g><g><path d=\"M86,112H42c-14.336,0-26-11.663-26-26V42c0-14.337,11.664-26,26-26h44c14.337,0,26,11.663,26,26v44 C112,100.337,100.337,112,86,112z M42,24c-9.925,0-18,8.074-18,18v44c0,9.925,8.075,18,18,18h44c9.926,0,18-8.075,18-18V42 c0-9.926-8.074-18-18-18H42z\" fill=\"#fff\"><\/path><\/g><g><path d=\"M64,88c-13.234,0-24-10.767-24-24c0-13.234,10.766-24,24-24s24,10.766,24,24C88,77.233,77.234,88,64,88z M64,48c-8.822,0-16,7.178-16,16s7.178,16,16,16c8.822,0,16-7.178,16-16S72.822,48,64,48z\" fill=\"#fff\"><\/path><\/g><g><circle cx=\"89.5\" cy=\"38.5\" fill=\"#fff\" r=\"5.5\"><\/circle><\/g><\/g><\/svg><\/span><\/a><a aria-label=\"Whatsapp\" class=\"heateor_sss_whatsapp\" href=\"https:\/\/api.whatsapp.com\/send?text=Oscar%20V%20https%3A%2F%2Fcdscweb.fr%2Fponeys-blackstone%2Fetalons%2Foscar-v%2F\" title=\"Whatsapp\" rel=\"nofollow noopener\" target=\"_blank\" style=\"font-size:32px!important;box-shadow:none;display:inline-block;vertical-align:middle\"><span class=\"heateor_sss_svg\" style=\"background-color:#55eb4c;width:35px;height:35px;border-radius:999px;display:inline-block;opacity:1;float:left;font-size:32px;box-shadow:none;display:inline-block;font-size:16px;padding:0 4px;vertical-align:middle;background-repeat:repeat;overflow:hidden;padding:0;cursor:pointer;box-sizing:content-box\"><svg style=\"display:block;border-radius:999px;\" focusable=\"false\" aria-hidden=\"true\" xmlns=\"http:\/\/www.w3.org\/2000\/svg\" width=\"100%\" height=\"100%\" viewBox=\"-6 -5 40 40\"><path class=\"heateor_sss_svg_stroke heateor_sss_no_fill\" stroke=\"#fff\" stroke-width=\"2\" fill=\"none\" d=\"M 11.579798566743314 24.396926207859085 A 10 10 0 1 0 6.808479557110079 20.73576436351046\"><\/path><path d=\"M 7 19 l -1 6 l 6 -1\" class=\"heateor_sss_no_fill heateor_sss_svg_stroke\" stroke=\"#fff\" stroke-width=\"2\" fill=\"none\"><\/path><path d=\"M 10 10 q -1 8 8 11 c 5 -1 0 -6 -1 -3 q -4 -3 -5 -5 c 4 -2 -1 -5 -1 -4\" fill=\"#fff\"><\/path><\/svg><\/span><\/a><a class=\"heateor_sss_more\" aria-label=\"More\" title=\"More\" rel=\"nofollow noopener\" style=\"font-size: 32px!important;border:0;box-shadow:none;display:inline-block!important;font-size:16px;padding:0 4px;vertical-align: middle;display:inline;\" href=\"https:\/\/cdscweb.fr\/poneys-blackstone\/etalons\/oscar-v\/\" onclick=\"event.preventDefault()\"><span class=\"heateor_sss_svg\" style=\"background-color:#ee8e2d;width:35px;height:35px;border-radius:999px;display:inline-block!important;opacity:1;float:left;font-size:32px!important;box-shadow:none;display:inline-block;font-size:16px;padding:0 4px;vertical-align:middle;display:inline;background-repeat:repeat;overflow:hidden;padding:0;cursor:pointer;box-sizing:content-box;\" onclick=\"heateorSssMoreSharingPopup(this, 'https:\/\/cdscweb.fr\/poneys-blackstone\/etalons\/oscar-v\/', 'Oscar%20V', '' )\"><svg xmlns=\"http:\/\/www.w3.org\/2000\/svg\" xmlns:xlink=\"http:\/\/www.w3.org\/1999\/xlink\" viewBox=\"-.3 0 32 32\" version=\"1.1\" width=\"100%\" height=\"100%\" style=\"display:block;border-radius:999px;\" xml:space=\"preserve\"><g><path fill=\"#fff\" d=\"M18 14V8h-4v6H8v4h6v6h4v-6h6v-4h-6z\" fill-rule=\"evenodd\"><\/path><\/g><\/svg><\/span><\/a><\/div><div class=\"heateorSssClear\"><\/div><\/div><div class='heateorSssClear'><\/div>","protected":false},"author":1,"featured_media":0,"parent":2174,"menu_order":0,"comment_status":"closed","ping_status":"closed","template":"","meta":{"footnotes":""},"class_list":["post-11","page","type-page","status-publish","hentry"],"_links":{"self":[{"href":"https:\/\/cdscweb.fr\/poneys-blackstone\/wp-json\/wp\/v2\/pages\/11","targetHints":{"allow":["GET"]}}],"collection":[{"href":"https:\/\/cdscweb.fr\/poneys-blackstone\/wp-json\/wp\/v2\/pages"}],"about":[{"href":"https:\/\/cdscweb.fr\/poneys-blackstone\/wp-json\/wp\/v2\/types\/page"}],"author":[{"embeddable":true,"href":"https:\/\/cdscweb.fr\/poneys-blackstone\/wp-json\/wp\/v2\/users\/1"}],"replies":[{"embeddable":true,"href":"https:\/\/cdscweb.fr\/poneys-blackstone\/wp-json\/wp\/v2\/comments?post=11"}],"version-history":[{"count":20,"href":"https:\/\/cdscweb.fr\/poneys-blackstone\/wp-json\/wp\/v2\/pages\/11\/revisions"}],"predecessor-version":[{"id":3452,"href":"https:\/\/cdscweb.fr\/poneys-blackstone\/wp-json\/wp\/v2\/pages\/11\/revisions\/3452"}],"up":[{"embeddable":true,"href":"https:\/\/cdscweb.fr\/poneys-blackstone\/wp-json\/wp\/v2\/pages\/2174"}],"wp:attachment":[{"href":"https:\/\/cdscweb.fr\/poneys-blackstone\/wp-json\/wp\/v2\/media?parent=11"}],"curies":[{"name":"wp","href":"https:\/\/api.w.org\/{rel}","templated":true}]}}