{"id":1005,"date":"2020-06-20T18:17:53","date_gmt":"2020-06-20T16:17:53","guid":{"rendered":"http:\/\/cdscweb.fr\/poneys-blackstone\/?page_id=1005"},"modified":"2025-05-24T09:46:36","modified_gmt":"2025-05-24T07:46:36","slug":"westaire-tolomeo","status":"publish","type":"page","link":"https:\/\/cdscweb.fr\/poneys-blackstone\/etalons\/les-autres-etalons-utilises\/westaire-tolomeo\/","title":{"rendered":"Westaire Tolomeo (Welsh Pony)"},"content":{"rendered":"\n<p class=\"has-text-align-center\"><strong>Welsh Pony , 2011<\/strong><br><strong>Palomino, <\/strong><strong>1 m 32&nbsp;<\/strong><br><strong>par STOAK TYROL et WESTAIRE SAFFRON LACE<br><a href=\"https:\/\/cdscweb.fr\/poneys-blackstone\/les-indices\/\" target=\"_blank\" rel=\"noopener noreferrer\">IPO = 111<\/a><br><a href=\"https:\/\/infochevaux.ifce.fr\/fr\/westaire-tolomeo-4MCfC263QmKeubOHSulSmQ\/pedigree-et-chevaux-associes\/pedigree-3-generations\" target=\"_blank\" rel=\"noopener noreferrer\"><em>Voir son pedigree (3 g\u00e9n\u00e9rations)<\/em><\/a><\/strong><\/p>\n\n\n\n<p class=\"has-text-align-center\">P\u00e8re de <a href=\"https:\/\/cdscweb.fr\/poneys-blackstone\/blackstone-la-tex\/\"><em><strong>BLACKSTONE LA TEX<\/strong><\/em><\/a>, par&nbsp;<a href=\"https:\/\/cdscweb.fr\/poneys-blackstone\/kinup-du-casteras\/\" target=\"_blank\" rel=\"noopener noreferrer\"><em><strong>KINUP du CAST\u00c9RAS<\/strong><\/em><\/a><\/p>\n\n\n<div class=\"wp-block-image\">\n<figure class=\"aligncenter\"><img loading=\"lazy\" decoding=\"async\" width=\"400\" height=\"600\" src=\"https:\/\/cdscweb.fr\/poneys-blackstone\/wp-content\/uploads\/westaire-tolomeo.jpg\" alt=\"\" class=\"wp-image-1284\" srcset=\"https:\/\/cdscweb.fr\/poneys-blackstone\/wp-content\/uploads\/westaire-tolomeo.jpg 400w, https:\/\/cdscweb.fr\/poneys-blackstone\/wp-content\/uploads\/westaire-tolomeo-200x300.jpg 200w, https:\/\/cdscweb.fr\/poneys-blackstone\/wp-content\/uploads\/westaire-tolomeo-100x150.jpg 100w\" sizes=\"auto, (max-width: 400px) 100vw, 400px\" \/><\/figure>\n<\/div>\n\n\n<p class=\"has-text-align-center\">Issu de lign\u00e9es Show reconnues outre-Manche<br>mais \u00e9galement test\u00e9 en sport en France<br>pour avoir concouru sur les circuits Cycle Classique Jeunes Poneys (CSO) \u00e0 4 et 5 ans.<\/p>\n\n\n\n<figure class=\"wp-block-gallery has-nested-images columns-default is-cropped wp-block-gallery-1 is-layout-flex wp-block-gallery-is-layout-flex\">\n<figure class=\"wp-block-image size-large is-style-rounded\"><a href=\"https:\/\/cdscweb.fr\/poneys-blackstone\/wp-content\/uploads\/stoak-tyrol_2.jpg\" target=\"_blank\" rel=\" noreferrer noopener\"><img loading=\"lazy\" decoding=\"async\" width=\"501\" height=\"501\" data-id=\"3566\" src=\"https:\/\/cdscweb.fr\/poneys-blackstone\/wp-content\/uploads\/stoak-tyrol_2.jpg\" alt=\"\" class=\"wp-image-3566\" srcset=\"https:\/\/cdscweb.fr\/poneys-blackstone\/wp-content\/uploads\/stoak-tyrol_2.jpg 501w, https:\/\/cdscweb.fr\/poneys-blackstone\/wp-content\/uploads\/stoak-tyrol_2-300x300.jpg 300w, https:\/\/cdscweb.fr\/poneys-blackstone\/wp-content\/uploads\/stoak-tyrol_2-150x150.jpg 150w\" sizes=\"auto, (max-width: 501px) 100vw, 501px\" \/><\/a><figcaption class=\"wp-element-caption\">STOAK TYROL<br>p\u00e8re de Tolomeo<\/figcaption><\/figure>\n\n\n\n<figure class=\"wp-block-image size-large is-style-rounded\"><a href=\"https:\/\/cdscweb.fr\/poneys-blackstone\/wp-content\/uploads\/lemonshill-hylight.jpg\" target=\"_blank\" rel=\" noreferrer noopener\"><img loading=\"lazy\" decoding=\"async\" width=\"464\" height=\"464\" data-id=\"3565\" src=\"https:\/\/cdscweb.fr\/poneys-blackstone\/wp-content\/uploads\/lemonshill-hylight.jpg\" alt=\"\" class=\"wp-image-3565\" srcset=\"https:\/\/cdscweb.fr\/poneys-blackstone\/wp-content\/uploads\/lemonshill-hylight.jpg 464w, https:\/\/cdscweb.fr\/poneys-blackstone\/wp-content\/uploads\/lemonshill-hylight-300x300.jpg 300w, https:\/\/cdscweb.fr\/poneys-blackstone\/wp-content\/uploads\/lemonshill-hylight-150x150.jpg 150w\" sizes=\"auto, (max-width: 464px) 100vw, 464px\" \/><\/a><figcaption class=\"wp-element-caption\">LEMONSHILL HYLIGHT<br>p\u00e8re de Stoak Tyrol<\/figcaption><\/figure>\n\n\n\n<figure class=\"wp-block-image size-large is-style-rounded\"><a href=\"https:\/\/cdscweb.fr\/poneys-blackstone\/wp-content\/uploads\/stoak-taffetta.jpg\" target=\"_blank\" rel=\" noreferrer noopener\"><img loading=\"lazy\" decoding=\"async\" width=\"682\" height=\"682\" data-id=\"3567\" src=\"https:\/\/cdscweb.fr\/poneys-blackstone\/wp-content\/uploads\/stoak-taffetta.jpg\" alt=\"\" class=\"wp-image-3567\" srcset=\"https:\/\/cdscweb.fr\/poneys-blackstone\/wp-content\/uploads\/stoak-taffetta.jpg 682w, https:\/\/cdscweb.fr\/poneys-blackstone\/wp-content\/uploads\/stoak-taffetta-300x300.jpg 300w, https:\/\/cdscweb.fr\/poneys-blackstone\/wp-content\/uploads\/stoak-taffetta-150x150.jpg 150w\" sizes=\"auto, (max-width: 682px) 100vw, 682px\" \/><\/a><figcaption class=\"wp-element-caption\">STOAK TAFFETA<br>m\u00e8re de Stoak Tyrol<\/figcaption><\/figure>\n<\/figure>\n","protected":false},"excerpt":{"rendered":"<p class=\"continue-reading-button\"> <a class=\"continue-reading-link\" href=\"https:\/\/cdscweb.fr\/poneys-blackstone\/etalons\/les-autres-etalons-utilises\/westaire-tolomeo\/\">Lire<i class=\"crycon-right-dir\"><\/i><\/a><\/p>\n<div class='heateorSssClear'><\/div><div  class='heateor_sss_sharing_container heateor_sss_horizontal_sharing' data-heateor-sss-href='https:\/\/cdscweb.fr\/poneys-blackstone\/etalons\/les-autres-etalons-utilises\/westaire-tolomeo\/'><div class='heateor_sss_sharing_title' style=\"font-weight:bold\" >Partagez !<\/div><div class=\"heateor_sss_sharing_ul\"><a aria-label=\"Facebook\" class=\"heateor_sss_facebook\" href=\"https:\/\/www.facebook.com\/sharer\/sharer.php?u=https%3A%2F%2Fcdscweb.fr%2Fponeys-blackstone%2Fetalons%2Fles-autres-etalons-utilises%2Fwestaire-tolomeo%2F\" title=\"Facebook\" rel=\"nofollow noopener\" target=\"_blank\" style=\"font-size:32px!important;box-shadow:none;display:inline-block;vertical-align:middle\"><span class=\"heateor_sss_svg\" style=\"background-color:#0765FE;width:35px;height:35px;border-radius:999px;display:inline-block;opacity:1;float:left;font-size:32px;box-shadow:none;display:inline-block;font-size:16px;padding:0 4px;vertical-align:middle;background-repeat:repeat;overflow:hidden;padding:0;cursor:pointer;box-sizing:content-box\"><svg style=\"display:block;border-radius:999px;\" focusable=\"false\" aria-hidden=\"true\" xmlns=\"http:\/\/www.w3.org\/2000\/svg\" width=\"100%\" height=\"100%\" viewBox=\"0 0 32 32\"><path fill=\"#fff\" d=\"M28 16c0-6.627-5.373-12-12-12S4 9.373 4 16c0 5.628 3.875 10.35 9.101 11.647v-7.98h-2.474V16H13.1v-1.58c0-4.085 1.849-5.978 5.859-5.978.76 0 2.072.15 2.608.298v3.325c-.283-.03-.775-.045-1.386-.045-1.967 0-2.728.745-2.728 2.683V16h3.92l-.673 3.667h-3.247v8.245C23.395 27.195 28 22.135 28 16Z\"><\/path><\/svg><\/span><\/a><a aria-label=\"Instagram\" class=\"heateor_sss_button_instagram\" href=\"https:\/\/www.instagram.com\/\" title=\"Instagram\" rel=\"nofollow noopener\" target=\"_blank\" style=\"font-size:32px!important;box-shadow:none;display:inline-block;vertical-align:middle\"><span class=\"heateor_sss_svg\" style=\"background-color:#53beee;width:35px;height:35px;border-radius:999px;display:inline-block;opacity:1;float:left;font-size:32px;box-shadow:none;display:inline-block;font-size:16px;padding:0 4px;vertical-align:middle;background-repeat:repeat;overflow:hidden;padding:0;cursor:pointer;box-sizing:content-box\"><svg style=\"display:block;border-radius:999px;\" version=\"1.1\" viewBox=\"-10 -10 148 148\" width=\"100%\" height=\"100%\" xml:space=\"preserve\" xmlns=\"http:\/\/www.w3.org\/2000\/svg\" xmlns:xlink=\"http:\/\/www.w3.org\/1999\/xlink\"><g><g><path d=\"M86,112H42c-14.336,0-26-11.663-26-26V42c0-14.337,11.664-26,26-26h44c14.337,0,26,11.663,26,26v44 C112,100.337,100.337,112,86,112z M42,24c-9.925,0-18,8.074-18,18v44c0,9.925,8.075,18,18,18h44c9.926,0,18-8.075,18-18V42 c0-9.926-8.074-18-18-18H42z\" fill=\"#fff\"><\/path><\/g><g><path d=\"M64,88c-13.234,0-24-10.767-24-24c0-13.234,10.766-24,24-24s24,10.766,24,24C88,77.233,77.234,88,64,88z M64,48c-8.822,0-16,7.178-16,16s7.178,16,16,16c8.822,0,16-7.178,16-16S72.822,48,64,48z\" fill=\"#fff\"><\/path><\/g><g><circle cx=\"89.5\" cy=\"38.5\" fill=\"#fff\" r=\"5.5\"><\/circle><\/g><\/g><\/svg><\/span><\/a><a aria-label=\"Whatsapp\" class=\"heateor_sss_whatsapp\" href=\"https:\/\/api.whatsapp.com\/send?text=Westaire%20Tolomeo%20%28Welsh%20Pony%29%20https%3A%2F%2Fcdscweb.fr%2Fponeys-blackstone%2Fetalons%2Fles-autres-etalons-utilises%2Fwestaire-tolomeo%2F\" title=\"Whatsapp\" rel=\"nofollow noopener\" target=\"_blank\" style=\"font-size:32px!important;box-shadow:none;display:inline-block;vertical-align:middle\"><span class=\"heateor_sss_svg\" style=\"background-color:#55eb4c;width:35px;height:35px;border-radius:999px;display:inline-block;opacity:1;float:left;font-size:32px;box-shadow:none;display:inline-block;font-size:16px;padding:0 4px;vertical-align:middle;background-repeat:repeat;overflow:hidden;padding:0;cursor:pointer;box-sizing:content-box\"><svg style=\"display:block;border-radius:999px;\" focusable=\"false\" aria-hidden=\"true\" xmlns=\"http:\/\/www.w3.org\/2000\/svg\" width=\"100%\" height=\"100%\" viewBox=\"-6 -5 40 40\"><path class=\"heateor_sss_svg_stroke heateor_sss_no_fill\" stroke=\"#fff\" stroke-width=\"2\" fill=\"none\" d=\"M 11.579798566743314 24.396926207859085 A 10 10 0 1 0 6.808479557110079 20.73576436351046\"><\/path><path d=\"M 7 19 l -1 6 l 6 -1\" class=\"heateor_sss_no_fill heateor_sss_svg_stroke\" stroke=\"#fff\" stroke-width=\"2\" fill=\"none\"><\/path><path d=\"M 10 10 q -1 8 8 11 c 5 -1 0 -6 -1 -3 q -4 -3 -5 -5 c 4 -2 -1 -5 -1 -4\" fill=\"#fff\"><\/path><\/svg><\/span><\/a><a class=\"heateor_sss_more\" aria-label=\"More\" title=\"More\" rel=\"nofollow noopener\" style=\"font-size: 32px!important;border:0;box-shadow:none;display:inline-block!important;font-size:16px;padding:0 4px;vertical-align: middle;display:inline;\" href=\"https:\/\/cdscweb.fr\/poneys-blackstone\/etalons\/les-autres-etalons-utilises\/westaire-tolomeo\/\" onclick=\"event.preventDefault()\"><span class=\"heateor_sss_svg\" style=\"background-color:#ee8e2d;width:35px;height:35px;border-radius:999px;display:inline-block!important;opacity:1;float:left;font-size:32px!important;box-shadow:none;display:inline-block;font-size:16px;padding:0 4px;vertical-align:middle;display:inline;background-repeat:repeat;overflow:hidden;padding:0;cursor:pointer;box-sizing:content-box;\" onclick=\"heateorSssMoreSharingPopup(this, 'https:\/\/cdscweb.fr\/poneys-blackstone\/etalons\/les-autres-etalons-utilises\/westaire-tolomeo\/', 'Westaire%20Tolomeo%20%28Welsh%20Pony%29', '' )\"><svg xmlns=\"http:\/\/www.w3.org\/2000\/svg\" xmlns:xlink=\"http:\/\/www.w3.org\/1999\/xlink\" viewBox=\"-.3 0 32 32\" version=\"1.1\" width=\"100%\" height=\"100%\" style=\"display:block;border-radius:999px;\" xml:space=\"preserve\"><g><path fill=\"#fff\" d=\"M18 14V8h-4v6H8v4h6v6h4v-6h6v-4h-6z\" fill-rule=\"evenodd\"><\/path><\/g><\/svg><\/span><\/a><\/div><div class=\"heateorSssClear\"><\/div><\/div><div class='heateorSssClear'><\/div>","protected":false},"author":1,"featured_media":1615,"parent":83,"menu_order":0,"comment_status":"closed","ping_status":"closed","template":"","meta":{"footnotes":""},"class_list":["post-1005","page","type-page","status-publish","has-post-thumbnail","hentry"],"_links":{"self":[{"href":"https:\/\/cdscweb.fr\/poneys-blackstone\/wp-json\/wp\/v2\/pages\/1005","targetHints":{"allow":["GET"]}}],"collection":[{"href":"https:\/\/cdscweb.fr\/poneys-blackstone\/wp-json\/wp\/v2\/pages"}],"about":[{"href":"https:\/\/cdscweb.fr\/poneys-blackstone\/wp-json\/wp\/v2\/types\/page"}],"author":[{"embeddable":true,"href":"https:\/\/cdscweb.fr\/poneys-blackstone\/wp-json\/wp\/v2\/users\/1"}],"replies":[{"embeddable":true,"href":"https:\/\/cdscweb.fr\/poneys-blackstone\/wp-json\/wp\/v2\/comments?post=1005"}],"version-history":[{"count":7,"href":"https:\/\/cdscweb.fr\/poneys-blackstone\/wp-json\/wp\/v2\/pages\/1005\/revisions"}],"predecessor-version":[{"id":3571,"href":"https:\/\/cdscweb.fr\/poneys-blackstone\/wp-json\/wp\/v2\/pages\/1005\/revisions\/3571"}],"up":[{"embeddable":true,"href":"https:\/\/cdscweb.fr\/poneys-blackstone\/wp-json\/wp\/v2\/pages\/83"}],"wp:featuredmedia":[{"embeddable":true,"href":"https:\/\/cdscweb.fr\/poneys-blackstone\/wp-json\/wp\/v2\/media\/1615"}],"wp:attachment":[{"href":"https:\/\/cdscweb.fr\/poneys-blackstone\/wp-json\/wp\/v2\/media?parent=1005"}],"curies":[{"name":"wp","href":"https:\/\/api.w.org\/{rel}","templated":true}]}}