{"id":6829,"date":"2025-09-18T12:39:59","date_gmt":"2025-09-18T10:39:59","guid":{"rendered":"https:\/\/cdscweb.fr\/poneys-blackstone-equitation\/?page_id=6829"},"modified":"2026-04-14T09:22:19","modified_gmt":"2026-04-14T07:22:19","slug":"agenda-des-activites","status":"publish","type":"page","link":"https:\/\/cdscweb.fr\/poneys-blackstone-equitation\/agenda-des-activites\/","title":{"rendered":"Agenda des activit\u00e9s"},"content":{"rendered":"\n<p class=\"has-text-align-center has-white-color has-vivid-purple-background-color has-text-color has-background has-link-color wp-elements-13372e313c382e556a4f6c45358e0c65\" style=\"font-size:30px\"><strong>Cette page n&rsquo;est pas un formulaire de r\u00e9servation !<\/strong><\/p>\n\n\n\n<p class=\"has-text-align-center\">Vous trouverez sur cette page <strong><em>les s\u00e9ances programm\u00e9es<\/em><\/strong>, par semaine <em>(les cr\u00e9neaux marqu\u00e9s \u201c0 disponible\u201d sont complets)<\/em>.<\/p>\n\n\n\n<div class=\"wp-block-buttons is-content-justification-center is-layout-flex wp-container-core-buttons-is-layout-16018d1d wp-block-buttons-is-layout-flex\">\n<div class=\"wp-block-button\"><a class=\"wp-block-button__link has-text-color has-background has-link-color wp-element-button\" href=\"https:\/\/cdscweb.fr\/poneys-blackstone-equitation\/contact\/\" style=\"color:#fcfbec;background-color:#fc4700\" target=\"_blank\" rel=\"noreferrer noopener\"><strong><em>Consultez-nous pour r\u00e9server, au moins 48 heures \u00e0 l&rsquo;avance<\/em><\/strong><\/a><\/div>\n<\/div>\n\n\n\n<div style=\"height:30px\" aria-hidden=\"true\" class=\"wp-block-spacer\"><\/div>\n\n\n\n<p class=\"has-text-align-center\"><em>Exemple : la s\u00e9ance du mercredi \u00e0 14h30 dispara\u00eet du calendrier le lundi \u00e0 14h30 et n&rsquo;est plus ouverte \u00e0 la r\u00e9servation.<\/em><\/p>\n\n\n\n<p class=\"has-text-align-center\">Pour plus de visibilit\u00e9, affichez le mode <strong><em><mark style=\"background-color:rgba(0, 0, 0, 0)\" class=\"has-inline-color has-vivid-red-color\">Mois<\/mark><\/em><\/strong>. Pour plus de pr\u00e9cision, affichez le mode <strong><em><mark style=\"background-color:rgba(0, 0, 0, 0)\" class=\"has-inline-color has-vivid-red-color\">Jour<\/mark><\/em><\/strong>.<\/p>\n\n\n\t\t<div id=\"bookacti-form-4-1547895417\" class=\"bookacti-form-fields bookacti-booking-form-4 \" autocomplete=\"off\" >\n\t\t\t\t<input type='hidden' name='form_id' value='4'\/>\n\t\t\t<input type='hidden' name='action' value=''\/>\n\t\t\t<div class='bookacti-form-field-container bookacti-form-field-name-calendar bookacti-form-field-type-calendar bookacti-form-field-id-13' id='bookacti-form-field-calendar-13-form-4-1547895417' data-field-name=\"calendar\" data-field-type=\"calendar\" data-field-id=\"13\">\n\t\t\t<div class='bookacti-form-field-content' >\n\t\t\n\t<div class='bookacti-booking-system-container' id='bookacti-booking-system-form-4-1547895417-container'>\n\t\t<script>\n\t\t\t\/\/ Compatibility with Optimization plugins\n\t\t\tif( typeof bookacti === 'undefined' ) { var bookacti = { booking_system:[] }; }\n\t\t\tbookacti.booking_system[ 'bookacti-booking-system-form-4-1547895417' ] = {\"events\":[],\"events_data\":[],\"events_interval\":{\"start\":\"2026-04-19 13:37:05\",\"end\":\"2026-04-19 13:37:05\"},\"events_min_interval\":[],\"bookings\":[],\"groups_bookings\":[],\"booking_lists\":[],\"activities_data\":[],\"groups_events\":[],\"groups_data\":[],\"group_categories_data\":[],\"no_events\":0,\"id\":\"bookacti-booking-system-form-4-1547895417\",\"class\":\"\",\"hide_availability\":0,\"hide_calendar\":[\"none\"],\"calendars\":[3],\"activities\":[15,22,14,20,17,10,11],\"group_categories\":[\"none\"],\"groups_only\":0,\"groups_single_events\":0,\"groups_first_event_only\":0,\"multiple_bookings\":0,\"bookings_only\":0,\"tooltip_booking_list\":0,\"tooltip_booking_list_columns\":[],\"status\":[],\"user_id\":[],\"method\":\"calendar\",\"auto_load\":0,\"display_period\":{\"start\":\"2026-04-21 13:36:05\",\"end\":\"2027-04-19 13:37:05\"},\"availability_period\":{\"start\":\"2026-04-21 13:36:05\",\"end\":\"2027-04-19 13:37:05\"},\"start\":\"2026-04-21 13:36:05\",\"end\":\"2027-04-19 13:37:05\",\"trim\":1,\"out_of_period_events\":0,\"past_events\":0,\"past_events_bookable\":0,\"use_global_days_off\":0,\"days_off\":[],\"check_roles\":1,\"picked_events\":[],\"form_id\":4,\"form_action\":\"redirect_to_url\",\"when_perform_form_action\":\"on_event_click\",\"select_first_event\":0,\"redirect_url_by_activity\":{\"10\":\"https:\\\/\\\/cdscweb.fr\\\/poneys-blackstone-equitation\\\/contact\\\/\",\"11\":\"https:\\\/\\\/cdscweb.fr\\\/poneys-blackstone-equitation\\\/contact\\\/\",\"14\":\"https:\\\/\\\/cdscweb.fr\\\/poneys-blackstone-equitation\\\/contact\\\/\",\"15\":\"https:\\\/\\\/cdscweb.fr\\\/poneys-blackstone-equitation\\\/contact\\\/\",\"17\":\"https:\\\/\\\/cdscweb.fr\\\/poneys-blackstone-equitation\\\/contact\\\/\",\"20\":\"https:\\\/\\\/cdscweb.fr\\\/poneys-blackstone-equitation\\\/contact\\\/\",\"22\":\"https:\\\/\\\/cdscweb.fr\\\/poneys-blackstone-equitation\\\/contact\\\/\"},\"redirect_url_by_group_category\":[],\"display_data\":{\"slotMinTime\":\"09:00\",\"slotMaxTime\":\"20:00\"},\"context\":\"\",\"custom_dataset\":\"\"};\n\t\t<\/script>\n\t\t\t\t\n\t\t<div class='bookacti-booking-system-inputs'>\n\t\t\t\t\t<\/div>\n\t\t\n\t\t\t\t\n\t\t<div id='bookacti-booking-system-form-4-1547895417' class='bookacti-booking-system '>\n\t\t\t\t\t<div class='bookacti-calendar-title bookacti-booking-system-title '>\n\t\t\tChoisissez un \u00e9v\u00e8nement sur le calendrier\u00a0:\t\t<\/div>\n\t\t<div class='bookacti-calendar '><\/div>\n\t\t\t<\/div>\n\t\t\n\t\t\t\t\n\t\t<div class='bookacti-picked-events' style='display:none;'>\n\t\t\t<div class='bookacti-picked-events-list-title'><\/div>\n\t\t\t<ul class='bookacti-picked-events-list bookacti-custom-scrollbar'>\n\t\t\t\t\t\t\t<\/ul>\n\t\t<\/div>\n\t\t\n\t\t<div class='bookacti-notices' style='display:none;'>\n\t\t\t\t\t<\/div>\n\t\t\n\t\t<div class='bookacti-tooltips-container'>\n\t\t\t\t\t<\/div>\n\t\t\n\t\t\t<\/div>\n\t<div id='bookacti-booking-system-form-4-1547895417-dialogs' class='bookacti-booking-system-dialogs'>\n\t\t\t<!-- Choose a group of events -->\n\t<div id='bookacti-booking-system-form-4-1547895417-choose-group-of-events-dialog' \n\t\t data-booking-system-id='bookacti-booking-system-form-4-1547895417' \n\t\t class='bookacti-backend-dialog bookacti-choose-group-of-events-dialog bookacti-booking-system-dialog' \n\t\t title='Cet \u00e9v\u00e8nement est disponible dans plusieurs groupes' \n\t\t style='display:none;' >\n\t\tQuel groupe d&#039;\u00e9v\u00e8nements voulez-vous s\u00e9lectionner&nbsp;?\t\t<div id='bookacti-booking-system-form-4-1547895417-groups-of-events-list' class='bookacti-groups-of-events-list' ><\/div>\n\t<\/div>\n\n\t\t<\/div>\n\t\t\t<\/div>\n\t<\/div>\n\t<div class='bookacti-form-field-container bookacti-form-field-name-quantity bookacti-form-field-type-quantity  bookacti-hidden-field' id='bookacti-compulsory-quantity-field' data-field-name=\"quantity\" data-field-type=\"quantity\">\n\t\t\t<div class='bookacti-form-field-label' >\n\t\t\t<label>\n\t\t\tQuantit\u00e9<span class=\"bookacti-required-field-indicator\" title=\"Champ obligatoire\"><\/span>\t\t\t<\/label>\n\t\t\t\t<\/div>\n\t\t\t<div class='bookacti-form-field-content' >\n\t\t\t\t<input type='number' \r\n\t\t\t\tname='quantity' \r\n\t\t\t\tvalue='1' \r\n\t\t\t\tautocomplete='off'\r\n\t\t\t\tid='2edfd5424c1776f56308271ac291fbdf' \r\n\t\t\t\tclass='bookacti-input bookacti-form-field bookacti-quantity' \r\n\t\t\t\t\t\t\tplaceholder='' \r\n\t\t\t\t\t\t\tmin='1' \r\n\t\t\t\tmax=''\r\n\t\t\t\tstep=''\r\n\t\t\t\t\t\/>\r\n\t\t\t<\/div>\n\t<\/div>\n\t\t\t<div class='bookacti-notices' style='display:none;'><\/div>\n\t\t\t<\/div>\n\t\n\n\n\n<p><strong><mark style=\"background-color:rgba(0, 0, 0, 0)\" class=\"has-inline-color has-vivid-red-color\">A.\u00c9.A<\/mark><\/strong> = <strong><em><a href=\"https:\/\/cdscweb.fr\/poneys-blackstone-equitation\/activites\/activites-equestres-adaptees\/\" data-type=\"page\" data-id=\"5848\" target=\"_blank\" rel=\"noreferrer noopener\">Activit\u00e9s \u00c9questres Adapt\u00e9es<\/a><\/em><\/strong> <em>(tous \u00e2ges &amp; niveaux, m\u00eame non cavaliers)<\/em><\/p>\n","protected":false},"excerpt":{"rendered":"<p class=\"continue-reading-button\"> <a class=\"continue-reading-link\" href=\"https:\/\/cdscweb.fr\/poneys-blackstone-equitation\/agenda-des-activites\/\">Lire<i class=\"crycon-right-dir\"><\/i><\/a><\/p>\n<div class='heateorSssClear'><\/div><div  class='heateor_sss_sharing_container heateor_sss_horizontal_sharing' data-heateor-sss-href='https:\/\/cdscweb.fr\/poneys-blackstone-equitation\/agenda-des-activites\/'><div class='heateor_sss_sharing_title' style=\"font-weight:bold\" >Partagez !<\/div><div class=\"heateor_sss_sharing_ul\"><a aria-label=\"Facebook\" class=\"heateor_sss_facebook\" href=\"https:\/\/www.facebook.com\/sharer\/sharer.php?u=https%3A%2F%2Fcdscweb.fr%2Fponeys-blackstone-equitation%2Fagenda-des-activites%2F\" title=\"Facebook\" rel=\"nofollow noopener\" target=\"_blank\" style=\"font-size:32px!important;box-shadow:none;display:inline-block;vertical-align:middle\"><span class=\"heateor_sss_svg\" style=\"background-color:#0765FE;width:35px;height:35px;border-radius:999px;display:inline-block;opacity:1;float:left;font-size:32px;box-shadow:none;display:inline-block;font-size:16px;padding:0 4px;vertical-align:middle;background-repeat:repeat;overflow:hidden;padding:0;cursor:pointer;box-sizing:content-box\"><svg style=\"display:block;border-radius:999px;\" focusable=\"false\" aria-hidden=\"true\" xmlns=\"http:\/\/www.w3.org\/2000\/svg\" width=\"100%\" height=\"100%\" viewBox=\"0 0 32 32\"><path fill=\"#fff\" d=\"M28 16c0-6.627-5.373-12-12-12S4 9.373 4 16c0 5.628 3.875 10.35 9.101 11.647v-7.98h-2.474V16H13.1v-1.58c0-4.085 1.849-5.978 5.859-5.978.76 0 2.072.15 2.608.298v3.325c-.283-.03-.775-.045-1.386-.045-1.967 0-2.728.745-2.728 2.683V16h3.92l-.673 3.667h-3.247v8.245C23.395 27.195 28 22.135 28 16Z\"><\/path><\/svg><\/span><\/a><a aria-label=\"Instagram\" class=\"heateor_sss_button_instagram\" href=\"https:\/\/www.instagram.com\/\" title=\"Instagram\" rel=\"nofollow noopener\" target=\"_blank\" style=\"font-size:32px!important;box-shadow:none;display:inline-block;vertical-align:middle\"><span class=\"heateor_sss_svg\" style=\"background-color:#53beee;width:35px;height:35px;border-radius:999px;display:inline-block;opacity:1;float:left;font-size:32px;box-shadow:none;display:inline-block;font-size:16px;padding:0 4px;vertical-align:middle;background-repeat:repeat;overflow:hidden;padding:0;cursor:pointer;box-sizing:content-box\"><svg style=\"display:block;border-radius:999px;\" version=\"1.1\" viewBox=\"-10 -10 148 148\" width=\"100%\" height=\"100%\" xml:space=\"preserve\" xmlns=\"http:\/\/www.w3.org\/2000\/svg\" xmlns:xlink=\"http:\/\/www.w3.org\/1999\/xlink\"><g><g><path d=\"M86,112H42c-14.336,0-26-11.663-26-26V42c0-14.337,11.664-26,26-26h44c14.337,0,26,11.663,26,26v44 C112,100.337,100.337,112,86,112z M42,24c-9.925,0-18,8.074-18,18v44c0,9.925,8.075,18,18,18h44c9.926,0,18-8.075,18-18V42 c0-9.926-8.074-18-18-18H42z\" fill=\"#fff\"><\/path><\/g><g><path d=\"M64,88c-13.234,0-24-10.767-24-24c0-13.234,10.766-24,24-24s24,10.766,24,24C88,77.233,77.234,88,64,88z M64,48c-8.822,0-16,7.178-16,16s7.178,16,16,16c8.822,0,16-7.178,16-16S72.822,48,64,48z\" fill=\"#fff\"><\/path><\/g><g><circle cx=\"89.5\" cy=\"38.5\" fill=\"#fff\" r=\"5.5\"><\/circle><\/g><\/g><\/svg><\/span><\/a><a aria-label=\"Whatsapp\" class=\"heateor_sss_whatsapp\" href=\"https:\/\/api.whatsapp.com\/send?text=Agenda%20des%20activit%C3%A9s%20https%3A%2F%2Fcdscweb.fr%2Fponeys-blackstone-equitation%2Fagenda-des-activites%2F\" title=\"Whatsapp\" rel=\"nofollow noopener\" target=\"_blank\" style=\"font-size:32px!important;box-shadow:none;display:inline-block;vertical-align:middle\"><span class=\"heateor_sss_svg\" style=\"background-color:#55eb4c;width:35px;height:35px;border-radius:999px;display:inline-block;opacity:1;float:left;font-size:32px;box-shadow:none;display:inline-block;font-size:16px;padding:0 4px;vertical-align:middle;background-repeat:repeat;overflow:hidden;padding:0;cursor:pointer;box-sizing:content-box\"><svg style=\"display:block;border-radius:999px;\" focusable=\"false\" aria-hidden=\"true\" xmlns=\"http:\/\/www.w3.org\/2000\/svg\" width=\"100%\" height=\"100%\" viewBox=\"-6 -5 40 40\"><path class=\"heateor_sss_svg_stroke heateor_sss_no_fill\" stroke=\"#fff\" stroke-width=\"2\" fill=\"none\" d=\"M 11.579798566743314 24.396926207859085 A 10 10 0 1 0 6.808479557110079 20.73576436351046\"><\/path><path d=\"M 7 19 l -1 6 l 6 -1\" class=\"heateor_sss_no_fill heateor_sss_svg_stroke\" stroke=\"#fff\" stroke-width=\"2\" fill=\"none\"><\/path><path d=\"M 10 10 q -1 8 8 11 c 5 -1 0 -6 -1 -3 q -4 -3 -5 -5 c 4 -2 -1 -5 -1 -4\" fill=\"#fff\"><\/path><\/svg><\/span><\/a><a class=\"heateor_sss_more\" aria-label=\"More\" title=\"More\" rel=\"nofollow noopener\" style=\"font-size: 32px!important;border:0;box-shadow:none;display:inline-block!important;font-size:16px;padding:0 4px;vertical-align: middle;display:inline;\" href=\"https:\/\/cdscweb.fr\/poneys-blackstone-equitation\/agenda-des-activites\/\" onclick=\"event.preventDefault()\"><span class=\"heateor_sss_svg\" style=\"background-color:#ee8e2d;width:35px;height:35px;border-radius:999px;display:inline-block!important;opacity:1;float:left;font-size:32px!important;box-shadow:none;display:inline-block;font-size:16px;padding:0 4px;vertical-align:middle;display:inline;background-repeat:repeat;overflow:hidden;padding:0;cursor:pointer;box-sizing:content-box;\" onclick=\"heateorSssMoreSharingPopup(this, 'https:\/\/cdscweb.fr\/poneys-blackstone-equitation\/agenda-des-activites\/', 'Agenda%20des%20activit%C3%A9s', '' )\"><svg xmlns=\"http:\/\/www.w3.org\/2000\/svg\" xmlns:xlink=\"http:\/\/www.w3.org\/1999\/xlink\" viewBox=\"-.3 0 32 32\" version=\"1.1\" width=\"100%\" height=\"100%\" style=\"display:block;border-radius:999px;\" xml:space=\"preserve\"><g><path fill=\"#fff\" d=\"M18 14V8h-4v6H8v4h6v6h4v-6h6v-4h-6z\" fill-rule=\"evenodd\"><\/path><\/g><\/svg><\/span><\/a><\/div><div class=\"heateorSssClear\"><\/div><\/div><div class='heateorSssClear'><\/div>","protected":false},"author":1,"featured_media":0,"parent":0,"menu_order":0,"comment_status":"closed","ping_status":"closed","template":"","meta":{"footnotes":""},"class_list":["post-6829","page","type-page","status-publish","hentry"],"_links":{"self":[{"href":"https:\/\/cdscweb.fr\/poneys-blackstone-equitation\/wp-json\/wp\/v2\/pages\/6829","targetHints":{"allow":["GET"]}}],"collection":[{"href":"https:\/\/cdscweb.fr\/poneys-blackstone-equitation\/wp-json\/wp\/v2\/pages"}],"about":[{"href":"https:\/\/cdscweb.fr\/poneys-blackstone-equitation\/wp-json\/wp\/v2\/types\/page"}],"author":[{"embeddable":true,"href":"https:\/\/cdscweb.fr\/poneys-blackstone-equitation\/wp-json\/wp\/v2\/users\/1"}],"replies":[{"embeddable":true,"href":"https:\/\/cdscweb.fr\/poneys-blackstone-equitation\/wp-json\/wp\/v2\/comments?post=6829"}],"version-history":[{"count":12,"href":"https:\/\/cdscweb.fr\/poneys-blackstone-equitation\/wp-json\/wp\/v2\/pages\/6829\/revisions"}],"predecessor-version":[{"id":8139,"href":"https:\/\/cdscweb.fr\/poneys-blackstone-equitation\/wp-json\/wp\/v2\/pages\/6829\/revisions\/8139"}],"wp:attachment":[{"href":"https:\/\/cdscweb.fr\/poneys-blackstone-equitation\/wp-json\/wp\/v2\/media?parent=6829"}],"curies":[{"name":"wp","href":"https:\/\/api.w.org\/{rel}","templated":true}]}}