{"id":6237,"date":"2025-05-28T13:12:30","date_gmt":"2025-05-28T11:12:30","guid":{"rendered":"https:\/\/cdscweb.fr\/poneys-blackstone-equitation\/?page_id=6237"},"modified":"2025-10-07T11:24:06","modified_gmt":"2025-10-07T09:24:06","slug":"si-on-parlait-assurances","status":"publish","type":"page","link":"https:\/\/cdscweb.fr\/poneys-blackstone-equitation\/si-on-parlait-assurances\/","title":{"rendered":"Si on parlait Assurances ?"},"content":{"rendered":"\n<p class=\"has-text-align-center\">Le poney\/cheval est un animal vivant et sensible : pratiquer l\u2019\u00e9quitation ou simplement s&rsquo;en occuper n\u2019est pas sans risque, m\u00eame dans le cadre d\u2019une le\u00e7on anim\u00e9e par un moniteur dipl\u00f4m\u00e9. <\/p>\n\n\n\n<p class=\"has-text-align-center\"><strong><mark style=\"background-color:rgba(0, 0, 0, 0)\" class=\"has-inline-color has-vivid-red-color\">Il est donc indispensable d&rsquo;\u00eatre assur\u00e9 pour d&rsquo;\u00e9ventuels dommages corporels<\/mark><\/strong>. <\/p>\n\n\n\n<p class=\"has-text-align-left\">Les cas de figure possibles : <\/p>\n\n\n\n<div class=\"wp-block-columns is-layout-flex wp-container-core-columns-is-layout-9d6595d7 wp-block-columns-is-layout-flex\">\n<div class=\"wp-block-column is-layout-flow wp-block-column-is-layout-flow\">\n<p class=\"has-text-align-center has-medium-font-size\"><strong><mark style=\"background-color:rgba(0, 0, 0, 0)\" class=\"has-inline-color has-vivid-red-color\">Cavaliers r\u00e9guliers<\/mark><\/strong><\/p>\n\n\n\n<p class=\"has-text-align-center\"><strong>La licence f\u00e9d\u00e9rale<\/strong> <em>(obligation li\u00e9e \u00e0 notre adh\u00e9sion \u00e0 la F\u00e9d\u00e9ration Fran\u00e7aise d&rsquo;\u00c9quitation)<\/em> comprend une <strong>assurance individuelle du cavalier<\/strong> avec des garanties de base. <br>Il sera cependant utile d&rsquo;y adjoindre une <strong>assurance compl\u00e9mentaire<\/strong> pour des garanties plus \u00e9lev\u00e9es en cas d&rsquo;accident grave.<\/p>\n<\/div>\n\n\n\n<div class=\"wp-block-column is-layout-flow wp-block-column-is-layout-flow\">\n<p class=\"has-text-align-center has-medium-font-size\"><strong><mark style=\"background-color:rgba(0, 0, 0, 0)\" class=\"has-inline-color has-vivid-red-color\">Cavaliers de passage<\/mark><\/strong><\/p>\n\n\n\n<div class=\"wp-block-columns is-layout-flex wp-container-core-columns-is-layout-9d6595d7 wp-block-columns-is-layout-flex\">\n<div class=\"wp-block-column is-layout-flow wp-block-column-is-layout-flow\">\n<p class=\"has-text-align-center\"><strong><mark style=\"background-color:rgba(0, 0, 0, 0)\" class=\"has-inline-color has-vivid-purple-color\">En possession d&rsquo;une assurance Individuelle Accident<\/mark><\/strong><\/p>\n\n\n\n<p class=\"has-text-align-center\">Nous fournir une attestation en cours de validit\u00e9 <strong><mark style=\"background-color:rgba(0, 0, 0, 0)\" class=\"has-inline-color has-vivid-red-color\">avant <\/mark><\/strong>la s\u00e9ance.<\/p>\n<\/div>\n\n\n\n<div class=\"wp-block-column is-layout-flow wp-block-column-is-layout-flow\">\n<p class=\"has-text-align-center\"><strong><mark style=\"background-color:rgba(0, 0, 0, 0)\" class=\"has-inline-color has-vivid-purple-color\">Ne poss\u00e9dant aucune assurance<\/mark><\/strong><\/p>\n\n\n\n<p class=\"has-text-align-center\">Licence \u201cverte\u201d d\u00e9livr\u00e9e par la FFE, valable 1 mois : 10 \u20ac.<\/p>\n<\/div>\n<\/div>\n<\/div>\n<\/div>\n\n\n\n<p class=\"has-text-align-center has-medium-font-size\"><strong>Et les accompagnants ? <\/strong><\/p>\n\n\n\n<p class=\"has-text-align-center\">Le risque z\u00e9ro n&rsquo;existe pas non plus pour eux, qu&rsquo;ils aident au brossage des poneys ou qu&rsquo;ils les tiennent en promenade et en cours Baby. <br>Il leur est donc <strong><mark style=\"background-color:rgba(0, 0, 0, 0)\" class=\"has-inline-color has-vivid-red-color\">vivement conseill\u00e9<\/mark><\/strong> de s&rsquo;assurer \u00e9galement.<\/p>\n\n\n\n<div class=\"wp-block-buttons is-content-justification-center is-layout-flex wp-container-core-buttons-is-layout-16018d1d wp-block-buttons-is-layout-flex\">\n<div class=\"wp-block-button\"><a class=\"wp-block-button__link has-black-color has-luminous-vivid-orange-background-color has-text-color has-background has-link-color wp-element-button\" href=\"https:\/\/cdscweb.fr\/poneys-blackstone-equitation\/hello-asso\/adhesions-et-licences\/\" target=\"_blank\" rel=\"noreferrer noopener\"><strong>En prenant une licence, vous soutenez notre structure aupr\u00e8s de la F\u00e9d\u00e9ration !<\/strong><\/a><\/div>\n<\/div>\n\n\n\n<div style=\"height:30px\" aria-hidden=\"true\" class=\"wp-block-spacer\"><\/div>\n\n\n\n<p class=\"has-text-align-left has-small-font-size\"><strong><em>Pour illustrer le propos, voici quelques extraits d&rsquo;un document \u00e9dit\u00e9 par l&rsquo;Institut du Droit \u00c9quin :<\/em><\/strong><\/p>\n\n\n\n<p class=\"has-text-align-left has-small-font-size\">La responsabilit\u00e9 civile du centre \u00e9questre ou de l\u2019enseignant ind\u00e9pendant ne peut \u00eatre engag\u00e9e que si trois conditions sont pr\u00e9sentes :<\/p>\n\n\n\n<ol class=\"wp-block-list\">\n<li class=\"has-small-font-size\"><strong>Un dommage<\/strong> : <em>(g\u00e9n\u00e9ralement corporel)<\/em>.<\/li>\n\n\n\n<li class=\"has-small-font-size\"><strong>Une faute<\/strong> : il appartient au cavalier victime de d\u00e9montrer que n&rsquo;ont pas \u00e9t\u00e9 mis en \u0153uvre tous les moyens \u00e0 disposition pour animer une s\u00e9ance en toute s\u00e9curit\u00e9 et \u00e9viter un accident.<\/li>\n\n\n\n<li class=\"has-small-font-size\"><strong>Un lien de causalit\u00e9<\/strong> : la faute doit \u00eatre la cause directe et certaine du dommage.<\/li>\n<\/ol>\n\n\n\n<p><\/p>\n","protected":false},"excerpt":{"rendered":"<p class=\"continue-reading-button\"> <a class=\"continue-reading-link\" href=\"https:\/\/cdscweb.fr\/poneys-blackstone-equitation\/si-on-parlait-assurances\/\">Lire<i class=\"crycon-right-dir\"><\/i><\/a><\/p>\n<div class='heateorSssClear'><\/div><div  class='heateor_sss_sharing_container heateor_sss_horizontal_sharing' data-heateor-sss-href='https:\/\/cdscweb.fr\/poneys-blackstone-equitation\/si-on-parlait-assurances\/'><div class='heateor_sss_sharing_title' style=\"font-weight:bold\" >Partagez !<\/div><div class=\"heateor_sss_sharing_ul\"><a aria-label=\"Facebook\" class=\"heateor_sss_facebook\" href=\"https:\/\/www.facebook.com\/sharer\/sharer.php?u=https%3A%2F%2Fcdscweb.fr%2Fponeys-blackstone-equitation%2Fsi-on-parlait-assurances%2F\" title=\"Facebook\" rel=\"nofollow noopener\" target=\"_blank\" style=\"font-size:32px!important;box-shadow:none;display:inline-block;vertical-align:middle\"><span class=\"heateor_sss_svg\" style=\"background-color:#0765FE;width:35px;height:35px;border-radius:999px;display:inline-block;opacity:1;float:left;font-size:32px;box-shadow:none;display:inline-block;font-size:16px;padding:0 4px;vertical-align:middle;background-repeat:repeat;overflow:hidden;padding:0;cursor:pointer;box-sizing:content-box\"><svg style=\"display:block;border-radius:999px;\" focusable=\"false\" aria-hidden=\"true\" xmlns=\"http:\/\/www.w3.org\/2000\/svg\" width=\"100%\" height=\"100%\" viewBox=\"0 0 32 32\"><path fill=\"#fff\" d=\"M28 16c0-6.627-5.373-12-12-12S4 9.373 4 16c0 5.628 3.875 10.35 9.101 11.647v-7.98h-2.474V16H13.1v-1.58c0-4.085 1.849-5.978 5.859-5.978.76 0 2.072.15 2.608.298v3.325c-.283-.03-.775-.045-1.386-.045-1.967 0-2.728.745-2.728 2.683V16h3.92l-.673 3.667h-3.247v8.245C23.395 27.195 28 22.135 28 16Z\"><\/path><\/svg><\/span><\/a><a aria-label=\"Instagram\" class=\"heateor_sss_button_instagram\" href=\"https:\/\/www.instagram.com\/\" title=\"Instagram\" rel=\"nofollow noopener\" target=\"_blank\" style=\"font-size:32px!important;box-shadow:none;display:inline-block;vertical-align:middle\"><span class=\"heateor_sss_svg\" style=\"background-color:#53beee;width:35px;height:35px;border-radius:999px;display:inline-block;opacity:1;float:left;font-size:32px;box-shadow:none;display:inline-block;font-size:16px;padding:0 4px;vertical-align:middle;background-repeat:repeat;overflow:hidden;padding:0;cursor:pointer;box-sizing:content-box\"><svg style=\"display:block;border-radius:999px;\" version=\"1.1\" viewBox=\"-10 -10 148 148\" width=\"100%\" height=\"100%\" xml:space=\"preserve\" xmlns=\"http:\/\/www.w3.org\/2000\/svg\" xmlns:xlink=\"http:\/\/www.w3.org\/1999\/xlink\"><g><g><path d=\"M86,112H42c-14.336,0-26-11.663-26-26V42c0-14.337,11.664-26,26-26h44c14.337,0,26,11.663,26,26v44 C112,100.337,100.337,112,86,112z M42,24c-9.925,0-18,8.074-18,18v44c0,9.925,8.075,18,18,18h44c9.926,0,18-8.075,18-18V42 c0-9.926-8.074-18-18-18H42z\" fill=\"#fff\"><\/path><\/g><g><path d=\"M64,88c-13.234,0-24-10.767-24-24c0-13.234,10.766-24,24-24s24,10.766,24,24C88,77.233,77.234,88,64,88z M64,48c-8.822,0-16,7.178-16,16s7.178,16,16,16c8.822,0,16-7.178,16-16S72.822,48,64,48z\" fill=\"#fff\"><\/path><\/g><g><circle cx=\"89.5\" cy=\"38.5\" fill=\"#fff\" r=\"5.5\"><\/circle><\/g><\/g><\/svg><\/span><\/a><a aria-label=\"Whatsapp\" class=\"heateor_sss_whatsapp\" href=\"https:\/\/api.whatsapp.com\/send?text=Si%20on%20parlait%20Assurances%20%3F%20https%3A%2F%2Fcdscweb.fr%2Fponeys-blackstone-equitation%2Fsi-on-parlait-assurances%2F\" title=\"Whatsapp\" rel=\"nofollow noopener\" target=\"_blank\" style=\"font-size:32px!important;box-shadow:none;display:inline-block;vertical-align:middle\"><span class=\"heateor_sss_svg\" style=\"background-color:#55eb4c;width:35px;height:35px;border-radius:999px;display:inline-block;opacity:1;float:left;font-size:32px;box-shadow:none;display:inline-block;font-size:16px;padding:0 4px;vertical-align:middle;background-repeat:repeat;overflow:hidden;padding:0;cursor:pointer;box-sizing:content-box\"><svg style=\"display:block;border-radius:999px;\" focusable=\"false\" aria-hidden=\"true\" xmlns=\"http:\/\/www.w3.org\/2000\/svg\" width=\"100%\" height=\"100%\" viewBox=\"-6 -5 40 40\"><path class=\"heateor_sss_svg_stroke heateor_sss_no_fill\" stroke=\"#fff\" stroke-width=\"2\" fill=\"none\" d=\"M 11.579798566743314 24.396926207859085 A 10 10 0 1 0 6.808479557110079 20.73576436351046\"><\/path><path d=\"M 7 19 l -1 6 l 6 -1\" class=\"heateor_sss_no_fill heateor_sss_svg_stroke\" stroke=\"#fff\" stroke-width=\"2\" fill=\"none\"><\/path><path d=\"M 10 10 q -1 8 8 11 c 5 -1 0 -6 -1 -3 q -4 -3 -5 -5 c 4 -2 -1 -5 -1 -4\" fill=\"#fff\"><\/path><\/svg><\/span><\/a><a class=\"heateor_sss_more\" aria-label=\"More\" title=\"More\" rel=\"nofollow noopener\" style=\"font-size: 32px!important;border:0;box-shadow:none;display:inline-block!important;font-size:16px;padding:0 4px;vertical-align: middle;display:inline;\" href=\"https:\/\/cdscweb.fr\/poneys-blackstone-equitation\/si-on-parlait-assurances\/\" onclick=\"event.preventDefault()\"><span class=\"heateor_sss_svg\" style=\"background-color:#ee8e2d;width:35px;height:35px;border-radius:999px;display:inline-block!important;opacity:1;float:left;font-size:32px!important;box-shadow:none;display:inline-block;font-size:16px;padding:0 4px;vertical-align:middle;display:inline;background-repeat:repeat;overflow:hidden;padding:0;cursor:pointer;box-sizing:content-box;\" onclick=\"heateorSssMoreSharingPopup(this, 'https:\/\/cdscweb.fr\/poneys-blackstone-equitation\/si-on-parlait-assurances\/', 'Si%20on%20parlait%20Assurances%20%3F', '' )\"><svg xmlns=\"http:\/\/www.w3.org\/2000\/svg\" xmlns:xlink=\"http:\/\/www.w3.org\/1999\/xlink\" viewBox=\"-.3 0 32 32\" version=\"1.1\" width=\"100%\" height=\"100%\" style=\"display:block;border-radius:999px;\" xml:space=\"preserve\"><g><path fill=\"#fff\" d=\"M18 14V8h-4v6H8v4h6v6h4v-6h6v-4h-6z\" fill-rule=\"evenodd\"><\/path><\/g><\/svg><\/span><\/a><\/div><div class=\"heateorSssClear\"><\/div><\/div><div class='heateorSssClear'><\/div>","protected":false},"author":1,"featured_media":0,"parent":0,"menu_order":0,"comment_status":"closed","ping_status":"closed","template":"","meta":{"footnotes":""},"class_list":["post-6237","page","type-page","status-publish","hentry"],"_links":{"self":[{"href":"https:\/\/cdscweb.fr\/poneys-blackstone-equitation\/wp-json\/wp\/v2\/pages\/6237","targetHints":{"allow":["GET"]}}],"collection":[{"href":"https:\/\/cdscweb.fr\/poneys-blackstone-equitation\/wp-json\/wp\/v2\/pages"}],"about":[{"href":"https:\/\/cdscweb.fr\/poneys-blackstone-equitation\/wp-json\/wp\/v2\/types\/page"}],"author":[{"embeddable":true,"href":"https:\/\/cdscweb.fr\/poneys-blackstone-equitation\/wp-json\/wp\/v2\/users\/1"}],"replies":[{"embeddable":true,"href":"https:\/\/cdscweb.fr\/poneys-blackstone-equitation\/wp-json\/wp\/v2\/comments?post=6237"}],"version-history":[{"count":43,"href":"https:\/\/cdscweb.fr\/poneys-blackstone-equitation\/wp-json\/wp\/v2\/pages\/6237\/revisions"}],"predecessor-version":[{"id":6873,"href":"https:\/\/cdscweb.fr\/poneys-blackstone-equitation\/wp-json\/wp\/v2\/pages\/6237\/revisions\/6873"}],"wp:attachment":[{"href":"https:\/\/cdscweb.fr\/poneys-blackstone-equitation\/wp-json\/wp\/v2\/media?parent=6237"}],"curies":[{"name":"wp","href":"https:\/\/api.w.org\/{rel}","templated":true}]}}