{"id":61,"date":"2017-02-27T17:48:54","date_gmt":"2017-02-27T16:48:54","guid":{"rendered":"http:\/\/cdscweb.fr\/equilibre\/?page_id=61"},"modified":"2026-02-20T08:22:02","modified_gmt":"2026-02-20T07:22:02","slug":"les-poneys","status":"publish","type":"page","link":"https:\/\/cdscweb.fr\/poneys-blackstone-equitation\/les-poneys\/","title":{"rendered":"Les poneys"},"content":{"rendered":"\n<p class=\"has-text-align-left\"><strong><em><a href=\"https:\/\/cdscweb.fr\/poneys-blackstone-equitation\/les-categories-de-poneys-chevaux\/\" data-type=\"page\" data-id=\"5290\" target=\"_blank\" rel=\"noreferrer noopener\">Tout savoir sur les tailles de poneys<\/a><\/em><\/strong><\/p>\n\n\n\n<p class=\"has-text-align-center\">Certains sont d\u00e9j\u00e0 tr\u00e8s habitu\u00e9s au travail d&rsquo;instruction, d&rsquo;autres plus \u201dverts\u201d dans le travail ne seront confi\u00e9s aux \u00e9l\u00e8ves que dans quelques mois. Enfin les poneys d&rsquo;\u00e9levage sont valoris\u00e9s par Marjorie <em>(EMAGE va pouponner en 2026 et KINUP, n\u00e9e en 1998, coule une retraite bien m\u00e9rit\u00e9e mais participe parfois \u00e0 des s\u00e9ances \u00e0 pied !<\/em>)<\/p>\n\n\n\n<div class=\"wp-block-columns is-layout-flex wp-container-core-columns-is-layout-9d6595d7 wp-block-columns-is-layout-flex\">\n<div class=\"wp-block-column is-layout-flow wp-block-column-is-layout-flow\"><div class=\"wp-block-image is-style-rounded\">\n<figure class=\"alignleft size-large\"><a href=\"https:\/\/cdscweb.fr\/poneys-blackstone-equitation\/mini-tom-tom\/\" target=\"_blank\" rel=\"noopener\"><img loading=\"lazy\" decoding=\"async\" width=\"600\" height=\"600\" src=\"https:\/\/cdscweb.fr\/poneys-blackstone-equitation\/wp-content\/uploads\/tom_600-600.jpg\" alt=\"\" class=\"wp-image-4126\" srcset=\"https:\/\/cdscweb.fr\/poneys-blackstone-equitation\/wp-content\/uploads\/tom_600-600.jpg 600w, https:\/\/cdscweb.fr\/poneys-blackstone-equitation\/wp-content\/uploads\/tom_600-600-300x300.jpg 300w, https:\/\/cdscweb.fr\/poneys-blackstone-equitation\/wp-content\/uploads\/tom_600-600-150x150.jpg 150w\" sizes=\"auto, (max-width: 600px) 100vw, 600px\" \/><\/a><\/figure>\n<\/div>\n\n\n<p class=\"has-text-align-center\"><em><a href=\"https:\/\/cdscweb.fr\/poneys-blackstone-equitation\/mini-tom-tom\/\" data-type=\"post\" data-id=\"7343\"><strong>TOM TOM<\/strong><br><\/a><\/em>taille A<\/p>\n<\/div>\n\n\n\n<div class=\"wp-block-column is-layout-flow wp-block-column-is-layout-flow\"><div class=\"wp-block-image is-style-rounded\">\n<figure class=\"alignleft size-large\"><a href=\"https:\/\/cdscweb.fr\/poneys-blackstone-equitation\/super-dallas\/\" target=\"_blank\" rel=\"noopener\"><img loading=\"lazy\" decoding=\"async\" width=\"600\" height=\"600\" src=\"https:\/\/cdscweb.fr\/poneys-blackstone-equitation\/wp-content\/uploads\/dallas_600-600.jpg\" alt=\"\" class=\"wp-image-4121\" srcset=\"https:\/\/cdscweb.fr\/poneys-blackstone-equitation\/wp-content\/uploads\/dallas_600-600.jpg 600w, https:\/\/cdscweb.fr\/poneys-blackstone-equitation\/wp-content\/uploads\/dallas_600-600-300x300.jpg 300w, https:\/\/cdscweb.fr\/poneys-blackstone-equitation\/wp-content\/uploads\/dallas_600-600-150x150.jpg 150w\" sizes=\"auto, (max-width: 600px) 100vw, 600px\" \/><\/a><\/figure>\n<\/div>\n\n\n<p class=\"has-text-align-center\"><strong><em><a href=\"https:\/\/cdscweb.fr\/poneys-blackstone-equitation\/super-dallas\/\" data-type=\"post\" data-id=\"6944\">DALLAS<\/a><\/em><\/strong><br>taille A<\/p>\n<\/div>\n\n\n\n<div class=\"wp-block-column is-layout-flow wp-block-column-is-layout-flow\"><div class=\"wp-block-image is-style-rounded\">\n<figure class=\"alignleft size-full\"><a href=\"https:\/\/cdscweb.fr\/poneys-blackstone-equitation\/wp-content\/uploads\/2025-05-10_portrait_atchoum.jpg\" target=\"_blank\" rel=\"noopener\"><img loading=\"lazy\" decoding=\"async\" width=\"896\" height=\"896\" src=\"https:\/\/cdscweb.fr\/poneys-blackstone-equitation\/wp-content\/uploads\/2025-05-10_portrait_atchoum.jpg\" alt=\"\" class=\"wp-image-6071\" srcset=\"https:\/\/cdscweb.fr\/poneys-blackstone-equitation\/wp-content\/uploads\/2025-05-10_portrait_atchoum.jpg 896w, https:\/\/cdscweb.fr\/poneys-blackstone-equitation\/wp-content\/uploads\/2025-05-10_portrait_atchoum-300x300.jpg 300w, https:\/\/cdscweb.fr\/poneys-blackstone-equitation\/wp-content\/uploads\/2025-05-10_portrait_atchoum-150x150.jpg 150w, https:\/\/cdscweb.fr\/poneys-blackstone-equitation\/wp-content\/uploads\/2025-05-10_portrait_atchoum-768x768.jpg 768w\" sizes=\"auto, (max-width: 896px) 100vw, 896px\" \/><\/a><\/figure>\n<\/div>\n\n\n<p class=\"has-text-align-center\"><em><strong><a href=\"https:\/\/cdscweb.fr\/poneys-blackstone-equitation\/genial-atchoum\/\" data-type=\"post\" data-id=\"7789\" target=\"_blank\" rel=\"noreferrer noopener\">ATCHOUM<\/a> <\/strong><\/em><br>taille B<\/p>\n<\/div>\n\n\n\n<div class=\"wp-block-column is-layout-flow wp-block-column-is-layout-flow\"><div class=\"wp-block-image is-style-rounded\">\n<figure class=\"alignleft size-full\"><a href=\"https:\/\/cdscweb.fr\/poneys-blackstone-equitation\/wp-content\/uploads\/2025-05-10_portrait_utopia.jpg\" target=\"_blank\" rel=\"noopener\"><img loading=\"lazy\" decoding=\"async\" width=\"896\" height=\"896\" src=\"https:\/\/cdscweb.fr\/poneys-blackstone-equitation\/wp-content\/uploads\/2025-05-10_portrait_utopia.jpg\" alt=\"\" class=\"wp-image-6072\" srcset=\"https:\/\/cdscweb.fr\/poneys-blackstone-equitation\/wp-content\/uploads\/2025-05-10_portrait_utopia.jpg 896w, https:\/\/cdscweb.fr\/poneys-blackstone-equitation\/wp-content\/uploads\/2025-05-10_portrait_utopia-300x300.jpg 300w, https:\/\/cdscweb.fr\/poneys-blackstone-equitation\/wp-content\/uploads\/2025-05-10_portrait_utopia-150x150.jpg 150w, https:\/\/cdscweb.fr\/poneys-blackstone-equitation\/wp-content\/uploads\/2025-05-10_portrait_utopia-768x768.jpg 768w\" sizes=\"auto, (max-width: 896px) 100vw, 896px\" \/><\/a><\/figure>\n<\/div>\n\n\n<p class=\"has-text-align-center\"><strong><em><a href=\"https:\/\/cdscweb.fr\/poneys-blackstone-equitation\/les-poneys\/utopia\/\" data-type=\"page\" data-id=\"4252\" target=\"_blank\" rel=\"noreferrer noopener\">UTOPIA<\/a><\/em><\/strong><br>taille C<\/p>\n<\/div>\n<\/div>\n\n\n\n<div style=\"height:30px\" aria-hidden=\"true\" class=\"wp-block-spacer\"><\/div>\n\n\n\n<div class=\"wp-block-columns is-layout-flex wp-container-core-columns-is-layout-9d6595d7 wp-block-columns-is-layout-flex\">\n<div class=\"wp-block-column is-layout-flow wp-block-column-is-layout-flow\"><div class=\"wp-block-image is-style-rounded\">\n<figure class=\"alignleft size-full\"><a href=\"https:\/\/cdscweb.fr\/poneys-blackstone-equitation\/wp-content\/uploads\/2025-05-10_portrait_jappeloup.jpg\" target=\"_blank\" rel=\"noopener\"><img loading=\"lazy\" decoding=\"async\" width=\"896\" height=\"896\" src=\"https:\/\/cdscweb.fr\/poneys-blackstone-equitation\/wp-content\/uploads\/2025-05-10_portrait_jappeloup.jpg\" alt=\"\" class=\"wp-image-6073\" srcset=\"https:\/\/cdscweb.fr\/poneys-blackstone-equitation\/wp-content\/uploads\/2025-05-10_portrait_jappeloup.jpg 896w, https:\/\/cdscweb.fr\/poneys-blackstone-equitation\/wp-content\/uploads\/2025-05-10_portrait_jappeloup-300x300.jpg 300w, https:\/\/cdscweb.fr\/poneys-blackstone-equitation\/wp-content\/uploads\/2025-05-10_portrait_jappeloup-150x150.jpg 150w, https:\/\/cdscweb.fr\/poneys-blackstone-equitation\/wp-content\/uploads\/2025-05-10_portrait_jappeloup-768x768.jpg 768w\" sizes=\"auto, (max-width: 896px) 100vw, 896px\" \/><\/a><\/figure>\n<\/div>\n\n\n<p class=\"has-text-align-center\"><strong><em><a href=\"https:\/\/cdscweb.fr\/poneys-blackstone-equitation\/les-poneys\/jappeloup\/\" data-type=\"page\" data-id=\"4269\" target=\"_blank\" rel=\"noreferrer noopener\">JAPPELOUP<\/a><\/em><\/strong><\/p>\n<\/div>\n\n\n\n<div class=\"wp-block-column is-layout-flow wp-block-column-is-layout-flow\">\n<figure class=\"wp-block-image size-full is-style-rounded\"><img loading=\"lazy\" decoding=\"async\" width=\"896\" height=\"896\" src=\"https:\/\/cdscweb.fr\/poneys-blackstone-equitation\/wp-content\/uploads\/2025-05-10_portrait_kivala.jpg\" alt=\"\" class=\"wp-image-6075\" srcset=\"https:\/\/cdscweb.fr\/poneys-blackstone-equitation\/wp-content\/uploads\/2025-05-10_portrait_kivala.jpg 896w, https:\/\/cdscweb.fr\/poneys-blackstone-equitation\/wp-content\/uploads\/2025-05-10_portrait_kivala-300x300.jpg 300w, https:\/\/cdscweb.fr\/poneys-blackstone-equitation\/wp-content\/uploads\/2025-05-10_portrait_kivala-150x150.jpg 150w, https:\/\/cdscweb.fr\/poneys-blackstone-equitation\/wp-content\/uploads\/2025-05-10_portrait_kivala-768x768.jpg 768w\" sizes=\"auto, (max-width: 896px) 100vw, 896px\" \/><\/figure>\n\n\n\n<p class=\"has-text-align-center\"><strong><em><a href=\"https:\/\/cdscweb.fr\/poneys-blackstone-equitation\/les-poneys\/kivala\/\" data-type=\"page\" data-id=\"4271\" target=\"_blank\" rel=\"noreferrer noopener\">KIVALA <\/a><\/em><\/strong><\/p>\n<\/div>\n\n\n\n<div class=\"wp-block-column is-layout-flow wp-block-column-is-layout-flow\">\n<figure class=\"wp-block-image size-full is-style-rounded\"><img loading=\"lazy\" decoding=\"async\" width=\"896\" height=\"896\" src=\"https:\/\/cdscweb.fr\/poneys-blackstone-equitation\/wp-content\/uploads\/2025-05-10_portrait_miss-praline.jpg\" alt=\"\" class=\"wp-image-6076\" srcset=\"https:\/\/cdscweb.fr\/poneys-blackstone-equitation\/wp-content\/uploads\/2025-05-10_portrait_miss-praline.jpg 896w, https:\/\/cdscweb.fr\/poneys-blackstone-equitation\/wp-content\/uploads\/2025-05-10_portrait_miss-praline-300x300.jpg 300w, https:\/\/cdscweb.fr\/poneys-blackstone-equitation\/wp-content\/uploads\/2025-05-10_portrait_miss-praline-150x150.jpg 150w, https:\/\/cdscweb.fr\/poneys-blackstone-equitation\/wp-content\/uploads\/2025-05-10_portrait_miss-praline-768x768.jpg 768w\" sizes=\"auto, (max-width: 896px) 100vw, 896px\" \/><\/figure>\n\n\n\n<p class=\"has-text-align-center\"><strong><em><a href=\"https:\/\/cdscweb.fr\/poneys-blackstone-equitation\/les-poneys\/miss-praline\/\" data-type=\"link\" data-id=\"https:\/\/cdscweb.fr\/poneys-blackstone-equitation\/les-poneys\/miss-praline\/\" target=\"_blank\" rel=\"noreferrer noopener\">MISS<\/a><\/em><\/strong><em><strong><a href=\"https:\/\/cdscweb.fr\/poneys-blackstone-equitation\/les-poneys\/miss-praline\/\" data-type=\"link\" data-id=\"https:\/\/cdscweb.fr\/poneys-blackstone-equitation\/les-poneys\/miss-praline\/\" target=\"_blank\" rel=\"noreferrer noopener\"> PRALINE<\/a><\/strong><\/em><\/p>\n<\/div>\n\n\n\n<div class=\"wp-block-column is-layout-flow wp-block-column-is-layout-flow\"><\/div>\n<\/div>\n\n\n\n<div style=\"height:50px\" aria-hidden=\"true\" class=\"wp-block-spacer\"><\/div>\n\n\n\n<div class=\"wp-block-columns is-layout-flex wp-container-core-columns-is-layout-9d6595d7 wp-block-columns-is-layout-flex\">\n<div class=\"wp-block-column is-layout-flow wp-block-column-is-layout-flow\">\n<div style=\"height:50px\" aria-hidden=\"true\" class=\"wp-block-spacer\"><\/div>\n\n\n\n<h3 class=\"wp-block-heading has-text-align-left\"><strong>L&rsquo;\u00e9levage BLACKSTONE<\/strong><\/h3>\n<\/div>\n\n\n\n<div class=\"wp-block-column is-layout-flow wp-block-column-is-layout-flow\"><div class=\"wp-block-image is-style-rounded\">\n<figure class=\"alignleft size-large\"><a href=\"https:\/\/cdscweb.fr\/poneys-blackstone-equitation\/wp-content\/uploads\/2024-11-24_equizones_01.jpg\" target=\"_blank\" rel=\"noopener\"><img loading=\"lazy\" decoding=\"async\" width=\"1024\" height=\"1024\" src=\"https:\/\/cdscweb.fr\/poneys-blackstone-equitation\/wp-content\/uploads\/2024-11-24_equizones_01-1024x1024.jpg\" alt=\"\" class=\"wp-image-5306\" srcset=\"https:\/\/cdscweb.fr\/poneys-blackstone-equitation\/wp-content\/uploads\/2024-11-24_equizones_01-1024x1024.jpg 1024w, https:\/\/cdscweb.fr\/poneys-blackstone-equitation\/wp-content\/uploads\/2024-11-24_equizones_01-300x300.jpg 300w, https:\/\/cdscweb.fr\/poneys-blackstone-equitation\/wp-content\/uploads\/2024-11-24_equizones_01-150x150.jpg 150w, https:\/\/cdscweb.fr\/poneys-blackstone-equitation\/wp-content\/uploads\/2024-11-24_equizones_01-768x768.jpg 768w, https:\/\/cdscweb.fr\/poneys-blackstone-equitation\/wp-content\/uploads\/2024-11-24_equizones_01-1320x1320.jpg 1320w, https:\/\/cdscweb.fr\/poneys-blackstone-equitation\/wp-content\/uploads\/2024-11-24_equizones_01.jpg 1366w\" sizes=\"auto, (max-width: 1024px) 100vw, 1024px\" \/><\/a><\/figure>\n<\/div>\n\n\n<p class=\"has-text-align-center\"><strong><em><a href=\"https:\/\/cdscweb.fr\/poneys-blackstone-equitation\/les-poneys\/emage-blackstone\/\" data-type=\"link\" data-id=\"https:\/\/cdscweb.fr\/poneys-blackstone-equitation\/les-poneys\/emage-blackstone\/\" target=\"_blank\" rel=\"noreferrer noopener\">EMAGE BLACKSTONE<br><\/a><\/em><\/strong>taille B<\/p>\n<\/div>\n\n\n\n<div class=\"wp-block-column is-layout-flow wp-block-column-is-layout-flow\"><div class=\"wp-block-image is-style-rounded\">\n<figure class=\"alignleft size-large\"><a href=\"https:\/\/cdscweb.fr\/poneys-blackstone-equitation\/wp-content\/uploads\/2025-04-13_derbycross_prat_03.jpg\" target=\"_blank\" rel=\"noopener\"><img loading=\"lazy\" decoding=\"async\" width=\"1024\" height=\"1024\" src=\"https:\/\/cdscweb.fr\/poneys-blackstone-equitation\/wp-content\/uploads\/2025-04-13_derbycross_prat_03-1024x1024.jpg\" alt=\"\" class=\"wp-image-5723\" srcset=\"https:\/\/cdscweb.fr\/poneys-blackstone-equitation\/wp-content\/uploads\/2025-04-13_derbycross_prat_03-1024x1024.jpg 1024w, https:\/\/cdscweb.fr\/poneys-blackstone-equitation\/wp-content\/uploads\/2025-04-13_derbycross_prat_03-300x300.jpg 300w, https:\/\/cdscweb.fr\/poneys-blackstone-equitation\/wp-content\/uploads\/2025-04-13_derbycross_prat_03-150x150.jpg 150w, https:\/\/cdscweb.fr\/poneys-blackstone-equitation\/wp-content\/uploads\/2025-04-13_derbycross_prat_03-768x768.jpg 768w, https:\/\/cdscweb.fr\/poneys-blackstone-equitation\/wp-content\/uploads\/2025-04-13_derbycross_prat_03.jpg 1168w\" sizes=\"auto, (max-width: 1024px) 100vw, 1024px\" \/><\/a><\/figure>\n<\/div>\n\n\n<p class=\"has-text-align-center\"><strong><em><a href=\"https:\/\/cdscweb.fr\/poneys-blackstone-equitation\/les-poneys\/blackstone-la-tex\/\" data-type=\"link\" data-id=\"https:\/\/cdscweb.fr\/poneys-blackstone-equitation\/les-poneys\/blackstone-la-tex\/\" target=\"_blank\" rel=\"noreferrer noopener\">BLACKSTONE LA TEX<\/a><\/em><br><\/strong>taille C<\/p>\n<\/div>\n\n\n\n<div class=\"wp-block-column is-layout-flow wp-block-column-is-layout-flow\"><div class=\"wp-block-image is-style-rounded\">\n<figure class=\"alignleft size-large\"><a href=\"https:\/\/cdscweb.fr\/poneys-blackstone-equitation\/wp-content\/uploads\/kinup_600-600.jpg\" target=\"_blank\" rel=\"noopener\"><img loading=\"lazy\" decoding=\"async\" width=\"600\" height=\"600\" src=\"https:\/\/cdscweb.fr\/poneys-blackstone-equitation\/wp-content\/uploads\/kinup_600-600.jpg\" alt=\"\" class=\"wp-image-4124\" srcset=\"https:\/\/cdscweb.fr\/poneys-blackstone-equitation\/wp-content\/uploads\/kinup_600-600.jpg 600w, https:\/\/cdscweb.fr\/poneys-blackstone-equitation\/wp-content\/uploads\/kinup_600-600-300x300.jpg 300w, https:\/\/cdscweb.fr\/poneys-blackstone-equitation\/wp-content\/uploads\/kinup_600-600-150x150.jpg 150w\" sizes=\"auto, (max-width: 600px) 100vw, 600px\" \/><\/a><\/figure>\n<\/div>\n\n\n<p class=\"has-text-align-center\"><strong><em><a href=\"https:\/\/cdscweb.fr\/poneys-blackstone-equitation\/les-poneys\/kinup-du-casteras\/\" data-type=\"link\" data-id=\"https:\/\/cdscweb.fr\/poneys-blackstone-equitation\/les-poneys\/kinup-du-casteras\/\" target=\"_blank\" rel=\"noreferrer noopener\">KINUP DU CAST\u00c9RAS<br><\/a><\/em><\/strong>taille C<\/p>\n<\/div>\n<\/div>\n","protected":false},"excerpt":{"rendered":"<p class=\"continue-reading-button\"> <a class=\"continue-reading-link\" href=\"https:\/\/cdscweb.fr\/poneys-blackstone-equitation\/les-poneys\/\">Lire<i class=\"crycon-right-dir\"><\/i><\/a><\/p>\n<div class='heateorSssClear'><\/div><div  class='heateor_sss_sharing_container heateor_sss_horizontal_sharing' data-heateor-sss-href='https:\/\/cdscweb.fr\/poneys-blackstone-equitation\/les-poneys\/'><div class='heateor_sss_sharing_title' style=\"font-weight:bold\" >Partagez !<\/div><div class=\"heateor_sss_sharing_ul\"><a aria-label=\"Facebook\" class=\"heateor_sss_facebook\" href=\"https:\/\/www.facebook.com\/sharer\/sharer.php?u=https%3A%2F%2Fcdscweb.fr%2Fponeys-blackstone-equitation%2Fles-poneys%2F\" title=\"Facebook\" rel=\"nofollow noopener\" target=\"_blank\" style=\"font-size:32px!important;box-shadow:none;display:inline-block;vertical-align:middle\"><span class=\"heateor_sss_svg\" style=\"background-color:#0765FE;width:35px;height:35px;border-radius:999px;display:inline-block;opacity:1;float:left;font-size:32px;box-shadow:none;display:inline-block;font-size:16px;padding:0 4px;vertical-align:middle;background-repeat:repeat;overflow:hidden;padding:0;cursor:pointer;box-sizing:content-box\"><svg style=\"display:block;border-radius:999px;\" focusable=\"false\" aria-hidden=\"true\" xmlns=\"http:\/\/www.w3.org\/2000\/svg\" width=\"100%\" height=\"100%\" viewBox=\"0 0 32 32\"><path fill=\"#fff\" d=\"M28 16c0-6.627-5.373-12-12-12S4 9.373 4 16c0 5.628 3.875 10.35 9.101 11.647v-7.98h-2.474V16H13.1v-1.58c0-4.085 1.849-5.978 5.859-5.978.76 0 2.072.15 2.608.298v3.325c-.283-.03-.775-.045-1.386-.045-1.967 0-2.728.745-2.728 2.683V16h3.92l-.673 3.667h-3.247v8.245C23.395 27.195 28 22.135 28 16Z\"><\/path><\/svg><\/span><\/a><a aria-label=\"Instagram\" class=\"heateor_sss_button_instagram\" href=\"https:\/\/www.instagram.com\/\" title=\"Instagram\" rel=\"nofollow noopener\" target=\"_blank\" style=\"font-size:32px!important;box-shadow:none;display:inline-block;vertical-align:middle\"><span class=\"heateor_sss_svg\" style=\"background-color:#53beee;width:35px;height:35px;border-radius:999px;display:inline-block;opacity:1;float:left;font-size:32px;box-shadow:none;display:inline-block;font-size:16px;padding:0 4px;vertical-align:middle;background-repeat:repeat;overflow:hidden;padding:0;cursor:pointer;box-sizing:content-box\"><svg style=\"display:block;border-radius:999px;\" version=\"1.1\" viewBox=\"-10 -10 148 148\" width=\"100%\" height=\"100%\" xml:space=\"preserve\" xmlns=\"http:\/\/www.w3.org\/2000\/svg\" xmlns:xlink=\"http:\/\/www.w3.org\/1999\/xlink\"><g><g><path d=\"M86,112H42c-14.336,0-26-11.663-26-26V42c0-14.337,11.664-26,26-26h44c14.337,0,26,11.663,26,26v44 C112,100.337,100.337,112,86,112z M42,24c-9.925,0-18,8.074-18,18v44c0,9.925,8.075,18,18,18h44c9.926,0,18-8.075,18-18V42 c0-9.926-8.074-18-18-18H42z\" fill=\"#fff\"><\/path><\/g><g><path d=\"M64,88c-13.234,0-24-10.767-24-24c0-13.234,10.766-24,24-24s24,10.766,24,24C88,77.233,77.234,88,64,88z M64,48c-8.822,0-16,7.178-16,16s7.178,16,16,16c8.822,0,16-7.178,16-16S72.822,48,64,48z\" fill=\"#fff\"><\/path><\/g><g><circle cx=\"89.5\" cy=\"38.5\" fill=\"#fff\" r=\"5.5\"><\/circle><\/g><\/g><\/svg><\/span><\/a><a aria-label=\"Whatsapp\" class=\"heateor_sss_whatsapp\" href=\"https:\/\/api.whatsapp.com\/send?text=Les%20poneys%20https%3A%2F%2Fcdscweb.fr%2Fponeys-blackstone-equitation%2Fles-poneys%2F\" title=\"Whatsapp\" rel=\"nofollow noopener\" target=\"_blank\" style=\"font-size:32px!important;box-shadow:none;display:inline-block;vertical-align:middle\"><span class=\"heateor_sss_svg\" style=\"background-color:#55eb4c;width:35px;height:35px;border-radius:999px;display:inline-block;opacity:1;float:left;font-size:32px;box-shadow:none;display:inline-block;font-size:16px;padding:0 4px;vertical-align:middle;background-repeat:repeat;overflow:hidden;padding:0;cursor:pointer;box-sizing:content-box\"><svg style=\"display:block;border-radius:999px;\" focusable=\"false\" aria-hidden=\"true\" xmlns=\"http:\/\/www.w3.org\/2000\/svg\" width=\"100%\" height=\"100%\" viewBox=\"-6 -5 40 40\"><path class=\"heateor_sss_svg_stroke heateor_sss_no_fill\" stroke=\"#fff\" stroke-width=\"2\" fill=\"none\" d=\"M 11.579798566743314 24.396926207859085 A 10 10 0 1 0 6.808479557110079 20.73576436351046\"><\/path><path d=\"M 7 19 l -1 6 l 6 -1\" class=\"heateor_sss_no_fill heateor_sss_svg_stroke\" stroke=\"#fff\" stroke-width=\"2\" fill=\"none\"><\/path><path d=\"M 10 10 q -1 8 8 11 c 5 -1 0 -6 -1 -3 q -4 -3 -5 -5 c 4 -2 -1 -5 -1 -4\" fill=\"#fff\"><\/path><\/svg><\/span><\/a><a class=\"heateor_sss_more\" aria-label=\"More\" title=\"More\" rel=\"nofollow noopener\" style=\"font-size: 32px!important;border:0;box-shadow:none;display:inline-block!important;font-size:16px;padding:0 4px;vertical-align: middle;display:inline;\" href=\"https:\/\/cdscweb.fr\/poneys-blackstone-equitation\/les-poneys\/\" onclick=\"event.preventDefault()\"><span class=\"heateor_sss_svg\" style=\"background-color:#ee8e2d;width:35px;height:35px;border-radius:999px;display:inline-block!important;opacity:1;float:left;font-size:32px!important;box-shadow:none;display:inline-block;font-size:16px;padding:0 4px;vertical-align:middle;display:inline;background-repeat:repeat;overflow:hidden;padding:0;cursor:pointer;box-sizing:content-box;\" onclick=\"heateorSssMoreSharingPopup(this, 'https:\/\/cdscweb.fr\/poneys-blackstone-equitation\/les-poneys\/', 'Les%20poneys', '' )\"><svg xmlns=\"http:\/\/www.w3.org\/2000\/svg\" xmlns:xlink=\"http:\/\/www.w3.org\/1999\/xlink\" viewBox=\"-.3 0 32 32\" version=\"1.1\" width=\"100%\" height=\"100%\" style=\"display:block;border-radius:999px;\" xml:space=\"preserve\"><g><path fill=\"#fff\" d=\"M18 14V8h-4v6H8v4h6v6h4v-6h6v-4h-6z\" fill-rule=\"evenodd\"><\/path><\/g><\/svg><\/span><\/a><\/div><div class=\"heateorSssClear\"><\/div><\/div><div class='heateorSssClear'><\/div>","protected":false},"author":1,"featured_media":0,"parent":0,"menu_order":0,"comment_status":"closed","ping_status":"closed","template":"","meta":{"footnotes":""},"class_list":["post-61","page","type-page","status-publish","hentry"],"_links":{"self":[{"href":"https:\/\/cdscweb.fr\/poneys-blackstone-equitation\/wp-json\/wp\/v2\/pages\/61","targetHints":{"allow":["GET"]}}],"collection":[{"href":"https:\/\/cdscweb.fr\/poneys-blackstone-equitation\/wp-json\/wp\/v2\/pages"}],"about":[{"href":"https:\/\/cdscweb.fr\/poneys-blackstone-equitation\/wp-json\/wp\/v2\/types\/page"}],"author":[{"embeddable":true,"href":"https:\/\/cdscweb.fr\/poneys-blackstone-equitation\/wp-json\/wp\/v2\/users\/1"}],"replies":[{"embeddable":true,"href":"https:\/\/cdscweb.fr\/poneys-blackstone-equitation\/wp-json\/wp\/v2\/comments?post=61"}],"version-history":[{"count":49,"href":"https:\/\/cdscweb.fr\/poneys-blackstone-equitation\/wp-json\/wp\/v2\/pages\/61\/revisions"}],"predecessor-version":[{"id":7852,"href":"https:\/\/cdscweb.fr\/poneys-blackstone-equitation\/wp-json\/wp\/v2\/pages\/61\/revisions\/7852"}],"wp:attachment":[{"href":"https:\/\/cdscweb.fr\/poneys-blackstone-equitation\/wp-json\/wp\/v2\/media?parent=61"}],"curies":[{"name":"wp","href":"https:\/\/api.w.org\/{rel}","templated":true}]}}