{"id":4646,"date":"2024-08-24T14:03:27","date_gmt":"2024-08-24T12:03:27","guid":{"rendered":"https:\/\/cdscweb.fr\/poneys-blackstone-equitation\/?page_id=4646"},"modified":"2026-04-21T12:04:37","modified_gmt":"2026-04-21T10:04:37","slug":"linstruction-du-debutant-au-galop-4","status":"publish","type":"page","link":"https:\/\/cdscweb.fr\/poneys-blackstone-equitation\/activites\/linstruction-du-debutant-au-galop-4\/","title":{"rendered":"L&rsquo;instruction, d\u00e8s 6 ans"},"content":{"rendered":"\n<h4 class=\"wp-block-heading\">Tous les apprentissages se font dans le respect de la <strong><em><a href=\"https:\/\/cdscweb.fr\/poneys-blackstone-equitation\/wp-content\/uploads\/ffe_charte-du-cavalier.pdf\" title=\"T\u00e9l\u00e9charger la Charte du Cavalier\" data-type=\"link\" data-id=\"https:\/\/cdscweb.fr\/poneys-blackstone-equitation\/wp-content\/uploads\/ffe_charte-du-cavalier.pdf\" target=\"_blank\" rel=\"noreferrer noopener\">Charte du Cavalier FFE<\/a><\/em><\/strong>.<\/h4>\n\n\n\n<div class=\"wp-block-columns is-layout-flex wp-container-core-columns-is-layout-9d6595d7 wp-block-columns-is-layout-flex\">\n<div class=\"wp-block-column is-layout-flow wp-block-column-is-layout-flow\" style=\"flex-basis:33.34%\">\n<h2 class=\"wp-block-heading has-text-align-center\">Galop de bronze<\/h2>\n\n\n\n<p class=\"has-text-align-left\">Comprendre les bases de la communication avec le poney.<\/p>\n\n\n\n<h2 class=\"wp-block-heading has-text-align-center\">Galop d&rsquo;argent<\/h2>\n\n\n\n<p class=\"has-text-align-left\">Faire des choix en fonction de ses sensations et des r\u00e9actions du poney.<\/p>\n\n\n\n<h2 class=\"wp-block-heading has-text-align-center\">Galop d&rsquo;or<\/h2>\n\n\n\n<p class=\"has-text-align-left\">Atteindre un premier stade d\u2019autonomie avec le poney et dans son environnement.<\/p>\n\n\n\n<hr class=\"wp-block-separator has-alpha-channel-opacity\"\/>\n\n\n\n<p class=\"has-text-align-left\"><strong>Le titulaire du Galop de Bronze peut se pr\u00e9senter directement \u00e0 l\u2019examen du Galop 2 de cavalier.<\/strong><\/p>\n\n\n\n<p class=\"has-text-align-left\"><strong>Le titulaire du Galop d\u2019Or peut se pr\u00e9senter directement \u00e0 l\u2019examen du Galop 3 de cavalier.<\/strong><\/p>\n\n\n\n<hr class=\"wp-block-separator has-alpha-channel-opacity\"\/>\n\n\n\n<h3 class=\"wp-block-heading has-text-align-left\"><strong>Galops de cavalier <\/strong><\/h3>\n\n\n\n<h2 class=\"wp-block-heading has-text-align-center\">Galop 1 <\/h2>\n\n\n\n<p>Marcher au pas, s\u2019arr\u00eater et diriger au pas, trotter enlev\u00e9 en rythme sur un trac\u00e9 simple, galoper quelques foul\u00e9es.<\/p>\n\n\n\n<h2 class=\"wp-block-heading has-text-align-center\">Galop 2 <\/h2>\n\n\n\n<p>R\u00e9aliser des parcours avec des contrats d\u2019allures et de trac\u00e9, sauter un petit obstacle.<\/p>\n\n\n\n<h2 class=\"wp-block-heading has-text-align-center\">Galop 3 <\/h2>\n\n\n\n<p>\u00c9voluer aux trois allures dans une bonne posture, encha\u00eener des obstacles isol\u00e9s de 50 cm et des dispositifs simples de sauts rapproch\u00e9s.<\/p>\n\n\n\n<h2 class=\"wp-block-heading has-text-align-center\">Galop 4 <\/h2>\n\n\n\n<p>Contr\u00f4ler la vitesse et la direction, adopter une posture juste en ext\u00e9rieur et en sautant, d\u00e9placer les \u00e9paules et les hanches au pas, partir au galop du pas sur le bon pied en ligne droite, encha\u00eener un parcours de 8 \u00e0 10 obstacles isol\u00e9s \u00e0 environ 60 cm, encha\u00eener avec pr\u00e9cision des mouvements simples aux trois allures et varier l\u2019amplitude au trot enlev\u00e9 et au galop, effectuer une analyse de sa prestation \u00e0 cheval.<\/p>\n<\/div>\n\n\n\n<div class=\"wp-block-column is-layout-flow wp-block-column-is-layout-flow\" style=\"flex-basis:33.34%\"><div class=\"wp-block-image is-style-rounded\">\n<figure class=\"aligncenter size-full is-resized\"><img loading=\"lazy\" decoding=\"async\" width=\"410\" height=\"410\" src=\"https:\/\/cdscweb.fr\/poneys-blackstone-equitation\/wp-content\/uploads\/equifun.jpg\" alt=\"\" class=\"wp-image-4509\" style=\"width:225px\" title=\"\u00c9quifun, d\u00e8s le Galop de Bronze\" srcset=\"https:\/\/cdscweb.fr\/poneys-blackstone-equitation\/wp-content\/uploads\/equifun.jpg 410w, https:\/\/cdscweb.fr\/poneys-blackstone-equitation\/wp-content\/uploads\/equifun-300x300.jpg 300w, https:\/\/cdscweb.fr\/poneys-blackstone-equitation\/wp-content\/uploads\/equifun-150x150.jpg 150w\" sizes=\"auto, (max-width: 410px) 100vw, 410px\" \/><\/figure>\n<\/div>\n\n\n<div style=\"height:30px\" aria-hidden=\"true\" class=\"wp-block-spacer\"><\/div>\n\n\n<div class=\"wp-block-image is-style-rounded\">\n<figure class=\"aligncenter size-full is-resized\"><img loading=\"lazy\" decoding=\"async\" width=\"600\" height=\"600\" src=\"https:\/\/cdscweb.fr\/poneys-blackstone-equitation\/wp-content\/uploads\/cf_atchoum-01.jpg\" alt=\"\" class=\"wp-image-8085\" style=\"width:225px\" title=\"Hunter Club 4\" srcset=\"https:\/\/cdscweb.fr\/poneys-blackstone-equitation\/wp-content\/uploads\/cf_atchoum-01.jpg 600w, https:\/\/cdscweb.fr\/poneys-blackstone-equitation\/wp-content\/uploads\/cf_atchoum-01-300x300.jpg 300w, https:\/\/cdscweb.fr\/poneys-blackstone-equitation\/wp-content\/uploads\/cf_atchoum-01-150x150.jpg 150w, https:\/\/cdscweb.fr\/poneys-blackstone-equitation\/wp-content\/uploads\/cf_atchoum-01-257x257.jpg 257w\" sizes=\"auto, (max-width: 600px) 100vw, 600px\" \/><\/figure>\n<\/div>\n\n\n<div style=\"height:30px\" aria-hidden=\"true\" class=\"wp-block-spacer\"><\/div>\n\n\n<div class=\"wp-block-image is-style-rounded\">\n<figure class=\"aligncenter size-full is-resized\"><img loading=\"lazy\" decoding=\"async\" width=\"847\" height=\"847\" src=\"https:\/\/cdscweb.fr\/poneys-blackstone-equitation\/wp-content\/uploads\/2025-09-28_pibrac_dress.jpg\" alt=\"\" class=\"wp-image-6850\" style=\"width:225px\" title=\"Dressage, Club 3\" srcset=\"https:\/\/cdscweb.fr\/poneys-blackstone-equitation\/wp-content\/uploads\/2025-09-28_pibrac_dress.jpg 847w, https:\/\/cdscweb.fr\/poneys-blackstone-equitation\/wp-content\/uploads\/2025-09-28_pibrac_dress-300x300.jpg 300w, https:\/\/cdscweb.fr\/poneys-blackstone-equitation\/wp-content\/uploads\/2025-09-28_pibrac_dress-150x150.jpg 150w, https:\/\/cdscweb.fr\/poneys-blackstone-equitation\/wp-content\/uploads\/2025-09-28_pibrac_dress-768x768.jpg 768w\" sizes=\"auto, (max-width: 847px) 100vw, 847px\" \/><\/figure>\n<\/div>\n\n\n<div style=\"height:30px\" aria-hidden=\"true\" class=\"wp-block-spacer\"><\/div>\n\n\n<div class=\"wp-block-image is-style-rounded\">\n<figure class=\"aligncenter size-full is-resized\"><img loading=\"lazy\" decoding=\"async\" width=\"600\" height=\"600\" src=\"https:\/\/cdscweb.fr\/poneys-blackstone-equitation\/wp-content\/uploads\/ede_joker-01.jpg\" alt=\"\" class=\"wp-image-8076\" style=\"width:225px\" title=\"Hunter, Club 2\" srcset=\"https:\/\/cdscweb.fr\/poneys-blackstone-equitation\/wp-content\/uploads\/ede_joker-01.jpg 600w, https:\/\/cdscweb.fr\/poneys-blackstone-equitation\/wp-content\/uploads\/ede_joker-01-300x300.jpg 300w, https:\/\/cdscweb.fr\/poneys-blackstone-equitation\/wp-content\/uploads\/ede_joker-01-150x150.jpg 150w, https:\/\/cdscweb.fr\/poneys-blackstone-equitation\/wp-content\/uploads\/ede_joker-01-257x257.jpg 257w\" sizes=\"auto, (max-width: 600px) 100vw, 600px\" \/><\/figure>\n<\/div>\n\n\n<div style=\"height:30px\" aria-hidden=\"true\" class=\"wp-block-spacer\"><\/div>\n\n\n<div class=\"wp-block-image is-style-rounded\">\n<figure class=\"aligncenter size-full is-resized\"><img loading=\"lazy\" decoding=\"async\" width=\"318\" height=\"318\" src=\"https:\/\/cdscweb.fr\/poneys-blackstone-equitation\/wp-content\/uploads\/sylvie-318x318-1.jpg\" alt=\"\" class=\"wp-image-267\" style=\"width:225px\" title=\"Dressage, Amateur 2 - Sylvie\" srcset=\"https:\/\/cdscweb.fr\/poneys-blackstone-equitation\/wp-content\/uploads\/sylvie-318x318-1.jpg 318w, https:\/\/cdscweb.fr\/poneys-blackstone-equitation\/wp-content\/uploads\/sylvie-318x318-1-300x300.jpg 300w, https:\/\/cdscweb.fr\/poneys-blackstone-equitation\/wp-content\/uploads\/sylvie-318x318-1-150x150.jpg 150w\" sizes=\"auto, (max-width: 318px) 100vw, 318px\" \/><\/figure>\n<\/div>\n\n\n<div style=\"height:30px\" aria-hidden=\"true\" class=\"wp-block-spacer\"><\/div>\n\n\n<div class=\"wp-block-image is-style-rounded\">\n<figure class=\"aligncenter size-full is-resized\"><img loading=\"lazy\" decoding=\"async\" width=\"1066\" height=\"1066\" src=\"https:\/\/cdscweb.fr\/poneys-blackstone-equitation\/wp-content\/uploads\/2025-10-26_hunter-envt_0002.jpg\" alt=\"\" class=\"wp-image-7286\" style=\"width:225px\" title=\"Hunter, Jeunes Poneys - Marjorie\" srcset=\"https:\/\/cdscweb.fr\/poneys-blackstone-equitation\/wp-content\/uploads\/2025-10-26_hunter-envt_0002.jpg 1066w, https:\/\/cdscweb.fr\/poneys-blackstone-equitation\/wp-content\/uploads\/2025-10-26_hunter-envt_0002-300x300.jpg 300w, https:\/\/cdscweb.fr\/poneys-blackstone-equitation\/wp-content\/uploads\/2025-10-26_hunter-envt_0002-1024x1024.jpg 1024w, https:\/\/cdscweb.fr\/poneys-blackstone-equitation\/wp-content\/uploads\/2025-10-26_hunter-envt_0002-150x150.jpg 150w, https:\/\/cdscweb.fr\/poneys-blackstone-equitation\/wp-content\/uploads\/2025-10-26_hunter-envt_0002-768x768.jpg 768w, https:\/\/cdscweb.fr\/poneys-blackstone-equitation\/wp-content\/uploads\/2025-10-26_hunter-envt_0002-257x257.jpg 257w\" sizes=\"auto, (max-width: 1066px) 100vw, 1066px\" \/><\/figure>\n<\/div>\n\n\n<div style=\"height:30px\" aria-hidden=\"true\" class=\"wp-block-spacer\"><\/div>\n\n\n<div class=\"wp-block-image is-style-rounded\">\n<figure class=\"aligncenter size-full is-resized\"><img loading=\"lazy\" decoding=\"async\" width=\"1004\" height=\"1004\" src=\"https:\/\/cdscweb.fr\/poneys-blackstone-equitation\/wp-content\/uploads\/2025-06-22_cce-prat_cross_06.jpg\" alt=\"\" class=\"wp-image-6496\" style=\"width:225px\" title=\"Cross, Jeunes Poneys -Marjorie\" srcset=\"https:\/\/cdscweb.fr\/poneys-blackstone-equitation\/wp-content\/uploads\/2025-06-22_cce-prat_cross_06.jpg 1004w, https:\/\/cdscweb.fr\/poneys-blackstone-equitation\/wp-content\/uploads\/2025-06-22_cce-prat_cross_06-300x300.jpg 300w, https:\/\/cdscweb.fr\/poneys-blackstone-equitation\/wp-content\/uploads\/2025-06-22_cce-prat_cross_06-150x150.jpg 150w, https:\/\/cdscweb.fr\/poneys-blackstone-equitation\/wp-content\/uploads\/2025-06-22_cce-prat_cross_06-768x768.jpg 768w\" sizes=\"auto, (max-width: 1004px) 100vw, 1004px\" \/><\/figure>\n<\/div><\/div>\n\n\n\n<div class=\"wp-block-column is-layout-flow wp-block-column-is-layout-flow\" style=\"flex-basis:33.33%\">\n<hr class=\"wp-block-separator has-alpha-channel-opacity\"\/>\n\n\n\n<h2 class=\"wp-block-heading has-text-align-center\">Galop 5<\/h2>\n\n\n\n<p>\u00catre assis dans une bonne posture aux trois allures, rechercher l\u2019incurvation sur les courbes et une cadence r\u00e9guli\u00e8re au trois allures, partir au galop avec pr\u00e9cision, effectuer une cession \u00e0 la jambe au pas, pr\u00e9senter la reprise de Dressage Club 3 et encha\u00eener des parcours de CSO ou de Hunter type Club 3, aller en ext\u00e9rieur et en terrain vari\u00e9 aux trois allures.<\/p>\n\n\n\n<hr class=\"wp-block-separator has-alpha-channel-opacity\"\/>\n\n\n\n<h2 class=\"wp-block-heading has-text-align-center\">Galop 6<\/h2>\n\n\n\n<p>\u00catre assis dans une bonne posture dans les transitions dans l\u2019allure et entre allures et les d\u00e9placements<br>lat\u00e9raux au trot, incurver sur les cercles au pas et au trot, galoper \u00e0 faux sur une courbe large, obtenir des extensions d\u2019encolure au trot, effectuer une cession \u00e0 la jambe au trot, pr\u00e9senter la reprise de dressage Club 2 et encha\u00eener des parcours de CSO ou de Hunter type club 2, sauter en ext\u00e9rieur et en terrain vari\u00e9.<\/p>\n\n\n\n<hr class=\"wp-block-separator has-alpha-channel-opacity\"\/>\n\n\n\n<h2 class=\"wp-block-heading has-text-align-center\">Galop 7<\/h2>\n\n\n\n<p>\u00catre assis dans une bonne posture dans les encha\u00eenements de mouvements, mettre son cheval sur la main, l\u2019incurver sur les courbes aux trois allures et galoper \u00e0 faux sur des courbes de 20 m\u00e8tres, effectuer des transitions galop-pas, reculer, effectuer une \u00e9paule en dedans ou une contre \u00e9paule en dedans au trot, pr\u00e9senter la reprise de dressage Club 1 et encha\u00eener des parcours de CSO ou de Hunter type club 1, encha\u00eener des obstacles en ext\u00e9rieur et en terrain vari\u00e9, d\u00e9tendre son cheval sur le plat en autonomie dans le respect des consignes donn\u00e9es.<\/p>\n\n\n\n<hr class=\"wp-block-separator has-alpha-channel-opacity\"\/>\n\n\n\n<p class=\"has-text-align-center has-medium-font-size\"><mark style=\"background-color:rgba(0, 0, 0, 0)\" class=\"has-inline-color has-vivid-red-color\"><strong>En plus de la pratique \u00e9questre  \u00e0 cheval, chaque Galop comprend les modules<\/strong><\/mark><\/p>\n\n\n\n<ul class=\"wp-block-list\">\n<li class=\"has-medium-font-size\">S&rsquo;occuper du cheval<\/li>\n\n\n\n<li class=\"has-medium-font-size\">Connaissances g\u00e9n\u00e9rales<\/li>\n\n\n\n<li class=\"has-medium-font-size\">Connaissance du cheval<\/li>\n\n\n\n<li class=\"has-medium-font-size\">Pratique \u00e9questre \u00e0 pied<\/li>\n<\/ul>\n<\/div>\n<\/div>\n\n\n\n<p><\/p>\n","protected":false},"excerpt":{"rendered":"<p class=\"continue-reading-button\"> <a class=\"continue-reading-link\" href=\"https:\/\/cdscweb.fr\/poneys-blackstone-equitation\/activites\/linstruction-du-debutant-au-galop-4\/\">Lire<i class=\"crycon-right-dir\"><\/i><\/a><\/p>\n<div class='heateorSssClear'><\/div><div  class='heateor_sss_sharing_container heateor_sss_horizontal_sharing' data-heateor-sss-href='https:\/\/cdscweb.fr\/poneys-blackstone-equitation\/activites\/linstruction-du-debutant-au-galop-4\/'><div class='heateor_sss_sharing_title' style=\"font-weight:bold\" >Partagez !<\/div><div class=\"heateor_sss_sharing_ul\"><a aria-label=\"Facebook\" class=\"heateor_sss_facebook\" href=\"https:\/\/www.facebook.com\/sharer\/sharer.php?u=https%3A%2F%2Fcdscweb.fr%2Fponeys-blackstone-equitation%2Factivites%2Flinstruction-du-debutant-au-galop-4%2F\" title=\"Facebook\" rel=\"nofollow noopener\" target=\"_blank\" style=\"font-size:32px!important;box-shadow:none;display:inline-block;vertical-align:middle\"><span class=\"heateor_sss_svg\" style=\"background-color:#0765FE;width:35px;height:35px;border-radius:999px;display:inline-block;opacity:1;float:left;font-size:32px;box-shadow:none;display:inline-block;font-size:16px;padding:0 4px;vertical-align:middle;background-repeat:repeat;overflow:hidden;padding:0;cursor:pointer;box-sizing:content-box\"><svg style=\"display:block;border-radius:999px;\" focusable=\"false\" aria-hidden=\"true\" xmlns=\"http:\/\/www.w3.org\/2000\/svg\" width=\"100%\" height=\"100%\" viewBox=\"0 0 32 32\"><path fill=\"#fff\" d=\"M28 16c0-6.627-5.373-12-12-12S4 9.373 4 16c0 5.628 3.875 10.35 9.101 11.647v-7.98h-2.474V16H13.1v-1.58c0-4.085 1.849-5.978 5.859-5.978.76 0 2.072.15 2.608.298v3.325c-.283-.03-.775-.045-1.386-.045-1.967 0-2.728.745-2.728 2.683V16h3.92l-.673 3.667h-3.247v8.245C23.395 27.195 28 22.135 28 16Z\"><\/path><\/svg><\/span><\/a><a aria-label=\"Instagram\" class=\"heateor_sss_button_instagram\" href=\"https:\/\/www.instagram.com\/\" title=\"Instagram\" rel=\"nofollow noopener\" target=\"_blank\" style=\"font-size:32px!important;box-shadow:none;display:inline-block;vertical-align:middle\"><span class=\"heateor_sss_svg\" style=\"background-color:#53beee;width:35px;height:35px;border-radius:999px;display:inline-block;opacity:1;float:left;font-size:32px;box-shadow:none;display:inline-block;font-size:16px;padding:0 4px;vertical-align:middle;background-repeat:repeat;overflow:hidden;padding:0;cursor:pointer;box-sizing:content-box\"><svg style=\"display:block;border-radius:999px;\" version=\"1.1\" viewBox=\"-10 -10 148 148\" width=\"100%\" height=\"100%\" xml:space=\"preserve\" xmlns=\"http:\/\/www.w3.org\/2000\/svg\" xmlns:xlink=\"http:\/\/www.w3.org\/1999\/xlink\"><g><g><path d=\"M86,112H42c-14.336,0-26-11.663-26-26V42c0-14.337,11.664-26,26-26h44c14.337,0,26,11.663,26,26v44 C112,100.337,100.337,112,86,112z M42,24c-9.925,0-18,8.074-18,18v44c0,9.925,8.075,18,18,18h44c9.926,0,18-8.075,18-18V42 c0-9.926-8.074-18-18-18H42z\" fill=\"#fff\"><\/path><\/g><g><path d=\"M64,88c-13.234,0-24-10.767-24-24c0-13.234,10.766-24,24-24s24,10.766,24,24C88,77.233,77.234,88,64,88z M64,48c-8.822,0-16,7.178-16,16s7.178,16,16,16c8.822,0,16-7.178,16-16S72.822,48,64,48z\" fill=\"#fff\"><\/path><\/g><g><circle cx=\"89.5\" cy=\"38.5\" fill=\"#fff\" r=\"5.5\"><\/circle><\/g><\/g><\/svg><\/span><\/a><a aria-label=\"Whatsapp\" class=\"heateor_sss_whatsapp\" href=\"https:\/\/api.whatsapp.com\/send?text=L%27instruction%2C%20d%C3%A8s%206%20ans%20https%3A%2F%2Fcdscweb.fr%2Fponeys-blackstone-equitation%2Factivites%2Flinstruction-du-debutant-au-galop-4%2F\" title=\"Whatsapp\" rel=\"nofollow noopener\" target=\"_blank\" style=\"font-size:32px!important;box-shadow:none;display:inline-block;vertical-align:middle\"><span class=\"heateor_sss_svg\" style=\"background-color:#55eb4c;width:35px;height:35px;border-radius:999px;display:inline-block;opacity:1;float:left;font-size:32px;box-shadow:none;display:inline-block;font-size:16px;padding:0 4px;vertical-align:middle;background-repeat:repeat;overflow:hidden;padding:0;cursor:pointer;box-sizing:content-box\"><svg style=\"display:block;border-radius:999px;\" focusable=\"false\" aria-hidden=\"true\" xmlns=\"http:\/\/www.w3.org\/2000\/svg\" width=\"100%\" height=\"100%\" viewBox=\"-6 -5 40 40\"><path class=\"heateor_sss_svg_stroke heateor_sss_no_fill\" stroke=\"#fff\" stroke-width=\"2\" fill=\"none\" d=\"M 11.579798566743314 24.396926207859085 A 10 10 0 1 0 6.808479557110079 20.73576436351046\"><\/path><path d=\"M 7 19 l -1 6 l 6 -1\" class=\"heateor_sss_no_fill heateor_sss_svg_stroke\" stroke=\"#fff\" stroke-width=\"2\" fill=\"none\"><\/path><path d=\"M 10 10 q -1 8 8 11 c 5 -1 0 -6 -1 -3 q -4 -3 -5 -5 c 4 -2 -1 -5 -1 -4\" fill=\"#fff\"><\/path><\/svg><\/span><\/a><a class=\"heateor_sss_more\" aria-label=\"More\" title=\"More\" rel=\"nofollow noopener\" style=\"font-size: 32px!important;border:0;box-shadow:none;display:inline-block!important;font-size:16px;padding:0 4px;vertical-align: middle;display:inline;\" href=\"https:\/\/cdscweb.fr\/poneys-blackstone-equitation\/activites\/linstruction-du-debutant-au-galop-4\/\" onclick=\"event.preventDefault()\"><span class=\"heateor_sss_svg\" style=\"background-color:#ee8e2d;width:35px;height:35px;border-radius:999px;display:inline-block!important;opacity:1;float:left;font-size:32px!important;box-shadow:none;display:inline-block;font-size:16px;padding:0 4px;vertical-align:middle;display:inline;background-repeat:repeat;overflow:hidden;padding:0;cursor:pointer;box-sizing:content-box;\" onclick=\"heateorSssMoreSharingPopup(this, 'https:\/\/cdscweb.fr\/poneys-blackstone-equitation\/activites\/linstruction-du-debutant-au-galop-4\/', 'L%27instruction%2C%20d%C3%A8s%206%20ans', '' )\"><svg xmlns=\"http:\/\/www.w3.org\/2000\/svg\" xmlns:xlink=\"http:\/\/www.w3.org\/1999\/xlink\" viewBox=\"-.3 0 32 32\" version=\"1.1\" width=\"100%\" height=\"100%\" style=\"display:block;border-radius:999px;\" xml:space=\"preserve\"><g><path fill=\"#fff\" d=\"M18 14V8h-4v6H8v4h6v6h4v-6h6v-4h-6z\" fill-rule=\"evenodd\"><\/path><\/g><\/svg><\/span><\/a><\/div><div class=\"heateorSssClear\"><\/div><\/div><div class='heateorSssClear'><\/div>","protected":false},"author":1,"featured_media":0,"parent":4481,"menu_order":0,"comment_status":"closed","ping_status":"closed","template":"","meta":{"footnotes":""},"class_list":["post-4646","page","type-page","status-publish","hentry"],"_links":{"self":[{"href":"https:\/\/cdscweb.fr\/poneys-blackstone-equitation\/wp-json\/wp\/v2\/pages\/4646","targetHints":{"allow":["GET"]}}],"collection":[{"href":"https:\/\/cdscweb.fr\/poneys-blackstone-equitation\/wp-json\/wp\/v2\/pages"}],"about":[{"href":"https:\/\/cdscweb.fr\/poneys-blackstone-equitation\/wp-json\/wp\/v2\/types\/page"}],"author":[{"embeddable":true,"href":"https:\/\/cdscweb.fr\/poneys-blackstone-equitation\/wp-json\/wp\/v2\/users\/1"}],"replies":[{"embeddable":true,"href":"https:\/\/cdscweb.fr\/poneys-blackstone-equitation\/wp-json\/wp\/v2\/comments?post=4646"}],"version-history":[{"count":48,"href":"https:\/\/cdscweb.fr\/poneys-blackstone-equitation\/wp-json\/wp\/v2\/pages\/4646\/revisions"}],"predecessor-version":[{"id":8205,"href":"https:\/\/cdscweb.fr\/poneys-blackstone-equitation\/wp-json\/wp\/v2\/pages\/4646\/revisions\/8205"}],"up":[{"embeddable":true,"href":"https:\/\/cdscweb.fr\/poneys-blackstone-equitation\/wp-json\/wp\/v2\/pages\/4481"}],"wp:attachment":[{"href":"https:\/\/cdscweb.fr\/poneys-blackstone-equitation\/wp-json\/wp\/v2\/media?parent=4646"}],"curies":[{"name":"wp","href":"https:\/\/api.w.org\/{rel}","templated":true}]}}