{"id":4206,"date":"2024-07-07T08:47:31","date_gmt":"2024-07-07T06:47:31","guid":{"rendered":"https:\/\/cdscweb.fr\/poneys-blackstone-equitation\/?page_id=4206"},"modified":"2026-03-03T07:47:35","modified_gmt":"2026-03-03T06:47:35","slug":"hello-asso","status":"publish","type":"page","link":"https:\/\/cdscweb.fr\/poneys-blackstone-equitation\/hello-asso\/","title":{"rendered":"Hello Asso !"},"content":{"rendered":"\n<div class=\"wp-block-columns is-layout-flex wp-container-core-columns-is-layout-9d6595d7 wp-block-columns-is-layout-flex\">\n<div class=\"wp-block-column is-layout-flow wp-block-column-is-layout-flow\"><div class=\"wp-block-image\">\n<figure class=\"aligncenter size-full\"><a href=\"https:\/\/www.helloasso.com\/associations\/poneys-blackstone-equitation\" target=\"_blank\" rel=\"noreferrer noopener\"><img loading=\"lazy\" decoding=\"async\" width=\"225\" height=\"225\" src=\"https:\/\/cdscweb.fr\/poneys-blackstone-equitation\/wp-content\/uploads\/helloasso_logo.png\" alt=\"\" class=\"wp-image-2622\" title=\"acc\u00e9der \u00e0 notre page HelloAsso\" srcset=\"https:\/\/cdscweb.fr\/poneys-blackstone-equitation\/wp-content\/uploads\/helloasso_logo.png 225w, https:\/\/cdscweb.fr\/poneys-blackstone-equitation\/wp-content\/uploads\/helloasso_logo-150x150.png 150w\" sizes=\"auto, (max-width: 225px) 100vw, 225px\" \/><\/a><\/figure>\n<\/div>\n\n\n<p class=\"has-text-align-center has-small-font-size\"><em><strong>Cliquez sur le logo pour acc\u00e9der \u00e0 notre page.<\/strong><\/em><\/p>\n<\/div>\n\n\n\n<div class=\"wp-block-column is-layout-flow wp-block-column-is-layout-flow\">\n<p class=\"has-text-align-center has-medium-font-size\"><strong>PONEYS BLACKSTONE \u00c9QUITATION <\/strong>est pr\u00e9sent sur la plateforme <strong><em><a href=\"https:\/\/www.helloasso.com\/\" data-type=\"URL\" data-id=\"https:\/\/www.helloasso.com\/\" target=\"_blank\" rel=\"noreferrer noopener\">HelloAsso<\/a><\/em><\/strong> : il s&rsquo;agit d&rsquo;une entreprise solidaire qui aide les clubs et les associations \u00e0 gagner du temps, faire conna\u00eetre leurs actions et recevoir <strong>sans frais<\/strong> les paiements de leurs participants.<\/p>\n<\/div>\n<\/div>\n\n\n\n<p>Vous pourrez donc l&rsquo;utiliser \u00e0 l&rsquo;aide de votre carte bancaire comme n&rsquo;importe quel site de vente en ligne.<br>Vous y trouverez :<\/p>\n\n\n\n<ul class=\"wp-block-list\">\n<li><strong>une \u201cbilletterie\u201d<\/strong> pour les forfaits, cartes, s\u00e9ances \u00e0 l&rsquo;unit\u00e9 ;<\/li>\n\n\n\n<li><strong>un espace \u201ccotisation\u201d<\/strong> pour les adh\u00e9sions et les licences FFE ;<\/li>\n\n\n\n<li><strong>les \u201cConfitures de Maminou\u201d<\/strong>, faites maison ;<\/li>\n\n\n\n<li><strong>deux espace \u201cdons\u201d<\/strong> pour tout autre paiement <em>(ponctuel ou r\u00e9current)<\/em>.<\/li>\n<\/ul>\n\n\n\n<p>Comment \u00e7a marche ?<\/p>\n\n\n\n<ul class=\"wp-block-list\">\n<li>Vous \u201cpassez votre commande\u201d sur <strong><em>HelloAsso <\/em><\/strong>;<\/li>\n\n\n\n<li>La plateforme nous transmet l&rsquo;information ;<\/li>\n\n\n\n<li>Nous validons votre achat d\u00e8s r\u00e9ception du paiement sur notre compte <em>(environ une semaine)<\/em>.<\/li>\n<\/ul>\n\n\n\n<p class=\"has-text-align-center\">Vous pouvez lire une pr\u00e9sentation plus d\u00e9taill\u00e9e de cet outil sur le site <\/p>\n\n\n\n<p class=\"has-text-align-center\"><strong><em><a href=\"https:\/\/cdscweb.fr\/chat-robaze\/payer-avec-helloasso\/\" target=\"_blank\" rel=\"noreferrer noopener\">https:\/\/cdscweb.fr\/chat-robaze\/payer-avec-helloasso\/<\/a><\/em><\/strong><\/p>\n\n\n\n<div class=\"wp-block-columns is-layout-flex wp-container-core-columns-is-layout-9d6595d7 wp-block-columns-is-layout-flex\">\n<div class=\"wp-block-column is-layout-flow wp-block-column-is-layout-flow\" style=\"flex-basis:50%\">\n<p class=\"has-text-align-center\">HelloAsso offre gratuitement ses services <br>\u00e0 notre association. <br>Si vous le pouvez, <br>pensez \u00e0 laisser une contribution volontaire <br>au moment de votre paiement : <br>votre soutien permet de faire vivre <br>ce mod\u00e8le solidaire !<\/p>\n\n\n<div class=\"wp-block-image\">\n<figure class=\"aligncenter size-full\"><img loading=\"lazy\" decoding=\"async\" width=\"768\" height=\"591\" src=\"https:\/\/cdscweb.fr\/poneys-blackstone-equitation\/wp-content\/uploads\/achat-04.jpg\" alt=\"\" class=\"wp-image-7890\" srcset=\"https:\/\/cdscweb.fr\/poneys-blackstone-equitation\/wp-content\/uploads\/achat-04.jpg 768w, https:\/\/cdscweb.fr\/poneys-blackstone-equitation\/wp-content\/uploads\/achat-04-300x231.jpg 300w, https:\/\/cdscweb.fr\/poneys-blackstone-equitation\/wp-content\/uploads\/achat-04-150x115.jpg 150w\" sizes=\"auto, (max-width: 768px) 100vw, 768px\" \/><\/figure>\n<\/div>\n\n\n<p class=\"has-text-align-center\">Dans la fen\u00eatre <strong>R\u00c9CAPITULATIF <\/strong>vous pourrez<br><strong><em>modifier<\/em><\/strong>&nbsp;la participation ou la&nbsp;<em><strong>refuser<\/strong><\/em>.<br><br><\/p>\n<\/div>\n\n\n\n<div class=\"wp-block-column is-layout-flow wp-block-column-is-layout-flow\" style=\"flex-basis:50%\">\n<p><\/p>\n\n\n<div class=\"wp-block-image\">\n<figure class=\"aligncenter size-full\"><img loading=\"lazy\" decoding=\"async\" width=\"533\" height=\"579\" src=\"https:\/\/cdscweb.fr\/poneys-blackstone-equitation\/wp-content\/uploads\/achat-05.jpg\" alt=\"\" class=\"wp-image-7891\" srcset=\"https:\/\/cdscweb.fr\/poneys-blackstone-equitation\/wp-content\/uploads\/achat-05.jpg 533w, https:\/\/cdscweb.fr\/poneys-blackstone-equitation\/wp-content\/uploads\/achat-05-276x300.jpg 276w, https:\/\/cdscweb.fr\/poneys-blackstone-equitation\/wp-content\/uploads\/achat-05-138x150.jpg 138w\" sizes=\"auto, (max-width: 533px) 100vw, 533px\" \/><figcaption class=\"wp-element-caption\">Chaque transaction co\u00fbte au moins 1 \u20ac \u00e0 HelloAsso.<\/figcaption><\/figure>\n<\/div><\/div>\n<\/div>\n","protected":false},"excerpt":{"rendered":"<p class=\"continue-reading-button\"> <a class=\"continue-reading-link\" href=\"https:\/\/cdscweb.fr\/poneys-blackstone-equitation\/hello-asso\/\">Lire<i class=\"crycon-right-dir\"><\/i><\/a><\/p>\n<div class='heateorSssClear'><\/div><div  class='heateor_sss_sharing_container heateor_sss_horizontal_sharing' data-heateor-sss-href='https:\/\/cdscweb.fr\/poneys-blackstone-equitation\/hello-asso\/'><div class='heateor_sss_sharing_title' style=\"font-weight:bold\" >Partagez !<\/div><div class=\"heateor_sss_sharing_ul\"><a aria-label=\"Facebook\" class=\"heateor_sss_facebook\" href=\"https:\/\/www.facebook.com\/sharer\/sharer.php?u=https%3A%2F%2Fcdscweb.fr%2Fponeys-blackstone-equitation%2Fhello-asso%2F\" title=\"Facebook\" rel=\"nofollow noopener\" target=\"_blank\" style=\"font-size:32px!important;box-shadow:none;display:inline-block;vertical-align:middle\"><span class=\"heateor_sss_svg\" style=\"background-color:#0765FE;width:35px;height:35px;border-radius:999px;display:inline-block;opacity:1;float:left;font-size:32px;box-shadow:none;display:inline-block;font-size:16px;padding:0 4px;vertical-align:middle;background-repeat:repeat;overflow:hidden;padding:0;cursor:pointer;box-sizing:content-box\"><svg style=\"display:block;border-radius:999px;\" focusable=\"false\" aria-hidden=\"true\" xmlns=\"http:\/\/www.w3.org\/2000\/svg\" width=\"100%\" height=\"100%\" viewBox=\"0 0 32 32\"><path fill=\"#fff\" d=\"M28 16c0-6.627-5.373-12-12-12S4 9.373 4 16c0 5.628 3.875 10.35 9.101 11.647v-7.98h-2.474V16H13.1v-1.58c0-4.085 1.849-5.978 5.859-5.978.76 0 2.072.15 2.608.298v3.325c-.283-.03-.775-.045-1.386-.045-1.967 0-2.728.745-2.728 2.683V16h3.92l-.673 3.667h-3.247v8.245C23.395 27.195 28 22.135 28 16Z\"><\/path><\/svg><\/span><\/a><a aria-label=\"Instagram\" class=\"heateor_sss_button_instagram\" href=\"https:\/\/www.instagram.com\/\" title=\"Instagram\" rel=\"nofollow noopener\" target=\"_blank\" style=\"font-size:32px!important;box-shadow:none;display:inline-block;vertical-align:middle\"><span class=\"heateor_sss_svg\" style=\"background-color:#53beee;width:35px;height:35px;border-radius:999px;display:inline-block;opacity:1;float:left;font-size:32px;box-shadow:none;display:inline-block;font-size:16px;padding:0 4px;vertical-align:middle;background-repeat:repeat;overflow:hidden;padding:0;cursor:pointer;box-sizing:content-box\"><svg style=\"display:block;border-radius:999px;\" version=\"1.1\" viewBox=\"-10 -10 148 148\" width=\"100%\" height=\"100%\" xml:space=\"preserve\" xmlns=\"http:\/\/www.w3.org\/2000\/svg\" xmlns:xlink=\"http:\/\/www.w3.org\/1999\/xlink\"><g><g><path d=\"M86,112H42c-14.336,0-26-11.663-26-26V42c0-14.337,11.664-26,26-26h44c14.337,0,26,11.663,26,26v44 C112,100.337,100.337,112,86,112z M42,24c-9.925,0-18,8.074-18,18v44c0,9.925,8.075,18,18,18h44c9.926,0,18-8.075,18-18V42 c0-9.926-8.074-18-18-18H42z\" fill=\"#fff\"><\/path><\/g><g><path d=\"M64,88c-13.234,0-24-10.767-24-24c0-13.234,10.766-24,24-24s24,10.766,24,24C88,77.233,77.234,88,64,88z M64,48c-8.822,0-16,7.178-16,16s7.178,16,16,16c8.822,0,16-7.178,16-16S72.822,48,64,48z\" fill=\"#fff\"><\/path><\/g><g><circle cx=\"89.5\" cy=\"38.5\" fill=\"#fff\" r=\"5.5\"><\/circle><\/g><\/g><\/svg><\/span><\/a><a aria-label=\"Whatsapp\" class=\"heateor_sss_whatsapp\" href=\"https:\/\/api.whatsapp.com\/send?text=Hello%20Asso%20%21%20https%3A%2F%2Fcdscweb.fr%2Fponeys-blackstone-equitation%2Fhello-asso%2F\" title=\"Whatsapp\" rel=\"nofollow noopener\" target=\"_blank\" style=\"font-size:32px!important;box-shadow:none;display:inline-block;vertical-align:middle\"><span class=\"heateor_sss_svg\" style=\"background-color:#55eb4c;width:35px;height:35px;border-radius:999px;display:inline-block;opacity:1;float:left;font-size:32px;box-shadow:none;display:inline-block;font-size:16px;padding:0 4px;vertical-align:middle;background-repeat:repeat;overflow:hidden;padding:0;cursor:pointer;box-sizing:content-box\"><svg style=\"display:block;border-radius:999px;\" focusable=\"false\" aria-hidden=\"true\" xmlns=\"http:\/\/www.w3.org\/2000\/svg\" width=\"100%\" height=\"100%\" viewBox=\"-6 -5 40 40\"><path class=\"heateor_sss_svg_stroke heateor_sss_no_fill\" stroke=\"#fff\" stroke-width=\"2\" fill=\"none\" d=\"M 11.579798566743314 24.396926207859085 A 10 10 0 1 0 6.808479557110079 20.73576436351046\"><\/path><path d=\"M 7 19 l -1 6 l 6 -1\" class=\"heateor_sss_no_fill heateor_sss_svg_stroke\" stroke=\"#fff\" stroke-width=\"2\" fill=\"none\"><\/path><path d=\"M 10 10 q -1 8 8 11 c 5 -1 0 -6 -1 -3 q -4 -3 -5 -5 c 4 -2 -1 -5 -1 -4\" fill=\"#fff\"><\/path><\/svg><\/span><\/a><a class=\"heateor_sss_more\" aria-label=\"More\" title=\"More\" rel=\"nofollow noopener\" style=\"font-size: 32px!important;border:0;box-shadow:none;display:inline-block!important;font-size:16px;padding:0 4px;vertical-align: middle;display:inline;\" href=\"https:\/\/cdscweb.fr\/poneys-blackstone-equitation\/hello-asso\/\" onclick=\"event.preventDefault()\"><span class=\"heateor_sss_svg\" style=\"background-color:#ee8e2d;width:35px;height:35px;border-radius:999px;display:inline-block!important;opacity:1;float:left;font-size:32px!important;box-shadow:none;display:inline-block;font-size:16px;padding:0 4px;vertical-align:middle;display:inline;background-repeat:repeat;overflow:hidden;padding:0;cursor:pointer;box-sizing:content-box;\" onclick=\"heateorSssMoreSharingPopup(this, 'https:\/\/cdscweb.fr\/poneys-blackstone-equitation\/hello-asso\/', 'Hello%20Asso%20%21', '' )\"><svg xmlns=\"http:\/\/www.w3.org\/2000\/svg\" xmlns:xlink=\"http:\/\/www.w3.org\/1999\/xlink\" viewBox=\"-.3 0 32 32\" version=\"1.1\" width=\"100%\" height=\"100%\" style=\"display:block;border-radius:999px;\" xml:space=\"preserve\"><g><path fill=\"#fff\" d=\"M18 14V8h-4v6H8v4h6v6h4v-6h6v-4h-6z\" fill-rule=\"evenodd\"><\/path><\/g><\/svg><\/span><\/a><\/div><div class=\"heateorSssClear\"><\/div><\/div><div class='heateorSssClear'><\/div>","protected":false},"author":1,"featured_media":0,"parent":0,"menu_order":0,"comment_status":"closed","ping_status":"closed","template":"","meta":{"footnotes":""},"class_list":["post-4206","page","type-page","status-publish","hentry"],"_links":{"self":[{"href":"https:\/\/cdscweb.fr\/poneys-blackstone-equitation\/wp-json\/wp\/v2\/pages\/4206","targetHints":{"allow":["GET"]}}],"collection":[{"href":"https:\/\/cdscweb.fr\/poneys-blackstone-equitation\/wp-json\/wp\/v2\/pages"}],"about":[{"href":"https:\/\/cdscweb.fr\/poneys-blackstone-equitation\/wp-json\/wp\/v2\/types\/page"}],"author":[{"embeddable":true,"href":"https:\/\/cdscweb.fr\/poneys-blackstone-equitation\/wp-json\/wp\/v2\/users\/1"}],"replies":[{"embeddable":true,"href":"https:\/\/cdscweb.fr\/poneys-blackstone-equitation\/wp-json\/wp\/v2\/comments?post=4206"}],"version-history":[{"count":13,"href":"https:\/\/cdscweb.fr\/poneys-blackstone-equitation\/wp-json\/wp\/v2\/pages\/4206\/revisions"}],"predecessor-version":[{"id":7893,"href":"https:\/\/cdscweb.fr\/poneys-blackstone-equitation\/wp-json\/wp\/v2\/pages\/4206\/revisions\/7893"}],"wp:attachment":[{"href":"https:\/\/cdscweb.fr\/poneys-blackstone-equitation\/wp-json\/wp\/v2\/media?parent=4206"}],"curies":[{"name":"wp","href":"https:\/\/api.w.org\/{rel}","templated":true}]}}