{"id":301,"date":"2024-06-04T09:29:07","date_gmt":"2024-06-04T07:29:07","guid":{"rendered":"https:\/\/cdscweb.fr\/poneys-blackstone-equitation\/?page_id=301"},"modified":"2026-02-18T10:25:03","modified_gmt":"2026-02-18T09:25:03","slug":"sylvie-cv-equestre","status":"publish","type":"page","link":"https:\/\/cdscweb.fr\/poneys-blackstone-equitation\/sylvie-cv-equestre\/","title":{"rendered":"Sylvie, CV \u00e9questre"},"content":{"rendered":"\n<p class=\"has-text-align-right\"><strong><em><a href=\"https:\/\/cdscweb.fr\/poneys-blackstone-equitation\/wp-content\/uploads\/2026-02-18_cv-cavalier_sylvie.pdf\" data-type=\"attachment\" data-id=\"7838\" target=\"_blank\" rel=\"noreferrer noopener\">Voir CV de cavalier FFE<\/a><\/em><\/strong><\/p>\n\n\n\n<h3 class=\"wp-block-heading\">FORMATIONS &amp; DIPL\u00d4MES<\/h3>\n\n\n\n<figure class=\"wp-block-table aligncenter\"><table><tbody><tr><td class=\"has-text-align-center\" data-align=\"center\"><strong><mark style=\"background-color:rgba(0, 0, 0, 0)\" class=\"has-inline-color has-vivid-red-color\">2026<\/mark><\/strong><\/td><td class=\"has-text-align-left\" data-align=\"left\">Formation<strong>&nbsp;<strong>Chef de piste Hunter<\/strong> <\/strong>avec Laurent Casanova <em>(National \u00c9lite)<\/em><br>Formation<strong>&nbsp;Juge \/ <strong>Chef de piste \u00c9quifun<\/strong> <\/strong>avec St\u00e9phanie Laumaillet <em>(experte f\u00e9d\u00e9rale)<\/em><br>Formation<strong>&nbsp;<strong>Juge CCE<\/strong> <\/strong>avec Fran\u00e7ois Terral <em>(International *)<\/em><br>Formation&nbsp;<strong>Juge Dressage<\/strong>&nbsp;avec Lionel du Tranoy (<em>International ***<\/em>)<\/td><\/tr><tr><td class=\"has-text-align-center\" data-align=\"center\"><strong><mark style=\"background-color:rgba(0, 0, 0, 0)\" class=\"has-inline-color has-vivid-red-color\">2025<\/mark><\/strong><\/td><td class=\"has-text-align-left\" data-align=\"left\"><em><strong>Juge Hunter National<\/strong><\/em><br><strong><em>Juge \u00c9quifun Club<br>Chef de piste \u00c9quifun Club<\/em><\/strong><em><br><\/em>*<br>Formation<strong>&nbsp;<strong>Chef de piste Hunter<\/strong> <\/strong>avec Laurent Casanova <em>(National \u00c9lite)<\/em><br>Formation&nbsp;<strong><em><a href=\"https:\/\/cdscweb.fr\/poneys-blackstone-equitation\/wp-content\/uploads\/2025-01-05_attestation-cours_jean-michel-roudier.pdf\" data-type=\"link\" data-id=\"https:\/\/cdscweb.fr\/poneys-blackstone-equitation\/wp-content\/uploads\/2025-01-05_attestation-cours_jean-michel-roudier.pdf\" target=\"_blank\" rel=\"noreferrer noopener\">Juge Dressage<\/a><\/em><\/strong>&nbsp;avec Jean-Michel Roudier (<em>International *****<\/em>)<\/td><\/tr><tr><td class=\"has-text-align-center\" data-align=\"center\"><strong><mark style=\"background-color:rgba(0, 0, 0, 0)\" class=\"has-inline-color has-vivid-red-color\">2024<\/mark><\/strong><\/td><td class=\"has-text-align-left\" data-align=\"left\"><em><strong>Chef de piste Hunter Club<\/strong><br><\/em>Qualification FFE : <strong><em><a href=\"https:\/\/cdscweb.fr\/poneys-blackstone-equitation\/wp-content\/uploads\/2024-04-08_brevet-apb.pdf\" data-type=\"link\" data-id=\"https:\/\/cdscweb.fr\/poneys-blackstone-equitation\/wp-content\/uploads\/2024-04-08_brevet-apb.pdf\" target=\"_blank\" rel=\"noreferrer noopener\">Animateur Poney B\u00e9n\u00e9vole<\/a><br><\/em><\/strong>*<br>Formation&nbsp;<strong>Chef de piste Hunter<\/strong>&nbsp;avec Marie-Christine de Saint-Vaast <em>(<em>National \u00c9lite<\/em>)<\/em><br>Formation&nbsp;<strong>Juge Hunter<\/strong>&nbsp;avec Caroline Ravel <em>(<em>National \u00c9lite<\/em>)<\/em><br>Formation&nbsp;<strong>Juge CCE<\/strong>&nbsp;avec Laure Eslan <em>(International ****)<\/em><br>Formation&nbsp;<strong><em><a href=\"https:\/\/cdscweb.fr\/poneys-blackstone-equitation\/wp-content\/uploads\/2024-01-07_attestation-cours_etienne-maire.pdf\" data-type=\"link\" data-id=\"https:\/\/cdscweb.fr\/poneys-blackstone-equitation\/wp-content\/uploads\/2024-01-07_attestation-cours_etienne-maire.pdf\" target=\"_blank\" rel=\"noreferrer noopener\">Juge  Dressage<\/a><\/em><\/strong>&nbsp;avec \u00c9tienne Maire <em>(National \u00c9lite)<\/em><\/td><\/tr><tr><td class=\"has-text-align-center\" data-align=\"center\"><strong><mark style=\"background-color:rgba(0, 0, 0, 0)\" class=\"has-inline-color has-vivid-red-color\">2023-2024<\/mark><\/strong><\/td><td class=\"has-text-align-left\" data-align=\"left\">Formation <strong>Animateur Poney B\u00e9n\u00e9vole<\/strong> avec Johanne Delord <em>(BEES 1)<\/em><\/td><\/tr><tr><td class=\"has-text-align-center\" data-align=\"center\"><strong><mark style=\"background-color:rgba(0, 0, 0, 0)\" class=\"has-inline-color has-vivid-red-color\">2023<\/mark><\/strong><\/td><td class=\"has-text-align-left\" data-align=\"left\">Formation&nbsp;<strong><em><a href=\"https:\/\/cdscweb.fr\/poneys-blackstone-equitation\/wp-content\/uploads\/2023-02-19_attestation-cours_annick-dauban.pdf\" data-type=\"link\" data-id=\"https:\/\/cdscweb.fr\/poneys-blackstone-equitation\/wp-content\/uploads\/2023-02-19_attestation-cours_annick-dauban.pdf\" target=\"_blank\" rel=\"noreferrer noopener\">Juge Dressage<\/a><\/em><\/strong>&nbsp;avec Annick Dauban (<em>International ***<\/em>)<\/td><\/tr><tr><td class=\"has-text-align-center\" data-align=\"center\"><strong><mark style=\"background-color:rgba(0, 0, 0, 0)\" class=\"has-inline-color has-vivid-red-color\">2022<\/mark><\/strong><\/td><td class=\"has-text-align-left\" data-align=\"left\"><em><strong>Juge Hunter Candidat National<\/strong><br><\/em>*<br>Formations<strong>&nbsp;Hunter : juge + chef de piste <\/strong>avec Laurent Casanova <em>(National \u00c9lite)<\/em><\/td><\/tr><tr><td class=\"has-text-align-center\" data-align=\"center\"><strong><mark style=\"background-color:rgba(0, 0, 0, 0)\" class=\"has-inline-color has-vivid-red-color\">2021<\/mark><\/strong><\/td><td class=\"has-text-align-left\" data-align=\"left\"><strong><em><a href=\"https:\/\/cdscweb.fr\/poneys-blackstone-equitation\/wp-content\/uploads\/2021-11-02_capacite-detenteur-dequides_sylvie.pdf\" data-type=\"link\" data-id=\"https:\/\/cdscweb.fr\/poneys-blackstone-equitation\/wp-content\/uploads\/2021-11-02_capacite-detenteur-dequides_sylvie.pdf\" target=\"_blank\" rel=\"noreferrer noopener\">Capacit\u00e9 de d\u00e9tenteur d\u2019\u00e9quid\u00e9s<\/a><\/em><\/strong>&nbsp;<em>d\u00e9livr\u00e9e par la FFE<\/em><br>*<br>Formation <strong>Juge <strong>CCE<\/strong><\/strong>&nbsp;avec Bertrand Hardy <em>(National \u00c9lite)<\/em><br>Formation&nbsp;<strong><em><a href=\"https:\/\/cdscweb.fr\/poneys-blackstone-equitation\/wp-content\/uploads\/2021-01-24_attestation-cours_annick-dauban.pdf\" data-type=\"link\" data-id=\"https:\/\/cdscweb.fr\/poneys-blackstone-equitation\/wp-content\/uploads\/2021-01-24_attestation-cours_annick-dauban.pdf\" target=\"_blank\" rel=\"noreferrer noopener\">Juge Dressage<\/a><\/em><\/strong>&nbsp;avec Annick Dauban (<em>International ***<\/em>)<\/td><\/tr><tr><td class=\"has-text-align-center\" data-align=\"center\"><strong><mark style=\"background-color:rgba(0, 0, 0, 0)\" class=\"has-inline-color has-vivid-red-color\">2020<\/mark><\/strong><\/td><td class=\"has-text-align-left\" data-align=\"left\"><strong><em>Juge CCE National<\/em><\/strong><br>*<br>Formation&nbsp;<strong>Juge CCE<\/strong>&nbsp;avec Nathalie Carri\u00e8re <em>(International **)<\/em><br>Formation&nbsp;<strong>Juge Dressage<\/strong>&nbsp;avec Bertrand Hardy (<em>National \u00c9lite<\/em>)<\/td><\/tr><tr><td class=\"has-text-align-center\" data-align=\"center\"><strong><mark style=\"background-color:rgba(0, 0, 0, 0)\" class=\"has-inline-color has-vivid-red-color\">2019<\/mark><\/strong><\/td><td class=\"has-text-align-left\" data-align=\"left\">Formation&nbsp;<strong>Juge Dressage<\/strong>&nbsp;avec Annick Dauban (<em>International ***<\/em>)<\/td><\/tr><tr><td class=\"has-text-align-center\" data-align=\"center\"><strong><mark style=\"background-color:rgba(0, 0, 0, 0)\" class=\"has-inline-color has-vivid-red-color\">2018<\/mark><\/strong><\/td><td class=\"has-text-align-left\" data-align=\"left\"><strong><em>Juge CCE Candidat national<\/em><\/strong><br>*<br>Formation&nbsp;<strong>Juge CCE<\/strong>&nbsp;avec Alain James <em>(International ***)<\/em><br>Formation&nbsp;<strong>Juge Dressage<\/strong>&nbsp;avec Bertrand Hardy (<em>National \u00c9lite<\/em>)<\/td><\/tr><tr><td class=\"has-text-align-center\" data-align=\"center\"><strong><mark style=\"background-color:rgba(0, 0, 0, 0)\" class=\"has-inline-color has-vivid-red-color\">2017<\/mark><\/strong><\/td><td class=\"has-text-align-left\" data-align=\"left\">Formation&nbsp;<strong><em><a href=\"https:\/\/cdscweb.fr\/poneys-blackstone-equitation\/wp-content\/uploads\/2017-01-22_attestation-cours_bertrand-hardy.pdf\" data-type=\"link\" data-id=\"https:\/\/cdscweb.fr\/poneys-blackstone-equitation\/wp-content\/uploads\/2017-01-22_attestation-cours_bertrand-hardy.pdf\" target=\"_blank\" rel=\"noreferrer noopener\">Juge Dressage<\/a><\/em><\/strong>&nbsp;avec Bertrand Hardy (<em>National \u00c9lite<\/em>)<\/td><\/tr><tr><td class=\"has-text-align-center\" data-align=\"center\"><strong><mark style=\"background-color:rgba(0, 0, 0, 0)\" class=\"has-inline-color has-vivid-red-color\">2016<\/mark><\/strong><\/td><td class=\"has-text-align-left\" data-align=\"left\">Formation&nbsp;<strong><em><a href=\"https:\/\/cdscweb.fr\/poneys-blackstone-equitation\/wp-content\/uploads\/2016-01-17_attestation-cours_alain-francqueville.pdf\" data-type=\"link\" data-id=\"https:\/\/cdscweb.fr\/poneys-blackstone-equitation\/wp-content\/uploads\/2016-01-17_attestation-cours_alain-francqueville.pdf\" target=\"_blank\" rel=\"noreferrer noopener\">Juge  Dressage<\/a><\/em><\/strong>&nbsp;avec Alain Francqueville (<em>National \u00c9lite<\/em>)<\/td><\/tr><tr><td class=\"has-text-align-center\" data-align=\"center\"><strong><mark style=\"background-color:rgba(0, 0, 0, 0)\" class=\"has-inline-color has-vivid-red-color\">2015<\/mark><\/strong><\/td><td class=\"has-text-align-left\" data-align=\"left\">Formation&nbsp;<strong><em><a href=\"https:\/\/cdscweb.fr\/poneys-blackstone-equitation\/wp-content\/uploads\/2015-02-21_attestation-cours_nadine-cochenet-kersenti.pdf\" data-type=\"link\" data-id=\"https:\/\/cdscweb.fr\/poneys-blackstone-equitation\/wp-content\/uploads\/2015-02-21_attestation-cours_nadine-cochenet-kersenti.pdf\" target=\"_blank\" rel=\"noreferrer noopener\">Juge Dressage<\/a><\/em><\/strong>&nbsp;avec Nadine Cochenet Kersenti (<em>National \u00c9lite<\/em>)<\/td><\/tr><tr><td class=\"has-text-align-center\" data-align=\"center\"><strong><mark style=\"background-color:rgba(0, 0, 0, 0)\" class=\"has-inline-color has-vivid-red-color\">2014<\/mark><\/strong><\/td><td class=\"has-text-align-left\" data-align=\"left\">Formation&nbsp;<strong><em><a href=\"https:\/\/cdscweb.fr\/poneys-blackstone-equitation\/wp-content\/uploads\/2014-02-27_attestation-cours_dominique-fontaine.pdf\" data-type=\"link\" data-id=\"https:\/\/cdscweb.fr\/poneys-blackstone-equitation\/wp-content\/uploads\/2014-02-27_attestation-cours_dominique-fontaine.pdf\" target=\"_blank\" rel=\"noreferrer noopener\">Juge Dressage<\/a><\/em><\/strong>&nbsp;avec Dominique Fontaine (<em>National \u00c9lite<\/em>)<\/td><\/tr><tr><td class=\"has-text-align-center\" data-align=\"center\"><strong><mark style=\"background-color:rgba(0, 0, 0, 0)\" class=\"has-inline-color has-vivid-red-color\">2013<\/mark><\/strong><\/td><td class=\"has-text-align-left\" data-align=\"left\">Formation&nbsp;<strong><em><a href=\"https:\/\/cdscweb.fr\/poneys-blackstone-equitation\/wp-content\/uploads\/2013-02-19_attestation-cours_nadine-cochenet-kersenti.pdf\" data-type=\"link\" data-id=\"https:\/\/cdscweb.fr\/poneys-blackstone-equitation\/wp-content\/uploads\/2013-02-19_attestation-cours_nadine-cochenet-kersenti.pdf\" target=\"_blank\" rel=\"noreferrer noopener\">Juge Dressage<\/a><\/em><\/strong>&nbsp;avec Nadine Cochenet Kersenti (<em>National \u00c9lite<\/em>)<\/td><\/tr><tr><td class=\"has-text-align-center\" data-align=\"center\"><strong><mark style=\"background-color:rgba(0, 0, 0, 0)\" class=\"has-inline-color has-vivid-red-color\">2012<\/mark><\/strong><\/td><td class=\"has-text-align-left\" data-align=\"left\"><strong><em>Juge Dressage National<br><\/em><\/strong>*<br>Formation&nbsp;<strong><em><a href=\"https:\/\/cdscweb.fr\/poneys-blackstone-equitation\/wp-content\/uploads\/2012-01-27_attestation-cours_bertrand-hardy.pdf\" data-type=\"link\" data-id=\"https:\/\/cdscweb.fr\/poneys-blackstone-equitation\/wp-content\/uploads\/2012-01-27_attestation-cours_bertrand-hardy.pdf\" target=\"_blank\" rel=\"noreferrer noopener\">Juge Dressage<\/a><\/em><\/strong>&nbsp;avec Bertrand Hardy (<em>National \u00c9lite<\/em>)<\/td><\/tr><tr><td class=\"has-text-align-center\" data-align=\"center\"><strong><mark style=\"background-color:rgba(0, 0, 0, 0)\" class=\"has-inline-color has-vivid-red-color\">2011<\/mark><\/strong><\/td><td class=\"has-text-align-left\" data-align=\"left\">Formation&nbsp;<strong><em><a href=\"https:\/\/cdscweb.fr\/poneys-blackstone-equitation\/wp-content\/uploads\/2011-01-18_attestation-cours_bertrand-hardy.pdf\" data-type=\"link\" data-id=\"https:\/\/cdscweb.fr\/poneys-blackstone-equitation\/wp-content\/uploads\/2011-01-18_attestation-cours_bertrand-hardy.pdf\" target=\"_blank\" rel=\"noreferrer noopener\">Juge Dressage<\/a><\/em><\/strong>&nbsp;avec Bertrand Hardy (<em>National \u00c9lite<\/em>)<\/td><\/tr><tr><td class=\"has-text-align-center\" data-align=\"center\"><strong><mark style=\"background-color:rgba(0, 0, 0, 0)\" class=\"has-inline-color has-vivid-red-color\">2007<\/mark><\/strong><\/td><td class=\"has-text-align-left\" data-align=\"left\"><strong><em><a href=\"https:\/\/cdscweb.fr\/poneys-blackstone-equitation\/wp-content\/uploads\/2024-04-27_cv-cavalier-sylvie.pdf\" data-type=\"link\" data-id=\"https:\/\/cdscweb.fr\/poneys-blackstone-equitation\/wp-content\/uploads\/2024-04-27_cv-cavalier-sylvie.pdf\" target=\"_blank\" rel=\"noreferrer noopener\">Galop 7<\/a><\/em><\/strong> Amazone Dressage<br>*<br><strong><em>Juge Dressage Candidat national<\/em><\/strong><\/td><\/tr><tr><td class=\"has-text-align-center\" data-align=\"center\"><strong><mark style=\"background-color:rgba(0, 0, 0, 0)\" class=\"has-inline-color has-vivid-red-color\">2006<\/mark><\/strong><\/td><td class=\"has-text-align-left\" data-align=\"left\">Formation&nbsp;<strong>Juge Dressage<\/strong>&nbsp;avec Jean-Pierre Avinzac (<em>Candidat National \u00c9lite<\/em>)<\/td><\/tr><tr><td class=\"has-text-align-center\" data-align=\"center\"><strong><mark style=\"background-color:rgba(0, 0, 0, 0)\" class=\"has-inline-color has-vivid-red-color\">1994<\/mark><\/strong><\/td><td class=\"has-text-align-left\" data-align=\"left\"><strong><em><a href=\"https:\/\/cdscweb.fr\/poneys-blackstone-equitation\/wp-content\/uploads\/2024-04-27_cv-cavalier-sylvie.pdf\" data-type=\"link\" data-id=\"https:\/\/cdscweb.fr\/poneys-blackstone-equitation\/wp-content\/uploads\/2024-04-27_cv-cavalier-sylvie.pdf\" target=\"_blank\" rel=\"noreferrer noopener\">Galop 7<\/a><\/em><\/strong> Complet<\/td><\/tr><tr><td class=\"has-text-align-center\" data-align=\"center\"><strong><mark style=\"background-color:rgba(0, 0, 0, 0)\" class=\"has-inline-color has-vivid-red-color\">1987<\/mark><\/strong><\/td><td class=\"has-text-align-left\" data-align=\"left\"><strong><em><a href=\"https:\/\/cdscweb.fr\/poneys-blackstone-equitation\/wp-content\/uploads\/2024-04-27_cv-cavalier-sylvie.pdf\" data-type=\"link\" data-id=\"https:\/\/cdscweb.fr\/equi-libre-360\/wp-content\/uploads\/2024-04-27_cv-cavalier-sylvie.pdf\" target=\"_blank\" rel=\"noreferrer noopener\">Galop 7<\/a><\/em><\/strong> Attelage en paire<\/td><\/tr><\/tbody><\/table><\/figure>\n\n\n\n<h3 class=\"wp-block-heading\">COMP\u00c9TITION<\/h3>\n\n\n\n<figure class=\"wp-block-table aligncenter\"><table><tbody><tr><td class=\"has-text-align-center\" data-align=\"center\"><strong><mark style=\"background-color:rgba(0, 0, 0, 0)\" class=\"has-inline-color has-vivid-red-color\">2012<\/mark><\/strong><\/td><td class=\"has-text-align-left\" data-align=\"left\"><strong><em>Championnat de France Arabes de Sport &#8211; <strong>Dressage &#8211; Amateur 3<\/strong><\/em><\/strong> <br>* Impos\u00e9e : 2<sup>\u00e8me<\/sup> <br>* Libre : 1<code><sup>er<\/sup><\/code><\/td><\/tr><tr><td class=\"has-text-align-center\" data-align=\"center\"><strong><mark style=\"background-color:rgba(0, 0, 0, 0)\" class=\"has-inline-color has-vivid-red-color\">2009<\/mark><\/strong><\/td><td class=\"has-text-align-left\" data-align=\"left\"><strong><em>Championnat R\u00e9gional Midi-Pyr\u00e9n\u00e9es &#8211; Dressage Amateur 3<\/em><\/strong> <strong><em>Libre <\/em><\/strong>: 2<sup>\u00e8me<\/sup><br>*<br><strong>Dressage Amateur 2<\/strong><\/td><\/tr><tr><td class=\"has-text-align-center\" data-align=\"center\"><strong><mark style=\"background-color:rgba(0, 0, 0, 0)\" class=\"has-inline-color has-vivid-red-color\">2008<\/mark><\/strong><\/td><td class=\"has-text-align-left\" data-align=\"left\"><strong>Dressage Amateur 3 et 2<\/strong><br>*<br><strong>Hunter E1<\/strong><\/td><\/tr><tr><td class=\"has-text-align-center\" data-align=\"center\"><strong><mark style=\"background-color:rgba(0, 0, 0, 0)\" class=\"has-inline-color has-vivid-red-color\">2007<\/mark><\/strong><\/td><td class=\"has-text-align-left\" data-align=\"left\"><strong><em>Troph\u00e9e Amazones &#8211; Dressage Amateur 2, Salon du Cheval &#8211; Paris<br><\/em><\/strong>Impos\u00e9e + Libre : 3<sup>\u00e8me<\/sup><br>*<br><strong><em>Championnat de France Dressage Amateur 3 Major &#8211; M\u00e9zilles (89)<br><\/em><\/strong>Impos\u00e9e + Libre : 4<sup>\u00e8me<\/sup><br>*<br><strong>Hunter E1<\/strong><br><strong><em>Championnat R\u00e9gional Midi-Pyr\u00e9n\u00e9es<\/em><\/strong> : 1<code><sup>er<\/sup><\/code><\/td><\/tr><tr><td class=\"has-text-align-center\" data-align=\"center\"><strong><mark style=\"background-color:rgba(0, 0, 0, 0)\" class=\"has-inline-color has-vivid-red-color\">2005-2006<\/mark><\/strong><\/td><td class=\"has-text-align-left\" data-align=\"left\"><strong>Dressage Amateur 3<\/strong><\/td><\/tr><tr><td class=\"has-text-align-center\" data-align=\"center\"><strong><mark style=\"background-color:rgba(0, 0, 0, 0)\" class=\"has-inline-color has-vivid-red-color\">2005<\/mark><\/strong><\/td><td class=\"has-text-align-left\" data-align=\"left\"><strong>CCE E2+<br><\/strong><em><strong>Championnat de France Lamotte Beuvron<\/strong><\/em><br><strong><em>Championnat R\u00e9gional Midi-Pyr\u00e9n\u00e9es<\/em><\/strong> : 1<code><sup>er<\/sup><\/code><\/td><\/tr><tr><td class=\"has-text-align-center\" data-align=\"center\"><strong><mark style=\"background-color:rgba(0, 0, 0, 0)\" class=\"has-inline-color has-vivid-red-color\">2004<\/mark><\/strong><\/td><td class=\"has-text-align-left\" data-align=\"left\"><strong>Dressage E1+<br><\/strong><em><strong>Championnat de France Lamotte Beuvron<\/strong><\/em> : 5<sup>\u00e8me<\/sup><\/td><\/tr><tr><td class=\"has-text-align-center\" data-align=\"center\"><strong><mark style=\"background-color:rgba(0, 0, 0, 0)\" class=\"has-inline-color has-vivid-red-color\">1984 \u00e0 1996<\/mark><\/strong><\/td><td class=\"has-text-align-left\" data-align=\"left\"><strong>Attelage : Concours Complet<\/strong><br><strong><em>Championnat de France des clubs, Meaux 1996<\/em><\/strong><\/td><\/tr><\/tbody><\/table><\/figure>\n","protected":false},"excerpt":{"rendered":"<p class=\"continue-reading-button\"> <a class=\"continue-reading-link\" href=\"https:\/\/cdscweb.fr\/poneys-blackstone-equitation\/sylvie-cv-equestre\/\">Lire<i class=\"crycon-right-dir\"><\/i><\/a><\/p>\n<div class='heateorSssClear'><\/div><div  class='heateor_sss_sharing_container heateor_sss_horizontal_sharing' data-heateor-sss-href='https:\/\/cdscweb.fr\/poneys-blackstone-equitation\/sylvie-cv-equestre\/'><div class='heateor_sss_sharing_title' style=\"font-weight:bold\" >Partagez !<\/div><div class=\"heateor_sss_sharing_ul\"><a aria-label=\"Facebook\" class=\"heateor_sss_facebook\" href=\"https:\/\/www.facebook.com\/sharer\/sharer.php?u=https%3A%2F%2Fcdscweb.fr%2Fponeys-blackstone-equitation%2Fsylvie-cv-equestre%2F\" title=\"Facebook\" rel=\"nofollow noopener\" target=\"_blank\" style=\"font-size:32px!important;box-shadow:none;display:inline-block;vertical-align:middle\"><span class=\"heateor_sss_svg\" style=\"background-color:#0765FE;width:35px;height:35px;border-radius:999px;display:inline-block;opacity:1;float:left;font-size:32px;box-shadow:none;display:inline-block;font-size:16px;padding:0 4px;vertical-align:middle;background-repeat:repeat;overflow:hidden;padding:0;cursor:pointer;box-sizing:content-box\"><svg style=\"display:block;border-radius:999px;\" focusable=\"false\" aria-hidden=\"true\" xmlns=\"http:\/\/www.w3.org\/2000\/svg\" width=\"100%\" height=\"100%\" viewBox=\"0 0 32 32\"><path fill=\"#fff\" d=\"M28 16c0-6.627-5.373-12-12-12S4 9.373 4 16c0 5.628 3.875 10.35 9.101 11.647v-7.98h-2.474V16H13.1v-1.58c0-4.085 1.849-5.978 5.859-5.978.76 0 2.072.15 2.608.298v3.325c-.283-.03-.775-.045-1.386-.045-1.967 0-2.728.745-2.728 2.683V16h3.92l-.673 3.667h-3.247v8.245C23.395 27.195 28 22.135 28 16Z\"><\/path><\/svg><\/span><\/a><a aria-label=\"Instagram\" class=\"heateor_sss_button_instagram\" href=\"https:\/\/www.instagram.com\/\" title=\"Instagram\" rel=\"nofollow noopener\" target=\"_blank\" style=\"font-size:32px!important;box-shadow:none;display:inline-block;vertical-align:middle\"><span class=\"heateor_sss_svg\" style=\"background-color:#53beee;width:35px;height:35px;border-radius:999px;display:inline-block;opacity:1;float:left;font-size:32px;box-shadow:none;display:inline-block;font-size:16px;padding:0 4px;vertical-align:middle;background-repeat:repeat;overflow:hidden;padding:0;cursor:pointer;box-sizing:content-box\"><svg style=\"display:block;border-radius:999px;\" version=\"1.1\" viewBox=\"-10 -10 148 148\" width=\"100%\" height=\"100%\" xml:space=\"preserve\" xmlns=\"http:\/\/www.w3.org\/2000\/svg\" xmlns:xlink=\"http:\/\/www.w3.org\/1999\/xlink\"><g><g><path d=\"M86,112H42c-14.336,0-26-11.663-26-26V42c0-14.337,11.664-26,26-26h44c14.337,0,26,11.663,26,26v44 C112,100.337,100.337,112,86,112z M42,24c-9.925,0-18,8.074-18,18v44c0,9.925,8.075,18,18,18h44c9.926,0,18-8.075,18-18V42 c0-9.926-8.074-18-18-18H42z\" fill=\"#fff\"><\/path><\/g><g><path d=\"M64,88c-13.234,0-24-10.767-24-24c0-13.234,10.766-24,24-24s24,10.766,24,24C88,77.233,77.234,88,64,88z M64,48c-8.822,0-16,7.178-16,16s7.178,16,16,16c8.822,0,16-7.178,16-16S72.822,48,64,48z\" fill=\"#fff\"><\/path><\/g><g><circle cx=\"89.5\" cy=\"38.5\" fill=\"#fff\" r=\"5.5\"><\/circle><\/g><\/g><\/svg><\/span><\/a><a aria-label=\"Whatsapp\" class=\"heateor_sss_whatsapp\" href=\"https:\/\/api.whatsapp.com\/send?text=Sylvie%2C%20CV%20%C3%A9questre%20https%3A%2F%2Fcdscweb.fr%2Fponeys-blackstone-equitation%2Fsylvie-cv-equestre%2F\" title=\"Whatsapp\" rel=\"nofollow noopener\" target=\"_blank\" style=\"font-size:32px!important;box-shadow:none;display:inline-block;vertical-align:middle\"><span class=\"heateor_sss_svg\" style=\"background-color:#55eb4c;width:35px;height:35px;border-radius:999px;display:inline-block;opacity:1;float:left;font-size:32px;box-shadow:none;display:inline-block;font-size:16px;padding:0 4px;vertical-align:middle;background-repeat:repeat;overflow:hidden;padding:0;cursor:pointer;box-sizing:content-box\"><svg style=\"display:block;border-radius:999px;\" focusable=\"false\" aria-hidden=\"true\" xmlns=\"http:\/\/www.w3.org\/2000\/svg\" width=\"100%\" height=\"100%\" viewBox=\"-6 -5 40 40\"><path class=\"heateor_sss_svg_stroke heateor_sss_no_fill\" stroke=\"#fff\" stroke-width=\"2\" fill=\"none\" d=\"M 11.579798566743314 24.396926207859085 A 10 10 0 1 0 6.808479557110079 20.73576436351046\"><\/path><path d=\"M 7 19 l -1 6 l 6 -1\" class=\"heateor_sss_no_fill heateor_sss_svg_stroke\" stroke=\"#fff\" stroke-width=\"2\" fill=\"none\"><\/path><path d=\"M 10 10 q -1 8 8 11 c 5 -1 0 -6 -1 -3 q -4 -3 -5 -5 c 4 -2 -1 -5 -1 -4\" fill=\"#fff\"><\/path><\/svg><\/span><\/a><a class=\"heateor_sss_more\" aria-label=\"More\" title=\"More\" rel=\"nofollow noopener\" style=\"font-size: 32px!important;border:0;box-shadow:none;display:inline-block!important;font-size:16px;padding:0 4px;vertical-align: middle;display:inline;\" href=\"https:\/\/cdscweb.fr\/poneys-blackstone-equitation\/sylvie-cv-equestre\/\" onclick=\"event.preventDefault()\"><span class=\"heateor_sss_svg\" style=\"background-color:#ee8e2d;width:35px;height:35px;border-radius:999px;display:inline-block!important;opacity:1;float:left;font-size:32px!important;box-shadow:none;display:inline-block;font-size:16px;padding:0 4px;vertical-align:middle;display:inline;background-repeat:repeat;overflow:hidden;padding:0;cursor:pointer;box-sizing:content-box;\" onclick=\"heateorSssMoreSharingPopup(this, 'https:\/\/cdscweb.fr\/poneys-blackstone-equitation\/sylvie-cv-equestre\/', 'Sylvie%2C%20CV%20%C3%A9questre', '' )\"><svg xmlns=\"http:\/\/www.w3.org\/2000\/svg\" xmlns:xlink=\"http:\/\/www.w3.org\/1999\/xlink\" viewBox=\"-.3 0 32 32\" version=\"1.1\" width=\"100%\" height=\"100%\" style=\"display:block;border-radius:999px;\" xml:space=\"preserve\"><g><path fill=\"#fff\" d=\"M18 14V8h-4v6H8v4h6v6h4v-6h6v-4h-6z\" fill-rule=\"evenodd\"><\/path><\/g><\/svg><\/span><\/a><\/div><div class=\"heateorSssClear\"><\/div><\/div><div class='heateorSssClear'><\/div>","protected":false},"author":1,"featured_media":0,"parent":0,"menu_order":0,"comment_status":"closed","ping_status":"closed","template":"","meta":{"footnotes":""},"class_list":["post-301","page","type-page","status-publish","hentry"],"_links":{"self":[{"href":"https:\/\/cdscweb.fr\/poneys-blackstone-equitation\/wp-json\/wp\/v2\/pages\/301","targetHints":{"allow":["GET"]}}],"collection":[{"href":"https:\/\/cdscweb.fr\/poneys-blackstone-equitation\/wp-json\/wp\/v2\/pages"}],"about":[{"href":"https:\/\/cdscweb.fr\/poneys-blackstone-equitation\/wp-json\/wp\/v2\/types\/page"}],"author":[{"embeddable":true,"href":"https:\/\/cdscweb.fr\/poneys-blackstone-equitation\/wp-json\/wp\/v2\/users\/1"}],"replies":[{"embeddable":true,"href":"https:\/\/cdscweb.fr\/poneys-blackstone-equitation\/wp-json\/wp\/v2\/comments?post=301"}],"version-history":[{"count":34,"href":"https:\/\/cdscweb.fr\/poneys-blackstone-equitation\/wp-json\/wp\/v2\/pages\/301\/revisions"}],"predecessor-version":[{"id":7845,"href":"https:\/\/cdscweb.fr\/poneys-blackstone-equitation\/wp-json\/wp\/v2\/pages\/301\/revisions\/7845"}],"wp:attachment":[{"href":"https:\/\/cdscweb.fr\/poneys-blackstone-equitation\/wp-json\/wp\/v2\/media?parent=301"}],"curies":[{"name":"wp","href":"https:\/\/api.w.org\/{rel}","templated":true}]}}