{"id":3,"date":"2024-06-03T19:44:32","date_gmt":"2024-06-03T17:44:32","guid":{"rendered":"https:\/\/cdscweb.fr\/poneys-blackstone-equitation\/?page_id=3"},"modified":"2026-02-24T10:49:05","modified_gmt":"2026-02-24T09:49:05","slug":"conditions-generales-dutilisation-du-site","status":"publish","type":"page","link":"https:\/\/cdscweb.fr\/poneys-blackstone-equitation\/conditions-generales-dutilisation-du-site\/","title":{"rendered":"Conditions G\u00e9n\u00e9rales d&rsquo;Utilisation du site"},"content":{"rendered":"\n<p class=\"has-text-align-right\"><strong><em><a href=\"https:\/\/cdscweb.fr\/poneys-blackstone-equitation\/wp-content\/uploads\/cgu_pbe.pdf\" data-type=\"link\" data-id=\"https:\/\/cdscweb.fr\/poneys-blackstone-equitation\/wp-content\/uploads\/cgu_pbe.pdf\" target=\"_blank\" rel=\"noreferrer noopener\">T\u00e9l\u00e9charger<\/a><\/em><\/strong><\/p>\n\n\n\n<h4 class=\"wp-block-heading\"><strong>1 : Objet<\/strong><\/h4>\n\n\n\n<p>Les pr\u00e9sentes <strong>C<\/strong>onditions <strong>G<\/strong>\u00e9n\u00e9rales d&rsquo;<strong>U<\/strong>tilisation ont pour objet l&rsquo;encadrement juridique de l\u2019utilisation du site<br><strong><a href=\"https:\/\/cdscweb.fr\/poneys-blackstone-equitation\">https:\/\/cdscweb.fr\/poneys-blackstone-equitation<\/a> <\/strong>\u00a0<br>ci-apr\u00e8s appel\u00e9 <strong>le site<\/strong>, et de ses services.<\/p>\n\n\n\n<p>Ce contrat est conclu entre :<\/p>\n\n\n\n<p>&#8211; Le g\u00e9rant du site internet, ci-apr\u00e8s d\u00e9sign\u00e9 <strong>l\u2019\u00c9diteur<\/strong>,<\/p>\n\n\n\n<p>&#8211; Toute personne physique ou morale souhaitant acc\u00e9der au site et \u00e0 ses services, ci-apr\u00e8s appel\u00e9 <strong>l\u2019Utilisateur<\/strong>.<\/p>\n\n\n\n<p>Les conditions g\u00e9n\u00e9rales d&rsquo;utilisation doivent \u00eatre accept\u00e9es par tout Utilisateur, et son acc\u00e8s au site vaut acceptation de ces conditions.<\/p>\n\n\n\n<h4 class=\"wp-block-heading\"><strong>2 : Mentions l\u00e9gales<\/strong><\/h4>\n\n\n\n<p>Le site est \u00e9dit\u00e9 par l\u2019Association <strong>PONEYS BLACKSTONE \u00c9QUITATION <\/strong><em>(Association d\u00e9clar\u00e9e n\u00b0 W312002714)<\/em>, dont le si\u00e8ge social est situ\u00e9 au <strong>10 avenue de Labessan \u2013 31220 Martres Tolosane<\/strong>.<\/p>\n\n\n\n<p>L\u2019Association est repr\u00e9sent\u00e9e par <strong>Sylvie CHAT, Directrice de la publication<\/strong>.<\/p>\n\n\n\n<p>Le site est h\u00e9berg\u00e9 par <strong>IONOS SARL &#8211; 7, place de la Gare &#8211; BP 70109 &#8211; 57201 Sarreguemines Cedex<\/strong><\/p>\n\n\n\n<h4 class=\"wp-block-heading\"><strong>3 : Acc\u00e8s aux services<\/strong><\/h4>\n\n\n\n<p>L\u2019Utilisateur du site a acc\u00e8s aux services suivants :<\/p>\n\n\n\n<p><mark style=\"background-color:rgba(0, 0, 0, 0)\" class=\"has-inline-color has-vivid-red-color\">\u25cf <em>Actualit\u00e9s<\/em><\/mark><\/p>\n\n\n\n<p><em><mark style=\"background-color:rgba(0, 0, 0, 0)\" class=\"has-inline-color has-vivid-red-color\">\u25cf Informations (activit\u00e9s, association, cavalerie, documents, tarifs)<\/mark><\/em><\/p>\n\n\n\n<p><em><mark style=\"background-color:rgba(0, 0, 0, 0)\" class=\"has-inline-color has-vivid-red-color\">\u25cf Agenda<\/mark><\/em><\/p>\n\n\n\n<p><em><mark style=\"background-color:rgba(0, 0, 0, 0)\" class=\"has-inline-color has-vivid-red-color\">\u25cf Boutique &amp; Paiements en ligne<\/mark><\/em><\/p>\n\n\n\n<p><em><mark style=\"background-color:rgba(0, 0, 0, 0)\" class=\"has-inline-color has-vivid-red-color\">\u25cf Contact<\/mark><\/em><\/p>\n\n\n\n<p><em><mark style=\"background-color:rgba(0, 0, 0, 0)\" class=\"has-inline-color has-vivid-red-color\">\u25cf Jeux<\/mark><\/em><\/p>\n\n\n\n<p>Tout Utilisateur ayant acc\u00e8s \u00e0 internet peut acc\u00e9der au site gratuitement et depuis n\u2019importe o\u00f9.<br>Les frais support\u00e9s par l\u2019Utilisateur pour y acc\u00e9der <em>(connexion internet, mat\u00e9riel informatique, etc.)<\/em> ne sont pas \u00e0 la charge de l\u2019\u00c9diteur.<em><\/em><\/p>\n\n\n\n<p>Les services suivants ne sont accessibles pour l\u2019Utilisateur que s\u2019il est membre du site <em>(c\u2019est-\u00e0-dire qu\u2019il est identifi\u00e9 \u00e0 l\u2019aide de ses identifiants de connexion)<\/em> :<\/p>\n\n\n\n<p><em><mark style=\"background-color:rgba(0, 0, 0, 0)\" class=\"has-inline-color has-vivid-red-color\">\u25cf R\u00e9servations en ligne<\/mark><\/em><\/p>\n\n\n\n<p>Le site et ses diff\u00e9rents services peuvent \u00eatre interrompus ou suspendus par l\u2019\u00c9diteur, notamment \u00e0 l\u2019occasion d\u2019une maintenance, sans obligation de pr\u00e9avis ou de justification.<\/p>\n\n\n\n<h4 class=\"wp-block-heading\"><strong>4 : Responsabilit\u00e9 de l\u2019utilisateur<\/strong><\/h4>\n\n\n\n<p>L&rsquo;Utilisateur est responsable des risques li\u00e9s \u00e0 l\u2019utilisation de son identifiant de connexion et de son mot de passe.<\/p>\n\n\n\n<p>Le mot de passe de l\u2019Utilisateur doit rester secret.<br>En cas de divulgation de mot de passe, l\u2019\u00c9diteur d\u00e9cline toute responsabilit\u00e9.<\/p>\n\n\n\n<p>L\u2019Utilisateur assume l\u2019enti\u00e8re responsabilit\u00e9 de l\u2019utilisation qu\u2019il fait des informations et des contenus pr\u00e9sents sur le site.<\/p>\n\n\n\n<p>Tout usage du service par l&rsquo;Utilisateur ayant directement ou indirectement pour cons\u00e9quence des dommages doit faire l&rsquo;objet d&rsquo;une indemnisation au profit du site.<\/p>\n\n\n\n<p>Seuls les administrateurs sont autoris\u00e9s \u00e0 publier sur le site.<\/p>\n\n\n\n<h4 class=\"wp-block-heading\"><strong>5 : Responsabilit\u00e9 de l\u2019\u00e9diteur<\/strong><\/h4>\n\n\n\n<p>Tout dysfonctionnement du serveur ou du r\u00e9seau ne peut engager la responsabilit\u00e9 de l\u2019\u00c9diteur.<\/p>\n\n\n\n<p>De m\u00eame, la responsabilit\u00e9 du site ne peut \u00eatre engag\u00e9e en cas de force majeure ou du fait impr\u00e9visible et insurmontable d&rsquo;un tiers.<\/p>\n\n\n\n<p>Le site s&rsquo;engage \u00e0 mettre en \u0153uvre tous les moyens n\u00e9cessaires pour garantir la s\u00e9curit\u00e9 et la confidentialit\u00e9 des donn\u00e9es.<br>Toutefois, il n\u2019apporte pas une garantie de s\u00e9curit\u00e9 totale.<br>L\u2019\u00c9diteur se r\u00e9serve la facult\u00e9 d\u2019une non-garantie de la fiabilit\u00e9 des sources, bien que les informations diffus\u00e9es sur le site soient r\u00e9put\u00e9es fiables.<\/p>\n\n\n\n<h4 class=\"wp-block-heading\"><strong>6 : Propri\u00e9t\u00e9 intellectuelle<\/strong><\/h4>\n\n\n\n<p>Les contenus du site <em>(logos, textes, \u00e9l\u00e9ments graphiques, vid\u00e9os, etc.)<\/em> sont prot\u00e9g\u00e9s par le droit d\u2019auteur, en vertu du Code de la propri\u00e9t\u00e9 intellectuelle.<\/p>\n\n\n\n<p>L\u2019Utilisateur devra obtenir l\u2019autorisation de l\u2019\u00e9diteur du site avant toute reproduction, copie ou publication de ces diff\u00e9rents contenus, uniquement \u00e0 des fins priv\u00e9es.<\/p>\n\n\n\n<p>Tout usage commercial est interdit.<\/p>\n\n\n\n<h4 class=\"wp-block-heading\"><strong>7 : Donn\u00e9es personnelles<\/strong><\/h4>\n\n\n\n<p>L\u2019Utilisateur doit obligatoirement fournir des informations personnelles pour proc\u00e9der \u00e0 son inscription sur le site.<\/p>\n\n\n\n<p>L\u2019adresse \u00e9lectronique <em>(e-mail)<\/em> de l\u2019utilisateur pourra notamment \u00eatre utilis\u00e9e par le site pour la communication d\u2019informations diverses et la gestion du compte.<\/p>\n\n\n\n<p><strong><a href=\"https:\/\/cdscweb.fr\/poneys-blackstone-equitation\">https:\/\/cdscweb.fr\/poneys-blackstone-equitation<\/a> <\/strong>garantit le respect de la vie priv\u00e9e de l\u2019utilisateur, conform\u00e9ment \u00e0 la loi n\u00b078-17 du 6 janvier 1978 relative \u00e0 l&rsquo;informatique, aux fichiers et aux libert\u00e9s.<\/p>\n\n\n\n<p>En vertu des articles 39 et 40 de la loi en date du 6 janvier 1978, l&rsquo;Utilisateur dispose d&rsquo;un droit d&rsquo;acc\u00e8s, de rectification, de suppression et d&rsquo;opposition de ses donn\u00e9es personnelles.<\/p>\n\n\n\n<p>L&rsquo;Utilisateur exerce ce droit:<\/p>\n\n\n\n<p>\u25cf Par un formulaire de contact ;<\/p>\n\n\n\n<p>\u25cf Par mail \u00e0 <a href=\"mailto:poneys.blackstone.equitation@gmail.com\"><strong><em>poneys.blackstone.equitation@gmail.com<\/em><\/strong><\/a> ;<\/p>\n\n\n\n<p>\u25cf Par voie postale au <strong>SI\u00c8GE SOCIAL<br>PONEYS BLACKSTONE \u00c9QUITATION<br>10 AVENUE DE LABESSAN<br>31220 MARTRES TOLOSANE<\/strong>.<\/p>\n\n\n\n<h4 class=\"wp-block-heading\"><strong>8 : Liens hypertextes<\/strong><\/h4>\n\n\n\n<p>Les domaines vers lesquels m\u00e8nent les liens hypertextes pr\u00e9sents sur le site n\u2019engagent pas la responsabilit\u00e9 de l\u2019\u00c9diteur du site, qui n\u2019a pas de contr\u00f4le sur ces liens.<br>Il est possible pour un tiers de cr\u00e9er un lien vers une page du site sans autorisation expresse de <strong>l\u2019\u00e9diteur<\/strong>.<\/p>\n\n\n\n<h4 class=\"wp-block-heading\"><strong>9 : \u00c9volution des conditions g\u00e9n\u00e9rales d\u2019utilisation<\/strong><\/h4>\n\n\n\n<p>Le site se r\u00e9serve le droit de modifier les clauses de ces conditions g\u00e9n\u00e9rales d\u2019utilisation \u00e0 tout moment et sans justification.<\/p>\n\n\n\n<h4 class=\"wp-block-heading\"><strong>10 : Dur\u00e9e du contrat<\/strong><\/h4>\n\n\n\n<p>La dur\u00e9e du pr\u00e9sent contrat est ind\u00e9termin\u00e9e.<br>Le contrat produit ses effets \u00e0 l&rsquo;\u00e9gard de l&rsquo;Utilisateur \u00e0 compter du d\u00e9but de l\u2019utilisation du service.<\/p>\n\n\n\n<h4 class=\"wp-block-heading\"><strong>11 : Droit applicable et juridiction comp\u00e9tente<\/strong><\/h4>\n\n\n\n<p>Le pr\u00e9sent contrat d\u00e9pend de la l\u00e9gislation fran\u00e7aise.<\/p>\n\n\n\n<p>En cas de litige non r\u00e9solu \u00e0 l\u2019amiable entre l\u2019Utilisateur et l\u2019\u00c9diteur, les tribunaux de Saint-Gaudens sont comp\u00e9tents pour r\u00e9gler le contentieux.<\/p>\n","protected":false},"excerpt":{"rendered":"<p class=\"continue-reading-button\"> <a class=\"continue-reading-link\" href=\"https:\/\/cdscweb.fr\/poneys-blackstone-equitation\/conditions-generales-dutilisation-du-site\/\">Lire<i class=\"crycon-right-dir\"><\/i><\/a><\/p>\n<div class='heateorSssClear'><\/div><div  class='heateor_sss_sharing_container heateor_sss_horizontal_sharing' data-heateor-sss-href='https:\/\/cdscweb.fr\/poneys-blackstone-equitation\/conditions-generales-dutilisation-du-site\/'><div class='heateor_sss_sharing_title' style=\"font-weight:bold\" >Partagez !<\/div><div class=\"heateor_sss_sharing_ul\"><a aria-label=\"Facebook\" class=\"heateor_sss_facebook\" href=\"https:\/\/www.facebook.com\/sharer\/sharer.php?u=https%3A%2F%2Fcdscweb.fr%2Fponeys-blackstone-equitation%2Fconditions-generales-dutilisation-du-site%2F\" title=\"Facebook\" rel=\"nofollow noopener\" target=\"_blank\" style=\"font-size:32px!important;box-shadow:none;display:inline-block;vertical-align:middle\"><span class=\"heateor_sss_svg\" style=\"background-color:#0765FE;width:35px;height:35px;border-radius:999px;display:inline-block;opacity:1;float:left;font-size:32px;box-shadow:none;display:inline-block;font-size:16px;padding:0 4px;vertical-align:middle;background-repeat:repeat;overflow:hidden;padding:0;cursor:pointer;box-sizing:content-box\"><svg style=\"display:block;border-radius:999px;\" focusable=\"false\" aria-hidden=\"true\" xmlns=\"http:\/\/www.w3.org\/2000\/svg\" width=\"100%\" height=\"100%\" viewBox=\"0 0 32 32\"><path fill=\"#fff\" d=\"M28 16c0-6.627-5.373-12-12-12S4 9.373 4 16c0 5.628 3.875 10.35 9.101 11.647v-7.98h-2.474V16H13.1v-1.58c0-4.085 1.849-5.978 5.859-5.978.76 0 2.072.15 2.608.298v3.325c-.283-.03-.775-.045-1.386-.045-1.967 0-2.728.745-2.728 2.683V16h3.92l-.673 3.667h-3.247v8.245C23.395 27.195 28 22.135 28 16Z\"><\/path><\/svg><\/span><\/a><a aria-label=\"Instagram\" class=\"heateor_sss_button_instagram\" href=\"https:\/\/www.instagram.com\/\" title=\"Instagram\" rel=\"nofollow noopener\" target=\"_blank\" style=\"font-size:32px!important;box-shadow:none;display:inline-block;vertical-align:middle\"><span class=\"heateor_sss_svg\" style=\"background-color:#53beee;width:35px;height:35px;border-radius:999px;display:inline-block;opacity:1;float:left;font-size:32px;box-shadow:none;display:inline-block;font-size:16px;padding:0 4px;vertical-align:middle;background-repeat:repeat;overflow:hidden;padding:0;cursor:pointer;box-sizing:content-box\"><svg style=\"display:block;border-radius:999px;\" version=\"1.1\" viewBox=\"-10 -10 148 148\" width=\"100%\" height=\"100%\" xml:space=\"preserve\" xmlns=\"http:\/\/www.w3.org\/2000\/svg\" xmlns:xlink=\"http:\/\/www.w3.org\/1999\/xlink\"><g><g><path d=\"M86,112H42c-14.336,0-26-11.663-26-26V42c0-14.337,11.664-26,26-26h44c14.337,0,26,11.663,26,26v44 C112,100.337,100.337,112,86,112z M42,24c-9.925,0-18,8.074-18,18v44c0,9.925,8.075,18,18,18h44c9.926,0,18-8.075,18-18V42 c0-9.926-8.074-18-18-18H42z\" fill=\"#fff\"><\/path><\/g><g><path d=\"M64,88c-13.234,0-24-10.767-24-24c0-13.234,10.766-24,24-24s24,10.766,24,24C88,77.233,77.234,88,64,88z M64,48c-8.822,0-16,7.178-16,16s7.178,16,16,16c8.822,0,16-7.178,16-16S72.822,48,64,48z\" fill=\"#fff\"><\/path><\/g><g><circle cx=\"89.5\" cy=\"38.5\" fill=\"#fff\" r=\"5.5\"><\/circle><\/g><\/g><\/svg><\/span><\/a><a aria-label=\"Whatsapp\" class=\"heateor_sss_whatsapp\" href=\"https:\/\/api.whatsapp.com\/send?text=Conditions%20G%C3%A9n%C3%A9rales%20d%27Utilisation%20du%20site%20https%3A%2F%2Fcdscweb.fr%2Fponeys-blackstone-equitation%2Fconditions-generales-dutilisation-du-site%2F\" title=\"Whatsapp\" rel=\"nofollow noopener\" target=\"_blank\" style=\"font-size:32px!important;box-shadow:none;display:inline-block;vertical-align:middle\"><span class=\"heateor_sss_svg\" style=\"background-color:#55eb4c;width:35px;height:35px;border-radius:999px;display:inline-block;opacity:1;float:left;font-size:32px;box-shadow:none;display:inline-block;font-size:16px;padding:0 4px;vertical-align:middle;background-repeat:repeat;overflow:hidden;padding:0;cursor:pointer;box-sizing:content-box\"><svg style=\"display:block;border-radius:999px;\" focusable=\"false\" aria-hidden=\"true\" xmlns=\"http:\/\/www.w3.org\/2000\/svg\" width=\"100%\" height=\"100%\" viewBox=\"-6 -5 40 40\"><path class=\"heateor_sss_svg_stroke heateor_sss_no_fill\" stroke=\"#fff\" stroke-width=\"2\" fill=\"none\" d=\"M 11.579798566743314 24.396926207859085 A 10 10 0 1 0 6.808479557110079 20.73576436351046\"><\/path><path d=\"M 7 19 l -1 6 l 6 -1\" class=\"heateor_sss_no_fill heateor_sss_svg_stroke\" stroke=\"#fff\" stroke-width=\"2\" fill=\"none\"><\/path><path d=\"M 10 10 q -1 8 8 11 c 5 -1 0 -6 -1 -3 q -4 -3 -5 -5 c 4 -2 -1 -5 -1 -4\" fill=\"#fff\"><\/path><\/svg><\/span><\/a><a class=\"heateor_sss_more\" aria-label=\"More\" title=\"More\" rel=\"nofollow noopener\" style=\"font-size: 32px!important;border:0;box-shadow:none;display:inline-block!important;font-size:16px;padding:0 4px;vertical-align: middle;display:inline;\" href=\"https:\/\/cdscweb.fr\/poneys-blackstone-equitation\/conditions-generales-dutilisation-du-site\/\" onclick=\"event.preventDefault()\"><span class=\"heateor_sss_svg\" style=\"background-color:#ee8e2d;width:35px;height:35px;border-radius:999px;display:inline-block!important;opacity:1;float:left;font-size:32px!important;box-shadow:none;display:inline-block;font-size:16px;padding:0 4px;vertical-align:middle;display:inline;background-repeat:repeat;overflow:hidden;padding:0;cursor:pointer;box-sizing:content-box;\" onclick=\"heateorSssMoreSharingPopup(this, 'https:\/\/cdscweb.fr\/poneys-blackstone-equitation\/conditions-generales-dutilisation-du-site\/', 'Conditions%20G%C3%A9n%C3%A9rales%20d%27Utilisation%20du%20site', '' )\"><svg xmlns=\"http:\/\/www.w3.org\/2000\/svg\" xmlns:xlink=\"http:\/\/www.w3.org\/1999\/xlink\" viewBox=\"-.3 0 32 32\" version=\"1.1\" width=\"100%\" height=\"100%\" style=\"display:block;border-radius:999px;\" xml:space=\"preserve\"><g><path fill=\"#fff\" d=\"M18 14V8h-4v6H8v4h6v6h4v-6h6v-4h-6z\" fill-rule=\"evenodd\"><\/path><\/g><\/svg><\/span><\/a><\/div><div class=\"heateorSssClear\"><\/div><\/div><div class='heateorSssClear'><\/div>","protected":false},"author":1,"featured_media":0,"parent":0,"menu_order":0,"comment_status":"closed","ping_status":"open","template":"","meta":{"footnotes":""},"class_list":["post-3","page","type-page","status-publish","hentry"],"_links":{"self":[{"href":"https:\/\/cdscweb.fr\/poneys-blackstone-equitation\/wp-json\/wp\/v2\/pages\/3","targetHints":{"allow":["GET"]}}],"collection":[{"href":"https:\/\/cdscweb.fr\/poneys-blackstone-equitation\/wp-json\/wp\/v2\/pages"}],"about":[{"href":"https:\/\/cdscweb.fr\/poneys-blackstone-equitation\/wp-json\/wp\/v2\/types\/page"}],"author":[{"embeddable":true,"href":"https:\/\/cdscweb.fr\/poneys-blackstone-equitation\/wp-json\/wp\/v2\/users\/1"}],"replies":[{"embeddable":true,"href":"https:\/\/cdscweb.fr\/poneys-blackstone-equitation\/wp-json\/wp\/v2\/comments?post=3"}],"version-history":[{"count":12,"href":"https:\/\/cdscweb.fr\/poneys-blackstone-equitation\/wp-json\/wp\/v2\/pages\/3\/revisions"}],"predecessor-version":[{"id":7870,"href":"https:\/\/cdscweb.fr\/poneys-blackstone-equitation\/wp-json\/wp\/v2\/pages\/3\/revisions\/7870"}],"wp:attachment":[{"href":"https:\/\/cdscweb.fr\/poneys-blackstone-equitation\/wp-json\/wp\/v2\/media?parent=3"}],"curies":[{"name":"wp","href":"https:\/\/api.w.org\/{rel}","templated":true}]}}