{"id":82,"date":"2020-03-25T15:03:51","date_gmt":"2020-03-25T14:03:51","guid":{"rendered":"http:\/\/cdscweb.fr\/tousmestutos\/?page_id=82"},"modified":"2020-11-25T11:21:48","modified_gmt":"2020-11-25T10:21:48","slug":"logiciels-portables","status":"publish","type":"page","link":"https:\/\/cdscweb.fr\/chat-robaze\/logiciels-portables\/","title":{"rendered":"Logiciels portables"},"content":{"rendered":"<p><img loading=\"lazy\" decoding=\"async\" class=\"alignleft\" src=\"https:\/\/cdscweb.fr\/chat-robaze\/wp-content\/uploads\/usb.jpg\" alt=\"\" width=\"300\" height=\"180\" \/><\/p>\r\n<p>Il existe, pour un certain nombre de logiciels, une version portable, qui ne n\u00e9cessite pas d\u2019installation. <br \/>Il s&rsquo;agit d&rsquo;un simple dossier contenant tous les \u00e9l\u00e9ments du logiciel. <br \/>Cela vous sera utile pour travailler sur un ordinateur dont la politique de s\u00e9curit\u00e9 n\u2019autorise pas les installations, ou pour \u00e9viter d\u2019apporter des modifications durables \u00e0 un ordinateur utilis\u00e9 temporairement. <br \/>Vous pouvez utiliser ces logiciels \u00e0 partir du disque dur ou d\u2019un stockage amovible comme une cl\u00e9 USB ou un disque dur externe <em>(pr\u00e9f\u00e9rable)<\/em>. <br \/>Il est possible d\u2019utiliser un logiciel portable sur n\u2019importe quel ordinateur qui respecte les pr\u00e9-requis du logiciel <em>(exemple : une application portable con\u00e7ue pour Microsoft Windows ne fonctionnera que sur ce syst\u00e8me)<\/em>.<\/p>\r\n<h4 style=\"text-align: center;\"><strong>Les logiciels de ce site en version portable<\/strong><\/h4>\r\n\r\n<div class=\"wp-block-buttons aligncenter is-layout-flex wp-block-buttons-is-layout-flex\">\r\n<div class=\"wp-block-button\"><a class=\"wp-block-button__link has-very-dark-gray-color has-text-color has-background\" style=\"background-color: #f5e99f;\" href=\"https:\/\/portableapps.com\/apps\/internet\/thunderbird_portable\" target=\"_blank\" rel=\"noreferrer noopener\"><strong>T\u00e9l\u00e9charger Thunderbird Portable<\/strong><\/a><\/div>\r\n<\/div>\r\n\r\n\r\n\r\n<div class=\"wp-block-buttons aligncenter is-layout-flex wp-block-buttons-is-layout-flex\">\r\n<div class=\"wp-block-button\"><a class=\"wp-block-button__link has-very-dark-gray-color has-text-color has-background\" style=\"background-color: #f5e99f;\" href=\"http:\/\/www.photofiltre-studio.com\/download.htm\" target=\"_blank\" rel=\"noreferrer noopener\"><strong>T\u00e9l\u00e9charger PhotoFiltre Studio X Portable<\/strong><\/a><\/div>\r\n<\/div>\r\n\r\n\r\n\r\n<div class=\"wp-block-buttons aligncenter is-layout-flex wp-block-buttons-is-layout-flex\">\r\n<div class=\"wp-block-button\"><a class=\"wp-block-button__link has-very-dark-gray-color has-text-color has-background\" style=\"background-color: #f5e99f;\" href=\"http:\/\/www.photofiltre-studio.com\/pf7.htm\" target=\"_blank\" rel=\"noreferrer noopener\"><strong>T\u00e9l\u00e9charger PhotoFiltre 7 (gratuit) Portable<\/strong><\/a><\/div>\r\n<\/div>\r\n\r\n\r\n\r\n<div class=\"wp-block-buttons aligncenter is-layout-flex wp-block-buttons-is-layout-flex\">\r\n<div class=\"wp-block-button\"><a class=\"wp-block-button__link has-very-dark-gray-color has-text-color has-background\" style=\"background-color: #f5e99f;\" href=\"https:\/\/portableapps.com\/downloading\/?a=TeamViewerPortable&amp;n=TeamViewer%20Portable&amp;s=s&amp;p=&amp;d=pa&amp;f=TeamViewerPortable_15.4.8332.paf.exe\" target=\"_blank\" rel=\"noreferrer noopener\"><strong>T\u00e9l\u00e9charger TeamViewer Portable<\/strong><\/a><\/div>\r\n<\/div>\r\n\r\n\r\n\r\n<div class=\"wp-block-buttons aligncenter is-layout-flex wp-block-buttons-is-layout-flex\">\r\n<div class=\"wp-block-button\"><a class=\"wp-block-button__link has-very-dark-gray-color has-text-color has-background\" style=\"background-color: #f5e99f;\" href=\"https:\/\/portableapps.com\/downloading\/?a=7-ZipPortable&amp;n=7-Zip%20Portable&amp;s=s&amp;p=&amp;d=pa&amp;f=7-ZipPortable_19.00.paf.exe\" target=\"_blank\" rel=\"noreferrer noopener\"><strong>T\u00e9l\u00e9charger 7-Zip Portable<\/strong><\/a><\/div>\r\n<\/div>\r\n","protected":false},"excerpt":{"rendered":"<p class=\"continue-reading-button\"> <a class=\"continue-reading-link\" href=\"https:\/\/cdscweb.fr\/chat-robaze\/logiciels-portables\/\">Lire<i class=\"crycon-right-dir\"><\/i><\/a><\/p>\n","protected":false},"author":1,"featured_media":3602,"parent":0,"menu_order":0,"comment_status":"closed","ping_status":"closed","template":"","meta":{"footnotes":""},"class_list":["post-82","page","type-page","status-publish","has-post-thumbnail","hentry"],"_links":{"self":[{"href":"https:\/\/cdscweb.fr\/chat-robaze\/wp-json\/wp\/v2\/pages\/82","targetHints":{"allow":["GET"]}}],"collection":[{"href":"https:\/\/cdscweb.fr\/chat-robaze\/wp-json\/wp\/v2\/pages"}],"about":[{"href":"https:\/\/cdscweb.fr\/chat-robaze\/wp-json\/wp\/v2\/types\/page"}],"author":[{"embeddable":true,"href":"https:\/\/cdscweb.fr\/chat-robaze\/wp-json\/wp\/v2\/users\/1"}],"replies":[{"embeddable":true,"href":"https:\/\/cdscweb.fr\/chat-robaze\/wp-json\/wp\/v2\/comments?post=82"}],"version-history":[{"count":3,"href":"https:\/\/cdscweb.fr\/chat-robaze\/wp-json\/wp\/v2\/pages\/82\/revisions"}],"predecessor-version":[{"id":4520,"href":"https:\/\/cdscweb.fr\/chat-robaze\/wp-json\/wp\/v2\/pages\/82\/revisions\/4520"}],"wp:featuredmedia":[{"embeddable":true,"href":"https:\/\/cdscweb.fr\/chat-robaze\/wp-json\/wp\/v2\/media\/3602"}],"wp:attachment":[{"href":"https:\/\/cdscweb.fr\/chat-robaze\/wp-json\/wp\/v2\/media?parent=82"}],"curies":[{"name":"wp","href":"https:\/\/api.w.org\/{rel}","templated":true}]}}