{"id":80,"date":"2020-03-25T15:01:59","date_gmt":"2020-03-25T14:01:59","guid":{"rendered":"http:\/\/cdscweb.fr\/tousmestutos\/?page_id=80"},"modified":"2023-08-16T19:30:59","modified_gmt":"2023-08-16T17:30:59","slug":"thunderbird","status":"publish","type":"page","link":"https:\/\/cdscweb.fr\/chat-robaze\/thunderbird\/","title":{"rendered":"Thunderbird"},"content":{"rendered":"<p><img loading=\"lazy\" decoding=\"async\" class=\"alignleft\" src=\"https:\/\/cdscweb.fr\/chat-robaze\/wp-content\/uploads\/thunderbird.png\" alt=\"\" width=\"80\" height=\"78\" \/>Thunderbird est un client* de courrier \u00e9lectronique complet, il existe en <a href=\"https:\/\/cdscweb.fr\/chat-robaze\/thunderbird-installe-ou-portable\/\"><em><strong>version install\u00e9e ou portable<\/strong><\/em><\/a>.<\/p>\n<p>Son gros avantage est de fonctionner sous tous les syst\u00e8mes : Windows, Mac, Linux.<\/p>\n<p>Vous allez pouvoir appr\u00e9cier une messagerie s\u00fbre, rapide, simple et pourvue de filtres contre le courrier ind\u00e9sirable, d\u2019outils de recherche rapides et de dossiers virtuels.<\/p>\n<p>Con\u00e7u par les cr\u00e9ateurs de Firefox, Thunderbird am\u00e9liorera votre gestion du courrier !<\/p>\n","protected":false},"excerpt":{"rendered":"<p class=\"continue-reading-button\"> <a class=\"continue-reading-link\" href=\"https:\/\/cdscweb.fr\/chat-robaze\/thunderbird\/\">Lire<i class=\"crycon-right-dir\"><\/i><\/a><\/p>\n","protected":false},"author":1,"featured_media":3442,"parent":0,"menu_order":0,"comment_status":"closed","ping_status":"closed","template":"","meta":{"footnotes":""},"class_list":["post-80","page","type-page","status-publish","has-post-thumbnail","hentry"],"_links":{"self":[{"href":"https:\/\/cdscweb.fr\/chat-robaze\/wp-json\/wp\/v2\/pages\/80","targetHints":{"allow":["GET"]}}],"collection":[{"href":"https:\/\/cdscweb.fr\/chat-robaze\/wp-json\/wp\/v2\/pages"}],"about":[{"href":"https:\/\/cdscweb.fr\/chat-robaze\/wp-json\/wp\/v2\/types\/page"}],"author":[{"embeddable":true,"href":"https:\/\/cdscweb.fr\/chat-robaze\/wp-json\/wp\/v2\/users\/1"}],"replies":[{"embeddable":true,"href":"https:\/\/cdscweb.fr\/chat-robaze\/wp-json\/wp\/v2\/comments?post=80"}],"version-history":[{"count":3,"href":"https:\/\/cdscweb.fr\/chat-robaze\/wp-json\/wp\/v2\/pages\/80\/revisions"}],"predecessor-version":[{"id":6127,"href":"https:\/\/cdscweb.fr\/chat-robaze\/wp-json\/wp\/v2\/pages\/80\/revisions\/6127"}],"wp:featuredmedia":[{"embeddable":true,"href":"https:\/\/cdscweb.fr\/chat-robaze\/wp-json\/wp\/v2\/media\/3442"}],"wp:attachment":[{"href":"https:\/\/cdscweb.fr\/chat-robaze\/wp-json\/wp\/v2\/media?parent=80"}],"curies":[{"name":"wp","href":"https:\/\/api.w.org\/{rel}","templated":true}]}}