{"id":4792,"date":"2021-01-14T11:35:43","date_gmt":"2021-01-14T10:35:43","guid":{"rendered":"http:\/\/cdscweb.fr\/chat-robaze\/?page_id=4792"},"modified":"2021-01-14T12:34:52","modified_gmt":"2021-01-14T11:34:52","slug":"utiliser-google-groups-en-tant-que-gestionnaire","status":"publish","type":"page","link":"https:\/\/cdscweb.fr\/chat-robaze\/utiliser-google-groups-en-tant-que-gestionnaire\/","title":{"rendered":"Utiliser Google Groups en tant que Gestionnaire"},"content":{"rendered":"\n<p>C&rsquo;est surtout pour ajouter ou supprimer des membres que l&rsquo;on en aura besoin : <br>ici un exemple avec le groupe <strong><em>Papiers Bavards<\/em><\/strong>.<\/p>\n\n\n\n<p>Se connecter sur <em><strong><a rel=\"noreferrer noopener\" href=\"https:\/\/groups.google.com\/\" target=\"_blank\">https:\/\/groups.google.com<\/a><\/strong><\/em><\/p>\n\n\n\n<p>Saisir l&rsquo;adresse avec laquelle on fait partie du groupe, puis le mot de passe.<\/p>\n\n\n\n<figure class=\"wp-block-gallery columns-2 wp-block-gallery-1 is-layout-flex wp-block-gallery-is-layout-flex\"><ul class=\"blocks-gallery-grid\"><li class=\"blocks-gallery-item\"><figure><img loading=\"lazy\" decoding=\"async\" width=\"400\" height=\"399\" src=\"https:\/\/cdscweb.fr\/chat-robaze\/wp-content\/uploads\/google-groups_connexion-01.jpg\" alt=\"\" data-id=\"4785\" data-full-url=\"https:\/\/cdscweb.fr\/chat-robaze\/wp-content\/uploads\/google-groups_connexion-01.jpg\" data-link=\"https:\/\/cdscweb.fr\/chat-robaze\/?attachment_id=4785\" class=\"wp-image-4785\" srcset=\"https:\/\/cdscweb.fr\/chat-robaze\/wp-content\/uploads\/google-groups_connexion-01.jpg 400w, https:\/\/cdscweb.fr\/chat-robaze\/wp-content\/uploads\/google-groups_connexion-01-300x300.jpg 300w, https:\/\/cdscweb.fr\/chat-robaze\/wp-content\/uploads\/google-groups_connexion-01-150x150.jpg 150w, https:\/\/cdscweb.fr\/chat-robaze\/wp-content\/uploads\/google-groups_connexion-01-252x252.jpg 252w\" sizes=\"auto, (max-width: 400px) 100vw, 400px\" \/><\/figure><\/li><li class=\"blocks-gallery-item\"><figure><img loading=\"lazy\" decoding=\"async\" width=\"429\" height=\"381\" src=\"https:\/\/cdscweb.fr\/chat-robaze\/wp-content\/uploads\/google-groups_connexion-02.jpg\" alt=\"\" data-id=\"4786\" data-full-url=\"https:\/\/cdscweb.fr\/chat-robaze\/wp-content\/uploads\/google-groups_connexion-02.jpg\" data-link=\"https:\/\/cdscweb.fr\/chat-robaze\/?attachment_id=4786\" class=\"wp-image-4786\" srcset=\"https:\/\/cdscweb.fr\/chat-robaze\/wp-content\/uploads\/google-groups_connexion-02.jpg 429w, https:\/\/cdscweb.fr\/chat-robaze\/wp-content\/uploads\/google-groups_connexion-02-300x266.jpg 300w, https:\/\/cdscweb.fr\/chat-robaze\/wp-content\/uploads\/google-groups_connexion-02-150x133.jpg 150w\" sizes=\"auto, (max-width: 429px) 100vw, 429px\" \/><\/figure><\/li><\/ul><\/figure>\n\n\n\n<div class=\"wp-block-media-text alignwide is-stacked-on-mobile\"><figure class=\"wp-block-media-text__media\"><img loading=\"lazy\" decoding=\"async\" width=\"370\" height=\"181\" src=\"https:\/\/cdscweb.fr\/chat-robaze\/wp-content\/uploads\/google-groups_accueil.jpg\" alt=\"\" class=\"wp-image-4787 size-full\" srcset=\"https:\/\/cdscweb.fr\/chat-robaze\/wp-content\/uploads\/google-groups_accueil.jpg 370w, https:\/\/cdscweb.fr\/chat-robaze\/wp-content\/uploads\/google-groups_accueil-300x147.jpg 300w, https:\/\/cdscweb.fr\/chat-robaze\/wp-content\/uploads\/google-groups_accueil-150x73.jpg 150w\" sizes=\"auto, (max-width: 370px) 100vw, 370px\" \/><\/figure><div class=\"wp-block-media-text__content\">\n<p>La page <strong>\u201cMes groupes\u201d<\/strong> s&rsquo;affiche.<\/p>\n\n\n\n<p>Cliquer sur le groupe souhait\u00e9.<\/p>\n<\/div><\/div>\n\n\n\n<p>Cliquer sur <strong><em>Membres <\/em><\/strong>pour en voir la liste. <br>En haut se trouve un bouton <strong><em>Ajouter des membres<\/em><\/strong>.<\/p>\n\n\n\n<figure class=\"wp-block-image size-large is-resized\"><a href=\"https:\/\/cdscweb.fr\/chat-robaze\/wp-content\/uploads\/google-groups_membres-01.jpg\" target=\"_blank\" rel=\"noopener\"><img loading=\"lazy\" decoding=\"async\" src=\"https:\/\/cdscweb.fr\/chat-robaze\/wp-content\/uploads\/google-groups_membres-01-800x372.jpg\" alt=\"\" class=\"wp-image-4798\" width=\"800\" height=\"372\" srcset=\"https:\/\/cdscweb.fr\/chat-robaze\/wp-content\/uploads\/google-groups_membres-01-800x372.jpg 800w, https:\/\/cdscweb.fr\/chat-robaze\/wp-content\/uploads\/google-groups_membres-01-300x140.jpg 300w, https:\/\/cdscweb.fr\/chat-robaze\/wp-content\/uploads\/google-groups_membres-01-768x358.jpg 768w, https:\/\/cdscweb.fr\/chat-robaze\/wp-content\/uploads\/google-groups_membres-01-150x70.jpg 150w, https:\/\/cdscweb.fr\/chat-robaze\/wp-content\/uploads\/google-groups_membres-01.jpg 1029w\" sizes=\"auto, (max-width: 800px) 100vw, 800px\" \/><\/a><\/figure>\n\n\n\n<div class=\"wp-block-media-text alignwide is-stacked-on-mobile\"><figure class=\"wp-block-media-text__media\"><img loading=\"lazy\" decoding=\"async\" width=\"433\" height=\"616\" src=\"https:\/\/cdscweb.fr\/chat-robaze\/wp-content\/uploads\/google-groups_membres-02.jpg\" alt=\"\" class=\"wp-image-4801 size-full\" srcset=\"https:\/\/cdscweb.fr\/chat-robaze\/wp-content\/uploads\/google-groups_membres-02.jpg 433w, https:\/\/cdscweb.fr\/chat-robaze\/wp-content\/uploads\/google-groups_membres-02-211x300.jpg 211w, https:\/\/cdscweb.fr\/chat-robaze\/wp-content\/uploads\/google-groups_membres-02-105x150.jpg 105w\" sizes=\"auto, (max-width: 433px) 100vw, 433px\" \/><\/figure><div class=\"wp-block-media-text__content\">\n<p>Inscrire les adresses des personnes souhait\u00e9es, selon qu&rsquo;on les veut <br>*membres, <br>*gestionnaires (il peut y en avoir plusieurs mais pas trop&#8230;) <br>*propri\u00e9taires (un seul est pr\u00e9f\u00e9rable). <\/p>\n\n\n\n<p><strong>Aller \u00e0 la ligne entre chaque adresse.<\/strong><\/p>\n\n\n\n<p>\u00c9crire un petit message de bienvenue ou d&rsquo;explication que chaque nouveau membre recevra. <\/p>\n\n\n\n<p>Garder le type d&rsquo;abonnement sur <strong><em>Chaque e-mail<\/em><\/strong>, sinon on n&rsquo;aura pas un groupe de discussion.<\/p>\n\n\n\n<p>Si on d\u00e9coche <strong><em>Ajouter les membres directement<\/em><\/strong>, <br>ils recevront une invitation \u00e0 rejoindre le groupe.<\/p>\n\n\n\n<p>Cliquer sur <strong><em>Ajouter des membres<\/em><\/strong>.<\/p>\n<\/div><\/div>\n\n\n\n<p>Lorsqu&rsquo;un membre est coch\u00e9 (ou plusieurs&#8230;) on a acc\u00e8s \u00e0 plusieurs actions :<\/p>\n\n\n\n<ol class=\"wp-block-list\"><li><strong>Supprimer<\/strong> (dans les faits on utilisera sans doute uniquement cette action&#8230;)<\/li><li><strong>Exclure<\/strong> (inutile puisque c&rsquo;est nous qui inscrivons les membres, <em><strong>Supprimer <\/strong><\/em>fera le m\u00eame effet)<\/li><li><strong>Modifier le r\u00f4le<\/strong><\/li><li><strong>Modifier l&rsquo;abonnement <\/strong>(ne pas faire !)<\/li><li><strong>Modifier les autorisations de publication<\/strong> (pas d&rsquo;utilit\u00e9)<\/li><\/ol>\n\n\n\n<figure class=\"wp-block-image size-large is-resized\"><a href=\"https:\/\/cdscweb.fr\/chat-robaze\/wp-content\/uploads\/google-groups_membres-03.jpg\" target=\"_blank\" rel=\"noopener\"><img loading=\"lazy\" decoding=\"async\" src=\"https:\/\/cdscweb.fr\/chat-robaze\/wp-content\/uploads\/google-groups_membres-03-800x304.jpg\" alt=\"\" class=\"wp-image-4807\" width=\"800\" height=\"304\" srcset=\"https:\/\/cdscweb.fr\/chat-robaze\/wp-content\/uploads\/google-groups_membres-03-800x304.jpg 800w, https:\/\/cdscweb.fr\/chat-robaze\/wp-content\/uploads\/google-groups_membres-03-300x114.jpg 300w, https:\/\/cdscweb.fr\/chat-robaze\/wp-content\/uploads\/google-groups_membres-03-768x292.jpg 768w, https:\/\/cdscweb.fr\/chat-robaze\/wp-content\/uploads\/google-groups_membres-03-150x57.jpg 150w, https:\/\/cdscweb.fr\/chat-robaze\/wp-content\/uploads\/google-groups_membres-03-1320x501.jpg 1320w, https:\/\/cdscweb.fr\/chat-robaze\/wp-content\/uploads\/google-groups_membres-03.jpg 1440w\" sizes=\"auto, (max-width: 800px) 100vw, 800px\" \/><\/a><\/figure>\n\n\n\n<p>S&rsquo;il y a un seul membre \u00e0 modifier on peut utiliser les listes d\u00e9roulantes sur sa ligne pour les actions 3, 4 et 5.<\/p>\n","protected":false},"excerpt":{"rendered":"<p class=\"continue-reading-button\"> <a class=\"continue-reading-link\" href=\"https:\/\/cdscweb.fr\/chat-robaze\/utiliser-google-groups-en-tant-que-gestionnaire\/\">Lire<i class=\"crycon-right-dir\"><\/i><\/a><\/p>\n","protected":false},"author":1,"featured_media":0,"parent":0,"menu_order":0,"comment_status":"closed","ping_status":"closed","template":"","meta":{"footnotes":""},"class_list":["post-4792","page","type-page","status-publish","hentry"],"_links":{"self":[{"href":"https:\/\/cdscweb.fr\/chat-robaze\/wp-json\/wp\/v2\/pages\/4792","targetHints":{"allow":["GET"]}}],"collection":[{"href":"https:\/\/cdscweb.fr\/chat-robaze\/wp-json\/wp\/v2\/pages"}],"about":[{"href":"https:\/\/cdscweb.fr\/chat-robaze\/wp-json\/wp\/v2\/types\/page"}],"author":[{"embeddable":true,"href":"https:\/\/cdscweb.fr\/chat-robaze\/wp-json\/wp\/v2\/users\/1"}],"replies":[{"embeddable":true,"href":"https:\/\/cdscweb.fr\/chat-robaze\/wp-json\/wp\/v2\/comments?post=4792"}],"version-history":[{"count":12,"href":"https:\/\/cdscweb.fr\/chat-robaze\/wp-json\/wp\/v2\/pages\/4792\/revisions"}],"predecessor-version":[{"id":4818,"href":"https:\/\/cdscweb.fr\/chat-robaze\/wp-json\/wp\/v2\/pages\/4792\/revisions\/4818"}],"wp:attachment":[{"href":"https:\/\/cdscweb.fr\/chat-robaze\/wp-json\/wp\/v2\/media?parent=4792"}],"curies":[{"name":"wp","href":"https:\/\/api.w.org\/{rel}","templated":true}]}}