{"id":27,"date":"2020-03-25T12:00:06","date_gmt":"2020-03-25T11:00:06","guid":{"rendered":"http:\/\/cdscweb.fr\/syltiandechat\/?page_id=27"},"modified":"2025-12-01T11:47:56","modified_gmt":"2025-12-01T10:47:56","slug":"photofiltre-studio-x","status":"publish","type":"page","link":"https:\/\/cdscweb.fr\/chat-robaze\/photofiltre-studio-x\/","title":{"rendered":"Photofiltre Studio X"},"content":{"rendered":"\n<div class=\"wp-block-columns is-layout-flex wp-container-core-columns-is-layout-9d6595d7 wp-block-columns-is-layout-flex\">\n<div class=\"wp-block-column is-layout-flow wp-block-column-is-layout-flow\" style=\"flex-basis:50%\"><div class=\"wp-block-image is-style-default\">\n<figure class=\"aligncenter size-full is-resized\"><img loading=\"lazy\" decoding=\"async\" width=\"320\" height=\"307\" src=\"https:\/\/cdscweb.fr\/chat-robaze\/wp-content\/uploads\/photofiltre-logo.png\" alt=\"\" class=\"wp-image-4573\" style=\"width:240px;height:auto\" srcset=\"https:\/\/cdscweb.fr\/chat-robaze\/wp-content\/uploads\/photofiltre-logo.png 320w, https:\/\/cdscweb.fr\/chat-robaze\/wp-content\/uploads\/photofiltre-logo-300x288.png 300w, https:\/\/cdscweb.fr\/chat-robaze\/wp-content\/uploads\/photofiltre-logo-150x144.png 150w\" sizes=\"auto, (max-width: 320px) 100vw, 320px\" \/><\/figure>\n<\/div>\n\n\n<p class=\"has-text-align-center\"><a href=\"http:\/\/www.photofiltre-studio.com\/news.htm\" target=\"_blank\" rel=\"noopener noreferrer\"><em><strong>Site officiel<\/strong><\/em><\/a><\/p>\n<\/div>\n\n\n\n<div class=\"wp-block-column is-layout-flow wp-block-column-is-layout-flow\" style=\"flex-basis:50%\">\n<p class=\"has-text-align-center\">PhotoFiltre Studio X est un logiciel de retouche d\u2019images tr\u00e8s complet.<br> Il permet d\u2019effectuer des r\u00e9glages simples ou avanc\u00e9s sur une image et de lui appliquer un large \u00e9ventail de filtres.<br> Son utilisation simple et intuitive offre une prise en main rapide.<\/p>\n<\/div>\n<\/div>\n\n\n\n<p>La barre d\u2019outils, proposant l\u2019acc\u00e8s aux filtres standards par simple clic de souris, lui donne un c\u00f4t\u00e9 convivial.<\/p>\n\n\n\n<p>PhotoFiltre Studio poss\u00e8de \u00e9galement un gestionnaire de calques <em>(avec couche Alpha)<\/em>, des pinceaux personnalisables, des nozzles <em>(ou tubes)<\/em>, un correcteur pour les yeux rouges, un module d&rsquo;automatisation et beaucoup d&rsquo;autres outils puissants.<\/p>\n\n\n\n<p>Sa large palette de filtres permet aux personnes qui d\u00e9butent de se familiariser avec le monde du graphisme.<br> On y retrouve les fonctions standards de r\u00e9glage <em>(luminosit\u00e9, contraste, teinte, saturation, correction gamma)<\/em> et des filtres artistiques <em>(aquarelle, pastels, encre de chine, pointillisme, effet puzzle)<\/em>.<\/p>\n\n\n\n<p>PhotoFiltre Studio X est distribu\u00e9 en libre essai <em>(shareware)<\/em> limit\u00e9 \u00e0 30 jours d\u2019\u00e9valuation.<\/p>\n\n\n\n<p>Pass\u00e9 ce d\u00e9lai, et si ce logiciel correspond \u00e0 votre attente, vous aurez l\u2019obligation morale de&nbsp;<a href=\"http:\/\/www.photofiltre-studio.com\/reg.htm\" target=\"_blank\" rel=\"noopener noreferrer\"><em><strong>vous acquitter du prix de la licence aupr\u00e8s de l\u2019auteur<\/strong><\/em><\/a>, ceci afin d\u2019obtenir une cl\u00e9 personnelle de d\u00e9verrouillage du logiciel.<\/p>\n\n\n\n<p>Conservez bien le courriel que vous recevrez et imprimez-le.<\/p>\n\n\n\n<p class=\"has-text-align-center\"><em><strong>Si par contre le logiciel ne correspond pas \u00e0 votre attente, vous devez le supprimer !&nbsp;<\/strong><\/em><\/p>\n\n\n\n<p class=\"has-text-align-center\"><span style=\"color: #c00000;\"><strong>Il existe une version gratuite, PhotoFiltre 7, avec quelques fonctions supprim\u00e9es par rapport \u00e0 PhotoFiltre Studio X.&nbsp;<\/strong><\/span><\/p>\n\n\n\n<p class=\"has-text-align-center\"><a href=\"http:\/\/www.photofiltre-studio.com\/pf7.htm\" target=\"_blank\" rel=\"noopener noreferrer\"><em><strong>Voir site officiel ici<\/strong><\/em><\/a><\/p>\n","protected":false},"excerpt":{"rendered":"<p class=\"continue-reading-button\"> <a class=\"continue-reading-link\" href=\"https:\/\/cdscweb.fr\/chat-robaze\/photofiltre-studio-x\/\">Lire<i class=\"crycon-right-dir\"><\/i><\/a><\/p>\n","protected":false},"author":1,"featured_media":4573,"parent":0,"menu_order":0,"comment_status":"closed","ping_status":"closed","template":"","meta":{"footnotes":""},"class_list":["post-27","page","type-page","status-publish","has-post-thumbnail","hentry"],"_links":{"self":[{"href":"https:\/\/cdscweb.fr\/chat-robaze\/wp-json\/wp\/v2\/pages\/27","targetHints":{"allow":["GET"]}}],"collection":[{"href":"https:\/\/cdscweb.fr\/chat-robaze\/wp-json\/wp\/v2\/pages"}],"about":[{"href":"https:\/\/cdscweb.fr\/chat-robaze\/wp-json\/wp\/v2\/types\/page"}],"author":[{"embeddable":true,"href":"https:\/\/cdscweb.fr\/chat-robaze\/wp-json\/wp\/v2\/users\/1"}],"replies":[{"embeddable":true,"href":"https:\/\/cdscweb.fr\/chat-robaze\/wp-json\/wp\/v2\/comments?post=27"}],"version-history":[{"count":9,"href":"https:\/\/cdscweb.fr\/chat-robaze\/wp-json\/wp\/v2\/pages\/27\/revisions"}],"predecessor-version":[{"id":7146,"href":"https:\/\/cdscweb.fr\/chat-robaze\/wp-json\/wp\/v2\/pages\/27\/revisions\/7146"}],"wp:featuredmedia":[{"embeddable":true,"href":"https:\/\/cdscweb.fr\/chat-robaze\/wp-json\/wp\/v2\/media\/4573"}],"wp:attachment":[{"href":"https:\/\/cdscweb.fr\/chat-robaze\/wp-json\/wp\/v2\/media?parent=27"}],"curies":[{"name":"wp","href":"https:\/\/api.w.org\/{rel}","templated":true}]}}