{"id":1231,"date":"2020-04-09T16:40:35","date_gmt":"2020-04-09T14:40:35","guid":{"rendered":"http:\/\/cdscweb.fr\/chat-robaze\/?page_id=1231"},"modified":"2020-11-10T18:29:22","modified_gmt":"2020-11-10T17:29:22","slug":"mentions-legales","status":"publish","type":"page","link":"https:\/\/cdscweb.fr\/chat-robaze\/mentions-legales\/","title":{"rendered":"Mentions l\u00e9gales"},"content":{"rendered":"<div class=\"privacy-text-box-head\">\n<p class=\"entry-title\"><span style=\"font-family: Verdana, Geneva, sans-serif; font-size: 16px;\">En vertu de la loi pour la confiance dans l\u2019\u00e9conomie num\u00e9rique (LCEN) du 21 juin 2004, voici les coordonn\u00e9es de l\u2019\u00e9diteur et du prestataire qui accueille le site :<\/span><\/p>\n<div class=\"entry-content\">\n<p style=\"text-align: center;\"><em><strong>https:\/\/cdscweb.fr\/chat-robaze\/<\/strong><\/em><\/p>\n<p>Directeur de la publication et responsable d\u2019\u00e9dition :<em> <a href=\"https:\/\/cdscweb.fr\/chat-robaze\/contact\/\" target=\"_blank\" rel=\"noopener noreferrer\"><strong>Sylvie Chat<\/strong><\/a><\/em><\/p>\n<p>Prestataire assurant le stockage direct et permanent :\u00a0<a href=\"https:\/\/www.1and1.fr\/terms-gtc\/terms-imprint\/?\" target=\"_blank\" rel=\"noopener noreferrer\"><strong>Ionos<\/strong><\/a><\/p>\n<p>Webmestre : <em><a href=\"https:\/\/cdscweb.fr\/chat-robaze\/contact\/\" target=\"_blank\" rel=\"noopener noreferrer\"><strong>Sylvie Chat<\/strong><\/a><\/em><\/p>\n<h4 style=\"text-align: center;\"><strong>Droits d\u2019auteurs\u00a0<\/strong><\/h4>\n<p>Ce site rel\u00e8ve de la l\u00e9gislation fran\u00e7aise et internationale sur le droit d\u2019auteur et la propri\u00e9t\u00e9 intellectuelle.<\/p>\n<p>Tous les droits de reproduction sont r\u00e9serv\u00e9s.<\/p>\n<h4 style=\"text-align: center;\"><strong>Liens hypertextes\u00a0<\/strong><\/h4>\n<p>Ce site contient des liens hypertextes permettant l\u2019acc\u00e8s \u00e0 des sites qui ne sont pas \u00e9dit\u00e9s par le responsable de ce site.<\/p>\n<p>En cons\u00e9quence le directeur de publication ne saurait \u00eatre tenu pour responsable du contenu des sites auxquels l\u2019internaute aurait ainsi acc\u00e8s.<\/p>\n<p>Il est formellement interdit de collecter et d\u2019utiliser les informations disponibles sur le site \u00e0 des fins commerciales.<\/p>\n<p>Cette interdiction s\u2019\u00e9tend notamment, sans que cette liste ne soit limitative, \u00e0 tout \u00e9l\u00e9ment r\u00e9dactionnel figurant sur le site, \u00e0 la pr\u00e9sentation des \u00e9crans, aux logiciels n\u00e9cessaires \u00e0 l\u2019exploitation, aux logos, images, photos, graphiques, de quelque nature qu\u2019ils soient.<\/p>\n<h4 style=\"text-align: center;\"><strong>Liens hypertextes vers ce site\u00a0<\/strong><\/h4>\n<p>A l\u2019exception de sites diffusant des informations et\/ou contenus ayant un caract\u00e8re ill\u00e9gal et\/ou \u00e0 caract\u00e8re politique, religieux, pornographique, x\u00e9nophobe, vous pouvez cr\u00e9er un lien hypertexte vers notre Site sur votre site.<\/p>\n<p>La mise en place de lien hypertexte n\u2019autorise en aucune fa\u00e7on la reproduction d\u2019\u00e9l\u00e9ments du site ou la pr\u00e9sentation sur des sites tiers d\u2019\u00e9l\u00e9ments du Site.<\/p>\n<p>Enfin, la mise en place de lien hypertexte n\u2019autorise en aucune fa\u00e7on de proposer l\u2019envoi d\u2019un message pr\u00e9-r\u00e9dig\u00e9 \u00e0 une adresse mail li\u00e9e au Site ou la mise en place d\u2019un syst\u00e8me permettant l\u2019envoi massif de messages quelle qu\u2019en soit la nature.<\/p>\n<h4 style=\"text-align: center;\"><strong>Utilisation des donn\u00e9es personnelles collect\u00e9es<\/strong><\/h4>\n<p>Notre site ne collecte aucune donn\u00e9e personnelle sur les visiteurs, et ne collecte que les donn\u00e9es pr\u00e9sentes dans l\u2019\u00e9cran <strong><em>Votre Profil<\/em><\/strong> des utilisateurs enregistr\u00e9s.<br \/>\nCependant certaines de nos extensions peuvent collecter des donn\u00e9es personnelles, vous trouverez les informations ad\u00e9quates ci-dessous :<\/p>\n<h5><strong>Formulaires de contact<\/strong><\/h5>\n<p class=\"privacy-policy-tutorial\">Les soumissions d\u2019un formulaire de contact sont conserv\u00e9es uniquement pour la dur\u00e9e n\u00e9cessaire au service, et ne sont pas utilis\u00e9es \u00e0 des fins commerciales.<\/p>\n<h5><strong>Contenu embarqu\u00e9 depuis d\u2019autres sites<\/strong><\/h5>\n<p>Les articles* de ce site peuvent inclure des contenus int\u00e9gr\u00e9s (par exemple des vid\u00e9os, images, articles*\u2026). Le contenu int\u00e9gr\u00e9 depuis d\u2019autres sites se comporte de la m\u00eame mani\u00e8re que si le visiteur se rendait sur cet autre site.<\/p>\n<p>Ces sites web pourraient collecter des donn\u00e9es sur vous, utiliser des cookies, embarquer des outils de suivis tiers, suivre vos interactions avec ces contenus embarqu\u00e9s si vous disposez d\u2019un compte connect\u00e9 sur leur site web.<\/p>\n<h5><strong>Courriels et newsletter<\/strong><\/h5>\n<p>Si vous \u00eates abonn\u00e9\u00b7e \u00e0 nos publications, il y a de grandes chances que vous receviez des courriels de notre part.<\/p>\n<p>Nous vous enverrons uniquement des courriels que vous avez accept\u00e9 de recevoir.<\/p>\n<p>Pour vous envoyer des courriels, nous utilisons le nom et l\u2019adresse que vous nous avez fournis.<br \/>\nNotre site stocke aussi l\u2019adresse IP que vous avez utilis\u00e9e lorsque vous avez sign\u00e9 pour le service afin d\u2019emp\u00eacher un abus du syst\u00e8me.<\/p>\n<p>Ce site peut envoyer des courriels via le\u00a0<em><strong><a href=\"https:\/\/www.mailpoet.com\/privacy-notice\/\" target=\"_blank\" rel=\"noopener noreferrer\">service d\u2019envoi MailPoet<\/a><\/strong><\/em>.<br \/>\nCe service nous permet de suivre les clics et les ouvertures de nos courriels.<br \/>\nNous utilisons cette information pour am\u00e9liorer le contenu de nos publications.<\/p>\n<p>Aucune information identifiable n\u2019est autrement retrac\u00e9e en dehors de ce site \u00e0 l\u2019exception de l\u2019adresse \u00e9lectronique.<\/p>\n<h4><strong>Les droits que vous avez sur vos donn\u00e9es<\/strong><\/h4>\n<p>Vous pouvez demander la suppression des donn\u00e9es personnelles vous concernant.<\/p>\n<\/div>\n<\/div>\n","protected":false},"excerpt":{"rendered":"<p class=\"continue-reading-button\"> <a class=\"continue-reading-link\" href=\"https:\/\/cdscweb.fr\/chat-robaze\/mentions-legales\/\">Lire<i class=\"crycon-right-dir\"><\/i><\/a><\/p>\n","protected":false},"author":1,"featured_media":3436,"parent":0,"menu_order":0,"comment_status":"closed","ping_status":"closed","template":"","meta":{"footnotes":""},"class_list":["post-1231","page","type-page","status-publish","has-post-thumbnail","hentry"],"_links":{"self":[{"href":"https:\/\/cdscweb.fr\/chat-robaze\/wp-json\/wp\/v2\/pages\/1231","targetHints":{"allow":["GET"]}}],"collection":[{"href":"https:\/\/cdscweb.fr\/chat-robaze\/wp-json\/wp\/v2\/pages"}],"about":[{"href":"https:\/\/cdscweb.fr\/chat-robaze\/wp-json\/wp\/v2\/types\/page"}],"author":[{"embeddable":true,"href":"https:\/\/cdscweb.fr\/chat-robaze\/wp-json\/wp\/v2\/users\/1"}],"replies":[{"embeddable":true,"href":"https:\/\/cdscweb.fr\/chat-robaze\/wp-json\/wp\/v2\/comments?post=1231"}],"version-history":[{"count":1,"href":"https:\/\/cdscweb.fr\/chat-robaze\/wp-json\/wp\/v2\/pages\/1231\/revisions"}],"predecessor-version":[{"id":3609,"href":"https:\/\/cdscweb.fr\/chat-robaze\/wp-json\/wp\/v2\/pages\/1231\/revisions\/3609"}],"wp:featuredmedia":[{"embeddable":true,"href":"https:\/\/cdscweb.fr\/chat-robaze\/wp-json\/wp\/v2\/media\/3436"}],"wp:attachment":[{"href":"https:\/\/cdscweb.fr\/chat-robaze\/wp-json\/wp\/v2\/media?parent=1231"}],"curies":[{"name":"wp","href":"https:\/\/api.w.org\/{rel}","templated":true}]}}