{"id":118,"date":"2020-03-25T16:00:34","date_gmt":"2020-03-25T15:00:34","guid":{"rendered":"http:\/\/cdscweb.fr\/tousmestutos\/?page_id=118"},"modified":"2023-08-16T19:34:28","modified_gmt":"2023-08-16T17:34:28","slug":"wordpress","status":"publish","type":"page","link":"https:\/\/cdscweb.fr\/chat-robaze\/wordpress\/","title":{"rendered":"WordPress"},"content":{"rendered":"<div class=\"wp-block-image\">\n<figure class=\"alignleft is-resized\"><img loading=\"lazy\" decoding=\"async\" src=\"https:\/\/cdscweb.fr\/chat-robaze\/wp-content\/uploads\/wordpress_logo-150x150.png\" alt=\"\" class=\"wp-image-4375\" style=\"width:150px;height:150px\" width=\"150\" height=\"150\" srcset=\"https:\/\/cdscweb.fr\/chat-robaze\/wp-content\/uploads\/wordpress_logo-150x150.png 150w, https:\/\/cdscweb.fr\/chat-robaze\/wp-content\/uploads\/wordpress_logo-300x300.png 300w, https:\/\/cdscweb.fr\/chat-robaze\/wp-content\/uploads\/wordpress_logo-800x800.png 800w, https:\/\/cdscweb.fr\/chat-robaze\/wp-content\/uploads\/wordpress_logo-768x768.png 768w, https:\/\/cdscweb.fr\/chat-robaze\/wp-content\/uploads\/wordpress_logo-252x252.png 252w, https:\/\/cdscweb.fr\/chat-robaze\/wp-content\/uploads\/wordpress_logo.png 1000w\" sizes=\"auto, (max-width: 150px) 100vw, 150px\" \/><\/figure>\n<\/div>\n\n\n<p><span style=\"font-family: Ubuntu;\">\u00c0 l&rsquo;origine simple outil pour cr\u00e9er des blogs, <\/span>WordPress<span style=\"font-family: Ubuntu;\"> est maintenant la solution n\u00b0 1 pour cr\u00e9er tous types de sites : vitrines, e-commerce, collaboratifs, magazines, solutions intranet, applications web complexes et m\u00eame des applications mobiles\u2026<\/span><\/p>\n\n\n\n<p>C&rsquo;est un outil tellement incontournable que pr\u00e8s de 30 % de tous les sites web du monde reposent maintenant sur WordPress.<\/p>\n\n\n\n<p>Il s&rsquo;agit du moteur de sites web le plus utilis\u00e9 sur la plan\u00e8te.<\/p>\n\n\n\n<h3 class=\"wp-block-heading\">Notions de CMS et d\u2019open source<\/h3>\n\n\n\n<h4 class=\"wp-block-heading\">Qu\u2019est-ce qu\u2019un CMS ?<\/h4>\n\n\n\n<p>MS est l\u2019abr\u00e9viation \u201cContent Management System\u201d (syst\u00e8me de gestion de contenu).<\/p>\n\n\n\n<p>Un CMS \u00ab\u00a0est une famille de logiciels destin\u00e9s \u00e0 la conception et \u00e0 la mise \u00e0 jour dynamique de sites web ou d&rsquo;applications multim\u00e9dia\u201d (Wikip\u00e9dia).<\/p>\n\n\n\n<p>En clair, c\u2019est un outil qui va offrir une interface (que l\u2019on esp\u00e8re simple !) pour cr\u00e9er et g\u00e9rer les contenus de son site internet, plut\u00f4t que de tout coder \u00e0 la main.<\/p>\n\n\n\n<h4 class=\"wp-block-heading\">Que veut dire \u201copen source\u201d ?<\/h4>\n\n\n\n<p>La d\u00e9signation open source, ou \u00ab code source ouvert \u00bb, s&rsquo;applique aux logiciels (et s&rsquo;\u00e9tend maintenant aux \u0153uvres de l&rsquo;esprit) dont la licence respecte des crit\u00e8res pr\u00e9cis\u00e9ment \u00e9tablis par l&rsquo;Open Source Initiative, c&rsquo;est-\u00e0-dire les possibilit\u00e9s de libre redistribution, d&rsquo;acc\u00e8s au code source et de cr\u00e9ation de travaux d\u00e9riv\u00e9s. (Wikip\u00e9dia)<br>C\u2019est une notion tr\u00e8s importante qui explique en partie le succ\u00e8s de solutions comme WordPress.<br>En clair, cela veut dire que tout le monde a acc\u00e8s au code de WordPress, peut proposer des contributions, peut proposer WordPress en t\u00e9l\u00e9chargement et cr\u00e9er des \u201cforks\u201d (d\u00e9clinaisons) de WordPress.<br>Le fait que WordPress soit open source lui a permis de d\u00e9velopper une immense communaut\u00e9, tr\u00e8s active, ce qui est l\u2019une de ses plus grandes forces aujourd\u2019hui.<br>Il existe des centaines de CMS dont une grande partie est open source (Joomla, Prestashop, etc.), mais WordPress se d\u00e9marque du lot.<br>C\u2019est en effet, et de loin, la solution de loin la plus populaire pour cr\u00e9er des sites internet.<br>On peut m\u00eame dire qu\u2019il \u00e9crase compl\u00e8tement le march\u00e9 : 50 000 sites WordPress sont cr\u00e9\u00e9s chaque jour et surtout, le second CMS le plus utilis\u00e9, Joomla, ne d\u00e9tient qu&rsquo;environ 10 fois moins de part de march\u00e9 que WordPress !<\/p>\n\n\n\n<h3 class=\"wp-block-heading\">L\u2019histoire et les atouts de WordPress<\/h3>\n\n\n\n<p>En 2003, un jeune \u00e9tudiant nomm\u00e9 Matt Mullenweg publie la premi\u00e8re version de WordPress.<br>La simplicit\u00e9 d\u2019utilisation de WordPress est un facteur essentiel de son succ\u00e8s !<br>Attention, cependant, si WordPress est en effet plus simple que la majorit\u00e9 des autres CMS du march\u00e9 (Joomla, Drupal, etc.), il n\u00e9cessite plus d\u2019efforts que les constructeurs de sites (site builders) grand public comme Wix ou Squarespace.<br>Mais cela en vaut largement la peine !<\/p>\n\n\n\n<p>En 2004, la version 1.2 voit le jour avec une fonctionnalit\u00e9 qui sera tr\u00e8s importante pour la suite : les extensions (ou plugins en anglais).<br>En bref, c\u2019est la possibilit\u00e9 pour n\u2019importe qui de cr\u00e9er des extensions permettant d\u2019ajouter des fonctionnalit\u00e9s \u00e0 WordPress et surtout de les partager avec la communaut\u00e9.<\/p>\n\n\n\n<h4 class=\"wp-block-heading\">\u201cThere is a plugin for that !\u201d (\u00ab\u00a0Il y a une extension pour \u00e7a !\u00a0\u00bb)<\/h4>\n\n\n\n<p>Une extension WordPress, c\u2019est donc du code qui peut \u00eatre ajout\u00e9 \u00e0 WordPress pour ajouter des fonctionnalit\u00e9s sp\u00e9cifiques comme des formulaires de contact, des fonctionnalit\u00e9s e-commerce, des moyens de paiement, des int\u00e9grations sur les r\u00e9seaux sociaux, etc.<br>N\u2019importe qui peut cr\u00e9er une extension WordPress et m\u00eame la proposer sur la biblioth\u00e8que officielle WordPress.org.<br>Elle sera alors disponible pour le plus grand nombre, sous r\u00e9serve d\u2019\u00eatre valid\u00e9e par l\u2019\u00e9quipe de mod\u00e9ration de WordPress.org.<br>Aujourd\u2019hui, on compte plus de 55 000 extensions gratuites sur WordPress.org et des milliers d\u2019extensions payantes r\u00e9parties sur diff\u00e9rentes boutiques et marketplaces.<br>\u00c0 tel point que, quel que soit le besoin rencontr\u00e9, on trouve g\u00e9n\u00e9ralement un ou plusieurs plugins qui y r\u00e9pondent.<\/p>\n\n\n\n<h4 class=\"wp-block-heading\">La gratuit\u00e9, la philosophie open source et la communaut\u00e9<\/h4>\n\n\n\n<p>WordPress est toujours rest\u00e9 fid\u00e8le aux principes de l\u2019open source et cela lui a permis de b\u00e9n\u00e9ficier d\u2019innombrables contributions \u00e0 son code ou \u00e0 ses composants (th\u00e8mes, plugins), mais surtout de pouvoir s\u2019appuyer sur une communaut\u00e9 passionn\u00e9e partageant des valeurs communes.<br>En 2005, la nouvelle version de WordPress introduit :<br>Les pages, permettant ainsi de cr\u00e9er des sites classiques et non seulement des blogs ;<br>Les th\u00e8mes, qui permettent d\u2019installer facilement un design sur son site WordPress sur le m\u00eame principe que les plugins.<br>Et toujours en 2005, Automattic, la soci\u00e9t\u00e9 cr\u00e9\u00e9e par le fondateur de WordPress Matt Mullenweg lance wordpress.com, une plateforme d\u2019h\u00e9bergement WordPress proposant une offre gratuite et qui rencontrera un succ\u00e8s ph\u00e9nom\u00e9nal.<br>Diff\u00e9rence entre WordPress (wordpress.org) et wordpress.com<br>On confond bien trop souvent WordPress (le CMS open source) et wordpress.com (la plateforme d\u2019h\u00e9bergement WordPress) et c\u2019est bien compr\u00e9hensible lorsque l\u2019on n\u2019est pas un utilisateur averti. Mais les deux sont tr\u00e8s diff\u00e9rents :<\/p>\n\n\n\n<p>WordPress est le nom du CMS open source.<br>Ce n\u2019est pas une soci\u00e9t\u00e9 et il n\u2019a pas de but lucratif.<br>WordPress, le CMS, se pr\u00e9sente sous forme d\u2019un ensemble de fichiers t\u00e9l\u00e9chargeables gratuitement sur wordpress.org, le site de la fondation WordPress.<br>wordpress.com est une solution d\u2019h\u00e9bergement \u00e0 but lucratif qui repose sur le CMS WordPress.<br>Il existe d\u2019innombrables solutions autres que wordpress.com pour h\u00e9berger son site WordPress.<br>La plateforme impose de nombreuses contraintes sur les versions gratuites et d\u2019entr\u00e9e de gamme (publicit\u00e9 sur votre site, impossibilit\u00e9 d\u2019acc\u00e9der au code ou d\u2019installer n\u2019importe quelle extension, etc.).<\/p>\n","protected":false},"excerpt":{"rendered":"<p class=\"continue-reading-button\"> <a class=\"continue-reading-link\" href=\"https:\/\/cdscweb.fr\/chat-robaze\/wordpress\/\">Lire<i class=\"crycon-right-dir\"><\/i><\/a><\/p>\n","protected":false},"author":1,"featured_media":3502,"parent":0,"menu_order":0,"comment_status":"closed","ping_status":"closed","template":"","meta":{"footnotes":""},"class_list":["post-118","page","type-page","status-publish","has-post-thumbnail","hentry"],"_links":{"self":[{"href":"https:\/\/cdscweb.fr\/chat-robaze\/wp-json\/wp\/v2\/pages\/118","targetHints":{"allow":["GET"]}}],"collection":[{"href":"https:\/\/cdscweb.fr\/chat-robaze\/wp-json\/wp\/v2\/pages"}],"about":[{"href":"https:\/\/cdscweb.fr\/chat-robaze\/wp-json\/wp\/v2\/types\/page"}],"author":[{"embeddable":true,"href":"https:\/\/cdscweb.fr\/chat-robaze\/wp-json\/wp\/v2\/users\/1"}],"replies":[{"embeddable":true,"href":"https:\/\/cdscweb.fr\/chat-robaze\/wp-json\/wp\/v2\/comments?post=118"}],"version-history":[{"count":3,"href":"https:\/\/cdscweb.fr\/chat-robaze\/wp-json\/wp\/v2\/pages\/118\/revisions"}],"predecessor-version":[{"id":6129,"href":"https:\/\/cdscweb.fr\/chat-robaze\/wp-json\/wp\/v2\/pages\/118\/revisions\/6129"}],"wp:featuredmedia":[{"embeddable":true,"href":"https:\/\/cdscweb.fr\/chat-robaze\/wp-json\/wp\/v2\/media\/3502"}],"wp:attachment":[{"href":"https:\/\/cdscweb.fr\/chat-robaze\/wp-json\/wp\/v2\/media?parent=118"}],"curies":[{"name":"wp","href":"https:\/\/api.w.org\/{rel}","templated":true}]}}