{"id":114,"date":"2020-03-25T15:51:08","date_gmt":"2020-03-25T14:51:08","guid":{"rendered":"http:\/\/cdscweb.fr\/tousmestutos\/?page_id=114"},"modified":"2021-09-14T18:59:19","modified_gmt":"2021-09-14T16:59:19","slug":"dautres-outils","status":"publish","type":"page","link":"https:\/\/cdscweb.fr\/chat-robaze\/dautres-outils\/","title":{"rendered":"D&rsquo;autres outils"},"content":{"rendered":"<p><img loading=\"lazy\" decoding=\"async\" class=\"alignleft wp-image-4568\" src=\"https:\/\/cdscweb.fr\/chat-robaze\/wp-content\/uploads\/depanneur-242x300.jpg\" alt=\"\" width=\"161\" height=\"200\" srcset=\"https:\/\/cdscweb.fr\/chat-robaze\/wp-content\/uploads\/depanneur-242x300.jpg 242w, https:\/\/cdscweb.fr\/chat-robaze\/wp-content\/uploads\/depanneur-645x800.jpg 645w, https:\/\/cdscweb.fr\/chat-robaze\/wp-content\/uploads\/depanneur-768x952.jpg 768w, https:\/\/cdscweb.fr\/chat-robaze\/wp-content\/uploads\/depanneur-1239x1536.jpg 1239w, https:\/\/cdscweb.fr\/chat-robaze\/wp-content\/uploads\/depanneur-121x150.jpg 121w, https:\/\/cdscweb.fr\/chat-robaze\/wp-content\/uploads\/depanneur-1320x1637.jpg 1320w, https:\/\/cdscweb.fr\/chat-robaze\/wp-content\/uploads\/depanneur.jpg 1395w\" sizes=\"auto, (max-width: 161px) 100vw, 161px\" \/><\/p>\n<p><strong>Bureautique<\/strong> : <em><a href=\"https:\/\/cdscweb.fr\/chat-robaze\/category\/bureautique\/libre-office\/\" target=\"_blank\" rel=\"noopener\">LibreOffice<\/a> (alternative gratuite \u00e0\u00a0 <a href=\"https:\/\/cdscweb.fr\/chat-robaze\/category\/bureautique\/microsoft-office\/\" target=\"_blank\" rel=\"noopener\">Microsoft Office<\/a>)<\/em><\/p>\n<p><strong>Compression \/ D\u00e9compression<\/strong>\u00a0 : <a href=\"https:\/\/cdscweb.fr\/chat-robaze\/category\/outils\/7-zip\/\" target=\"_blank\" rel=\"noopener noreferrer\"><em>gestion des fichiers et dossiers compress\u00e9s<\/em><\/a> (.zip par exemple).<\/p>\n<p><strong>Conversion de fichiers<\/strong> : <a href=\"https:\/\/cdscweb.fr\/chat-robaze\/category\/outils\/format-factory\/\" target=\"_blank\" rel=\"noopener noreferrer\"><em>modifier le format<\/em><\/a> de vos vid\u00e9os, images, sons, documents.<\/p>\n<p><strong>Couleurs Web<\/strong> : nom, aper\u00e7u, code hexad\u00e9cimal*, code RGB-RVB (<a href=\"http:\/\/www.letoileauxsecrets.fr\/couleurs\/couleurs-web.html\" target=\"_blank\" rel=\"noopener noreferrer\"><em>lien vers site ext\u00e9rieur<\/em><\/a>).<\/p>\n<p><strong>Envoi de fichiers volumineux<\/strong> : <a href=\"https:\/\/cdscweb.fr\/chat-robaze\/category\/outils\/wetransfer\/\" target=\"_blank\" rel=\"noopener noreferrer\"><em>en ligne, gratuit jusqu&rsquo;\u00e0 2 Go<\/em><\/a>.<\/p>\n<p><strong>Lutte contre les logiciels malveillants<\/strong> : <a href=\"https:\/\/cdscweb.fr\/chat-robaze\/category\/outils\/adwcleaner\/\" target=\"_blank\" rel=\"noopener noreferrer\"><em>adwares<\/em><\/a>, <a href=\"https:\/\/cdscweb.fr\/chat-robaze\/category\/outils\/malwarebytes\/\" target=\"_blank\" rel=\"noopener noreferrer\"><em>malwares<\/em><\/a><\/p>\n<p><strong>Outils Internet <\/strong>: <a href=\"https:\/\/cdscweb.fr\/chat-robaze\/category\/outils\/filezilla\/\" target=\"_blank\" rel=\"noopener noreferrer\"><em>FTP<\/em><\/a>, <a href=\"https:\/\/cdscweb.fr\/chat-robaze\/category\/internet\/speed-dial\/\" target=\"_blank\" rel=\"noopener noreferrer\"><em>gestion des favoris<\/em><\/a><\/p>\n<p><strong>Raccourcis\u00a0<\/strong><b>clavier<\/b> : entrer tr\u00e8s rapidement un caract\u00e8re sp\u00e9cial (<em><a href=\"http:\/\/www.mhg.fr\/divers\/raccourcis-clavier.php\" target=\"_blank\" rel=\"noopener noreferrer\">lien vers site ext\u00e9rieur<\/a><\/em>).<\/p>\n<p><strong><em>T\u00e9l\u00e9assistance<\/em><\/strong>: <a href=\"https:\/\/cdscweb.fr\/chat-robaze\/category\/outils\/teamviewer\/\" target=\"_blank\" rel=\"noopener noreferrer\"><em>acc\u00e9der \u00e0 vos ordinateurs ou vous faire aider \u00e0 distance<\/em><\/a>.<\/p>\n<p><strong>Traitement du son <\/strong>: <a href=\"https:\/\/cdscweb.fr\/chat-robaze\/category\/son\/audacity\/\" target=\"_blank\" rel=\"noopener noreferrer\"><em>logiciel gratuit<\/em><\/a><\/p>\n","protected":false},"excerpt":{"rendered":"<p class=\"continue-reading-button\"> <a class=\"continue-reading-link\" href=\"https:\/\/cdscweb.fr\/chat-robaze\/dautres-outils\/\">Lire<i class=\"crycon-right-dir\"><\/i><\/a><\/p>\n","protected":false},"author":1,"featured_media":0,"parent":0,"menu_order":0,"comment_status":"closed","ping_status":"closed","template":"","meta":{"footnotes":""},"class_list":["post-114","page","type-page","status-publish","hentry"],"_links":{"self":[{"href":"https:\/\/cdscweb.fr\/chat-robaze\/wp-json\/wp\/v2\/pages\/114","targetHints":{"allow":["GET"]}}],"collection":[{"href":"https:\/\/cdscweb.fr\/chat-robaze\/wp-json\/wp\/v2\/pages"}],"about":[{"href":"https:\/\/cdscweb.fr\/chat-robaze\/wp-json\/wp\/v2\/types\/page"}],"author":[{"embeddable":true,"href":"https:\/\/cdscweb.fr\/chat-robaze\/wp-json\/wp\/v2\/users\/1"}],"replies":[{"embeddable":true,"href":"https:\/\/cdscweb.fr\/chat-robaze\/wp-json\/wp\/v2\/comments?post=114"}],"version-history":[{"count":17,"href":"https:\/\/cdscweb.fr\/chat-robaze\/wp-json\/wp\/v2\/pages\/114\/revisions"}],"predecessor-version":[{"id":5200,"href":"https:\/\/cdscweb.fr\/chat-robaze\/wp-json\/wp\/v2\/pages\/114\/revisions\/5200"}],"wp:attachment":[{"href":"https:\/\/cdscweb.fr\/chat-robaze\/wp-json\/wp\/v2\/media?parent=114"}],"curies":[{"name":"wp","href":"https:\/\/api.w.org\/{rel}","templated":true}]}}