{"id":1078,"date":"2020-04-05T19:44:02","date_gmt":"2020-04-05T17:44:02","guid":{"rendered":"http:\/\/cdscweb.fr\/chat-robaze\/?page_id=1078"},"modified":"2024-12-29T10:35:53","modified_gmt":"2024-12-29T09:35:53","slug":"ques-aco","status":"publish","type":"page","link":"https:\/\/cdscweb.fr\/chat-robaze\/ques-aco\/","title":{"rendered":"Qu&rsquo;\u00e8s aquo ?"},"content":{"rendered":"\n<h2 class=\"wp-block-heading\">D\u00e9finition<\/h2>\n\n\n\n<h5 class=\"wp-block-heading has-text-align-center\"><em><strong>Les mots expliqu\u00e9s ci-dessous sont marqu\u00e9s d&rsquo;un ast\u00e9risque dans le site.<\/strong><\/em><br>Si d&rsquo;autres termes utilis\u00e9s dans ce site vous semblent m\u00e9riter une explication,<br>n&rsquo;h\u00e9sitez pas \u00e0 le signaler par le formulaire de contact !<\/h5>\n\n\n\n<p class=\"has-text-align-left\"><strong>Adware<\/strong> : logiciel malveillant qui espionne les habitudes de l&rsquo;utilisateur pour lui envoyer de la publicit\u00e9 cibl\u00e9e.<\/p>\n\n\n\n<p><strong>Ant\u00e9chronologique<\/strong> : du plus r\u00e9cent au plus ancien.<\/p>\n\n\n\n<p><strong>Archive compress\u00e9e<\/strong> : ensemble d&rsquo;\u00e9l\u00e9ments (fichiers, dossiers) qui ont \u00e9t\u00e9 r\u00e9unis en un seul fichier (le format le plus connu est .zip) en principe moins volumineux que la somme de son contenu.<br><em>Pour utiliser ce contenu il faudra le d\u00e9compresser \u00e0 l&rsquo;aide d&rsquo;un <a href=\"https:\/\/cdscweb.fr\/chat-robaze\/quelques-outils\/7zip-page\/\" target=\"_blank\" rel=\"noopener noreferrer\"><strong>logiciel sp\u00e9cifique<\/strong><\/a>.&nbsp;<\/em><\/p>\n\n\n\n<p><strong>Article<\/strong> : contenu d\u2019actualit\u00e9, dat\u00e9, et qui prend sa plus grande valeur au moment de sa publication.<br><em>On y acc\u00e8de g\u00e9n\u00e9ralement via une page listant les articles tri\u00e9s de fa\u00e7on ant\u00e9chronologique et non par un lien dans le menu de navigation.<\/em><\/p>\n\n\n\n<p id=\"def_calques\"><strong>Calques<\/strong> : en infographie, ce sont des couches empil\u00e9es les unes sur les autres, dont chacune contient une partie de l&rsquo;image que l&rsquo;on cr\u00e9e.<br><em>Ainsi on peut plus facilement modifier ou supprimer une partie de son travail sans d\u00e9truire tout le reste.&nbsp;<\/em><\/p>\n\n\n\n<p><strong>Cha\u00eene vid\u00e9o<\/strong> : l\u2019ensemble de vos vid\u00e9os d\u00e9pos\u00e9es sur une plateforme d&rsquo;h\u00e9bergement <em>(YouTube, Dailymotion&#8230;)<\/em>.<\/p>\n\n\n\n<p><strong>Clic droit<\/strong> : il permet d&rsquo;afficher un menu sp\u00e9cifique pour l&rsquo;\u00e9l\u00e9ment point\u00e9 avec le curseur.<\/p>\n\n\n\n<p><strong>Client de messagerie<\/strong> : logiciel qui sert \u00e0 lire et envoyer des messages \u00e9lectroniques.<br><em>Les plus connus : Thunderbird, Outlook, Courrier, Mail.&nbsp;<\/em><\/p>\n\n\n\n<p><a href=\"http:\/\/www.letoileauxsecrets.fr\/couleurs\/couleurs-web.html\" target=\"_blank\" rel=\"noopener noreferrer\"><em><strong>Code couleur RVB<\/strong><\/em><\/a> : Les couleurs sont obtenues en m\u00e9langeant le Rouge, le Vert et le Bleu en diff\u00e9rentes proportions comprises entre 0 et 255.<br><em>Par exemple, le code 255-0-0 correspond \u00e0 la couleur Rouge.<\/em><\/p>\n\n\n\n<p><em><a href=\"http:\/\/www.letoileauxsecrets.fr\/couleurs\/couleurs-web.html\" target=\"_blank\" rel=\"noopener noreferrer\"><strong>Code couleur Web<\/strong><\/a><\/em> : il est au format hexad\u00e9cimal d\u00e9coup\u00e9 en trois paires de chiffres et\/ou lettres correspondant aux couleurs primaires (RVB &#8211; Rouge Vert Bleu), 00 repr\u00e9sentant le minimum et FF le plus intense.<br><em>Exemples : #FF0000 = Rouge ; #800080 = Violet ; #0000FF = Bleu ; #000000 = Noir ; #FFFFFF= Blanc&nbsp;<\/em><\/p>\n\n\n\n<p><strong>Code court<\/strong> : <em>(Shortcode)<\/em> Petit bout de texte entre crochets, qui est interpr\u00e9t\u00e9 par WordPress pour ajouter une fonctionnalit\u00e9 <em>(un tableau, un formulaire, une vid\u00e9o&#8230;)<\/em>.<\/p>\n\n\n\n<p><strong>Code QR<\/strong> <em>(en anglais QR code pour Quick Response code \u201ccode \u00e0 r\u00e9ponse rapide\u201d)<\/em>, est constitu\u00e9 de modules-carr\u00e9s noirs dispos\u00e9s dans un carr\u00e9 \u00e0 fond blanc, qui d\u00e9finissent l&rsquo;information que contient le code.<br>Ce dessin, lisible par machine, peut \u00eatre visualis\u00e9 sur l&rsquo;\u00e9cran d&rsquo;un appareil mobile ou imprim\u00e9 sur papier.<\/p>\n\n\n\n<p><strong>Cookie<\/strong> : (t\u00e9moin de connexion) suite d&rsquo;informations qui<span style=\"font-family: Verdana, Geneva, sans-serif;\"> permet aux d\u00e9veloppeurs de sites web de conserver des donn\u00e9es utilisateur afin de faciliter la navigation et de permettre certaines fonctionnalit\u00e9s.<br>Les cookies ont toujours \u00e9t\u00e9 plus ou moins controvers\u00e9s car ils contiennent des informations personnelles r\u00e9siduelles pouvant potentiellement \u00eatre exploit\u00e9es par des tiers.<\/span><\/p>\n\n\n\n<p><strong><a href=\"https:\/\/cdscweb.fr\/chat-robaze\/photofiltre-vous-saurez-tout-sur-les-pixels\/\"><em>D\u00e9finition<\/em><\/a> : <\/strong>nombre total de pixels contenus dans une image : une image de 3000 pixels de largeur sur 2000 pixels de hauteur contient obligatoirement 6 000 000 de pixels (6 Mpx).<br>Un appareil num\u00e9rique avec une d\u00e9finition de 10 Mpx prend des photos de 3888 x 2592 pixels environ.<br><em>Dans les param\u00e8tres d\u2019Affichage de Windows il est question de R\u00e9solution de l\u2019\u00e9cran : c\u2019est une erreur, il s\u2019agit en fait de la D\u00e9finition (la r\u00e9solution d\u2019un \u00e9cran est de 72 ou 96 pixels par pouce).<\/em><\/p>\n\n\n\n<p><strong>D\u00e9tourer<\/strong> : \u00e9liminer le fond entourant un sujet.<\/p>\n\n\n\n<p><strong>Download<\/strong> : <em>voir T\u00e9l\u00e9charger<\/em><\/p>\n\n\n\n<p><strong>\u00c9diter<\/strong> : modifier un document <em>(et non pas imprimer comme on pourrait le supposer)<\/em>.<\/p>\n\n\n\n<p><strong>Extension<\/strong> : fonctionnalit\u00e9 suppl\u00e9mentaire, augmentation de la capacit\u00e9.<\/p>\n\n\n\n<p><strong>FTP <\/strong>ou <strong>File Transfer Protocol<\/strong> (protocole de transfert de fichiers) est un protocole de communication d\u00e9di\u00e9 \u00e0 l\u2019\u00e9change de fichiers sur un r\u00e9seau. Il permet, depuis un ordinateur, de copier des fichiers depuis ou vers un autre ordinateur du r\u00e9seau, d\u2019administrer un site web, ou encore de supprimer ou modifier des fichiers sur cet ordinateur.<\/p>\n\n\n\n<p><strong>Glisser-D\u00e9poser<\/strong> : action de cliquer sur une ic\u00f4ne et de maintenir le clic, puis de d\u00e9placer la souris vers un autre emplacement, puis l\u00e2cher le clic.<br><em>Les fichiers s\u00e9lectionn\u00e9s suivent la souris et sont d\u00e9plac\u00e9s ou copi\u00e9s en direct : ils glissent avec la souris jusqu\u2019au l\u00e2cher du clic, o\u00f9 ils sont d\u00e9pos\u00e9s.<\/em><\/p>\n\n\n\n<p id=\"hexadecimal\"><strong>Hexad\u00e9cimal<\/strong>\u00a0: syst\u00e8me de num\u00e9ration en base 16, qui utilise les chiffres 0 \u00e0 9, avec leurs propres valeurs, et les lettres A \u00e0 F pour repr\u00e9senter les valeurs\u00a0<strong>hexad\u00e9cimales<\/strong>\u00a0qui correspondent aux valeurs d\u00e9cimales 10 \u00e0 15.<\/p>\n\n\n\n<p><strong>Hyperlien<\/strong> : <em>(ou lien hypertexte)<\/em> lien utilis\u00e9 dans le World Wide Web pour permettre le passage d&rsquo;une page web \u00e0 une autre.<\/p>\n\n\n\n<p><strong>IMAP : <\/strong><em>(Internet Message Access Protocol) <\/em>synchronisation entre le PC de l\u2019utilisateur et le serveur du fournisseur d\u2019acc\u00e8s de messagerie.<br><em>Les messages s\u2019affichent sur l\u2019ordinateur mais ne sont pas charg\u00e9s.<\/em><\/p>\n\n\n\n<p><strong>Interface<\/strong> : l&rsquo;interface d&rsquo;un logiciel est la partie visible par l&rsquo;utilisateur.<\/p>\n\n\n\n<p><strong>Internet<\/strong> : r\u00e9seau informatique mondial accessible au public.<\/p>\n\n\n\n<p><a href=\"https:\/\/cdscweb.fr\/chat-robaze\/utiliser-un-logiciel-portable\/\" target=\"_blank\" rel=\"noopener noreferrer\"><em><strong>Logiciel portable<\/strong><\/em><\/a> : ne n\u00e9cessitant pas d&rsquo;installation sur le disque dur de l&rsquo;ordinateur.<\/p>\n\n\n\n<p><strong>Malware<\/strong> : tout type de logiciel malveillant (virus, vers, chevaux de Troie, adwares*, rogues, etc.).<\/p>\n\n\n\n<p><strong>Menu<\/strong> : liste d&rsquo;options.<\/p>\n\n\n\n<p><strong>Mod\u00e9rer<\/strong> : filtrer et effacer des messages ou commentaires ind\u00e9sirables.<\/p>\n\n\n\n<p><strong>Navigateur<\/strong> : logiciel con\u00e7u pour consulter et afficher le World Wide Web (Internet).<br><em>Les plus connus : Firefox, Chrome, Edge, Safari, Op\u00e9ra.&nbsp;<\/em><\/p>\n\n\n\n<p><strong>Page<\/strong> : contenu statique, g\u00e9n\u00e9ralement non dat\u00e9 et ayant une valeur constante dans le temps.<br><em>On y acc\u00e8de g\u00e9n\u00e9ralement via un menu de navigation (dans l\u2019en-t\u00eate, une barre lat\u00e9rale ou le pied de page du site).<\/em><\/p>\n\n\n\n<p><strong>Permalien<\/strong> : (<em>mot-valise form\u00e9 par les mots permanent et lien)<\/em> est un type d&rsquo;adresse web (URL) con\u00e7ue pour rester inchang\u00e9e de fa\u00e7on permanente.<\/p>\n\n\n\n<p><strong>Pixel<\/strong> : point carr\u00e9 qui contient les informations de couleur de l\u2019image.<br><em>Une image est faite de millions de pixels, plus il y en a et plus l\u2019image est nette et pr\u00e9cise.<\/em><\/p>\n\n\n\n<p><strong>POP : <\/strong><em>(Post Office Protocol)<\/em> connexion au serveur, copie de tous les nouveaux messages vers le disque dur de l\u2019ordinateur et d\u00e9connexion.<\/p>\n\n\n\n<p><strong>QR code<\/strong> : voir code QR<\/p>\n\n\n<div class=\"wp-block-image\">\n<figure class=\"alignleft\"><img loading=\"lazy\" decoding=\"async\" width=\"46\" height=\"44\" src=\"https:\/\/cdscweb.fr\/chat-robaze\/wp-content\/uploads\/install-07.jpg\" alt=\"\" class=\"wp-image-4251\"\/><\/figure>\n<\/div>\n\n\n<p><strong><em><\/em>Raccourci<\/strong> : fichier qui pointe vers un \u00e9l\u00e9ment de l&rsquo;ordinateur (fichier, dossier ou programme) pour en faciliter l&rsquo;acc\u00e8s.<em><br>On le place souvent sur le bureau. <\/em><em>Son ic\u00f4ne est accompagn\u00e9e d&rsquo;une petite fl\u00e8che.<\/em><\/p>\n\n\n\n<p><strong>Raccourci clavier<\/strong> : combinaison de touches qui permet d&rsquo;activer une fonction ou d&rsquo;<a href=\"http:\/\/www.mhg.fr\/divers\/raccourcis-clavier.php\" target=\"_blank\" rel=\"noopener noreferrer\"><em><strong>ins\u00e9rer un caract\u00e8re sp\u00e9cial<\/strong><\/em><\/a>.<\/p>\n\n\n\n<p><strong>Renommer<\/strong> : option propos\u00e9e lorsqu&rsquo;on effectue un clic droit sur un fichier ou un dossier, afin d&rsquo;en changer le nom.<\/p>\n\n\n\n<p><a href=\"https:\/\/cdscweb.fr\/chat-robaze\/photofiltre-vous-saurez-tout-sur-les-pixels\/\"><em><strong>R\u00e9solution<\/strong><\/em><\/a> : c&rsquo;est le nombre de pixels par unit\u00e9 de longueur, donc la&nbsp;<strong>densit\u00e9<\/strong> de l\u2019image.<br><strong>Cette mesure n\u2019a rien \u00e0 voir avec le nombre de pixels.<br><\/strong>La r\u00e9solution s\u2019exprime en&nbsp;<strong>dpi<\/strong>&nbsp;<em>(dot per inch = points d\u2019encre par pouce)<\/em>&nbsp;pour une imprimante,<br>ou en&nbsp;<strong>ppp<\/strong>&nbsp;<em>(pixels par pouce)<\/em> pour un fichier image.<br>Plus la r\u00e9solution de l\u2019image est \u00e9lev\u00e9e&nbsp;<em>(beaucoup de pixels pour un pouce)<\/em>, plus la qualit\u00e9 est importante.<\/p>\n\n\n\n<p><em><a href=\"https:\/\/www.economie.gouv.fr\/entreprises\/reglement-general-sur-protection-des-donnees-rgpd#\" target=\"_blank\" rel=\"noopener noreferrer\"><strong>RGPD<\/strong> <\/a><\/em>: R\u00e8glement G\u00e9n\u00e9ral sur la Protection des donn\u00e9es.<\/p>\n\n\n\n<p><strong>Shareware<\/strong> : <em>(en fran\u00e7ais Partagiciel ou Contribuciel)<\/em> logiciel qui peut \u00eatre utilis\u00e9 gratuitement g\u00e9n\u00e9ralement durant une certaine p\u00e9riode.<br><em>Apr\u00e8s cette p\u00e9riode d&rsquo;essai, l&rsquo;utilisateur doit r\u00e9tribuer l&rsquo;auteur s&rsquo;il veut continuer \u00e0 l&rsquo;utiliser.&nbsp;<\/em><\/p>\n\n\n\n<p><strong>Shortcode<\/strong> : <em>voir Code court<\/em><\/p>\n\n\n\n<p><strong>T\u00e9l\u00e9charger<\/strong> : <em>(en anglais Download)<\/em> copier un fichier depuis l&rsquo;ext\u00e9rieur vers votre ordinateur.<\/p>\n\n\n\n<p><strong>T\u00e9l\u00e9verser<\/strong> : <em>(en anglais Upload)<\/em> copier un fichier depuis votre ordinateur vers l&rsquo;ext\u00e9rieur.<\/p>\n\n\n\n<p><strong>Upload<\/strong> : <em>voir T\u00e9l\u00e9verser<\/em><\/p>\n\n\n\n<p><strong>URL<\/strong> : (<em>sigle de l\u2019anglais<\/em> <em>Uniform Resource Locator<\/em>) plus couramment appel\u00e9e <em><u>adresse web<\/u><\/em>.<\/p>\n\n\n\n<p><strong>Webmail<\/strong> : interface entre l&rsquo;utilisateur et le serveur de messagerie, \u00e0 travers le navigateur.<br><em>Il permet de remplacer les logiciels install\u00e9s localement sur un ordinateur personnel.&nbsp;<\/em><\/p>\n\n\n\n<p><strong>World Wide Web<\/strong> : <em>(litt. la \u00ab toile (d\u2019araign\u00e9e) mondiale \u00bb, abr\u00e9g\u00e9 <strong>www<\/strong> ou le Web)<\/em>, <em>le r\u00e9seau mondial ou la Toile<\/em>, syst\u00e8me public fonctionnant sur Internet.<br><em>Le Web permet de consulter, avec un navigateur, des pages accessibles sur des sites. <\/em><br><em>L\u2019image de la toile d\u2019araign\u00e9e vient des hyperliens qui lient les pages web entre elles.<br>Le Web n\u2019est qu\u2019une des applications d\u2019Internet, distincte d\u2019autres applications comme le courrier \u00e9lectronique, la messagerie instantan\u00e9e et le partage de fichiers.<\/em><\/p>\n","protected":false},"excerpt":{"rendered":"<p class=\"continue-reading-button\"> <a class=\"continue-reading-link\" href=\"https:\/\/cdscweb.fr\/chat-robaze\/ques-aco\/\">Lire<i class=\"crycon-right-dir\"><\/i><\/a><\/p>\n","protected":false},"author":1,"featured_media":3614,"parent":0,"menu_order":0,"comment_status":"closed","ping_status":"closed","template":"","meta":{"footnotes":""},"class_list":["post-1078","page","type-page","status-publish","has-post-thumbnail","hentry"],"_links":{"self":[{"href":"https:\/\/cdscweb.fr\/chat-robaze\/wp-json\/wp\/v2\/pages\/1078","targetHints":{"allow":["GET"]}}],"collection":[{"href":"https:\/\/cdscweb.fr\/chat-robaze\/wp-json\/wp\/v2\/pages"}],"about":[{"href":"https:\/\/cdscweb.fr\/chat-robaze\/wp-json\/wp\/v2\/types\/page"}],"author":[{"embeddable":true,"href":"https:\/\/cdscweb.fr\/chat-robaze\/wp-json\/wp\/v2\/users\/1"}],"replies":[{"embeddable":true,"href":"https:\/\/cdscweb.fr\/chat-robaze\/wp-json\/wp\/v2\/comments?post=1078"}],"version-history":[{"count":8,"href":"https:\/\/cdscweb.fr\/chat-robaze\/wp-json\/wp\/v2\/pages\/1078\/revisions"}],"predecessor-version":[{"id":6745,"href":"https:\/\/cdscweb.fr\/chat-robaze\/wp-json\/wp\/v2\/pages\/1078\/revisions\/6745"}],"wp:featuredmedia":[{"embeddable":true,"href":"https:\/\/cdscweb.fr\/chat-robaze\/wp-json\/wp\/v2\/media\/3614"}],"wp:attachment":[{"href":"https:\/\/cdscweb.fr\/chat-robaze\/wp-json\/wp\/v2\/media?parent=1078"}],"curies":[{"name":"wp","href":"https:\/\/api.w.org\/{rel}","templated":true}]}}